{"id":5412,"date":"2022-06-27T08:11:14","date_gmt":"2022-06-27T11:11:14","guid":{"rendered":"https:\/\/www.ufsm.br\/unidades-universitarias\/ccs\/?page_id=5412"},"modified":"2026-03-25T08:29:50","modified_gmt":"2026-03-25T11:29:50","slug":"pauta-da-reuniao-do-conselho-do-centro-de-ciencias-da-saude","status":"publish","type":"page","link":"https:\/\/www.ufsm.br\/unidades-universitarias\/ccs\/pauta-da-reuniao-do-conselho-do-centro-de-ciencias-da-saude","title":{"rendered":"Pauta da reuni\u00e3o do Conselho do Centro de Ci\u00eancias da Sa\u00fade"},"content":{"rendered":"\t\t<div data-elementor-type=\"wp-page\" data-elementor-id=\"5412\" class=\"elementor elementor-5412\">\n\t\t\t\t\t\t<section class=\"elementor-section elementor-top-section elementor-element elementor-element-2ce0fd9e elementor-section-boxed elementor-section-height-default elementor-section-height-default\" data-id=\"2ce0fd9e\" data-element_type=\"section\">\n\t\t\t\t\t\t<div class=\"elementor-container elementor-column-gap-default\">\n\t\t\t\t\t<div class=\"elementor-column elementor-col-100 elementor-top-column elementor-element elementor-element-5d0deb7b\" data-id=\"5d0deb7b\" data-element_type=\"column\">\n\t\t\t<div class=\"elementor-widget-wrap elementor-element-populated\">\n\t\t\t\t\t\t<div class=\"elementor-element elementor-element-3859d778 elementor-widget elementor-widget-text-editor\" data-id=\"3859d778\" data-element_type=\"widget\" data-widget_type=\"text-editor.default\">\n\t\t\t\t<div class=\"elementor-widget-container\">\n\t\t\t\t\t\t\t<p style=\"text-align: center\"><strong>Convoca\u00e7\u00e3o<\/strong><\/p><p>A Diretora do Centro de Ci\u00eancias da Sa\u00fade, Profa. Dra. Maria Denise Schimith, na condi\u00e7\u00e3o de Presidente do Conselho do Centro, convoca V. Sa. para a 491\u00aa reuni\u00e3o deste Conselho, a realizar-se no dia<strong> 25<\/strong><strong> de mar\u00e7o <\/strong>do ano de dois mil e vinte e seis, \u00e0s <strong>13<\/strong><strong>h30min.<\/strong>, na Sala de Reuni\u00f5es do CCS (sala 1352), com a seguinte pauta:<\/p><ol><li>Homologa\u00e7\u00e3o da<a href=\"https:\/\/portal.ufsm.br\/documentos\/publico\/documento.html?idDocumento=15765232\"><u>\u00a0<\/u><u>ATA 4<\/u><u>90<\/u><\/a>;<\/li><li>Parece CLN &#8211; Processo <a href=\"https:\/\/portal.ufsm.br\/documentos\/publico\/processo\/documento.html?idDocumento=15734201\"><u>23081.021971\/2026-83<\/u><\/a> de dispensa de carga hor\u00e1ria em disciplina complementar de gradua\u00e7\u00e3o \u2013 discente N.A.C.;<\/li><li>Parecer CLN \u2013 Processo <a href=\"https:\/\/portal.ufsm.br\/documentos\/publico\/processo\/documento.html?idDocumento=15247614\"><u>23081.135732\/2024-48<\/u><\/a> do Concurso P\u00fablico do Departamento de Neuropsiquiatria &#8211; RESULTADO;<\/li><li>Parecer CLN \u2013 Processo<a href=\"https:\/\/portal.ufsm.br\/documentos\/publico\/processo\/documento.html?idDocumento=15705877\"><u> 23081.007628\/2026-26<\/u><\/a> do Concurso P\u00fablico do Departamento de Microbiologia e Parasitologia &#8211; RECURSO;<\/li><li>Parecer CLN \u2013 Processo\u00a0<a href=\"https:\/\/portal.ufsm.br\/documentos\/publico\/processo\/documento.html?idDocumento=15708921\"><u>23081.009254\/2026-83<\/u><\/a> do Concurso P\u00fablico do Departamento de Microbiologia e Parasitologia \u2013 RECURSO;<\/li><li>Parecer CLN \u2013 Processo <a href=\"https:\/\/portal.ufsm.br\/documentos\/publico\/processo\/documento.html?idDocumento=15749372\"><u>23081.030612\/2026-17<\/u><\/a> Chamada Interna PGENF \u2013 Edital 01\/2026 \u2013 RECURSO;<\/li><li>Parecer CLN \u2013 Proccesso <a href=\"https:\/\/portal.ufsm.br\/documentos\/publico\/processo\/documento.html?idDocumento=15749360\"><u>23081.030603\/2026-26<\/u><\/a> Chamada Interna PPGEnf \u2013 Edital 01\/2026 \u2013 RECURSO;<\/li><li>Parecer CLN \u2013 Processo<a href=\"https:\/\/portal.ufsm.br\/documentos\/publico\/processo\/documento.html?idDocumento=15665909\"><u> 23081.157650\/2025-35<\/u><\/a> Professor Volunt\u00e1rio PPGCBF;<\/li><li>Parecer CLN \u2013 Processo <a href=\"https:\/\/portal.ufsm.br\/documentos\/publico\/processo\/documento.html?idDocumento=15704333\"><u>23081.006798\/2026-93<\/u><\/a> Professor Volunt\u00e1rio PPGCBF;<\/li><li>Comiss\u00e3o para elei\u00e7\u00e3o no Conselho de Centro de DIretor(a) e Vice-diretor(a);<\/li><li>Defini\u00e7\u00e3o de prioridades de investimento 2026;<\/li><li>Indica\u00e7\u00e3o de representantes no CONSU e CEPE;<\/li><li>Assuntos Gerais.<\/li><\/ol>\t\t\t\t\t\t<\/div>\n\t\t\t\t<\/div>\n\t\t\t\t\t<\/div>\n\t\t<\/div>\n\t\t\t\t\t<\/div>\n\t\t<\/section>\n\t\t\t\t<\/div>\n\t\t","protected":false},"excerpt":{"rendered":"<p>Convoca\u00e7\u00e3o A Diretora do Centro de Ci\u00eancias da Sa\u00fade, Profa. Dra. Maria Denise Schimith, na condi\u00e7\u00e3o de Presidente do Conselho do Centro, convoca V. Sa. para a 491\u00aa reuni\u00e3o deste Conselho, a realizar-se no dia 25 de mar\u00e7o do ano de dois mil e vinte e seis, \u00e0s 13h30min., na Sala de Reuni\u00f5es do CCS [&hellip;]<\/p>\n","protected":false},"author":446,"featured_media":0,"parent":0,"menu_order":0,"comment_status":"closed","ping_status":"closed","template":"","meta":{"footnotes":""},"categories":[],"tags":[],"class_list":["post-5412","page","type-page","status-publish","hentry"],"acf":[],"_links":{"self":[{"href":"https:\/\/www.ufsm.br\/unidades-universitarias\/ccs\/wp-json\/wp\/v2\/pages\/5412","targetHints":{"allow":["GET"]}}],"collection":[{"href":"https:\/\/www.ufsm.br\/unidades-universitarias\/ccs\/wp-json\/wp\/v2\/pages"}],"about":[{"href":"https:\/\/www.ufsm.br\/unidades-universitarias\/ccs\/wp-json\/wp\/v2\/types\/page"}],"author":[{"embeddable":true,"href":"https:\/\/www.ufsm.br\/unidades-universitarias\/ccs\/wp-json\/wp\/v2\/users\/446"}],"replies":[{"embeddable":true,"href":"https:\/\/www.ufsm.br\/unidades-universitarias\/ccs\/wp-json\/wp\/v2\/comments?post=5412"}],"version-history":[{"count":0,"href":"https:\/\/www.ufsm.br\/unidades-universitarias\/ccs\/wp-json\/wp\/v2\/pages\/5412\/revisions"}],"wp:attachment":[{"href":"https:\/\/www.ufsm.br\/unidades-universitarias\/ccs\/wp-json\/wp\/v2\/media?parent=5412"}],"wp:term":[{"taxonomy":"category","embeddable":true,"href":"https:\/\/www.ufsm.br\/unidades-universitarias\/ccs\/wp-json\/wp\/v2\/categories?post=5412"},{"taxonomy":"post_tag","embeddable":true,"href":"https:\/\/www.ufsm.br\/unidades-universitarias\/ccs\/wp-json\/wp\/v2\/tags?post=5412"}],"curies":[{"name":"wp","href":"https:\/\/api.w.org\/{rel}","templated":true}]}}