{"id":5416,"date":"2022-06-27T10:40:06","date_gmt":"2022-06-27T13:40:06","guid":{"rendered":"https:\/\/www.ufsm.br\/unidades-universitarias\/ccs\/?page_id=5416"},"modified":"2022-09-22T08:19:11","modified_gmt":"2022-09-22T11:19:11","slug":"comissao-de-legislacao-e-normas-do-ccs","status":"publish","type":"page","link":"https:\/\/www.ufsm.br\/unidades-universitarias\/ccs\/comissao-de-legislacao-e-normas-do-ccs","title":{"rendered":"Comiss\u00e3o de Legisla\u00e7\u00e3o e Normas do CCS"},"content":{"rendered":"\t\t<div data-elementor-type=\"wp-page\" data-elementor-id=\"5416\" class=\"elementor elementor-5416\">\n\t\t\t\t\t\t<section class=\"elementor-section elementor-top-section elementor-element elementor-element-841cfce elementor-section-boxed elementor-section-height-default elementor-section-height-default\" data-id=\"841cfce\" data-element_type=\"section\">\n\t\t\t\t\t\t<div class=\"elementor-container elementor-column-gap-default\">\n\t\t\t\t\t<div class=\"elementor-column elementor-col-100 elementor-top-column elementor-element elementor-element-0ac21b5\" data-id=\"0ac21b5\" data-element_type=\"column\">\n\t\t\t<div class=\"elementor-widget-wrap elementor-element-populated\">\n\t\t\t\t\t\t<div class=\"elementor-element elementor-element-6fd3f15 elementor-widget elementor-widget-text-editor\" data-id=\"6fd3f15\" data-element_type=\"widget\" data-widget_type=\"text-editor.default\">\n\t\t\t\t<div class=\"elementor-widget-container\">\n\t\t\t\t\t\t\t<h5>Compet\u00eancias<\/h5><p>Cabe \u00e0 Comiss\u00e3o de Legisla\u00e7\u00e3o e Normas:<\/p><p>I &#8211; analisar e dar parecer sobre todos os processos encaminhados ao Conselho do Centro de Ci\u00eancias da Sa\u00fade que exijam interpreta\u00e7\u00e3o \u00e0 luz de leis, estatutos, regimentos, normas e outros documentos legais;<\/p><p>II &#8211; propor ao Conselho normas de funcionamento e regimentos internos de \u00f3rg\u00e3os de assessoria da Dire\u00e7\u00e3o ou do pr\u00f3prio Conselho;<\/p><p>III &#8211; analisar e dar parecer sobre todos os processos referentes a concursos p\u00fablicos a serem realizados no \u00e2mbito do Centro de Ci\u00eancias da Sa\u00fade.<\/p><h5>Composi\u00e7\u00e3o<\/h5><p>A Comiss\u00e3o de Legisla\u00e7\u00e3o e Normas ser\u00e1 constitu\u00edda de, no m\u00ednimo, 5 (cinco) membros eleitos anualmente, na primeira sess\u00e3o plen\u00e1ria do Conselho da Unidade de Ensino.<\/p><p>\u00a7 1\u00ba Dentre os membros da Comiss\u00e3o de Legisla\u00e7\u00e3o e Normas haver\u00e1 pelo menos 1 (um) chefe de departamento, um coordenador de curso e 1 (um) t\u00e9cnico administrativo em educa\u00e7\u00e3o.<\/p><p>\u00a0<\/p><h5>Resolu\u00e7\u00e3o de recria\u00e7\u00e3o<\/h5><p><blockquote class=\"wp-embedded-content\" data-secret=\"OyrYle2TT6\"><a href=\"https:\/\/www.ufsm.br\/pro-reitorias\/proplan\/resolucao-n-047-2019\">Resolu\u00e7\u00e3o N. 047\/2019<\/a><\/blockquote><iframe class=\"wp-embedded-content\" sandbox=\"allow-scripts\" security=\"restricted\" style=\"position: absolute; clip: rect(1px, 1px, 1px, 1px);\" title=\"&#8220;Resolu\u00e7\u00e3o N. 047\/2019&#8221; &#8212; PROPLAN\" src=\"https:\/\/www.ufsm.br\/pro-reitorias\/proplan\/resolucao-n-047-2019\/embed#?secret=gAHkohGIXo#?secret=OyrYle2TT6\" data-secret=\"OyrYle2TT6\" width=\"500\" height=\"282\" frameborder=\"0\" marginwidth=\"0\" marginheight=\"0\" scrolling=\"no\"><\/iframe><\/p>\t\t\t\t\t\t<\/div>\n\t\t\t\t<\/div>\n\t\t\t\t\t<\/div>\n\t\t<\/div>\n\t\t\t\t\t<\/div>\n\t\t<\/section>\n\t\t\t\t<section class=\"elementor-section elementor-top-section elementor-element elementor-element-d21c1b1 elementor-section-boxed elementor-section-height-default elementor-section-height-default\" data-id=\"d21c1b1\" data-element_type=\"section\">\n\t\t\t\t\t\t<div class=\"elementor-container elementor-column-gap-default\">\n\t\t\t\t\t<div class=\"elementor-column elementor-col-50 elementor-top-column elementor-element elementor-element-aea6732\" data-id=\"aea6732\" data-element_type=\"column\">\n\t\t\t<div class=\"elementor-widget-wrap elementor-element-populated\">\n\t\t\t\t\t\t<div class=\"elementor-element elementor-element-72383b7 elementor-view-default elementor-position-top elementor-mobile-position-top elementor-widget elementor-widget-icon-box\" data-id=\"72383b7\" data-element_type=\"widget\" data-widget_type=\"icon-box.default\">\n\t\t\t\t<div class=\"elementor-widget-container\">\n\t\t\t\t\t<div class=\"elementor-icon-box-wrapper\">\n\n\t\t\t\t\t\t<div class=\"elementor-icon-box-icon\">\n\t\t\t\t<a href=\"https:\/\/www.ufsm.br\/unidades-universitarias\/ccs\/portarias-da-cln-ccs\/\" class=\"elementor-icon elementor-animation-\" tabindex=\"-1\">\n\t\t\t\t<i aria-hidden=\"true\" class=\"fas fa-address-book\"><\/i>\t\t\t\t<\/a>\n\t\t\t<\/div>\n\t\t\t\n\t\t\t\t\t\t<div class=\"elementor-icon-box-content\">\n\n\t\t\t\t\t\t\t\t\t<h3 class=\"elementor-icon-box-title\">\n\t\t\t\t\t\t<a href=\"https:\/\/www.ufsm.br\/unidades-universitarias\/ccs\/portarias-da-cln-ccs\/\" >\n\t\t\t\t\t\t\tPortarias\t\t\t\t\t\t<\/a>\n\t\t\t\t\t<\/h3>\n\t\t\t\t\n\t\t\t\t\n\t\t\t<\/div>\n\t\t\t\n\t\t<\/div>\n\t\t\t\t<\/div>\n\t\t\t\t<\/div>\n\t\t\t\t\t<\/div>\n\t\t<\/div>\n\t\t\t\t<div class=\"elementor-column elementor-col-50 elementor-top-column elementor-element elementor-element-63cc043\" data-id=\"63cc043\" data-element_type=\"column\">\n\t\t\t<div class=\"elementor-widget-wrap elementor-element-populated\">\n\t\t\t\t\t\t<div class=\"elementor-element elementor-element-a960a38 elementor-view-default elementor-position-top elementor-mobile-position-top elementor-widget elementor-widget-icon-box\" data-id=\"a960a38\" data-element_type=\"widget\" data-widget_type=\"icon-box.default\">\n\t\t\t\t<div class=\"elementor-widget-container\">\n\t\t\t\t\t<div class=\"elementor-icon-box-wrapper\">\n\n\t\t\t\t\t\t<div class=\"elementor-icon-box-icon\">\n\t\t\t\t<a href=\"https:\/\/www.ufsm.br\/unidades-universitarias\/ccs\/atas-comissao-de-legislacao-e-normas-do-ccs\/\" class=\"elementor-icon elementor-animation-\" tabindex=\"-1\">\n\t\t\t\t<i aria-hidden=\"true\" class=\"far fa-file-alt\"><\/i>\t\t\t\t<\/a>\n\t\t\t<\/div>\n\t\t\t\n\t\t\t\t\t\t<div class=\"elementor-icon-box-content\">\n\n\t\t\t\t\t\t\t\t\t<h3 class=\"elementor-icon-box-title\">\n\t\t\t\t\t\t<a href=\"https:\/\/www.ufsm.br\/unidades-universitarias\/ccs\/atas-comissao-de-legislacao-e-normas-do-ccs\/\" >\n\t\t\t\t\t\t\tAtas\t\t\t\t\t\t<\/a>\n\t\t\t\t\t<\/h3>\n\t\t\t\t\n\t\t\t\t\n\t\t\t<\/div>\n\t\t\t\n\t\t<\/div>\n\t\t\t\t<\/div>\n\t\t\t\t<\/div>\n\t\t\t\t\t<\/div>\n\t\t<\/div>\n\t\t\t\t\t<\/div>\n\t\t<\/section>\n\t\t\t\t<\/div>\n\t\t","protected":false},"excerpt":{"rendered":"<p>Compet\u00eancias Cabe \u00e0 Comiss\u00e3o de Legisla\u00e7\u00e3o e Normas: I &#8211; analisar e dar parecer sobre todos os processos encaminhados ao Conselho do Centro de Ci\u00eancias da Sa\u00fade que exijam interpreta\u00e7\u00e3o \u00e0 luz de leis, estatutos, regimentos, normas e outros documentos legais; II &#8211; propor ao Conselho normas de funcionamento e regimentos internos de \u00f3rg\u00e3os de [&hellip;]<\/p>\n","protected":false},"author":2697,"featured_media":0,"parent":0,"menu_order":0,"comment_status":"closed","ping_status":"closed","template":"","meta":{"footnotes":""},"categories":[],"tags":[],"class_list":["post-5416","page","type-page","status-publish","hentry"],"acf":[],"_links":{"self":[{"href":"https:\/\/www.ufsm.br\/unidades-universitarias\/ccs\/wp-json\/wp\/v2\/pages\/5416","targetHints":{"allow":["GET"]}}],"collection":[{"href":"https:\/\/www.ufsm.br\/unidades-universitarias\/ccs\/wp-json\/wp\/v2\/pages"}],"about":[{"href":"https:\/\/www.ufsm.br\/unidades-universitarias\/ccs\/wp-json\/wp\/v2\/types\/page"}],"author":[{"embeddable":true,"href":"https:\/\/www.ufsm.br\/unidades-universitarias\/ccs\/wp-json\/wp\/v2\/users\/2697"}],"replies":[{"embeddable":true,"href":"https:\/\/www.ufsm.br\/unidades-universitarias\/ccs\/wp-json\/wp\/v2\/comments?post=5416"}],"version-history":[{"count":0,"href":"https:\/\/www.ufsm.br\/unidades-universitarias\/ccs\/wp-json\/wp\/v2\/pages\/5416\/revisions"}],"wp:attachment":[{"href":"https:\/\/www.ufsm.br\/unidades-universitarias\/ccs\/wp-json\/wp\/v2\/media?parent=5416"}],"wp:term":[{"taxonomy":"category","embeddable":true,"href":"https:\/\/www.ufsm.br\/unidades-universitarias\/ccs\/wp-json\/wp\/v2\/categories?post=5416"},{"taxonomy":"post_tag","embeddable":true,"href":"https:\/\/www.ufsm.br\/unidades-universitarias\/ccs\/wp-json\/wp\/v2\/tags?post=5416"}],"curies":[{"name":"wp","href":"https:\/\/api.w.org\/{rel}","templated":true}]}}