{"id":5422,"date":"2022-06-27T15:44:54","date_gmt":"2022-06-27T18:44:54","guid":{"rendered":"https:\/\/www.ufsm.br\/unidades-universitarias\/ccs\/?page_id=5422"},"modified":"2026-01-08T09:15:30","modified_gmt":"2026-01-08T12:15:30","slug":"datas-reunioes-conselho-de-centro","status":"publish","type":"page","link":"https:\/\/www.ufsm.br\/unidades-universitarias\/ccs\/datas-reunioes-conselho-de-centro","title":{"rendered":"Datas reuni\u00f5es Conselho de Centro"},"content":{"rendered":"\t\t<div data-elementor-type=\"wp-page\" data-elementor-id=\"5422\" class=\"elementor elementor-5422\">\n\t\t\t\t\t\t<section class=\"elementor-section elementor-top-section elementor-element elementor-element-5395d6f elementor-section-boxed elementor-section-height-default elementor-section-height-default\" data-id=\"5395d6f\" data-element_type=\"section\">\n\t\t\t\t\t\t<div class=\"elementor-container elementor-column-gap-default\">\n\t\t\t\t\t<div class=\"elementor-column elementor-col-100 elementor-top-column elementor-element elementor-element-862ddaa\" data-id=\"862ddaa\" data-element_type=\"column\">\n\t\t\t<div class=\"elementor-widget-wrap elementor-element-populated\">\n\t\t\t\t\t\t<div class=\"elementor-element elementor-element-d474d20 elementor-widget elementor-widget-text-editor\" data-id=\"d474d20\" data-element_type=\"widget\" data-widget_type=\"text-editor.default\">\n\t\t\t\t<div class=\"elementor-widget-container\">\n\t\t\t\t\t\t\t<h5>Reuni\u00f5es de 2026<\/h5><table style=\"border-collapse: collapse;width: 102.086%;height: 384px\"><tbody><tr style=\"height: 48px\"><td style=\"width: 8.02025%;text-align: center;height: 48px\">M\u00eas<\/td><td style=\"width: 8.02025%;text-align: center;height: 48px\">Sess\u00e3o n\u00ba<\/td><td style=\"width: 6.50288%;text-align: center;height: 48px\">Data<\/td><td style=\"width: 16.046%;text-align: center;height: 48px\">Hor\u00e1rio<\/td><td style=\"width: 51.873%;text-align: center;height: 48px\">Local<\/td><\/tr><tr style=\"height: 48px\"><td style=\"width: 8.02025%;text-align: center;height: 48px\">Janeiro\/2026<\/td><td style=\"width: 8.02025%;text-align: center;height: 48px\">489<\/td><td style=\"width: 6.50288%;text-align: center;height: 48px\">28\/01<\/td><td style=\"width: 16.046%;text-align: center;height: 48px\">09h00min<\/td><td style=\"width: 51.873%;text-align: center;height: 48px\">Sala 1352 (reuni\u00f5es) &#8211; pr\u00e9dio 26A &#8211; 3\u00ba andar<\/td><\/tr><tr style=\"height: 24px\"><td style=\"width: 8.02025%;text-align: center;height: 24px\">Fevereiro\/2026<\/td><td style=\"width: 8.02025%;text-align: center;height: 24px\">490<\/td><td style=\"width: 6.50288%;text-align: center;height: 24px\">25\/02\u00a0<\/td><td style=\"width: 16.046%;text-align: center;height: 24px\">\u00a009h00min<\/td><td style=\"width: 51.873%;text-align: center;height: 24px\"><span style=\"font-size: 16px\">Sala 1352 (reuni\u00f5es) &#8211; pr\u00e9dio 26A &#8211; 3\u00ba andar<\/span>\u00a0<\/td><\/tr><tr style=\"height: 24px\"><td style=\"width: 8.02025%;text-align: center;height: 24px\">Mar\u00e7o\/2026<\/td><td style=\"width: 8.02025%;text-align: center;height: 24px\">491<\/td><td style=\"width: 6.50288%;text-align: center;height: 24px\">25\/03\u00a0<\/td><td style=\"width: 16.046%;text-align: center;height: 24px\">\u00a013h30min<\/td><td style=\"width: 51.873%;text-align: center;height: 24px\">\u00a0Sala 1352 (reuni\u00f5es) &#8211; pr\u00e9dio 26A &#8211; 3\u00ba andar<\/td><\/tr><tr style=\"height: 24px\"><td style=\"width: 8.02025%;text-align: center;height: 24px\">Abril\/2026<\/td><td style=\"width: 8.02025%;text-align: center;height: 24px\">\u00a0492<\/td><td style=\"width: 6.50288%;text-align: center;height: 24px\">29\/04\u00a0<\/td><td style=\"width: 16.046%;text-align: center;height: 24px\">\u00a013h30min<\/td><td style=\"width: 51.873%;text-align: center;height: 24px\">\u00a0Sala 1352 (reuni\u00f5es) &#8211; pr\u00e9dio 26A &#8211; 3\u00ba andar<\/td><\/tr><tr style=\"height: 24px\"><td style=\"width: 8.02025%;text-align: center;height: 24px\">Maio\/2026<\/td><td style=\"width: 8.02025%;text-align: center;height: 24px\">\u00a0493<\/td><td style=\"width: 6.50288%;text-align: center;height: 24px\">27\/05<\/td><td style=\"width: 16.046%;text-align: center;height: 24px\">\u00a013h30min<\/td><td style=\"width: 51.873%;text-align: center;height: 24px\">\u00a0Sala 1352 (reuni\u00f5es) &#8211; pr\u00e9dio 26A &#8211; 3\u00ba andar<\/td><\/tr><tr style=\"height: 48px\"><td style=\"width: 8.02025%;text-align: center;height: 48px\">Junho\/2026<\/td><td style=\"width: 8.02025%;text-align: center;height: 48px\">\u00a0494<\/td><td style=\"width: 6.50288%;text-align: center;height: 48px\">\u00a024\/06<\/td><td style=\"width: 16.046%;text-align: center;height: 48px\">13h30min<\/td><td style=\"width: 51.873%;text-align: center;height: 48px\">\u00a0Sala 1352 (reuni\u00f5es) &#8211; pr\u00e9dio 26A &#8211; 3\u00ba andar<\/td><\/tr><tr style=\"height: 24px\"><td style=\"width: 8.02025%;text-align: center;height: 24px\">Julho\/2026<\/td><td style=\"width: 8.02025%;text-align: center;height: 24px\">\u00a0495<\/td><td style=\"width: 6.50288%;text-align: center;height: 24px\">29\/07\u00a0<\/td><td style=\"width: 16.046%;text-align: center;height: 24px\">13h30min<\/td><td style=\"width: 51.873%;text-align: center;height: 24px\">\u00a0Sala 1352 (reuni\u00f5es) &#8211; pr\u00e9dio 26A &#8211; 3\u00ba andar<\/td><\/tr><tr style=\"height: 24px\"><td style=\"width: 8.02025%;text-align: center;height: 24px\">Agosto\/2026<\/td><td style=\"width: 8.02025%;text-align: center;height: 24px\">\u00a0496<\/td><td style=\"width: 6.50288%;text-align: center;height: 24px\">\u00a026\/08<\/td><td style=\"width: 16.046%;text-align: center;height: 24px\">\u00a013h30min<\/td><td style=\"width: 51.873%;text-align: center;height: 24px\">\u00a0Sala 1352 (reuni\u00f5es) &#8211; pr\u00e9dio 26A &#8211; 3\u00ba andar<\/td><\/tr><tr style=\"height: 24px\"><td style=\"width: 8.02025%;text-align: center;height: 24px\">Setembro\/2026<\/td><td style=\"width: 8.02025%;text-align: center;height: 24px\">\u00a0497<\/td><td style=\"width: 6.50288%;text-align: center;height: 24px\">30\/09\u00a0<\/td><td style=\"width: 16.046%;text-align: center;height: 24px\">\u00a013h30min<\/td><td style=\"width: 51.873%;text-align: center;height: 24px\">\u00a0Sala 1352 (reuni\u00f5es) &#8211; pr\u00e9dio 26A &#8211; 3\u00ba andar<\/td><\/tr><tr style=\"height: 24px\"><td style=\"width: 8.02025%;text-align: center;height: 24px\">Outubro\/2026<\/td><td style=\"width: 8.02025%;text-align: center;height: 24px\">\u00a0498<\/td><td style=\"width: 6.50288%;text-align: center;height: 24px\">\u00a028\/10<\/td><td style=\"width: 16.046%;text-align: center;height: 24px\">\u00a013h30min<\/td><td style=\"width: 51.873%;text-align: center;height: 24px\">\u00a0Sala 1352 (reuni\u00f5es) &#8211; pr\u00e9dio 26A &#8211; 3\u00ba andar<\/td><\/tr><tr style=\"height: 24px\"><td style=\"width: 8.02025%;text-align: center;height: 24px\">Novembro\/2026<\/td><td style=\"width: 8.02025%;text-align: center;height: 24px\">\u00a0499<\/td><td style=\"width: 6.50288%;text-align: center;height: 24px\">\u00a025\/11<\/td><td style=\"width: 16.046%;text-align: center;height: 24px\">\u00a013h30min<\/td><td style=\"width: 51.873%;text-align: center;height: 24px\">\u00a0Sala 1352 (reuni\u00f5es) &#8211; pr\u00e9dio 26A &#8211; 3\u00ba andar<\/td><\/tr><tr style=\"height: 24px\"><td style=\"width: 8.02025%;text-align: center;height: 24px\">Dezembro\/2026<\/td><td style=\"width: 8.02025%;text-align: center;height: 24px\">\u00a0500<\/td><td style=\"width: 6.50288%;text-align: center;height: 24px\"><p>\u00a016\/12<\/p><p>(A Confirmar)<\/p><\/td><td style=\"width: 16.046%;text-align: center;height: 24px\">09h (A Confirmar)<\/td><td style=\"width: 51.873%;text-align: center;height: 24px\">Sala 1352 (reuni\u00f5es) &#8211; pr\u00e9dio 26A &#8211; 3\u00ba andar<\/td><\/tr><\/tbody><\/table>\t\t\t\t\t\t<\/div>\n\t\t\t\t<\/div>\n\t\t\t\t\t<\/div>\n\t\t<\/div>\n\t\t\t\t\t<\/div>\n\t\t<\/section>\n\t\t\t\t<\/div>\n\t\t","protected":false},"excerpt":{"rendered":"<p>Reuni\u00f5es de 2026 M\u00eas Sess\u00e3o n\u00ba Data Hor\u00e1rio Local Janeiro\/2026 489 28\/01 09h00min Sala 1352 (reuni\u00f5es) &#8211; pr\u00e9dio 26A &#8211; 3\u00ba andar Fevereiro\/2026 490 25\/02\u00a0 \u00a009h00min Sala 1352 (reuni\u00f5es) &#8211; pr\u00e9dio 26A &#8211; 3\u00ba andar\u00a0 Mar\u00e7o\/2026 491 25\/03\u00a0 \u00a013h30min \u00a0Sala 1352 (reuni\u00f5es) &#8211; pr\u00e9dio 26A &#8211; 3\u00ba andar Abril\/2026 \u00a0492 29\/04\u00a0 \u00a013h30min \u00a0Sala 1352 (reuni\u00f5es) [&hellip;]<\/p>\n","protected":false},"author":2697,"featured_media":0,"parent":0,"menu_order":0,"comment_status":"closed","ping_status":"closed","template":"","meta":{"footnotes":""},"categories":[],"tags":[],"class_list":["post-5422","page","type-page","status-publish","hentry"],"acf":[],"_links":{"self":[{"href":"https:\/\/www.ufsm.br\/unidades-universitarias\/ccs\/wp-json\/wp\/v2\/pages\/5422","targetHints":{"allow":["GET"]}}],"collection":[{"href":"https:\/\/www.ufsm.br\/unidades-universitarias\/ccs\/wp-json\/wp\/v2\/pages"}],"about":[{"href":"https:\/\/www.ufsm.br\/unidades-universitarias\/ccs\/wp-json\/wp\/v2\/types\/page"}],"author":[{"embeddable":true,"href":"https:\/\/www.ufsm.br\/unidades-universitarias\/ccs\/wp-json\/wp\/v2\/users\/2697"}],"replies":[{"embeddable":true,"href":"https:\/\/www.ufsm.br\/unidades-universitarias\/ccs\/wp-json\/wp\/v2\/comments?post=5422"}],"version-history":[{"count":0,"href":"https:\/\/www.ufsm.br\/unidades-universitarias\/ccs\/wp-json\/wp\/v2\/pages\/5422\/revisions"}],"wp:attachment":[{"href":"https:\/\/www.ufsm.br\/unidades-universitarias\/ccs\/wp-json\/wp\/v2\/media?parent=5422"}],"wp:term":[{"taxonomy":"category","embeddable":true,"href":"https:\/\/www.ufsm.br\/unidades-universitarias\/ccs\/wp-json\/wp\/v2\/categories?post=5422"},{"taxonomy":"post_tag","embeddable":true,"href":"https:\/\/www.ufsm.br\/unidades-universitarias\/ccs\/wp-json\/wp\/v2\/tags?post=5422"}],"curies":[{"name":"wp","href":"https:\/\/api.w.org\/{rel}","templated":true}]}}