{"id":5424,"date":"2022-06-27T16:16:30","date_gmt":"2022-06-27T19:16:30","guid":{"rendered":"https:\/\/www.ufsm.br\/unidades-universitarias\/ccs\/?page_id=5424"},"modified":"2023-03-03T11:37:38","modified_gmt":"2023-03-03T14:37:38","slug":"atas-conselho-de-centro-2022","status":"publish","type":"page","link":"https:\/\/www.ufsm.br\/unidades-universitarias\/ccs\/atas-conselho-de-centro-2022","title":{"rendered":"Atas Conselho de Centro 2022"},"content":{"rendered":"<table style=\"border-collapse: collapse;width: 100%;height: 1552px\">\n<tbody>\n<tr style=\"height: 48px\">\n<td style=\"width: 6.40412%;text-align: center;height: 48px\"><strong>N\u00ba Reuni\u00e3o<\/strong><\/td>\n<td style=\"width: 9.02953%;text-align: center;height: 48px\"><strong>Data<\/strong><\/td>\n<td style=\"width: 17.343%;text-align: center;height: 48px\"><strong>Link<\/strong><\/td>\n<td style=\"width: 67.2234%;text-align: center;height: 48px\"><strong>Pauta<\/strong><\/td>\n<\/tr>\n<tr>\n<td style=\"width: 6.40412%;text-align: center\">454<\/td>\n<td style=\"width: 9.02953%;text-align: center\">30\/11\/2022<\/td>\n<td style=\"width: 17.343%;text-align: center\"><a href=\"https:\/\/portal.ufsm.br\/documentos\/publico\/documento.html?id=14570181\">Ata_454-30-11-2022 &#8211; Alterada<\/a><\/td>\n<td style=\"width: 67.2234%;text-align: left\">\n<div class=\"row\">\n<div class=\"span10\"><span id=\"OutFieldTag_VBR9ky8uKGtuENO2\" class=\"\" aria-labelledby=\"OutFieldTag_VBR9ky8uKGtuENO2_label\">Ata alterada pela Reuni\u00e3o de Conselho 455 de 25\/01\/2023<\/span><\/div>\n<\/div>\n<\/td>\n<\/tr>\n<tr>\n<td style=\"width: 6.40412%;text-align: center\">454<\/td>\n<td style=\"width: 9.02953%;text-align: center\">30\/11\/2022<\/td>\n<td style=\"width: 17.343%;text-align: center\"><a href=\"https:\/\/portal.ufsm.br\/documentos\/publico\/documento.html?id=14487719\">Ata_454-30-11-2022<\/a><\/td>\n<td style=\"width: 67.2234%;text-align: left\">\n<div class=\"row\">\n<div class=\"span10\"><span id=\"OutFieldTag_VBR9ky8uKGtuENO2\" class=\"\" aria-labelledby=\"OutFieldTag_VBR9ky8uKGtuENO2_label\">1. Aprova\u00e7\u00e3o da ata 453.<\/span><\/div>\n<div class=\"span10\"><span id=\"OutFieldTag_VBR9ky8uKGtuENO2\" class=\"\" aria-labelledby=\"OutFieldTag_VBR9ky8uKGtuENO2_label\"> 2. Parecer CLN referente Processo N. 23081.105331\/2021-11 (F\u00edsico) do concurso p\u00fablico Professor Assistente Curso de Medicina\/Psiquiatria.<\/span><\/div>\n<div class=\"span10\"><span id=\"OutFieldTag_VBR9ky8uKGtuENO2\" class=\"\" aria-labelledby=\"OutFieldTag_VBR9ky8uKGtuENO2_label\"> 3. P a r e c e r CLN referente Processo N. 23081.128114\/2022-80 que solicita aprecia\u00e7\u00e3o da proposta de cria\u00e7\u00e3o do curso superior de gradua\u00e7\u00e3o de Bacharelado em Nutri\u00e7\u00e3o.<\/span><\/div>\n<div class=\"span10\"><span id=\"OutFieldTag_VBR9ky8uKGtuENO2\" class=\"\" aria-labelledby=\"OutFieldTag_VBR9ky8uKGtuENO2_label\"> 4. Parecer CLN referente Processo N. 23081.123873\/2022-56 do concurso p\u00fablico Professor Auxiliar Curso de Medicina\/Cirurgia Pl\u00e1stica Restauradora.<\/span><\/div>\n<div class=\"span10\"><span id=\"OutFieldTag_VBR9ky8uKGtuENO2\" class=\"\" aria-labelledby=\"OutFieldTag_VBR9ky8uKGtuENO2_label\"> 5. Parecer CLN referente Processo N. 23081.126743\/2022-75 que trata da solicita\u00e7\u00e3o pelo Departamento de Cirurgia do reconhecimento de \u00e1rea com caracter\u00edsticas espec\u00edficas.<\/span><\/div>\n<div class=\"span10\"><span id=\"OutFieldTag_VBR9ky8uKGtuENO2\" class=\"\" aria-labelledby=\"OutFieldTag_VBR9ky8uKGtuENO2_label\"> 6. Presen\u00e7a do Prof. Mauri Lobler Pr\u00f3-Reitor da PROINFRA.<\/span><\/div>\n<div class=\"span10\"><span id=\"OutFieldTag_VBR9ky8uKGtuENO2\" class=\"\" aria-labelledby=\"OutFieldTag_VBR9ky8uKGtuENO2_label\"> 7. Reavalia\u00e7\u00e3o das Planilhas de produ\u00e7\u00e3o intelectual, prova did\u00e1tica e escrita dos concursos p\u00fablicos para docente com inclus\u00e3o de Nota Final nas mesmas.<\/span><\/div>\n<div class=\"span10\"><span id=\"OutFieldTag_VBR9ky8uKGtuENO2\" class=\"\" aria-labelledby=\"OutFieldTag_VBR9ky8uKGtuENO2_label\"> 8. Relatos de Coordenadores sobre o Semin\u00e1rio de P\u00f3s-Gradua\u00e7\u00e3o. <\/span><\/div>\n<div class=\"span10\"><span id=\"OutFieldTag_VBR9ky8uKGtuENO2\" class=\"\" aria-labelledby=\"OutFieldTag_VBR9ky8uKGtuENO2_label\">9. Assuntos Gerais.<\/span><\/div>\n<\/div>\n<\/td>\n<\/tr>\n<tr>\n<td style=\"width: 6.40412%;text-align: center\">453<\/td>\n<td style=\"width: 9.02953%;text-align: center\">26\/10\/2022<\/td>\n<td style=\"width: 17.343%;text-align: center\"><a href=\"https:\/\/portal.ufsm.br\/documentos\/publico\/documento.html?id=14469836\">Ata 453_26_10_2022<\/a><\/td>\n<td style=\"width: 67.2234%;text-align: left\">\n<ol>\n<li>APROVA\u00c7\u00c3O DA\u00a0<a href=\"https:\/\/portal.ufsm.br\/documentos\/publico\/documento.html?id=14446319\">ATA 452<\/a>;<\/li>\n<li>Participa\u00e7\u00e3o da PROGEP com orienta\u00e7\u00f5es e tira d\u00favidas;<\/li>\n<li>Participa\u00e7\u00e3o da AGITTEC;<\/li>\n<li>Bolsas de Monitoria;<\/li>\n<li>Assuntos Gerais.<\/li>\n<\/ol>\n<\/td>\n<\/tr>\n<tr style=\"height: 23px\">\n<td style=\"width: 6.40412%;text-align: center;height: 23px\">452<\/td>\n<td style=\"width: 9.02953%;text-align: center;height: 23px\">05\/10\/2022<\/td>\n<td style=\"width: 17.343%;text-align: center;height: 23px\"><a href=\"https:\/\/portal.ufsm.br\/documentos\/publico\/documento.html?id=14446319\">Ata 452_05_10_2022<\/a><\/td>\n<td style=\"width: 67.2234%;text-align: left;height: 23px\">1 . APROVA\u00c7\u00c3O DA ATA 451;2. HOMOLOGA\u00c7\u00c3O \u2013 PROCESSO N. 23081.028152\/2022-33 \u2013 concurso p\u00fablico para Professor Adjunto nas \u00e1reas Ci\u00eancias da Sa\u00fade, Medicina e Sa\u00fade Materno-Infantil. Departamento de Pediatria e Puericultura; \u2013 PARECER CLN;<\/p>\n<p>3. HOMOLOGA\u00c7\u00c3O \u2013 PROCESSO N. 23081.109959\/2022-76 \u2013 Solicita\u00e7\u00e3o do aluno de medicina Jonas Pereira Rodrigues, matr\u00edcula 202121169 de quebra de pr\u00e9-requisito e inser\u00e7\u00e3o na situa\u00e7\u00e3o<\/p>\n<p>4. ; HOMOLOGA\u00c7\u00c3O do PROCESSO N. 23081.081345\/2021-31 Processo de formaliza\u00e7\u00e3o e organiza\u00e7\u00e3o de empresa MEDERI J\u00fanior;<\/p>\n<p>5. Substitui\u00e7\u00e3o de membro CLN \u2013 Graziela Rissetti e Bruno Lopes da Silveira;<\/p>\n<p>6. Indica\u00e7\u00f5es de membros para a Portaria CONAD: Loca\u00e7\u00e3o \/ permiss\u00e3o \/ concess\u00e3o \/ autoriza\u00e7\u00e3o \/ cess\u00e3o de uso de espa\u00e7o f\u00edsico do CCS (NOTA n. 00252\/2022\/PROJUR\/PFUFSM\/PGF\/AGU); (Anexo abaixo) Agendamento de salas: Cancelamento de agendamentos de salas quando atividade for cancelada e especifica\u00e7\u00e3o completa da finalidade no momento do agendamento;<\/td>\n<\/tr>\n<tr style=\"height: 23px\">\n<td style=\"width: 6.40412%;text-align: center;height: 23px\">451<\/td>\n<td style=\"width: 9.02953%;text-align: center;height: 23px\">31\/08\/2022<\/td>\n<td style=\"width: 17.343%;text-align: center;height: 23px\"><a href=\"https:\/\/portal.ufsm.br\/documentos\/publico\/documento.html?id=14405369\">Ata 451_31_08_2022<\/a><\/td>\n<td style=\"width: 67.2234%;text-align: left;height: 23px\">\n<ol>\n<li><a href=\"https:\/\/portal.ufsm.br\/documentos\/publico\/documento.html?id=14317576\"><u>APROVA\u00c7\u00c3O DA ATA 450<\/u><\/a>.<\/li>\n<li>HOMOLOGA\u00c7\u00c3O \u2013 PROCESSO N.\u00a0<a href=\"https:\/\/portal.ufsm.br\/documentos\/download.html?action=pdfao&amp;idDocumento=14057595\"><u>23081.028152\/2022-33<\/u><\/a>\u00a0\u2013 concurso p\u00fablico para Professor Adjunto nas \u00e1reas Ci\u00eancias da Sa\u00fade, Medicina e Sa\u00fade Materno-Infantil. Departamento de Pediatria e Puericultura;<\/li>\n<li>Apresenta\u00e7\u00e3o da AGITTEC \u2013 a confirmar.<\/li>\n<\/ol>\n<p>Assuntos Gerais.<\/td>\n<\/tr>\n<tr style=\"height: 624px\">\n<td style=\"width: 6.40412%;text-align: center;height: 624px\">450<\/td>\n<td style=\"width: 9.02953%;text-align: center;height: 624px\">27\/07\/2022<\/td>\n<td style=\"width: 17.343%;text-align: center;height: 624px\"><a href=\"https:\/\/portal.ufsm.br\/documentos\/publico\/documento.html?id=14317576\">Ata 450_27_07_2022<\/a><\/td>\n<td style=\"width: 67.2234%;text-align: left;height: 624px\">\n<ol>\n<li><a href=\"https:\/\/portal.ufsm.br\/documentos\/download.html?action=arquivosIndexados&amp;id=14268512&amp;download=false\"><u>APROVA\u00c7\u00c3O DA ATA 449<\/u><u>.<\/u><\/a><\/li>\n<li>PARECER CLN \u2013 PROCESSO N. <a href=\"https:\/\/portal.ufsm.br\/documentos\/download.html?action=pdfao&amp;idDocumento=14230607\"><u>23081.067677\/2022-94<\/u><\/a> &#8211; Acordo de coopera\u00e7\u00e3o t\u00e9cnica a ser firmado entre a UFSM e o Munic\u00edpio de Santa Maria &#8211; RS (Farm\u00e1cia Escola);<\/li>\n<li>Homologa\u00e7\u00e3o de banca de professor Titular \u2013 PROCESSO \u00a0<a href=\"https:\/\/coral.ufsm.br\/docsie\/\/pen\/pdfao\/Processo_23081062624202287C.pdf\"><u>23081.062624\/2022-87<\/u><\/a> &#8211; MARIA AMALIA PAVANATO;<\/li>\n<li>Reestrutura\u00e7\u00e3o das secretarias de departamentos do CCS.<\/li>\n<li>Indica\u00e7\u00f5es de um membro titular e um suplente para o CONSU.<\/li>\n<\/ol>\n<p>Comunica\u00e7\u00f5es.<\/td>\n<\/tr>\n<tr style=\"height: 24px\">\n<td style=\"width: 6.40412%;text-align: center;height: 24px\">449<\/td>\n<td style=\"width: 9.02953%;text-align: center;height: 24px\">29\/06\/2022<\/td>\n<td style=\"width: 17.343%;text-align: center;height: 24px\"><a href=\"https:\/\/portal.ufsm.br\/documentos\/publico\/documento.html?id=14268512\">Ata 449_29_06_2022<\/a><\/td>\n<td style=\"width: 67.2234%;text-align: left;height: 24px\">\n<ol>\n<li><a href=\"https:\/\/portal.ufsm.br\/documentos\/publico\/documento.html?idDocumento=14208724\"><u>APROVA\u00c7\u00c3O DA ATA 448<\/u><\/a>.<\/li>\n<li>PARECER CLN \u2013 PROCESSO N. 23081.107070\/2021-73 \u2013 SOLICITA APROVA\u00c7\u00c3O DO PARECER DA HOMOLOGA\u00c7\u00c3O DE CONCURSO PARA PROFESSOR DO MAGIST\u00c9RIO SUPERIOR, \u00c1REA CI\u00caNCIAS DA SA\u00daDE, DEPARTAMENTO DE GINECOLOGIA E OBSTETR\u00cdCIA.<\/li>\n<li>PARECER CLN \u2013 PROCESSO N.\u00a0<a href=\"https:\/\/portal.ufsm.br\/documentos\/download.html?action=pdfao&amp;idDocumento=13138489\"><u>23081.026311\/2020-01<\/u><\/a>\u00a0\u2013 SOLICITA REVALIDA\u00c7\u00c3O DE DIPLOMA DO CURSO DE\u00a0ODONTOLOGIA DE KARINA VICTORIA ESPINOZA MERCHAN.<\/li>\n<li>PARECER CLN \u2013 PROCESSO N.\u00a0<a href=\"https:\/\/portal.ufsm.br\/documentos\/download.html?action=pdfao&amp;idDocumento=14157385\"><u>23081.054058\/2022-30<\/u><\/a>\u00a0\u2013 ENCAMINHA ACORDO PARA AULAS PR\u00c1TICAS ENTRE A UFSM E O MUNIC\u00cdPIO DE SANTA MARIA (RS).<\/li>\n<li>PROCESSO N.\u00a0<a href=\"https:\/\/coral.ufsm.br\/docsie\/\/pen\/pdfao\/Processo_23081032240202230C.pdf\"><u>23081.032240\/2022-30<\/u><\/a>\u00a0\u2013 REQUER PROMO\u00c7\u00c3O DE CLASSES E \u2013 TITULAR \u2013 OSVALDO BAZZAN KAIZER;<\/li>\n<li>PROCESSO N.\u00a0<a href=\"https:\/\/coral.ufsm.br\/docsie\/\/pen\/pdfao\/Processo_23081048414202286C.pdf\"><u>23081.048414\/2022-86<\/u><\/a>\u00a0\u2013 REQUER PROMO\u00c7\u00c3O DE CLASSES E \u2013 TITULAR \u2013 STELA MARIS DE MELLO PADOIN;<\/li>\n<li>Apresenta\u00e7\u00e3o da equipe da atual gest\u00e3o do CCS.<\/li>\n<li>Indica\u00e7\u00e3o de Chefe de Departamento para o Conselho Universit\u00e1rio \u2013 titular e suplente.<\/li>\n<li>Indica\u00e7\u00e3o de Coordenador(a) de Curso para o Conselho de Ensino, Pesquisa e Extens\u00e3o (CEPE) \u2013 titular e suplente.<\/li>\n<li>Indica\u00e7\u00e3o de membros para a Comiss\u00e3o de Legisla\u00e7\u00e3o e Normas (CLN) para substitui\u00e7\u00e3o do Prof. William Schoenau e da Profa. Rosangela Marion da Silva;<\/li>\n<li>Gest\u00e3o de salas de aulas.<\/li>\n<li>Regulamento da 1a Confer\u00eancia do CCS.<\/li>\n<\/ol>\n<p>Comunica\u00e7\u00f5es.<\/td>\n<\/tr>\n<tr style=\"height: 336px\">\n<td style=\"width: 6.40412%;text-align: center;height: 336px\">448<\/td>\n<td style=\"width: 9.02953%;text-align: center;height: 336px\">05\/05\/2022<\/td>\n<td style=\"width: 17.343%;text-align: center;height: 336px\"><a href=\"https:\/\/portal.ufsm.br\/documentos\/publico\/documento.html?idDocumento=14208724\">Ata 448_05_05_2022<\/a><\/td>\n<td style=\"width: 67.2234%;height: 336px;text-align: left\">Pauta: 1. Aprova\u00e7\u00e3o da ata 447\u00aa; 2. Elei\u00e7\u00e3o para Dire\u00e7\u00e3o\/Vice-Dire\u00e7\u00e3o; 3. Processo Administrativo 23081.048240\/2021-71 \u2013 resultado final do concurso p\u00fablico para professor adjunto A, n\u00edvel 1, com DE, na \u00e1rea de Fonoaudiologia\/Linguagem Escrita para o Departamento de Fonoaudiologia; 4. Assuntos Gerais.<\/td>\n<\/tr>\n<tr style=\"height: 48px\">\n<td style=\"width: 6.40412%;text-align: center;height: 48px\">447<\/td>\n<td style=\"width: 9.02953%;text-align: center;height: 48px\">20\/04\/2022<\/td>\n<td style=\"width: 17.343%;text-align: center;height: 48px\"><a href=\"https:\/\/portal.ufsm.br\/documentos\/publico\/documento.html?id=14208887\">Ata 447_20_04_2022<\/a><\/td>\n<td style=\"width: 67.2234%;text-align: left;height: 48px\">Pauta: 1. Aprova\u00e7\u00e3o da ata 446\u00aa; 2. Processo Administrativo 23081.066647\/2021-80 \u2013 resultado final do concurso p\u00fablico para professor assistente A para o Departamento de Cl\u00ednica M\u00e9dica; 3. Processo Administrativo 23081.088345\/2021-62 \u2013 resultado final do concurso p\u00fablico para professor do magist\u00e9rio para o Departamento de Ginecologia e Obstetr\u00edcia; 4. Processo Administrativo 23081.063984\/2020-34 \u2013 Contrata\u00e7\u00e3o da FUNDEP para execu\u00e7\u00e3o do projeto \u201cPesquisa Cl\u00ednica de Vacinas e Medicamentos\u201d, do Departamento de Cl\u00ednica M\u00e9dica; 5. Aprova\u00e7\u00e3o do Organograma do CCS; 6. Vaga docente; 7. Aprova\u00e7\u00e3o do Ad referendum \u00e0 Comiss\u00e3o Examinadora para Avalia\u00e7\u00e3o de Desempenho de Promo\u00e7\u00e3o ou Progress\u00e3o de Professor Associado (ComExa-CCS); 8. Assuntos Gerais.<\/td>\n<\/tr>\n<tr style=\"height: 384px\">\n<td style=\"width: 6.40412%;text-align: center;height: 10px\">446<\/td>\n<td style=\"width: 9.02953%;text-align: center;height: 10px\">30\/03\/2022<\/td>\n<td style=\"width: 17.343%;text-align: center;height: 10px\"><a href=\"https:\/\/portal.ufsm.br\/documentos\/publico\/documento.html?id=14209232\">Ata 446 &#8211; 30\/03\/2022<\/a><\/td>\n<td style=\"width: 67.2234%;text-align: left;height: 10px\">\n<p align=\"justify\">1. Aprova\u00e7\u00e3o da ata 445\u00aa; 2. Processo Administrativo 23081.055549\/2019-01 \u2013 recurso do discente Davi Teixeira e Silva com rela\u00e7\u00e3o \u00e0 pena imposta pela Comiss\u00e3o de Sindic\u00e2ncia; 3. Aprova\u00e7\u00e3o do Organograma do CCS; 4. Assuntos Gerais.<\/p>\n<\/td>\n<\/tr>\n<tr style=\"height: 24px\">\n<td style=\"width: 6.40412%;text-align: center;height: 24px\">445<\/td>\n<td style=\"width: 9.02953%;text-align: center;height: 24px\">23\/02\/2022<\/td>\n<td style=\"width: 17.343%;text-align: center;height: 24px\"><a href=\"https:\/\/portal.ufsm.br\/documentos\/publico\/documento.html?id=14209073\">Ata 445_23_02_2022<\/a><\/td>\n<td style=\"width: 67.2234%;height: 24px;text-align: left\">Pauta: 1. Aprova\u00e7\u00e3o da ata 444\u00aa; 2. Proc. 23081.033095\/2020-42 \u2013 Homologa\u00e7\u00e3o \u201cAd referendum\u201d resultado concurso Depto Terapia Ocupacional, \u00e1rea de Fisioterapia e Terapia Ocupacional, Contextos e Abordagens da Terapia Ocupacional nas Interfaces da Reabilita\u00e7\u00e3o; 3. Proc. 23081.024728\/2020-21 \u2013 Homologa\u00e7\u00e3o \u201cAd referendum\u201d resultado concurso Depto Terapia Ocupacional, \u00e1rea de Fisioterapia e Terapia Ocupacional, Terapia Ocupacional no Campo Social; 4. Proc. 23081.067023\/2021-80 \u2013 Homologa\u00e7\u00e3o processo sele\u00e7\u00e3o p\u00fablica professor visitante estrangeiro PPG Ci\u00eancias Odontol\u00f3gicas; 5. Proc. 23081.104381\/2021-81 \u2013 Aprova\u00e7\u00e3o \u201cAd referendum\u201d banca promo\u00e7\u00e3o \u00e0 professor titular Julio Eduardo do Amaral Zenkner; 6. Proc. 23081.105266\/2021-23 \u2013 Aprova\u00e7\u00e3o \u201cAd referendum&#8221; banca promo\u00e7\u00e3o \u00e0 professor titular de Luiz Felipe Valandro Soares; 7. Proc. 23081.055549\/2019-01 recurso discente Davi Teixeira e Silva; 8.Proc. 23081.095783\/2021-87 &#8211;<\/p>\n<p align=\"justify\">\u2013 Contrata\u00e7\u00e3o da FUNDEP para execu\u00e7\u00e3o do projeto \u201cMonitoramento Microbiol\u00f3gico em \u00e1guas, alimentos e outros produtos em Santa Maria e regi\u00e3o\u201d, do Departamento de Microbiologia e Parasitologia;<b> 9. <\/b>Elei\u00e7\u00e3o para Diretor do CCS \u2013 Comiss\u00e3o Eleitoral; 10. Aprova\u00e7\u00e3o do Organograma do CCS; 11. Relat\u00f3rio de Atividades da Comiss\u00e3o de Ensino e Pesquisa do CCS; 12. Substitui\u00e7\u00e3o dos docentes da Resid\u00eancia Multiprofissional quando o mesmo solicita afastamento para o Departamento ao qual \u00e9 vinculado; 13.Assuntos Gerais.<\/p>\n<\/td>\n<\/tr>\n<tr style=\"height: 392px\">\n<td style=\"width: 6.40412%;text-align: center;height: 392px\">444<\/td>\n<td style=\"width: 9.02953%;text-align: center;height: 392px\">05\/01\/2022<\/td>\n<td style=\"width: 17.343%;text-align: center;height: 392px\"><a href=\"https:\/\/portal.ufsm.br\/documentos\/publico\/documento.html?id=14227424\">Ata 444 &#8211; 05\/01\/2022<\/a><\/td>\n<td style=\"width: 67.2234%;text-align: left;height: 392px\">Pauta: 1. Aprova\u00e7\u00e3o da ata 443\u00aa; 2. Processo Administrativo 23081.026801\/2020-08 \u2013 Homologa\u00e7\u00e3o do Resultado final do concurso p\u00fablico para professor auxiliar na \u00e1rea de Ci\u00eancias da Sa\u00fade\/Medicina\/Cirurgia ; 3. Situa\u00e7\u00e3o da Superintend\u00eancia do Hospital Universit\u00e1rio (HUSM); 4. Elei\u00e7\u00f5es para Diretor (a) do CCS; 5. Assuntos Gerais<\/td>\n<\/tr>\n<\/tbody>\n<\/table>\n","protected":false},"excerpt":{"rendered":"<p>N\u00ba Reuni\u00e3o Data Link Pauta 454 30\/11\/2022 Ata_454-30-11-2022 &#8211; Alterada Ata alterada pela Reuni\u00e3o de Conselho 455 de 25\/01\/2023 454 30\/11\/2022 Ata_454-30-11-2022 1. Aprova\u00e7\u00e3o da ata 453. 2. Parecer CLN referente Processo N. 23081.105331\/2021-11 (F\u00edsico) do concurso p\u00fablico Professor Assistente Curso de Medicina\/Psiquiatria. 3. P a r e c e r CLN referente Processo N. [&hellip;]<\/p>\n","protected":false},"author":2697,"featured_media":0,"parent":0,"menu_order":0,"comment_status":"closed","ping_status":"closed","template":"","meta":{"footnotes":""},"categories":[],"tags":[],"class_list":["post-5424","page","type-page","status-publish","hentry"],"acf":[],"_links":{"self":[{"href":"https:\/\/www.ufsm.br\/unidades-universitarias\/ccs\/wp-json\/wp\/v2\/pages\/5424","targetHints":{"allow":["GET"]}}],"collection":[{"href":"https:\/\/www.ufsm.br\/unidades-universitarias\/ccs\/wp-json\/wp\/v2\/pages"}],"about":[{"href":"https:\/\/www.ufsm.br\/unidades-universitarias\/ccs\/wp-json\/wp\/v2\/types\/page"}],"author":[{"embeddable":true,"href":"https:\/\/www.ufsm.br\/unidades-universitarias\/ccs\/wp-json\/wp\/v2\/users\/2697"}],"replies":[{"embeddable":true,"href":"https:\/\/www.ufsm.br\/unidades-universitarias\/ccs\/wp-json\/wp\/v2\/comments?post=5424"}],"version-history":[{"count":0,"href":"https:\/\/www.ufsm.br\/unidades-universitarias\/ccs\/wp-json\/wp\/v2\/pages\/5424\/revisions"}],"wp:attachment":[{"href":"https:\/\/www.ufsm.br\/unidades-universitarias\/ccs\/wp-json\/wp\/v2\/media?parent=5424"}],"wp:term":[{"taxonomy":"category","embeddable":true,"href":"https:\/\/www.ufsm.br\/unidades-universitarias\/ccs\/wp-json\/wp\/v2\/categories?post=5424"},{"taxonomy":"post_tag","embeddable":true,"href":"https:\/\/www.ufsm.br\/unidades-universitarias\/ccs\/wp-json\/wp\/v2\/tags?post=5424"}],"curies":[{"name":"wp","href":"https:\/\/api.w.org\/{rel}","templated":true}]}}