{"id":5436,"date":"2022-06-28T16:06:55","date_gmt":"2022-06-28T19:06:55","guid":{"rendered":"https:\/\/www.ufsm.br\/unidades-universitarias\/ccs\/?page_id=5436"},"modified":"2022-06-28T16:51:16","modified_gmt":"2022-06-28T19:51:16","slug":"atas-conselho-de-centro-2021","status":"publish","type":"page","link":"https:\/\/www.ufsm.br\/unidades-universitarias\/ccs\/atas-conselho-de-centro-2021","title":{"rendered":"Atas Conselho de Centro 2021"},"content":{"rendered":"\t\t<div data-elementor-type=\"wp-page\" data-elementor-id=\"5436\" class=\"elementor elementor-5436\">\n\t\t\t\t\t\t<section class=\"elementor-section elementor-top-section elementor-element elementor-element-63dce04 elementor-section-boxed elementor-section-height-default elementor-section-height-default\" data-id=\"63dce04\" data-element_type=\"section\">\n\t\t\t\t\t\t<div class=\"elementor-container elementor-column-gap-default\">\n\t\t\t\t\t<div class=\"elementor-column elementor-col-100 elementor-top-column elementor-element elementor-element-e799f88\" data-id=\"e799f88\" data-element_type=\"column\">\n\t\t\t<div class=\"elementor-widget-wrap elementor-element-populated\">\n\t\t\t\t\t\t<div class=\"elementor-element elementor-element-e5ce26c elementor-widget elementor-widget-text-editor\" data-id=\"e5ce26c\" data-element_type=\"widget\" data-widget_type=\"text-editor.default\">\n\t\t\t\t<div class=\"elementor-widget-container\">\n\t\t\t\t\t\t\t<table style=\"border-collapse: collapse;width: 100%;height: 168px\"><tbody><tr style=\"height: 48px\"><td style=\"width: 8.01435%;text-align: center;height: 48px\"><strong>N\u00ba Reuni\u00e3o<\/strong><\/td><td style=\"width: 10.1676%;text-align: center;height: 48px\"><strong>Data<\/strong><\/td><td style=\"width: 19.2582%;text-align: center;height: 48px\"><strong>Link<\/strong><\/td><td style=\"width: 62.5599%;text-align: center;height: 48px\"><strong>Pauta<\/strong><\/td><\/tr><tr style=\"height: 24px\"><td style=\"width: 8.01435%;height: 24px;text-align: center\">443<\/td><td style=\"width: 10.1676%;height: 24px;text-align: center\">10\/11\/2021<\/td><td style=\"width: 19.2582%;height: 24px;text-align: center\"><a href=\"https:\/\/portal.ufsm.br\/documentos\/publico\/documento.html?id=14230754\">Ata 443 &#8211; 10\/11\/2021<\/a><\/td><td style=\"width: 62.5599%;height: 24px;text-align: left\">1. Aprova\u00e7\u00e3o da ata 442\u00aa; 2. Processo Administrativo 23081.018592\/2019-87 \u2013 Aprova\u00e7\u00e3o do Ad referendum \u00e0 solicita\u00e7\u00e3o de rebaixamento do concurso para professor Adjunto, na \u00e1rea de Ci\u00eancias da Sa\u00fade\/Medicina\/Psiquiatria; 3. Processo Administrativo 23081.053140\/2021-66 \u2013<br \/>Aprova\u00e7\u00e3o do \u201cAd referendum\u201dda banca para promo\u00e7\u00e3o \u00e0 professor titular de Melissa Agostini Lampert; 4. Proc. Administrativo 23081.095783\/2021-87 &#8211; Contrata\u00e7\u00e3o da FUNDEP para execu\u00e7\u00e3o do projeto &#8220;Monitoramento Microbiol\u00f3gico em \u00e1guas, alimentos e outros produtos em Santa Maria e regi\u00e3o; 5. Corre\u00e7\u00e3o do Art. 73 (mandato de coordenador de curso) e Art. 80, \u00a73\u00ba (mandato de chefe de departamento) do Regimento do Centro de Ci\u00eancias da Sa\u00fade; 6. Solicita\u00e7\u00e3o de rebaixamento do concurso do Departamento de Ginecologia e Obstetr\u00edcia, para a \u00e1rea de Ci\u00eancias da Sa\u00fade\/Medicina\/Ginecologia e Obstetr\u00edcia\/Obstetr\u00edcia; 7. Instituir o Comit\u00ea de \u00c9tica em Pesquisa, nos termos que estabelece a Portaria Interministerial MS\/MEC n\u00ba 285\/2015, para a filial HUSM-UFSM &#8211; conforme recomenda\u00e7\u00e3o do RELAT\u00d3RIO DEFINITIVO DE AUDITORIA INTERNA N\u00ba 017\/2021 -HUSM-UFSM\/AUGE\/EBSERH\/MEC; 8. In\u00edcio da utiliza\u00e7\u00e3o do sistema REDE PESQUISA que \u00e9 uma ferramenta de gest\u00e3o dos estudos desenvolvidos no \u00e2mbito dos Hospitais Universit\u00e1rios Federais (HUF), que comp\u00f5em a Rede<br \/>da Empresa Brasileira de Servi\u00e7os Hospitalares (EBSERH); 9. Indica\u00e7\u00e3o de representante titular do CCS no CEPE (vaga professora Lauren Rossetti Vaucher); 10. Indica\u00e7\u00e3o de representante do CCS para a CLN\/CEPE; 11.Atualiza\u00e7\u00e3o da Comiss\u00e3o de Examinadora para Avalia\u00e7\u00e3o de Desempenho de Promo\u00e7\u00e3o \u00e0 Classe de Professor Associado; 12. Assuntos<br \/>Gerais.<\/td><\/tr><tr style=\"height: 24px\"><td style=\"width: 8.01435%;height: 24px;text-align: center\">442<\/td><td style=\"width: 10.1676%;height: 24px;text-align: center\">05\/09\/2021<\/td><td style=\"width: 19.2582%;height: 24px;text-align: center\"><a href=\"https:\/\/portal.ufsm.br\/documentos\/publico\/documento.html?id=14230780\">Ata 442 &#8211; 05\/09\/2021<\/a><\/td><td style=\"width: 62.5599%;height: 24px;text-align: left\">1.Aprova\u00e7\u00e3o da ata 441\u00aa; 2.Processo Administrativo\u00a023081.030226\/2020-30 &#8211; Ad referendum \u2013 Encaminha termo de coopera\u00e7\u00e3o t\u00e9cnica \u2013Instrumento de Parceria Cient\u00edfica \u2013 entre a UFSM e a SPDM (Associa\u00e7\u00e3o Paulista para o Desenvolvimento da Medicina \u2013 Hospital de S\u00e3o Paulo), para credenciamento da UFSM\/HUSM como um dos centros de pesquisa aptos a participar do estudo da vacina da Universidade de Oxford; 3.Processo Administrativo 23081.030223\/2020-04 &#8211; Ad referendum \u2013 Encaminha termo de coopera\u00e7\u00e3o t\u00e9cnica \u2013 Acordo de subs\u00eddio entre a UFSM e\u00a0o Instituto D\u2019Or de Pesquisa e Ensino, execu\u00e7\u00e3o de projeto de pesquisa destinado a capacitar ou\u00a0expandir centros de pesquisa cl\u00ednica para estarem aptos a participar de futuros estudos cl\u00ednicos com vacinas contra Co-V2; 4. Processo Administrativo 23081.030230\/2020-06 &#8211; Ad referendum \u2013 Encaminha termo de coopera\u00e7\u00e3o &#8211; Acordo de Coopera\u00e7\u00e3o e outras Aven\u00e7as \u2013\u00a0entre a UFSM e a ASTRAZENECA DO BRASIL LTDA, objetivando a execu\u00e7\u00e3o da Pesquisa\u00a0Cl\u00ednica \u201cEstudo controlado randomizado de fase III, para determinar a seguran\u00e7a, efic\u00e1cia e\u00a0imunogenicidade da vacina ChAdOx1 nCoV-19 n\u00e3o replicante; 5.Processo Administrativo\u00a023081.069547\/2021-13 \u2013 Solicita\u00e7\u00e3o de ingresso no Programa Especial para Participa\u00e7\u00e3o em\u00a0Atividades de Ensino, Pesquisa e Extens\u00e3o, na modalidade Docente de outras IES, da\u00a0professora Sandra Elisa Haas, da UNIPAMPA, no PPG Ci\u00eancias Farmac\u00eauticas; 6. Processo\u00a0Administrativo 23081.069546\/2021-61 \u2013 encaminha solicita\u00e7\u00e3o de ingresso no Programa\u00a0Especial para Participa\u00e7\u00e3o em Atividades de Ensino, Pesquisa e Extens\u00e3o \u2013 na modalidade de\u00a0Bolsista Rec\u00e9m- Mestre, da aluna de doutorado Lara Baccarin Ianiski; 7. Processo\u00a0Administrativo 23081.059871\/2019-09 \u2013 Resultado do Concurso p\u00fablico para Professor\u00a0Auxiliar N\u00edvel 1, Regime de Trabalho de 40 horas semanais, na \u00e1rea de Ci\u00eancias da\u00a0Sa\u00fade\/Medicina\/Ginecologia e Obstetr\u00edcia, sub\u00e1rea Ginecologia, do Departamento de Ginecologia e Obstetr\u00edcia. 8. Processo Administrativo 23081.033528\/2019-26 \u2013 Resultado do Concurso P\u00fablico para Professor Adjunto A, N\u00edvel 1, Regime de Trabalho Dedica\u00e7\u00e3o\u00a0Exclusiva, na \u00e1rea de Odontologia, sub\u00e1rea: Periodontia e Endodontia, do Departamento de\u00a0Microbiologia e Parasitologia. 9. Processo Administrativo 23081.066647\/2021-80 &#8211; Abertura de Concurso P\u00fablico para Professor Assistente A, N\u00edvel 1, Regime de Trabalho de\u00a040 horas semanais, duas vagas, na \u00e1rea de Ci\u00eancias da Sa\u00fade\/Medicina\/Cl\u00ednica M\u00e9dica, do Departamento de Cl\u00ednica M\u00e9dica (Rebaixamento); 10. Processo Administrativo\u00a023081.035684\/2021-46 \u2013 Solicita\u00e7\u00e3o de redistribui\u00e7\u00e3o da docente Ana Paula Ramos de Souza\u00a0(Departamento de Fonoaudiologia) para a UFRGS; 11. Assuntos Gerais.<\/td><\/tr><tr style=\"height: 24px\"><td style=\"width: 8.01435%;height: 24px;text-align: center\">441<\/td><td style=\"width: 10.1676%;height: 24px;text-align: center\">30\/06\/2021<\/td><td style=\"width: 19.2582%;height: 24px;text-align: center\"><a href=\"https:\/\/portal.ufsm.br\/documentos\/publico\/documento.html?id=14230807\">Ata 441 &#8211; 30\/06\/2021<\/a><\/td><td style=\"width: 62.5599%;height: 24px;text-align: left\">1.Aprova\u00e7\u00e3o da ata 440\u00aa; 2.Processo Administrativo\u00a023081.045797\/2021-50 \u2013 Ad referendum &#8211; Contrata\u00e7\u00e3o da FUNDEP para execu\u00e7\u00e3o do projeto\u00a0&#8220;Diagn\u00f3stico sorol\u00f3gico e molecular de leptospirose em animais de produ\u00e7\u00e3o e companhia na\u00a0regi\u00e3o sul do Brasil Etapa I&#8221;; 3.Processo Administrativo 23081.056334\/2019-07 \u2013 Ad\u00a0referendum \u2013 Concurso p\u00fablico para professor adjunto, na \u00e1rea de Fisioterapia e Terapia\u00a0Ocupacional (Reabilita\u00e7\u00e3o baseada na Comunidade), para o Departamento de Terapia\u00a0Ocupacional, conforme o edital 197\/2019; 4.Processo Administrativo 23081.035002\/2016-38\u00a0\u2013 homologa\u00e7\u00e3o do processo para professor visitante do PPG Farmacologia; 5. Processo\u00a0Administrativo 23081.033808\/2021-59 &#8211; Adendo ao PPC do curso de Fonoaudiologia,\u00a0considerando a pandemia e a atividade acad\u00e9mica; 6. Processo Administrativo\u00a023081.023414\/2021-92 &#8211; Solicita\u00e7\u00e3o de revis\u00e3o t\u00e9cnica do ato de ajuste do projeto pedag\u00f3gico\u00a0do Curso de Terapia Ocupacional para adequa\u00e7\u00e3o das normas de est\u00e1gio e algumas disciplinas;\u00a07. Processo Administrativo 23081.049715\/2021-46 \u2013 Solicita\u00e7\u00e3o de aprova\u00e7\u00e3o das altera\u00e7\u00f5es\u00a0no Regulamento do PPG Ci\u00eancias Farmac\u00eauticas; 8. Relat\u00f3rio Gabinete de Projetos; 9.\u00a0Apresenta\u00e7\u00e3o do novo Organograma da COREMU; 10. Solicita\u00e7\u00e3o de vaga \u2013 Depto.\u00a0Neuropsiquiatria; 11. Assuntos Gerais.<\/td><\/tr><tr style=\"height: 24px\"><td style=\"width: 8.01435%;height: 24px;text-align: center\">440<\/td><td style=\"width: 10.1676%;height: 24px;text-align: center\">28\/04\/2021<\/td><td style=\"width: 19.2582%;height: 24px;text-align: center\"><a href=\"https:\/\/portal.ufsm.br\/documentos\/publico\/documento.html?id=14230816\">Ata 440 &#8211; 28\/04\/2021<\/a><\/td><td style=\"width: 62.5599%;height: 24px;text-align: left\">1.Aprova\u00e7\u00e3o da ata 439\u00aa; 2.Processo professor\u00a0Visitante PPG Farmacologia; 3.Banca para promo\u00e7\u00e3o para professor titular de M\u00e1rcia\u00a0da Silva Schmitz, aprovado ad referendum; 4.Banca para promo\u00e7\u00e3o para professor\u00a0titular de Tatiana Bernardon Silva, aprovado ad referendum; 5.Banca para promo\u00e7\u00e3o\u00a0para professor titular de Jo\u00e3o C\u00e9sar Dias Oliveira, aprovado ad referendum; 6.Banca\u00a0para promo\u00e7\u00e3o para professor titular de Rachel de Oliveira Rocha; 7.Relat\u00f3rio\u00a0CLN\/CCS; 8.Assuntos Gerais.<\/td><\/tr><tr style=\"height: 24px\"><td style=\"width: 8.01435%;height: 24px;text-align: center\">439<\/td><td style=\"width: 10.1676%;height: 24px;text-align: center\">03\/03\/2021<\/td><td style=\"width: 19.2582%;height: 24px;text-align: center\"><a href=\"https:\/\/portal.ufsm.br\/documentos\/publico\/documento.html?id=14230830\">Ata 439 &#8211; 03\/03\/2021<\/a><\/td><td style=\"width: 62.5599%;height: 24px;text-align: left\">1.Aprova\u00e7\u00e3o da ata 438\u00aa; 2.Memorando 03\/2021 \u2013 PPG Reabilita\u00e7\u00e3o Funcional:\u00a0proposta de fus\u00e3o do PPG Reabilita\u00e7\u00e3o Funcional e do PPG em Educa\u00e7\u00e3o F\u00edsica;\u00a03.Relat\u00f3rio do projeto FATEC do curso de Medicina, aprovado Ad referendum,\u00a0sob o t\u00edtulo \u201cO Internato em aten\u00e7\u00e3o prim\u00e1ria \u00e0 sa\u00fade no curso de Medicina da\u00a0UFSM: contribui\u00e7\u00f5es formacionais do Internato Regional.\u201d; 4.Participa\u00e7\u00e3o de\u00a0docentes nas atividades da Resid\u00eancia Multiprofissional com encargos docentes;\u00a05.Assuntos Gerais<\/td><\/tr><\/tbody><\/table>\t\t\t\t\t\t<\/div>\n\t\t\t\t<\/div>\n\t\t\t\t\t<\/div>\n\t\t<\/div>\n\t\t\t\t\t<\/div>\n\t\t<\/section>\n\t\t\t\t<\/div>\n\t\t","protected":false},"excerpt":{"rendered":"<p>N\u00ba Reuni\u00e3o Data Link Pauta 443 10\/11\/2021 Ata 443 &#8211; 10\/11\/2021 1. Aprova\u00e7\u00e3o da ata 442\u00aa; 2. Processo Administrativo 23081.018592\/2019-87 \u2013 Aprova\u00e7\u00e3o do Ad referendum \u00e0 solicita\u00e7\u00e3o de rebaixamento do concurso para professor Adjunto, na \u00e1rea de Ci\u00eancias da Sa\u00fade\/Medicina\/Psiquiatria; 3. Processo Administrativo 23081.053140\/2021-66 \u2013Aprova\u00e7\u00e3o do \u201cAd referendum\u201dda banca para promo\u00e7\u00e3o \u00e0 professor titular de [&hellip;]<\/p>\n","protected":false},"author":2697,"featured_media":0,"parent":0,"menu_order":0,"comment_status":"closed","ping_status":"closed","template":"","meta":{"footnotes":""},"categories":[],"tags":[],"class_list":["post-5436","page","type-page","status-publish","hentry"],"acf":[],"_links":{"self":[{"href":"https:\/\/www.ufsm.br\/unidades-universitarias\/ccs\/wp-json\/wp\/v2\/pages\/5436","targetHints":{"allow":["GET"]}}],"collection":[{"href":"https:\/\/www.ufsm.br\/unidades-universitarias\/ccs\/wp-json\/wp\/v2\/pages"}],"about":[{"href":"https:\/\/www.ufsm.br\/unidades-universitarias\/ccs\/wp-json\/wp\/v2\/types\/page"}],"author":[{"embeddable":true,"href":"https:\/\/www.ufsm.br\/unidades-universitarias\/ccs\/wp-json\/wp\/v2\/users\/2697"}],"replies":[{"embeddable":true,"href":"https:\/\/www.ufsm.br\/unidades-universitarias\/ccs\/wp-json\/wp\/v2\/comments?post=5436"}],"version-history":[{"count":0,"href":"https:\/\/www.ufsm.br\/unidades-universitarias\/ccs\/wp-json\/wp\/v2\/pages\/5436\/revisions"}],"wp:attachment":[{"href":"https:\/\/www.ufsm.br\/unidades-universitarias\/ccs\/wp-json\/wp\/v2\/media?parent=5436"}],"wp:term":[{"taxonomy":"category","embeddable":true,"href":"https:\/\/www.ufsm.br\/unidades-universitarias\/ccs\/wp-json\/wp\/v2\/categories?post=5436"},{"taxonomy":"post_tag","embeddable":true,"href":"https:\/\/www.ufsm.br\/unidades-universitarias\/ccs\/wp-json\/wp\/v2\/tags?post=5436"}],"curies":[{"name":"wp","href":"https:\/\/api.w.org\/{rel}","templated":true}]}}