{"id":5470,"date":"2022-07-15T14:44:40","date_gmt":"2022-07-15T17:44:40","guid":{"rendered":"https:\/\/www.ufsm.br\/unidades-universitarias\/ccs\/?page_id=5470"},"modified":"2025-04-02T16:41:54","modified_gmt":"2025-04-02T19:41:54","slug":"fluxograma-de-solicitacao-de-manutencao-de-ar-condicionado","status":"publish","type":"page","link":"https:\/\/www.ufsm.br\/unidades-universitarias\/ccs\/fluxograma-de-solicitacao-de-manutencao-de-ar-condicionado","title":{"rendered":"Fluxograma de solicita\u00e7\u00e3o de manuten\u00e7\u00e3o de ar-condicionado"},"content":{"rendered":"\n<p><img fetchpriority=\"high\" decoding=\"async\" class=\"aligncenter wp-image-7382 size-full\" src=\"https:\/\/www.ufsm.br\/app\/uploads\/sites\/371\/2025\/04\/Fluxograma-manutencao-de-ar-condicionado.jpg\" alt=\"\" width=\"1024\" height=\"768\" srcset=\"https:\/\/www.ufsm.br\/app\/uploads\/sites\/371\/2025\/04\/Fluxograma-manutencao-de-ar-condicionado.jpg 1024w, https:\/\/www.ufsm.br\/app\/uploads\/sites\/371\/2025\/04\/Fluxograma-manutencao-de-ar-condicionado-300x225.jpg 300w, https:\/\/www.ufsm.br\/app\/uploads\/sites\/371\/2025\/04\/Fluxograma-manutencao-de-ar-condicionado-768x576.jpg 768w\" sizes=\"(max-width: 1024px) 100vw, 1024px\" \/><\/p>\n","protected":false},"excerpt":{"rendered":"","protected":false},"author":446,"featured_media":0,"parent":0,"menu_order":0,"comment_status":"closed","ping_status":"closed","template":"","meta":{"footnotes":""},"categories":[],"tags":[71,85],"class_list":["post-5470","page","type-page","status-publish","hentry","tag-ccs","tag-infraestrutura"],"acf":[],"_links":{"self":[{"href":"https:\/\/www.ufsm.br\/unidades-universitarias\/ccs\/wp-json\/wp\/v2\/pages\/5470","targetHints":{"allow":["GET"]}}],"collection":[{"href":"https:\/\/www.ufsm.br\/unidades-universitarias\/ccs\/wp-json\/wp\/v2\/pages"}],"about":[{"href":"https:\/\/www.ufsm.br\/unidades-universitarias\/ccs\/wp-json\/wp\/v2\/types\/page"}],"author":[{"embeddable":true,"href":"https:\/\/www.ufsm.br\/unidades-universitarias\/ccs\/wp-json\/wp\/v2\/users\/446"}],"replies":[{"embeddable":true,"href":"https:\/\/www.ufsm.br\/unidades-universitarias\/ccs\/wp-json\/wp\/v2\/comments?post=5470"}],"version-history":[{"count":0,"href":"https:\/\/www.ufsm.br\/unidades-universitarias\/ccs\/wp-json\/wp\/v2\/pages\/5470\/revisions"}],"wp:attachment":[{"href":"https:\/\/www.ufsm.br\/unidades-universitarias\/ccs\/wp-json\/wp\/v2\/media?parent=5470"}],"wp:term":[{"taxonomy":"category","embeddable":true,"href":"https:\/\/www.ufsm.br\/unidades-universitarias\/ccs\/wp-json\/wp\/v2\/categories?post=5470"},{"taxonomy":"post_tag","embeddable":true,"href":"https:\/\/www.ufsm.br\/unidades-universitarias\/ccs\/wp-json\/wp\/v2\/tags?post=5470"}],"curies":[{"name":"wp","href":"https:\/\/api.w.org\/{rel}","templated":true}]}}