{"id":5538,"date":"2022-09-02T09:42:38","date_gmt":"2022-09-02T12:42:38","guid":{"rendered":"https:\/\/www.ufsm.br\/unidades-universitarias\/ccs\/?page_id=5538"},"modified":"2022-09-22T16:58:28","modified_gmt":"2022-09-22T19:58:28","slug":"portarias-da-cln-ccs","status":"publish","type":"page","link":"https:\/\/www.ufsm.br\/unidades-universitarias\/ccs\/portarias-da-cln-ccs","title":{"rendered":"Portarias da CLN\/CCS"},"content":{"rendered":"\t\t<div data-elementor-type=\"wp-page\" data-elementor-id=\"5538\" class=\"elementor elementor-5538\">\n\t\t\t\t\t\t<section class=\"elementor-section elementor-top-section elementor-element elementor-element-0039d0e elementor-section-boxed elementor-section-height-default elementor-section-height-default\" data-id=\"0039d0e\" data-element_type=\"section\">\n\t\t\t\t\t\t<div class=\"elementor-container elementor-column-gap-default\">\n\t\t\t\t\t<div class=\"elementor-column elementor-col-50 elementor-top-column elementor-element elementor-element-7a64297\" data-id=\"7a64297\" data-element_type=\"column\">\n\t\t\t<div class=\"elementor-widget-wrap elementor-element-populated\">\n\t\t\t\t\t\t<div class=\"elementor-element elementor-element-9196208 elementor-widget elementor-widget-text-editor\" data-id=\"9196208\" data-element_type=\"widget\" data-widget_type=\"text-editor.default\">\n\t\t\t\t<div class=\"elementor-widget-container\">\n\t\t\t\t\t\t\t<h5>Link para Portaria<\/h5>\t\t\t\t\t\t<\/div>\n\t\t\t\t<\/div>\n\t\t\t\t\t<\/div>\n\t\t<\/div>\n\t\t\t\t<div class=\"elementor-column elementor-col-50 elementor-top-column elementor-element elementor-element-5864d04\" data-id=\"5864d04\" data-element_type=\"column\">\n\t\t\t<div class=\"elementor-widget-wrap elementor-element-populated\">\n\t\t\t\t\t\t<div class=\"elementor-element elementor-element-e9d920d elementor-widget elementor-widget-text-editor\" data-id=\"e9d920d\" data-element_type=\"widget\" data-widget_type=\"text-editor.default\">\n\t\t\t\t<div class=\"elementor-widget-container\">\n\t\t\t\t\t\t\t<h5>Membros Designados<\/h5>\t\t\t\t\t\t<\/div>\n\t\t\t\t<\/div>\n\t\t\t\t\t<\/div>\n\t\t<\/div>\n\t\t\t\t\t<\/div>\n\t\t<\/section>\n\t\t\t\t<section class=\"elementor-section elementor-top-section elementor-element elementor-element-7f8f34f elementor-section-boxed elementor-section-height-default elementor-section-height-default\" data-id=\"7f8f34f\" data-element_type=\"section\">\n\t\t\t\t\t\t<div class=\"elementor-container elementor-column-gap-default\">\n\t\t\t\t\t<div class=\"elementor-column elementor-col-50 elementor-top-column elementor-element elementor-element-ae84fd1\" data-id=\"ae84fd1\" data-element_type=\"column\">\n\t\t\t<div class=\"elementor-widget-wrap elementor-element-populated\">\n\t\t\t\t\t\t<div class=\"elementor-element elementor-element-d9a8b81 elementor-widget elementor-widget-text-editor\" data-id=\"d9a8b81\" data-element_type=\"widget\" data-widget_type=\"text-editor.default\">\n\t\t\t\t<div class=\"elementor-widget-container\">\n\t\t\t\t\t\t\t<p><a href=\"https:\/\/www.ufsm.br\/app\/uploads\/sites\/371\/2022\/04\/Portaria-040-Designa-a-CLN-do-CCS.pdf\">Portaria 040 &#8211; Designa a CLN do CCS, de 24\/02\/2022<\/a><\/p><p>Portaria vigente at\u00e9 24\/02\/2023<\/p>\t\t\t\t\t\t<\/div>\n\t\t\t\t<\/div>\n\t\t\t\t\t<\/div>\n\t\t<\/div>\n\t\t\t\t<div class=\"elementor-column elementor-col-50 elementor-top-column elementor-element elementor-element-703a814\" data-id=\"703a814\" data-element_type=\"column\">\n\t\t\t<div class=\"elementor-widget-wrap elementor-element-populated\">\n\t\t\t\t\t\t<div class=\"elementor-element elementor-element-531ac60 elementor-widget elementor-widget-text-editor\" data-id=\"531ac60\" data-element_type=\"widget\" data-widget_type=\"text-editor.default\">\n\t\t\t\t<div class=\"elementor-widget-container\">\n\t\t\t\t\t\t\t<p dir=\"ltr\" style=\"line-height: 1.3800000000000001;text-align: justify;margin-top: 12pt;margin-bottom: 12pt\"><span style=\"font-size: 11pt;font-family: Arial;color: #00000a;background-color: transparent;font-weight: 400;font-style: normal;font-variant: normal;text-decoration: none;vertical-align: baseline\">&#8211; William Schoenau \u2013 Repr. dos Departamentos B\u00e1sicos &#8211; SIAPE 382098<\/span><\/p><p dir=\"ltr\" style=\"line-height: 1.3800000000000001;text-align: justify;margin-top: 12pt;margin-bottom: 12pt\"><span style=\"font-size: 11pt;font-family: Arial;color: #00000a;background-color: transparent;font-weight: 400;font-style: normal;font-variant: normal;text-decoration: none;vertical-align: baseline\">&#8211; Bruno Lopes da Silveira &#8211; Representante Curso de Odontologia &#8211; SIAPE 2324327<\/span><\/p><p dir=\"ltr\" style=\"line-height: 1.3800000000000001;text-align: justify;margin-top: 12pt;margin-bottom: 12pt\"><span style=\"font-size: 11pt;font-family: Arial;color: #00000a;background-color: transparent;font-weight: 400;font-style: normal;font-variant: normal;text-decoration: none;vertical-align: baseline\">&#8211; Teresinha Heck Weiller \u2013 Representante Departamento de Enfermagem \u2013 SIAPE 1684622<\/span><\/p><p dir=\"ltr\" style=\"line-height: 1.3800000000000001;text-align: justify;margin-top: 12pt;margin-bottom: 12pt\"><span style=\"font-size: 11pt;font-family: Arial;color: #00000a;background-color: transparent;font-weight: 400;font-style: normal;font-variant: normal;text-decoration: none;vertical-align: baseline\">&#8211; Rosangela Marion da Silva &#8211; Repr. Curso Enfermagem \u2013 SIAPE 3556312<\/span><\/p><p dir=\"ltr\" style=\"line-height: 1.3800000000000001;text-align: justify;margin-top: 12pt;margin-bottom: 12pt\"><span style=\"font-size: 11pt;font-family: Arial;color: #00000a;background-color: transparent;font-weight: 400;font-style: normal;font-variant: normal;text-decoration: none;vertical-align: baseline\">&#8211; Graziela Rissetti \u2013 Repr. Curso de Medicina \u2013 SIAPE 1674181<\/span><\/p><p dir=\"ltr\" style=\"line-height: 1.3800000000000001;text-align: justify;margin-top: 12pt;margin-bottom: 12pt\"><span style=\"font-size: 11pt;font-family: Arial;color: #00000a;background-color: transparent;font-weight: 400;font-style: normal;font-variant: normal;text-decoration: none;vertical-align: baseline\">&#8211; Daniele Rubert Nogueira Librelotto &#8211; Repr. Curso Farm\u00e1cia \u2013 SIAPE 3048505<\/span><\/p><p><span id=\"docs-internal-guid-744c938f-7fff-e997-9e04-87b04536d4d0\"><span style=\"font-size: 11pt;font-family: Arial;color: #00000a;background-color: transparent;vertical-align: baseline\">&#8211; Elisandra dos Santos \u2013 Representante TAE \u2013 SIAPE 2163211<\/span> <\/span><\/p>\t\t\t\t\t\t<\/div>\n\t\t\t\t<\/div>\n\t\t\t\t\t<\/div>\n\t\t<\/div>\n\t\t\t\t\t<\/div>\n\t\t<\/section>\n\t\t\t\t<section class=\"elementor-section elementor-top-section elementor-element elementor-element-0941762 elementor-section-boxed elementor-section-height-default elementor-section-height-default\" data-id=\"0941762\" data-element_type=\"section\">\n\t\t\t\t\t\t<div class=\"elementor-container elementor-column-gap-default\">\n\t\t\t\t\t<div class=\"elementor-column elementor-col-50 elementor-top-column elementor-element elementor-element-a34a86e\" data-id=\"a34a86e\" data-element_type=\"column\">\n\t\t\t<div class=\"elementor-widget-wrap elementor-element-populated\">\n\t\t\t\t\t\t<div class=\"elementor-element elementor-element-7ddc16b elementor-widget elementor-widget-text-editor\" data-id=\"7ddc16b\" data-element_type=\"widget\" data-widget_type=\"text-editor.default\">\n\t\t\t\t<div class=\"elementor-widget-container\">\n\t\t\t\t\t\t\t<p>Apostila a Portaria 040<\/p>\t\t\t\t\t\t<\/div>\n\t\t\t\t<\/div>\n\t\t\t\t\t<\/div>\n\t\t<\/div>\n\t\t\t\t<div class=\"elementor-column elementor-col-50 elementor-top-column elementor-element elementor-element-9be43c6\" data-id=\"9be43c6\" data-element_type=\"column\">\n\t\t\t<div class=\"elementor-widget-wrap elementor-element-populated\">\n\t\t\t\t\t\t<div class=\"elementor-element elementor-element-bdb244c elementor-widget elementor-widget-text-editor\" data-id=\"bdb244c\" data-element_type=\"widget\" data-widget_type=\"text-editor.default\">\n\t\t\t\t<div class=\"elementor-widget-container\">\n\t\t\t\t\t\t\t<p><span style=\"font-weight: 400\">Excluir &#8211; William Schoenau &#8211;\u00a0 SIAPE 382098<\/span><\/p><p><span style=\"font-weight: 400\">Excluir &#8211; Rosangela Marion da Silva &#8211; SIAPE 3556312<\/span><\/p><p><span style=\"font-weight: 400\">Incluir &#8211; Angela Ruviaro Busanello Stella &#8211; SIAPE <\/span><span style=\"font-weight: 400\">2572657<\/span><\/p><p><span style=\"font-weight: 400\">Incluir &#8211; Marli Matiko Anraku de Campos &#8211; SIAPE 1351112<\/span><\/p>\t\t\t\t\t\t<\/div>\n\t\t\t\t<\/div>\n\t\t\t\t\t<\/div>\n\t\t<\/div>\n\t\t\t\t\t<\/div>\n\t\t<\/section>\n\t\t\t\t<section class=\"elementor-section elementor-top-section elementor-element elementor-element-8ff2ed4 elementor-section-boxed elementor-section-height-default elementor-section-height-default\" data-id=\"8ff2ed4\" data-element_type=\"section\">\n\t\t\t\t\t\t<div class=\"elementor-container elementor-column-gap-default\">\n\t\t\t\t\t<div class=\"elementor-column elementor-col-50 elementor-top-column elementor-element elementor-element-115f040\" data-id=\"115f040\" data-element_type=\"column\">\n\t\t\t<div class=\"elementor-widget-wrap elementor-element-populated\">\n\t\t\t\t\t\t<div class=\"elementor-element elementor-element-194ffaa elementor-widget elementor-widget-text-editor\" data-id=\"194ffaa\" data-element_type=\"widget\" data-widget_type=\"text-editor.default\">\n\t\t\t\t<div class=\"elementor-widget-container\">\n\t\t\t\t\t\t\t<h5>Link para Portaria<\/h5>\t\t\t\t\t\t<\/div>\n\t\t\t\t<\/div>\n\t\t\t\t\t<\/div>\n\t\t<\/div>\n\t\t\t\t<div class=\"elementor-column elementor-col-50 elementor-top-column elementor-element elementor-element-618cadf\" data-id=\"618cadf\" data-element_type=\"column\">\n\t\t\t<div class=\"elementor-widget-wrap elementor-element-populated\">\n\t\t\t\t\t\t<div class=\"elementor-element elementor-element-08b5107 elementor-widget elementor-widget-text-editor\" data-id=\"08b5107\" data-element_type=\"widget\" data-widget_type=\"text-editor.default\">\n\t\t\t\t<div class=\"elementor-widget-container\">\n\t\t\t\t\t\t\t<h5>Membros designados<\/h5>\t\t\t\t\t\t<\/div>\n\t\t\t\t<\/div>\n\t\t\t\t\t<\/div>\n\t\t<\/div>\n\t\t\t\t\t<\/div>\n\t\t<\/section>\n\t\t\t\t<section class=\"elementor-section elementor-top-section elementor-element elementor-element-1a42b67 elementor-section-boxed elementor-section-height-default elementor-section-height-default\" data-id=\"1a42b67\" data-element_type=\"section\">\n\t\t\t\t\t\t<div class=\"elementor-container elementor-column-gap-default\">\n\t\t\t\t\t<div class=\"elementor-column elementor-col-50 elementor-top-column elementor-element elementor-element-b530634\" data-id=\"b530634\" data-element_type=\"column\">\n\t\t\t<div class=\"elementor-widget-wrap elementor-element-populated\">\n\t\t\t\t\t\t<div class=\"elementor-element elementor-element-9b671c2 elementor-widget elementor-widget-text-editor\" data-id=\"9b671c2\" data-element_type=\"widget\" data-widget_type=\"text-editor.default\">\n\t\t\t\t<div class=\"elementor-widget-container\">\n\t\t\t\t\t\t\t<p><a href=\"https:\/\/www.ufsm.br\/app\/uploads\/sites\/371\/2021\/08\/Portaria-057-Designa-os-membros-da-CLN-do-CCS.pdf\">Portaria 057\/CCS<\/a><\/p>\t\t\t\t\t\t<\/div>\n\t\t\t\t<\/div>\n\t\t\t\t\t<\/div>\n\t\t<\/div>\n\t\t\t\t<div class=\"elementor-column elementor-col-50 elementor-top-column elementor-element elementor-element-a77bc21\" data-id=\"a77bc21\" data-element_type=\"column\">\n\t\t\t<div class=\"elementor-widget-wrap elementor-element-populated\">\n\t\t\t\t\t\t<div class=\"elementor-element elementor-element-dbb82a4 elementor-widget elementor-widget-text-editor\" data-id=\"dbb82a4\" data-element_type=\"widget\" data-widget_type=\"text-editor.default\">\n\t\t\t\t<div class=\"elementor-widget-container\">\n\t\t\t\t\t\t\t<p>&#8211; William Schoenau \u2013 Repr. dos Departamentos B\u00e1sicos &#8211; SIAPE 382098<br \/>&#8211; Karla Zanini Kantorski &#8211; Representante Curso de Odontologia &#8211; SIAPE 2555364<br \/>&#8211; Teresinha Heck Weiller \u2013 Representante Curso de Enfermagem \u2013 SIAPE 1684622<br \/>&#8211; Rosangela Marion da Silva \u2013 Repr. Coord. Curso Enfermagem \u2013 SIAPE 3556312<br \/>&#8211; Ana Paula Ramos de Souza \u2013 Repr. Curso de Fonoaudiologia \u2013 SIAPE 2093180<br \/>&#8211; Graziela Rissetti \u2013 Repr. Chefe de Departamento (Curso de Medicina) \u2013 SIAPE 1674181<br \/>&#8211; Daniele Rubert Nogueira Librelotto \u2013 Repr.Curso Ferm\u00e1cia \u2013 SIAPE 3048505<br \/>&#8211; Emily Vivian Valcarenghi \u2013 Representante TAE \u2013 SIAPE 1658608<\/p>\t\t\t\t\t\t<\/div>\n\t\t\t\t<\/div>\n\t\t\t\t\t<\/div>\n\t\t<\/div>\n\t\t\t\t\t<\/div>\n\t\t<\/section>\n\t\t\t\t<section class=\"elementor-section elementor-top-section elementor-element elementor-element-967f0ed elementor-section-boxed elementor-section-height-default elementor-section-height-default\" data-id=\"967f0ed\" data-element_type=\"section\">\n\t\t\t\t\t\t<div class=\"elementor-container elementor-column-gap-default\">\n\t\t\t\t\t<div class=\"elementor-column elementor-col-50 elementor-top-column elementor-element elementor-element-a1dc4eb\" data-id=\"a1dc4eb\" data-element_type=\"column\">\n\t\t\t<div class=\"elementor-widget-wrap elementor-element-populated\">\n\t\t\t\t\t\t<div class=\"elementor-element elementor-element-50af834 elementor-widget elementor-widget-text-editor\" data-id=\"50af834\" data-element_type=\"widget\" data-widget_type=\"text-editor.default\">\n\t\t\t\t<div class=\"elementor-widget-container\">\n\t\t\t\t\t\t\t<h5>Link para Portaria<\/h5>\t\t\t\t\t\t<\/div>\n\t\t\t\t<\/div>\n\t\t\t\t\t<\/div>\n\t\t<\/div>\n\t\t\t\t<div class=\"elementor-column elementor-col-50 elementor-top-column elementor-element elementor-element-e57acda\" data-id=\"e57acda\" data-element_type=\"column\">\n\t\t\t<div class=\"elementor-widget-wrap elementor-element-populated\">\n\t\t\t\t\t\t<div class=\"elementor-element elementor-element-1003ff0 elementor-widget elementor-widget-text-editor\" data-id=\"1003ff0\" data-element_type=\"widget\" data-widget_type=\"text-editor.default\">\n\t\t\t\t<div class=\"elementor-widget-container\">\n\t\t\t\t\t\t\t<h5>Membros designados<\/h5>\t\t\t\t\t\t<\/div>\n\t\t\t\t<\/div>\n\t\t\t\t\t<\/div>\n\t\t<\/div>\n\t\t\t\t\t<\/div>\n\t\t<\/section>\n\t\t\t\t<section class=\"elementor-section elementor-top-section elementor-element elementor-element-959e042 elementor-section-boxed elementor-section-height-default elementor-section-height-default\" data-id=\"959e042\" data-element_type=\"section\">\n\t\t\t\t\t\t<div class=\"elementor-container elementor-column-gap-default\">\n\t\t\t\t\t<div class=\"elementor-column elementor-col-50 elementor-top-column elementor-element elementor-element-ff4aeeb\" data-id=\"ff4aeeb\" data-element_type=\"column\">\n\t\t\t<div class=\"elementor-widget-wrap elementor-element-populated\">\n\t\t\t\t\t\t<div class=\"elementor-element elementor-element-7988787 elementor-widget elementor-widget-text-editor\" data-id=\"7988787\" data-element_type=\"widget\" data-widget_type=\"text-editor.default\">\n\t\t\t\t<div class=\"elementor-widget-container\">\n\t\t\t\t\t\t\t<p><a href=\"https:\/\/www.ufsm.br\/app\/uploads\/sites\/371\/2020\/02\/Portaria-020-DESIGNA\u00c7\u00c3O-MEMBROS-\u00d3RG\u00c3O-COLEGIADO-CLN.pdf\">Portaria 020\/CCS &#8211; designa a CLN do CCS, de 29\/01\/2020<\/a><\/p>\t\t\t\t\t\t<\/div>\n\t\t\t\t<\/div>\n\t\t\t\t\t<\/div>\n\t\t<\/div>\n\t\t\t\t<div class=\"elementor-column elementor-col-50 elementor-top-column elementor-element elementor-element-c6c6775\" data-id=\"c6c6775\" data-element_type=\"column\">\n\t\t\t<div class=\"elementor-widget-wrap elementor-element-populated\">\n\t\t\t\t\t\t<div class=\"elementor-element elementor-element-4dc066c elementor-widget elementor-widget-text-editor\" data-id=\"4dc066c\" data-element_type=\"widget\" data-widget_type=\"text-editor.default\">\n\t\t\t\t<div class=\"elementor-widget-container\">\n\t\t\t\t\t\t\t<p>&#8211; Maria Denise Schimith &#8211; Repr. Chefe de Departamento Enfermagem<\/p><p>&#8211; William Schoenau &#8211; Repr. Chefe de Departamento Fisiologia e Farmacologia<\/p><p>&#8211; Luis Augusto Peukert Bassi &#8211; Repr.\u00a0 Curso de Medicina<\/p><p>&#8211; Fernanda Alves Carvalho de Miranda &#8211; Repr. Departamento Fisioterapia<\/p><p>&#8211; Luisa Helena Nascimento Torres &#8211; Repr. Departamento de Estomatologia<\/p><p>&#8211; Francisco Nilton Gomes de Oliveira &#8211; Repr. Departamento Terapia Ocupacional<\/p><p>&#8211; Ana Paula Ramos de Souza &#8211; Repr. Coord. Curso de P\u00f3s-Gradua\u00e7\u00e3o<\/p><p>&#8211; Emily Vivian Valcarenghi \u2013 Representante TAE<\/p>\t\t\t\t\t\t<\/div>\n\t\t\t\t<\/div>\n\t\t\t\t\t<\/div>\n\t\t<\/div>\n\t\t\t\t\t<\/div>\n\t\t<\/section>\n\t\t\t\t<\/div>\n\t\t","protected":false},"excerpt":{"rendered":"<p>Link para Portaria Membros Designados Portaria 040 &#8211; Designa a CLN do CCS, de 24\/02\/2022 Portaria vigente at\u00e9 24\/02\/2023 &#8211; William Schoenau \u2013 Repr. dos Departamentos B\u00e1sicos &#8211; SIAPE 382098 &#8211; Bruno Lopes da Silveira &#8211; Representante Curso de Odontologia &#8211; SIAPE 2324327 &#8211; Teresinha Heck Weiller \u2013 Representante Departamento de Enfermagem \u2013 SIAPE 1684622 [&hellip;]<\/p>\n","protected":false},"author":2697,"featured_media":0,"parent":0,"menu_order":0,"comment_status":"closed","ping_status":"closed","template":"","meta":{"footnotes":""},"categories":[],"tags":[],"class_list":["post-5538","page","type-page","status-publish","hentry"],"acf":[],"_links":{"self":[{"href":"https:\/\/www.ufsm.br\/unidades-universitarias\/ccs\/wp-json\/wp\/v2\/pages\/5538","targetHints":{"allow":["GET"]}}],"collection":[{"href":"https:\/\/www.ufsm.br\/unidades-universitarias\/ccs\/wp-json\/wp\/v2\/pages"}],"about":[{"href":"https:\/\/www.ufsm.br\/unidades-universitarias\/ccs\/wp-json\/wp\/v2\/types\/page"}],"author":[{"embeddable":true,"href":"https:\/\/www.ufsm.br\/unidades-universitarias\/ccs\/wp-json\/wp\/v2\/users\/2697"}],"replies":[{"embeddable":true,"href":"https:\/\/www.ufsm.br\/unidades-universitarias\/ccs\/wp-json\/wp\/v2\/comments?post=5538"}],"version-history":[{"count":0,"href":"https:\/\/www.ufsm.br\/unidades-universitarias\/ccs\/wp-json\/wp\/v2\/pages\/5538\/revisions"}],"wp:attachment":[{"href":"https:\/\/www.ufsm.br\/unidades-universitarias\/ccs\/wp-json\/wp\/v2\/media?parent=5538"}],"wp:term":[{"taxonomy":"category","embeddable":true,"href":"https:\/\/www.ufsm.br\/unidades-universitarias\/ccs\/wp-json\/wp\/v2\/categories?post=5538"},{"taxonomy":"post_tag","embeddable":true,"href":"https:\/\/www.ufsm.br\/unidades-universitarias\/ccs\/wp-json\/wp\/v2\/tags?post=5538"}],"curies":[{"name":"wp","href":"https:\/\/api.w.org\/{rel}","templated":true}]}}