{"id":6004,"date":"2023-03-14T11:47:03","date_gmt":"2023-03-14T14:47:03","guid":{"rendered":"https:\/\/www.ufsm.br\/unidades-universitarias\/ccs\/?page_id=6004"},"modified":"2023-04-13T11:04:58","modified_gmt":"2023-04-13T14:04:58","slug":"conferencias-democraticas-do-ccs","status":"publish","type":"page","link":"https:\/\/www.ufsm.br\/unidades-universitarias\/ccs\/conferencias-democraticas-do-ccs","title":{"rendered":"Confer\u00eancia Democr\u00e1tica"},"content":{"rendered":"\t\t<div data-elementor-type=\"wp-page\" data-elementor-id=\"6004\" class=\"elementor elementor-6004\">\n\t\t\t\t\t\t<section class=\"elementor-section elementor-top-section elementor-element elementor-element-7754d6d9 elementor-section-boxed elementor-section-height-default elementor-section-height-default\" data-id=\"7754d6d9\" data-element_type=\"section\">\n\t\t\t\t\t\t<div class=\"elementor-container elementor-column-gap-default\">\n\t\t\t\t\t<div class=\"elementor-column elementor-col-50 elementor-top-column elementor-element elementor-element-4b366e34\" data-id=\"4b366e34\" data-element_type=\"column\">\n\t\t\t<div class=\"elementor-widget-wrap elementor-element-populated\">\n\t\t\t\t\t\t<div class=\"elementor-element elementor-element-47cbb9fd elementor-widget elementor-widget-text-editor\" data-id=\"47cbb9fd\" data-element_type=\"widget\" data-widget_type=\"text-editor.default\">\n\t\t\t\t<div class=\"elementor-widget-container\">\n\t\t\t\t\t\t\t<p><!-- wp:tadv\/classic-paragraph --><\/p>\n<p>\u00a0<\/p>\n<hr \/>\n<h4><strong><span style=\"color: #008000\">1\u00aa Confer\u00eancia Democr\u00e1tica do CCS<\/span><\/strong><\/h4>\n<div>\n<div style=\"flex-basis: 66.66%\">\n<h4>e <span style=\"color: #339966\"><strong><span style=\"color: #008000\">Pr\u00e9-Confer\u00eancia de Sa\u00fade da UFSM\/HUSM<\/span>\u00a0\u00a0<\/strong><\/span><\/h4>\n<div><span style=\"color: #339966\"><strong>\u00a0<\/strong><\/span><\/div>\n<p align=\"left\"><strong>Programa\u00e7\u00e3o:<\/strong><\/p>\n<p align=\"left\"><span style=\"font-weight: var( --e-global-typography-text-font-weight );text-align: var(--bs-body-text-align)\">Dia 22\/03<\/span><\/p>\n<p align=\"left\">13h30 \u00e0s 14h30, no<span style=\"color: #339966\"><a style=\"color: #339966\" href=\"https:\/\/moovitapp.com\/index\/pt-br\/transporte_p%C3%BAblico-Audit%C3%B3rio_Gulerpe-Santa_Maria-site_19127654-4143\"> Audit\u00f3rio do Gulerpe\/HUSM<\/a><\/span><br \/>Abertura da 1\u00aa Confer\u00eancia Democr\u00e1tica do CCS e da Pr\u00e9-Confer\u00eancia de Sa\u00fade da UFSM\/HUSM\u00a0<\/p>\n<p align=\"left\">14h30 \u00e0s 15h30, no<span style=\"color: #339966\"><a style=\"color: #339966\" href=\"https:\/\/moovitapp.com\/index\/pt-br\/transporte_p%C3%BAblico-Audit%C3%B3rio_Gulerpe-Santa_Maria-site_19127654-4143\"> Audit\u00f3rio do Gulerpe\/HUSM<\/a><\/span> <br \/>Palestra \u2013 \u201cEduca\u00e7\u00e3o na Sa\u00fade e Forma\u00e7\u00e3o Profissional: quando o cuidado encontra o SUS\u201d \u2013 Prof. <span style=\"color: #0000ff\"><a style=\"color: #0000ff\" href=\"https:\/\/www.escavador.com\/sobre\/2842244\/alcindo-antonio-ferla\">Dr. Alcindo Ferla<\/a><\/span><\/p>\n<p style=\"font-weight: 400\">15h30 \u00e0s 15h45 &#8211; Intervalo<\/p>\n<p style=\"font-weight: 400\">16h \u00e0s 18h, nos <span style=\"color: #339966\"><a style=\"color: #339966\" href=\"https:\/\/moovitapp.com\/santa_maria-4143\/poi\/Centro%20De%20Ci%C3%AAncias%20Da%20Sa%C3%BAde\/t\/pt-br?ref=1&amp;customerId=4908&amp;tll=-29.713495_-53.713926\">Espa\u00e7os do CCS<\/a><\/span><br \/>Grupos de trabalho da Pr\u00e9-confer\u00eancia de Sa\u00fade da UFSM\/HUSM\u00a0<\/p>\n<p style=\"font-weight: 400\">A partir das 18h,\u00a0<span style=\"color: #000000;font-size: 16px\">no <span style=\"color: #339966\">Hall<\/span><\/span><span style=\"color: #339966\"><a style=\"color: #339966;font-size: 16px\" href=\"https:\/\/moovitapp.com\/santa_maria-4143\/poi\/Centro%20De%20Ci%C3%AAncias%20Da%20Sa%C3%BAde\/t\/pt-br?ref=1&amp;customerId=4908&amp;tll=-29.713495_-53.713926\">\u00a0do CCS<\/a><\/span><br \/><span style=\"text-align: var(--bs-body-text-align)\">Apresenta\u00e7\u00e3o teatral e Confraterniza\u00e7\u00e3o\u00a0<\/span><\/p>\n<p style=\"font-weight: 400\"><span style=\"color: #0000ff;font-weight: var( --e-global-typography-text-font-weight );text-align: var(--bs-body-text-align)\"><strong>P\u00fablico participante do dia 22: Toda a comunidade da UFSM, do HUSM, usu\u00e1rios do Sistema \u00danico de Sa\u00fade (SUS) e interessados no tema<\/strong>.<\/span><\/p>\n<p><!-- \/wp:tadv\/classic-paragraph --><\/p>\n<\/div>\n<p><!-- \/wp:column --><!-- wp:column --><\/p>\n<div>\u00a0<\/div>\n<div><span style=\"color: #000000;font-size: 16px\">Dia 23\/03<\/span><\/div>\n<div><span style=\"font-size: 12pt;text-indent: 1.27cm;font-weight: var( --e-global-typography-text-font-weight );text-align: var(--bs-body-text-align)\">08h \u00e0s 12h, Audit\u00f3rio do CCS e Espa\u00e7os do CCS\u00a0<\/span><\/div>\n<div><span style=\"font-size: 12pt;text-indent: 1.27cm;font-weight: var( --e-global-typography-text-font-weight );text-align: var(--bs-body-text-align)\">Plen\u00e1ria da 1\u00aa Confer\u00eancia Democr\u00e1tica do CCS\u00a0<\/span><\/div>\n<div>\u00a0<\/div>\n<div><strong><span style=\"font-size: 12pt;text-indent: 1.27cm;text-align: var(--bs-body-text-align);color: #ff0000\">P\u00fablico do dia 23: Atividade \u00e9 exclusiva aos 108 delegados(as) escolhidos(as) nas pr\u00e9-confer\u00eancias do CCS, que foram realizadas no segundo semestre de 2022.<\/span><\/strong><\/div>\n<div>\u00a0<\/div>\n<div><strong><a href=\"https:\/\/spotifyanchor-web.app.link\/e\/ABQlPvSamyb\">Clique aqui no Compartilha CCS<\/a> <\/strong>e o<span style=\"color: #000000;font-size: 1rem;font-weight: var( --e-global-typography-text-font-weight );text-align: var(--bs-body-text-align)\">u\u00e7a a entrevista da diretora do CCS<\/span><b style=\"color: #000000;font-size: 1rem;text-align: var(--bs-body-text-align)\">\u00a0<\/b><span style=\"font-family: CircularSp, CircularSp-Arab, CircularSp-Hebr, CircularSp-Cyrl, CircularSp-Grek, CircularSp-Deva, Helvetica, Arial, sans-serif;font-size: 16px;font-weight: var( --e-global-typography-text-font-weight );text-align: var(--bs-body-text-align);color: #292f36\">Maria Denise Schimith no programa\u00a0<\/span><span style=\"font-size: 16px;font-weight: var( --e-global-typography-text-font-weight );text-align: var(--bs-body-text-align);color: #292f36\">Editoria 107.9 da UniFM em que\u00a0<\/span><span style=\"font-family: CircularSp, CircularSp-Arab, CircularSp-Hebr, CircularSp-Cyrl, CircularSp-Grek, CircularSp-Deva, Helvetica, Arial, sans-serif;font-size: 16px;font-weight: var( --e-global-typography-text-font-weight );text-align: var(--bs-body-text-align);color: #292f36\">\u00e9 entrevistada pelo jornalista Gilson Piber. Ela fala sobre os desafios de ser a primeira diretora do CCS, sobre os eventos da \u00e1rea da sa\u00fade, dias 22 e 23 de mar\u00e7o de 2023, 1\u00aa Confer\u00eancia Democr\u00e1tica do CCS e Pr\u00e9-Confer\u00eancia de Sa\u00fade da UFSM\/HUSM, entre outros assuntos.<\/span><\/div>\n<div>\u00a0<\/div>\n<p><!-- \/wp:column --><!-- wp:column {\"width\":\"33.33%\"} --><\/p>\n<p><!-- \/wp:column --><\/p>\n<\/div>\n<p><!-- \/wp:columns --><!-- wp:tadv\/classic-paragraph --><\/p>\n<hr \/>\n<p><strong>Organiza\u00e7\u00e3o:<\/strong><\/p>\n<p><a href=\"https:\/\/www.ufsm.br\/\">Universidade Federal de Santa Maria<\/a><\/p>\n<p><a href=\"https:\/\/www.ufsm.br\/unidades-universitarias\/ccs\">Centro de Ci\u00eancias da Sa\u00fade<\/a><\/p>\n<p><a href=\"https:\/\/www.gov.br\/ebserh\/pt-br\/hospitais-universitarios\/regiao-sul\/husm-ufsm\">Hospital Universit\u00e1rio de Santa Mari<\/a>a<\/p>\n<h1 style=\"margin-bottom: 10px;font-weight: bold;font-size: 22px;color: #000000;font-family: CircularSp, CircularSp-Arab, CircularSp-Hebr, CircularSp-Cyrl, CircularSp-Grek, CircularSp-Deva, Helvetica, Arial, sans-serif\">\u00a0<\/h1>\n<p>\u00a0<\/p>\n<p><!-- \/wp:tadv\/classic-paragraph --><\/p>\t\t\t\t\t\t<\/div>\n\t\t\t\t<\/div>\n\t\t\t\t\t<\/div>\n\t\t<\/div>\n\t\t\t\t<div class=\"elementor-column elementor-col-50 elementor-top-column elementor-element elementor-element-aacf1b5\" data-id=\"aacf1b5\" data-element_type=\"column\">\n\t\t\t<div class=\"elementor-widget-wrap elementor-element-populated\">\n\t\t\t\t\t\t<div class=\"elementor-element elementor-element-96b3f33 elementor-widget elementor-widget-image\" data-id=\"96b3f33\" data-element_type=\"widget\" data-widget_type=\"image.default\">\n\t\t\t\t<div class=\"elementor-widget-container\">\n\t\t\t\t\t\t\t\t\t\t\t\t\t\t<a href=\"https:\/\/www.ufsm.br\/app\/uploads\/sites\/371\/2023\/03\/PRIORIDADES-GESTAO-2023_2026-1.pdf\">\n\t\t\t\t\t\t\t<img fetchpriority=\"high\" decoding=\"async\" width=\"1024\" height=\"512\" src=\"https:\/\/www.ufsm.br\/app\/uploads\/sites\/371\/2023\/03\/prioridades-1024x512.jpg\" class=\"attachment-large size-large wp-image-6059\" alt=\"\" srcset=\"https:\/\/www.ufsm.br\/app\/uploads\/sites\/371\/2023\/03\/prioridades-1024x512.jpg 1024w, https:\/\/www.ufsm.br\/app\/uploads\/sites\/371\/2023\/03\/prioridades-300x150.jpg 300w, https:\/\/www.ufsm.br\/app\/uploads\/sites\/371\/2023\/03\/prioridades-768x384.jpg 768w, https:\/\/www.ufsm.br\/app\/uploads\/sites\/371\/2023\/03\/prioridades.jpg 1080w\" sizes=\"(max-width: 1024px) 100vw, 1024px\" \/>\t\t\t\t\t\t\t\t<\/a>\n\t\t\t\t\t\t\t\t\t\t\t\t\t<\/div>\n\t\t\t\t<\/div>\n\t\t\t\t<div class=\"elementor-element elementor-element-53ceecf elementor-widget-divider--view-line elementor-widget elementor-widget-divider\" data-id=\"53ceecf\" data-element_type=\"widget\" data-widget_type=\"divider.default\">\n\t\t\t\t<div class=\"elementor-widget-container\">\n\t\t\t\t\t<div class=\"elementor-divider\">\n\t\t\t<span class=\"elementor-divider-separator\">\n\t\t\t\t\t\t<\/span>\n\t\t<\/div>\n\t\t\t\t<\/div>\n\t\t\t\t<\/div>\n\t\t\t\t<div class=\"elementor-element elementor-element-243bec8 elementor-widget elementor-widget-image\" data-id=\"243bec8\" data-element_type=\"widget\" data-widget_type=\"image.default\">\n\t\t\t\t<div class=\"elementor-widget-container\">\n\t\t\t\t\t\t\t\t\t\t\t\t\t\t<a href=\"https:\/\/www.ufsm.br\/unidades-universitarias\/ccs\/pre-conferencias-democraticas-do-ccs\">\n\t\t\t\t\t\t\t<img decoding=\"async\" width=\"1024\" height=\"512\" src=\"https:\/\/www.ufsm.br\/app\/uploads\/sites\/371\/2023\/03\/1-3-1024x512.jpg\" class=\"attachment-large size-large wp-image-6035\" alt=\"\" srcset=\"https:\/\/www.ufsm.br\/app\/uploads\/sites\/371\/2023\/03\/1-3-1024x512.jpg 1024w, https:\/\/www.ufsm.br\/app\/uploads\/sites\/371\/2023\/03\/1-3-300x150.jpg 300w, https:\/\/www.ufsm.br\/app\/uploads\/sites\/371\/2023\/03\/1-3-768x384.jpg 768w, https:\/\/www.ufsm.br\/app\/uploads\/sites\/371\/2023\/03\/1-3.jpg 1080w\" sizes=\"(max-width: 1024px) 100vw, 1024px\" \/>\t\t\t\t\t\t\t\t<\/a>\n\t\t\t\t\t\t\t\t\t\t\t\t\t<\/div>\n\t\t\t\t<\/div>\n\t\t\t\t<div class=\"elementor-element elementor-element-892996b elementor-widget elementor-widget-image\" data-id=\"892996b\" data-element_type=\"widget\" data-widget_type=\"image.default\">\n\t\t\t\t<div class=\"elementor-widget-container\">\n\t\t\t\t\t\t\t\t\t\t\t\t\t\t<a href=\"https:\/\/www.ufsm.br\/unidades-universitarias\/ccs\/2023\/03\/15\/conferencias-de-saude\">\n\t\t\t\t\t\t\t<img decoding=\"async\" width=\"1024\" height=\"512\" src=\"https:\/\/www.ufsm.br\/app\/uploads\/sites\/371\/2023\/03\/2-3-1024x512.jpg\" class=\"attachment-large size-large wp-image-6036\" alt=\"\" srcset=\"https:\/\/www.ufsm.br\/app\/uploads\/sites\/371\/2023\/03\/2-3-1024x512.jpg 1024w, https:\/\/www.ufsm.br\/app\/uploads\/sites\/371\/2023\/03\/2-3-300x150.jpg 300w, https:\/\/www.ufsm.br\/app\/uploads\/sites\/371\/2023\/03\/2-3-768x384.jpg 768w, https:\/\/www.ufsm.br\/app\/uploads\/sites\/371\/2023\/03\/2-3.jpg 1080w\" sizes=\"(max-width: 1024px) 100vw, 1024px\" \/>\t\t\t\t\t\t\t\t<\/a>\n\t\t\t\t\t\t\t\t\t\t\t\t\t<\/div>\n\t\t\t\t<\/div>\n\t\t\t\t\t<\/div>\n\t\t<\/div>\n\t\t\t\t\t<\/div>\n\t\t<\/section>\n\t\t\t\t<\/div>\n\t\t","protected":false},"excerpt":{"rendered":"<p>\u00a0 1\u00aa Confer\u00eancia Democr\u00e1tica do CCS e Pr\u00e9-Confer\u00eancia de Sa\u00fade da UFSM\/HUSM\u00a0\u00a0 \u00a0 Programa\u00e7\u00e3o: Dia 22\/03 13h30 \u00e0s 14h30, no Audit\u00f3rio do Gulerpe\/HUSMAbertura da 1\u00aa Confer\u00eancia Democr\u00e1tica do CCS e da Pr\u00e9-Confer\u00eancia de Sa\u00fade da UFSM\/HUSM\u00a0 14h30 \u00e0s 15h30, no Audit\u00f3rio do Gulerpe\/HUSM Palestra \u2013 \u201cEduca\u00e7\u00e3o na Sa\u00fade e Forma\u00e7\u00e3o Profissional: quando o cuidado encontra [&hellip;]<\/p>\n","protected":false},"author":295,"featured_media":6028,"parent":0,"menu_order":0,"comment_status":"closed","ping_status":"closed","template":"","meta":{"footnotes":""},"categories":[],"tags":[],"class_list":["post-6004","page","type-page","status-publish","has-post-thumbnail","hentry"],"acf":[],"_links":{"self":[{"href":"https:\/\/www.ufsm.br\/unidades-universitarias\/ccs\/wp-json\/wp\/v2\/pages\/6004","targetHints":{"allow":["GET"]}}],"collection":[{"href":"https:\/\/www.ufsm.br\/unidades-universitarias\/ccs\/wp-json\/wp\/v2\/pages"}],"about":[{"href":"https:\/\/www.ufsm.br\/unidades-universitarias\/ccs\/wp-json\/wp\/v2\/types\/page"}],"author":[{"embeddable":true,"href":"https:\/\/www.ufsm.br\/unidades-universitarias\/ccs\/wp-json\/wp\/v2\/users\/295"}],"replies":[{"embeddable":true,"href":"https:\/\/www.ufsm.br\/unidades-universitarias\/ccs\/wp-json\/wp\/v2\/comments?post=6004"}],"version-history":[{"count":0,"href":"https:\/\/www.ufsm.br\/unidades-universitarias\/ccs\/wp-json\/wp\/v2\/pages\/6004\/revisions"}],"wp:featuredmedia":[{"embeddable":true,"href":"https:\/\/www.ufsm.br\/unidades-universitarias\/ccs\/wp-json\/wp\/v2\/media\/6028"}],"wp:attachment":[{"href":"https:\/\/www.ufsm.br\/unidades-universitarias\/ccs\/wp-json\/wp\/v2\/media?parent=6004"}],"wp:term":[{"taxonomy":"category","embeddable":true,"href":"https:\/\/www.ufsm.br\/unidades-universitarias\/ccs\/wp-json\/wp\/v2\/categories?post=6004"},{"taxonomy":"post_tag","embeddable":true,"href":"https:\/\/www.ufsm.br\/unidades-universitarias\/ccs\/wp-json\/wp\/v2\/tags?post=6004"}],"curies":[{"name":"wp","href":"https:\/\/api.w.org\/{rel}","templated":true}]}}