{"id":6072,"date":"2023-03-27T15:08:13","date_gmt":"2023-03-27T18:08:13","guid":{"rendered":"https:\/\/www.ufsm.br\/unidades-universitarias\/ccs\/?page_id=6072"},"modified":"2026-03-06T14:43:56","modified_gmt":"2026-03-06T17:43:56","slug":"nutricao-campus-sede","status":"publish","type":"page","link":"https:\/\/www.ufsm.br\/unidades-universitarias\/ccs\/nutricao-campus-sede","title":{"rendered":"Nutri\u00e7\u00e3o &#8211; Campus Sede"},"content":{"rendered":"\t\t<div data-elementor-type=\"wp-page\" data-elementor-id=\"6072\" class=\"elementor elementor-6072\">\n\t\t\t\t\t\t<section class=\"elementor-section elementor-top-section elementor-element elementor-element-65b5c69d elementor-section-boxed elementor-section-height-default elementor-section-height-default\" data-id=\"65b5c69d\" data-element_type=\"section\">\n\t\t\t\t\t\t<div class=\"elementor-container elementor-column-gap-default\">\n\t\t\t\t\t<div class=\"elementor-column elementor-col-100 elementor-top-column elementor-element elementor-element-6b244cfb\" data-id=\"6b244cfb\" data-element_type=\"column\">\n\t\t\t<div class=\"elementor-widget-wrap elementor-element-populated\">\n\t\t\t\t\t\t<div class=\"elementor-element elementor-element-1d8b994e elementor-widget elementor-widget-text-editor\" data-id=\"1d8b994e\" data-element_type=\"widget\" data-widget_type=\"text-editor.default\">\n\t\t\t\t<div class=\"elementor-widget-container\">\n\t\t\t\t\t\t\t<p><!-- wp:tadv\/classic-paragraph \/--><\/p>\n<p><!-- wp:tadv\/classic-paragraph --><\/p>\n<p><a href=\"https:\/\/www.ufsm.br\/app\/uploads\/sites\/371\/2023\/03\/logo_nut.jpg\"><img decoding=\"async\" src=\"https:\/\/www.ufsm.br\/app\/uploads\/sites\/371\/2023\/03\/logo_nut.jpg\" alt=\"\" width=\"192\" height=\"191\"><\/a><\/p>\n<p>Pr\u00e9dio 26A, Sala 1241<\/p>\n<p>E-mail: nutricaosm@ufsm.br<\/p>\n<p>Telefone: 3220-8356<\/p>\n<p><a href=\"https:\/\/www.ufsm.br\/app\/uploads\/sites\/371\/2023\/03\/PPC-Campus-Sede-28-11-2022.pdf\">Acesse aqui o PPC do Curso de Nutri\u00e7\u00e3o<\/a><\/p>\n<p align=\"center\"><b>Para mais informa\u00e7\u00f5es acesse a p\u00e1gina do curso<\/b><\/p><p align=\"center\"><a href=\"https:\/\/www.ufsm.br\/cursos\/graduacao\/santa-maria\/nutricao\" target=\"_blank\">https:\/\/www.ufsm.br\/cursos\/graduacao\/santa-maria\/nutricao<\/a><\/p>\n<p><!-- \/wp:tadv\/classic-paragraph --><\/p>\t\t\t\t\t\t<\/div>\n\t\t\t\t<\/div>\n\t\t\t\t\t<\/div>\n\t\t<\/div>\n\t\t\t\t\t<\/div>\n\t\t<\/section>\n\t\t\t\t<\/div>\n\t\t","protected":false},"excerpt":{"rendered":"<p>Pr\u00e9dio 26A, Sala 1241 E-mail: nutricaosm@ufsm.br Telefone: 3220-8356 Acesse aqui o PPC do Curso de Nutri\u00e7\u00e3o Para mais informa\u00e7\u00f5es acesse a p\u00e1gina do curso https:\/\/www.ufsm.br\/cursos\/graduacao\/santa-maria\/nutricao<\/p>\n","protected":false},"author":295,"featured_media":0,"parent":0,"menu_order":0,"comment_status":"closed","ping_status":"closed","template":"","meta":{"footnotes":""},"categories":[],"tags":[],"class_list":["post-6072","page","type-page","status-publish","hentry"],"acf":[],"_links":{"self":[{"href":"https:\/\/www.ufsm.br\/unidades-universitarias\/ccs\/wp-json\/wp\/v2\/pages\/6072","targetHints":{"allow":["GET"]}}],"collection":[{"href":"https:\/\/www.ufsm.br\/unidades-universitarias\/ccs\/wp-json\/wp\/v2\/pages"}],"about":[{"href":"https:\/\/www.ufsm.br\/unidades-universitarias\/ccs\/wp-json\/wp\/v2\/types\/page"}],"author":[{"embeddable":true,"href":"https:\/\/www.ufsm.br\/unidades-universitarias\/ccs\/wp-json\/wp\/v2\/users\/295"}],"replies":[{"embeddable":true,"href":"https:\/\/www.ufsm.br\/unidades-universitarias\/ccs\/wp-json\/wp\/v2\/comments?post=6072"}],"version-history":[{"count":0,"href":"https:\/\/www.ufsm.br\/unidades-universitarias\/ccs\/wp-json\/wp\/v2\/pages\/6072\/revisions"}],"wp:attachment":[{"href":"https:\/\/www.ufsm.br\/unidades-universitarias\/ccs\/wp-json\/wp\/v2\/media?parent=6072"}],"wp:term":[{"taxonomy":"category","embeddable":true,"href":"https:\/\/www.ufsm.br\/unidades-universitarias\/ccs\/wp-json\/wp\/v2\/categories?post=6072"},{"taxonomy":"post_tag","embeddable":true,"href":"https:\/\/www.ufsm.br\/unidades-universitarias\/ccs\/wp-json\/wp\/v2\/tags?post=6072"}],"curies":[{"name":"wp","href":"https:\/\/api.w.org\/{rel}","templated":true}]}}