{"id":6303,"date":"2023-07-28T09:19:27","date_gmt":"2023-07-28T12:19:27","guid":{"rendered":"https:\/\/www.ufsm.br\/unidades-universitarias\/ccs\/?page_id=6303"},"modified":"2025-09-25T10:23:33","modified_gmt":"2025-09-25T13:23:33","slug":"apoio-a-jornada-academica-integrada","status":"publish","type":"page","link":"https:\/\/www.ufsm.br\/unidades-universitarias\/ccs\/apoio-a-jornada-academica-integrada","title":{"rendered":"Apoio \u00e0 Jornada Acad\u00eamica Integrada"},"content":{"rendered":"\t\t<div data-elementor-type=\"wp-page\" data-elementor-id=\"6303\" class=\"elementor elementor-6303\">\n\t\t\t\t\t\t<section class=\"elementor-section elementor-top-section elementor-element elementor-element-02678f7 elementor-section-boxed elementor-section-height-default elementor-section-height-default\" data-id=\"02678f7\" data-element_type=\"section\">\n\t\t\t\t\t\t<div class=\"elementor-container elementor-column-gap-default\">\n\t\t\t\t\t<div class=\"elementor-column elementor-col-100 elementor-top-column elementor-element elementor-element-fb140ae\" data-id=\"fb140ae\" data-element_type=\"column\">\n\t\t\t<div class=\"elementor-widget-wrap elementor-element-populated\">\n\t\t\t\t\t\t<div class=\"elementor-element elementor-element-045aaf5 elementor-widget__width-initial elementor-widget elementor-widget-text-editor\" data-id=\"045aaf5\" data-element_type=\"widget\" data-widget_type=\"text-editor.default\">\n\t\t\t\t<div class=\"elementor-widget-container\">\n\t\t\t\t\t\t\t<p>A <strong>Dire\u00e7\u00e3o do Centro de Ci\u00eancias da Sa\u00fade (CCS)<\/strong> torna p\u00fablicas as normativas e orienta\u00e7\u00f5es para solicita\u00e7\u00e3o de apoio na impress\u00e3o de banners referentes aos trabalhos aprovados na 40\u00aa Jornada Acad\u00eamica Integrada (JAI) da UFSM.<\/p><p>A 40\u00aa JAI ocorrer\u00e1 entre os dias <strong>03 e 07 de novembro de 2025<\/strong>, sendo o dia <strong>06 de novembro<\/strong> reservado para as sess\u00f5es de p\u00f4steres dos trabalhos vinculados ao CCS.<\/p><p><a href=\"https:\/\/portal.ufsm.br\/jai\/mainMenu.html\">Clique aqui para conferir o status do trabalho<\/a>.<\/p>\t\t\t\t\t\t<\/div>\n\t\t\t\t<\/div>\n\t\t\t\t\t<\/div>\n\t\t<\/div>\n\t\t\t\t\t<\/div>\n\t\t<\/section>\n\t\t\t\t<section class=\"elementor-section elementor-top-section elementor-element elementor-element-90dfe88 elementor-section-boxed elementor-section-height-default elementor-section-height-default\" data-id=\"90dfe88\" data-element_type=\"section\">\n\t\t\t\t\t\t<div class=\"elementor-container elementor-column-gap-default\">\n\t\t\t\t\t<div class=\"elementor-column elementor-col-100 elementor-top-column elementor-element elementor-element-f49a44d\" data-id=\"f49a44d\" data-element_type=\"column\">\n\t\t\t<div class=\"elementor-widget-wrap elementor-element-populated\">\n\t\t\t\t\t\t<div class=\"elementor-element elementor-element-74afcb6 elementor-widget-divider--view-line elementor-widget elementor-widget-divider\" data-id=\"74afcb6\" data-element_type=\"widget\" data-widget_type=\"divider.default\">\n\t\t\t\t<div class=\"elementor-widget-container\">\n\t\t\t\t\t<div class=\"elementor-divider\">\n\t\t\t<span class=\"elementor-divider-separator\">\n\t\t\t\t\t\t<\/span>\n\t\t<\/div>\n\t\t\t\t<\/div>\n\t\t\t\t<\/div>\n\t\t\t\t\t<\/div>\n\t\t<\/div>\n\t\t\t\t\t<\/div>\n\t\t<\/section>\n\t\t\t\t<section class=\"elementor-section elementor-top-section elementor-element elementor-element-f9418e2 elementor-section-boxed elementor-section-height-default elementor-section-height-default\" data-id=\"f9418e2\" data-element_type=\"section\">\n\t\t\t\t\t\t<div class=\"elementor-container elementor-column-gap-default\">\n\t\t\t\t\t<div class=\"elementor-column elementor-col-100 elementor-top-column elementor-element elementor-element-ae0f876\" data-id=\"ae0f876\" data-element_type=\"column\">\n\t\t\t<div class=\"elementor-widget-wrap elementor-element-populated\">\n\t\t\t\t\t\t<div class=\"elementor-element elementor-element-966ad00 elementor-widget elementor-widget-heading\" data-id=\"966ad00\" data-element_type=\"widget\" data-widget_type=\"heading.default\">\n\t\t\t\t<div class=\"elementor-widget-container\">\n\t\t\t<h2 class=\"elementor-heading-title elementor-size-default\">Normas e orienta\u00e7\u00f5es<\/h2>\t\t<\/div>\n\t\t\t\t<\/div>\n\t\t\t\t\t<\/div>\n\t\t<\/div>\n\t\t\t\t\t<\/div>\n\t\t<\/section>\n\t\t\t\t<section class=\"elementor-section elementor-top-section elementor-element elementor-element-ee78ee7 elementor-section-boxed elementor-section-height-default elementor-section-height-default\" data-id=\"ee78ee7\" data-element_type=\"section\">\n\t\t\t\t\t\t<div class=\"elementor-container elementor-column-gap-default\">\n\t\t\t\t\t<div class=\"elementor-column elementor-col-100 elementor-top-column elementor-element elementor-element-c1a41a1\" data-id=\"c1a41a1\" data-element_type=\"column\">\n\t\t\t<div class=\"elementor-widget-wrap elementor-element-populated\">\n\t\t\t\t\t\t<div class=\"elementor-element elementor-element-c6c9638 elementor-widget elementor-widget-text-editor\" data-id=\"c6c9638\" data-element_type=\"widget\" data-widget_type=\"text-editor.default\">\n\t\t\t\t<div class=\"elementor-widget-container\">\n\t\t\t\t\t\t\t<p>Os solicitantes e as subunidades devem observar atentamente as seguintes diretrizes:<\/p><p>1. <strong>Limite de impress\u00e3o por subunidade<\/strong>, conforme disponibilidade or\u00e7ament\u00e1ria:<\/p><p>a) Cursos de Gradua\u00e7\u00e3o: at\u00e9 <strong>30 banners<\/strong> por curso;<\/p><p>b) Cursos de P\u00f3s-Gradua\u00e7\u00e3o: at\u00e9 <strong>10 banners<\/strong> por curso;<\/p><p>c) Resid\u00eancia Multiprofissional: at\u00e9 <strong>10 banners<\/strong>.<\/p><p>2. Os banners ser\u00e3o impressos em <strong>papel<\/strong>, colorido, no tamanho de <strong>90 cm x 120 cm<\/strong>.<\/p><p>3. Os arquivos devem seguir <strong>obrigatoriamente<\/strong> os modelos de banner disponibilizados pelo CCS, conforme o tipo de trabalho.\u00a0A Subdivis\u00e3o de Comunica\u00e7\u00e3o do CCS disponibilizou os modelos para edi\u00e7\u00e3o no Canva. <img decoding=\"async\" class=\"emoji\" role=\"img\" src=\"https:\/\/s.w.org\/images\/core\/emoji\/15.0.3\/svg\/1f517.svg\" alt=\"\ud83d\udd17\" \/> Acesse abaixo os modelos de Banner CCS JAI 2025 conforme o tipo de trabalho:<\/p><p><a href=\"https:\/\/www.canva.com\/design\/DAGzzWYPaI8\/xFKBZceKNAK9jxztRp5MMA\/view?utm_content=DAGzzWYPaI8&amp;utm_campaign=designshare&amp;utm_medium=link&amp;utm_source=publishsharelink&amp;mode=preview\">Ensino (EN) <\/a><\/p><p><a href=\"https:\/\/www.canva.com\/design\/DAGzzhm7Wwc\/ZDP-XIEvOhphngtMpxFHHg\/view?utm_content=DAGzzhm7Wwc&amp;utm_campaign=designshare&amp;utm_medium=link&amp;utm_source=publishsharelink&amp;mode=preview\">Pesquisa (IC) <\/a><\/p><p><a href=\"https:\/\/www.canva.com\/design\/DAGzzqqNULo\/uGrB6SjaF7vkqJTKRr6XgA\/view?utm_content=DAGzzqqNULo&amp;utm_campaign=designshare&amp;utm_medium=link&amp;utm_source=publishsharelink&amp;mode=preview\">Extens\u00e3o (EX)<\/a><\/p><p><a href=\"https:\/\/www.canva.com\/design\/DAGzzhLgJm4\/e-WoCB0qu8R3ReWkWcqg9w\/view?utm_content=DAGzzhLgJm4&amp;utm_campaign=designshare&amp;utm_medium=link&amp;utm_source=publishsharelink&amp;mode=preview\">P\u00f3s-Gradua\u00e7\u00e3o (PG)<\/a><\/p><p>4. Arquivos que <strong>n\u00e3o seguirem o template oficial<\/strong> ser\u00e3o descartados e <strong>n\u00e3o ser\u00e3o impressos<\/strong>, pois os recursos s\u00e3o exclusivos para esse fim.<\/p><p>5. Outras <strong>logos<\/strong> podem ser inseridas somente na \u00e1rea branca destinada \u00e0s informa\u00e7\u00f5es do trabalho. Se forem inseridas outras logos no cabe\u00e7alho do template o arquivo<strong> n\u00e3o ser\u00e1 impresso<\/strong>.<\/p><p>6. <strong>N\u00e3o \u00e9 permitido alterar<\/strong> a cor da imagem do cabe\u00e7alho nem o formato do template.<\/p><p>7. O arquivo final deve ser <strong>exportado em PDF<\/strong> e enviado \u00e0s <strong>Secretarias Integradas<\/strong> I, II ou P\u00f3s-Gradua\u00e7\u00e3o ou Resid\u00eancia Multiprofissional, conforme o curso, at\u00e9 <strong>03\/10\/2025<\/strong>. Somente arquivos em PDF ser\u00e3o aceitos.<\/p><p>8. A <strong>retirada dos banners<\/strong> ser\u00e1 realizada nas <strong>Secretarias Integradas<\/strong> I e II ou da P\u00f3s-Gradua\u00e7\u00e3o ou da Resid\u00eancia Multiprofissional, conforme o curso, no per\u00edodo indicado no cronograma abaixo.<\/p><p>9. Trabalhos contemplados com o apoio do CCS ficam obrigados a participar do IV F\u00f3rum de Integra\u00e7\u00e3o do CCS.<\/p>\t\t\t\t\t\t<\/div>\n\t\t\t\t<\/div>\n\t\t\t\t\t<\/div>\n\t\t<\/div>\n\t\t\t\t\t<\/div>\n\t\t<\/section>\n\t\t\t\t<section class=\"elementor-section elementor-top-section elementor-element elementor-element-d78e99d elementor-section-boxed elementor-section-height-default elementor-section-height-default\" data-id=\"d78e99d\" data-element_type=\"section\">\n\t\t\t\t\t\t<div class=\"elementor-container elementor-column-gap-default\">\n\t\t\t\t\t<div class=\"elementor-column elementor-col-100 elementor-top-column elementor-element elementor-element-c0d91ab\" data-id=\"c0d91ab\" data-element_type=\"column\">\n\t\t\t<div class=\"elementor-widget-wrap elementor-element-populated\">\n\t\t\t\t\t\t<div class=\"elementor-element elementor-element-5b79291 elementor-widget-divider--view-line elementor-widget elementor-widget-divider\" data-id=\"5b79291\" data-element_type=\"widget\" data-widget_type=\"divider.default\">\n\t\t\t\t<div class=\"elementor-widget-container\">\n\t\t\t\t\t<div class=\"elementor-divider\">\n\t\t\t<span class=\"elementor-divider-separator\">\n\t\t\t\t\t\t<\/span>\n\t\t<\/div>\n\t\t\t\t<\/div>\n\t\t\t\t<\/div>\n\t\t\t\t\t<\/div>\n\t\t<\/div>\n\t\t\t\t\t<\/div>\n\t\t<\/section>\n\t\t\t\t<section class=\"elementor-section elementor-top-section elementor-element elementor-element-466e410 elementor-section-boxed elementor-section-height-default elementor-section-height-default\" data-id=\"466e410\" data-element_type=\"section\">\n\t\t\t\t\t\t<div class=\"elementor-container elementor-column-gap-default\">\n\t\t\t\t\t<div class=\"elementor-column elementor-col-100 elementor-top-column elementor-element elementor-element-4acc133\" data-id=\"4acc133\" data-element_type=\"column\">\n\t\t\t<div class=\"elementor-widget-wrap elementor-element-populated\">\n\t\t\t\t\t\t<div class=\"elementor-element elementor-element-31a66cd elementor-widget elementor-widget-heading\" data-id=\"31a66cd\" data-element_type=\"widget\" data-widget_type=\"heading.default\">\n\t\t\t\t<div class=\"elementor-widget-container\">\n\t\t\t<h2 class=\"elementor-heading-title elementor-size-default\">Cronograma 2025<\/h2>\t\t<\/div>\n\t\t\t\t<\/div>\n\t\t\t\t\t<\/div>\n\t\t<\/div>\n\t\t\t\t\t<\/div>\n\t\t<\/section>\n\t\t\t\t<section class=\"elementor-section elementor-top-section elementor-element elementor-element-1804a23 elementor-section-boxed elementor-section-height-default elementor-section-height-default\" data-id=\"1804a23\" data-element_type=\"section\">\n\t\t\t\t\t\t<div class=\"elementor-container elementor-column-gap-default\">\n\t\t\t\t\t<div class=\"elementor-column elementor-col-50 elementor-top-column elementor-element elementor-element-96f743d\" data-id=\"96f743d\" data-element_type=\"column\">\n\t\t\t<div class=\"elementor-widget-wrap elementor-element-populated\">\n\t\t\t\t\t\t<div class=\"elementor-element elementor-element-52d3ee7 elementor-widget elementor-widget-text-editor\" data-id=\"52d3ee7\" data-element_type=\"widget\" data-widget_type=\"text-editor.default\">\n\t\t\t\t<div class=\"elementor-widget-container\">\n\t\t\t\t\t\t\t<table><tbody><tr><td width=\"566\"><p><strong>Etapa<\/strong><\/p><\/td><td width=\"132\"><p><strong>Data<\/strong><\/p><\/td><\/tr><tr><td width=\"566\"><p>Divulga\u00e7\u00e3o das normativas pelo CCS e SPROJ\/CCS<\/p><\/td><td width=\"132\"><p>24\/09\/2025<\/p><\/td><\/tr><tr><td width=\"566\"><p>Prazo final para envio dos arquivos em PDF pelos alunos \u00e0s Secretarias Integradas<\/p><\/td><td width=\"132\"><p>03\/10\/2025<\/p><\/td><\/tr><tr><td width=\"566\"><p>Prazo final para envio dos arquivos pelas Secretarias Integradas \u00e0 SPROJ\/CCS<\/p><\/td><td width=\"132\"><p>06\/10\/2025<\/p><\/td><\/tr><tr><td width=\"566\"><p>Prazo de recebimento dos arquivos pela Imprensa Universit\u00e1ria da UFSM<\/p><\/td><td width=\"132\"><p>09\/10\/2025<\/p><\/td><\/tr><tr><td width=\"566\"><p>Retirada dos banners pelas Secretarias Integradas na Imprensa Universit\u00e1ria\/UFSM<\/p><\/td><td width=\"132\"><p>20\/10 a 24\/10\/2025<\/p><\/td><\/tr><tr><td width=\"566\"><p>Retirada dos banners pelos alunos nas Secretarias Integradas<\/p><\/td><td width=\"132\"><p>27\/10 a 31\/10\/2025<\/p><\/td><\/tr><tr><td width=\"566\"><p>Realiza\u00e7\u00e3o da 40\u00aa Jornada Acad\u00eamica Integrada<\/p><\/td><td width=\"132\"><p>03\/11 a 07\/11\/2025<\/p><\/td><\/tr><\/tbody><\/table>\t\t\t\t\t\t<\/div>\n\t\t\t\t<\/div>\n\t\t\t\t\t<\/div>\n\t\t<\/div>\n\t\t\t\t<div class=\"elementor-column elementor-col-50 elementor-top-column elementor-element elementor-element-bdb44c1\" data-id=\"bdb44c1\" data-element_type=\"column\">\n\t\t\t<div class=\"elementor-widget-wrap elementor-element-populated\">\n\t\t\t\t\t\t<div class=\"elementor-element elementor-element-5e90555 elementor-widget elementor-widget-image\" data-id=\"5e90555\" data-element_type=\"widget\" data-widget_type=\"image.default\">\n\t\t\t\t<div class=\"elementor-widget-container\">\n\t\t\t\t\t\t\t\t\t\t\t\t\t<img fetchpriority=\"high\" decoding=\"async\" width=\"940\" height=\"788\" src=\"https:\/\/www.ufsm.br\/app\/uploads\/sites\/371\/2025\/09\/Banner-JAI-CCS.jpg\" class=\"attachment-large size-large wp-image-7586\" alt=\"\" srcset=\"https:\/\/www.ufsm.br\/app\/uploads\/sites\/371\/2025\/09\/Banner-JAI-CCS.jpg 940w, https:\/\/www.ufsm.br\/app\/uploads\/sites\/371\/2025\/09\/Banner-JAI-CCS-300x251.jpg 300w, https:\/\/www.ufsm.br\/app\/uploads\/sites\/371\/2025\/09\/Banner-JAI-CCS-768x644.jpg 768w\" sizes=\"(max-width: 940px) 100vw, 940px\" \/>\t\t\t\t\t\t\t\t\t\t\t\t\t<\/div>\n\t\t\t\t<\/div>\n\t\t\t\t\t<\/div>\n\t\t<\/div>\n\t\t\t\t\t<\/div>\n\t\t<\/section>\n\t\t\t\t<section class=\"elementor-section elementor-top-section elementor-element elementor-element-43fa58b elementor-section-boxed elementor-section-height-default elementor-section-height-default\" data-id=\"43fa58b\" data-element_type=\"section\">\n\t\t\t\t\t\t<div class=\"elementor-container elementor-column-gap-default\">\n\t\t\t\t\t<div class=\"elementor-column elementor-col-100 elementor-top-column elementor-element elementor-element-4f40aac\" data-id=\"4f40aac\" data-element_type=\"column\">\n\t\t\t<div class=\"elementor-widget-wrap elementor-element-populated\">\n\t\t\t\t\t\t<div class=\"elementor-element elementor-element-6b1db99 elementor-widget elementor-widget-text-editor\" data-id=\"6b1db99\" data-element_type=\"widget\" data-widget_type=\"text-editor.default\">\n\t\t\t\t<div class=\"elementor-widget-container\">\n\t\t\t\t\t\t\t<p>\u26a0\ufe0f <strong>Importante:<\/strong> Verifique a qualidade da impress\u00e3o do seu banner com anteced\u00eancia. Evite buscar na \u00faltima hora!<\/p>\t\t\t\t\t\t<\/div>\n\t\t\t\t<\/div>\n\t\t\t\t\t<\/div>\n\t\t<\/div>\n\t\t\t\t\t<\/div>\n\t\t<\/section>\n\t\t\t\t<section class=\"elementor-section elementor-top-section elementor-element elementor-element-074a3d0 elementor-section-boxed elementor-section-height-default elementor-section-height-default\" data-id=\"074a3d0\" data-element_type=\"section\">\n\t\t\t\t\t\t<div class=\"elementor-container elementor-column-gap-default\">\n\t\t\t\t\t<div class=\"elementor-column elementor-col-100 elementor-top-column elementor-element elementor-element-43dc9e5\" data-id=\"43dc9e5\" data-element_type=\"column\">\n\t\t\t<div class=\"elementor-widget-wrap elementor-element-populated\">\n\t\t\t\t\t\t<div class=\"elementor-element elementor-element-b0ec388 elementor-widget elementor-widget-text-editor\" data-id=\"b0ec388\" data-element_type=\"widget\" data-widget_type=\"text-editor.default\">\n\t\t\t\t<div class=\"elementor-widget-container\">\n\t\t\t\t\t\t\t<h3><strong>\ud83d\udcde Contatos<\/strong><\/h3>\n<table>\n<tbody>\n<tr>\n<td colspan=\"4\" width=\"698\">\n<h4><em><strong>Em caso de d\u00favidas<\/strong><\/em><\/h4>\n<\/td>\n<\/tr>\n<tr>\n<td width=\"254\">\n<p><strong>Setor<\/strong><\/p>\n<\/td>\n<td width=\"198\">\n<p><strong>E-mail<\/strong><\/p>\n<\/td>\n<td width=\"85\">\n<p><strong>Ramal <\/strong><\/p>\n<\/td>\n<td width=\"161\">\n<p><strong>Sala<\/strong><\/p>\n<\/td>\n<\/tr>\n<tr>\n<td width=\"254\">\n<p>Subdivis\u00e3o de Projetos \u2013 CCS<\/p>\n<\/td>\n<td width=\"198\">\n<p>projetos.ccs@ufsm.br<\/p>\n<\/td>\n<td width=\"85\">\n<p>3220-8571<\/p>\n<\/td>\n<td width=\"161\">\n<p>Sala 1357 \u2013 Pr\u00e9dio 26A<\/p>\n<\/td>\n<\/tr>\n<\/tbody>\n<\/table>\n<table>\n<tbody>\n<tr>\n<td colspan=\"4\" width=\"698\">\n<h4><em><strong>Para envio de solicita\u00e7\u00e3o e para retirada de banners<\/strong><\/em><\/h4>\n<\/td>\n<\/tr>\n<tr>\n<td width=\"254\">\n<p><strong>Secretaria<\/strong><\/p>\n<\/td>\n<td width=\"196\">\n<p><strong>E-mail<\/strong><\/p>\n<\/td>\n<td width=\"87\">\n<p><strong>Ramal<\/strong><\/p>\n<\/td>\n<td width=\"160\">\n<p><strong>Sala<\/strong><\/p>\n<\/td>\n<\/tr>\n<tr>\n<td width=\"254\">\n<p>Secretaria Integrada de Gradua\u00e7\u00e3o 01 \u2013 CCS (cursos de Enfermagem, Farm\u00e1cia e Medicina)<\/p>\n<\/td>\n<td width=\"196\">\n<p>sec.graduacaoccs1@ufsm.br<\/p>\n<\/td>\n<td width=\"87\">\n<p>3220-9626<\/p>\n<\/td>\n<td width=\"160\">\n<p>Sala 1342 &#8211; Pr\u00e9dio 26A<\/p>\n<\/td>\n<\/tr>\n<tr>\n<td width=\"254\">\n<p>Secretaria Integrada de Gradua\u00e7\u00e3o 02 \u2013 CCS (cursos de Fonoaudiologia, Fisioterapia, Terapia Ocupacional, Odontologia e Nutri\u00e7\u00e3o)<\/p>\n<\/td>\n<td width=\"196\">\n<p>sec.graduacaoccs2@ufsm.br<\/p>\n<\/td>\n<td width=\"87\">\n<p>3220-9272<\/p>\n<\/td>\n<td width=\"160\">\n<p>Sala 2125 (T\u00e9rreo) \u2013 Pr\u00e9dio 26F<\/p>\n<\/td>\n<\/tr>\n<tr>\n<td width=\"254\">\n<p>Secretaria Integrada de P\u00f3s-Gradua\u00e7\u00e3o \u2013 CCS<\/p>\n<\/td>\n<td width=\"196\">\n<p>posccs@ufsm.br<\/p>\n<\/td>\n<td width=\"87\">\n<p>3220-8803<\/p>\n<\/td>\n<td width=\"160\">\n<p>Sala 1418 &#8211; Pr\u00e9dio 26A<\/p>\n<\/td>\n<\/tr>\n<tr>\n<td width=\"254\">\n<p>Resid\u00eancia Multiprofissional<\/p>\n<\/td>\n<td width=\"196\">\n<p>residenciamulti@ufsm.br<\/p>\n<\/td>\n<td width=\"87\">\n<p>3220-9678<\/p>\n<\/td>\n<td width=\"160\">\n<p>Sala 1433 &#8211; Pr\u00e9dio 26A<\/p>\n<\/td>\n<\/tr>\n<\/tbody>\n<\/table>\t\t\t\t\t\t<\/div>\n\t\t\t\t<\/div>\n\t\t\t\t\t<\/div>\n\t\t<\/div>\n\t\t\t\t\t<\/div>\n\t\t<\/section>\n\t\t\t\t<\/div>\n\t\t","protected":false},"excerpt":{"rendered":"<p>A Dire\u00e7\u00e3o do Centro de Ci\u00eancias da Sa\u00fade (CCS) torna p\u00fablicas as normativas e orienta\u00e7\u00f5es para solicita\u00e7\u00e3o de apoio na impress\u00e3o de banners referentes aos trabalhos aprovados na 40\u00aa Jornada Acad\u00eamica Integrada (JAI) da UFSM. A 40\u00aa JAI ocorrer\u00e1 entre os dias 03 e 07 de novembro de 2025, sendo o dia 06 de novembro [&hellip;]<\/p>\n","protected":false},"author":295,"featured_media":7108,"parent":0,"menu_order":0,"comment_status":"closed","ping_status":"closed","template":"","meta":{"footnotes":""},"categories":[1],"tags":[],"class_list":["post-6303","page","type-page","status-publish","has-post-thumbnail","hentry","category-noticias"],"acf":[],"_links":{"self":[{"href":"https:\/\/www.ufsm.br\/unidades-universitarias\/ccs\/wp-json\/wp\/v2\/pages\/6303","targetHints":{"allow":["GET"]}}],"collection":[{"href":"https:\/\/www.ufsm.br\/unidades-universitarias\/ccs\/wp-json\/wp\/v2\/pages"}],"about":[{"href":"https:\/\/www.ufsm.br\/unidades-universitarias\/ccs\/wp-json\/wp\/v2\/types\/page"}],"author":[{"embeddable":true,"href":"https:\/\/www.ufsm.br\/unidades-universitarias\/ccs\/wp-json\/wp\/v2\/users\/295"}],"replies":[{"embeddable":true,"href":"https:\/\/www.ufsm.br\/unidades-universitarias\/ccs\/wp-json\/wp\/v2\/comments?post=6303"}],"version-history":[{"count":0,"href":"https:\/\/www.ufsm.br\/unidades-universitarias\/ccs\/wp-json\/wp\/v2\/pages\/6303\/revisions"}],"wp:featuredmedia":[{"embeddable":true,"href":"https:\/\/www.ufsm.br\/unidades-universitarias\/ccs\/wp-json\/wp\/v2\/media\/7108"}],"wp:attachment":[{"href":"https:\/\/www.ufsm.br\/unidades-universitarias\/ccs\/wp-json\/wp\/v2\/media?parent=6303"}],"wp:term":[{"taxonomy":"category","embeddable":true,"href":"https:\/\/www.ufsm.br\/unidades-universitarias\/ccs\/wp-json\/wp\/v2\/categories?post=6303"},{"taxonomy":"post_tag","embeddable":true,"href":"https:\/\/www.ufsm.br\/unidades-universitarias\/ccs\/wp-json\/wp\/v2\/tags?post=6303"}],"curies":[{"name":"wp","href":"https:\/\/api.w.org\/{rel}","templated":true}]}}