{"id":6305,"date":"2023-07-28T11:10:53","date_gmt":"2023-07-28T14:10:53","guid":{"rendered":"https:\/\/www.ufsm.br\/unidades-universitarias\/ccs\/?page_id=6305"},"modified":"2024-08-21T14:45:10","modified_gmt":"2024-08-21T17:45:10","slug":"apoio-no-descubra-ufsm","status":"publish","type":"page","link":"https:\/\/www.ufsm.br\/unidades-universitarias\/ccs\/apoio-no-descubra-ufsm","title":{"rendered":"Apoio no Descubra UFSM"},"content":{"rendered":"\t\t<div data-elementor-type=\"wp-page\" data-elementor-id=\"6305\" class=\"elementor elementor-6305\">\n\t\t\t\t\t\t<section class=\"elementor-section elementor-top-section elementor-element elementor-element-ab1c859 elementor-section-boxed elementor-section-height-default elementor-section-height-default\" data-id=\"ab1c859\" data-element_type=\"section\">\n\t\t\t\t\t\t<div class=\"elementor-container elementor-column-gap-default\">\n\t\t\t\t\t<div class=\"elementor-column elementor-col-100 elementor-top-column elementor-element elementor-element-4c07325\" data-id=\"4c07325\" data-element_type=\"column\">\n\t\t\t<div class=\"elementor-widget-wrap elementor-element-populated\">\n\t\t\t\t\t\t<div class=\"elementor-element elementor-element-903d045 elementor-widget elementor-widget-text-editor\" data-id=\"903d045\" data-element_type=\"widget\" data-widget_type=\"text-editor.default\">\n\t\t\t\t<div class=\"elementor-widget-container\">\n\t\t\t\t\t\t\t<p><span style=\"color: #000000;font-size: 16px;text-align: center\">O Descubra UFSM ser\u00e1 realizado nos dias 26, 27 e 28 de setembro de 2024, na Universidade Federal de Santa Maria, RS.<\/span><\/p>\n<p>Abaixo seguem algumas defini\u00e7\u00f5es sobre a organiza\u00e7\u00e3o do CCS para o evento:<\/p>\t\t\t\t\t\t<\/div>\n\t\t\t\t<\/div>\n\t\t\t\t\t<\/div>\n\t\t<\/div>\n\t\t\t\t\t<\/div>\n\t\t<\/section>\n\t\t\t\t<section class=\"elementor-section elementor-top-section elementor-element elementor-element-5310d29 elementor-section-boxed elementor-section-height-default elementor-section-height-default\" data-id=\"5310d29\" data-element_type=\"section\">\n\t\t\t\t\t\t<div class=\"elementor-container elementor-column-gap-default\">\n\t\t\t\t\t<div class=\"elementor-column elementor-col-100 elementor-top-column elementor-element elementor-element-14df8c7\" data-id=\"14df8c7\" data-element_type=\"column\">\n\t\t\t<div class=\"elementor-widget-wrap elementor-element-populated\">\n\t\t\t\t\t\t<div class=\"elementor-element elementor-element-c74fb9b elementor-widget elementor-widget-toggle\" data-id=\"c74fb9b\" data-element_type=\"widget\" data-widget_type=\"toggle.default\">\n\t\t\t\t<div class=\"elementor-widget-container\">\n\t\t\t\t\t<div class=\"elementor-toggle\">\n\t\t\t\t\t\t\t<div class=\"elementor-toggle-item\">\n\t\t\t\t\t<div id=\"elementor-tab-title-2081\" class=\"elementor-tab-title\" data-tab=\"1\" role=\"button\" aria-controls=\"elementor-tab-content-2081\" aria-expanded=\"false\">\n\t\t\t\t\t\t\t\t\t\t\t\t<span class=\"elementor-toggle-icon elementor-toggle-icon-left\" aria-hidden=\"true\">\n\t\t\t\t\t\t\t\t\t\t\t\t\t\t\t<span class=\"elementor-toggle-icon-closed\"><i class=\"fas fa-caret-right\"><\/i><\/span>\n\t\t\t\t\t\t\t\t<span class=\"elementor-toggle-icon-opened\"><i class=\"elementor-toggle-icon-opened fas fa-caret-up\"><\/i><\/span>\n\t\t\t\t\t\t\t\t\t\t\t\t\t<\/span>\n\t\t\t\t\t\t\t\t\t\t\t\t<a class=\"elementor-toggle-title\" tabindex=\"0\">Bolsas<\/a>\n\t\t\t\t\t<\/div>\n\n\t\t\t\t\t<div id=\"elementor-tab-content-2081\" class=\"elementor-tab-content elementor-clearfix\" data-tab=\"1\" role=\"region\" aria-labelledby=\"elementor-tab-title-2081\"><div style=\"font-size: small;font-family: tahoma, sans-serif;color: #000000\">\n<p>A Dire\u00e7\u00e3o do CCS definiu que ficar\u00e1 a cargo dos cursos a abertura de edital e sele\u00e7\u00e3o de bolsista para o Descubra 2023.<\/p>\n<p>A PROGRAD definiu que as bolsas:<\/p>\n<ul>\n<li style=\"margin-left: 15px\">1 BOLSA POR CURSO (R$500,00), PODENDO SER DIVIDIDO EM AT\u00c9 5 ESTUDANTES<\/li>\n<li style=\"margin-left: 15px\">CURSO ABRE O EDITAL E SELECIONA OS ESTUDANTES<\/li>\n<\/ul>\n<\/div>\n<div style=\"font-size: small;font-family: tahoma, sans-serif;color: #000000\">&gt; Os cursos devem informar a Dire\u00e7\u00e3o do CCS at\u00e9 o dia <b>16 de setembro de 2024\u00a0<\/b>pelo e-mail <b>ccs@ufsm.br<\/b>, informando <b>nome, matr\u00edcula e e-mail dos estudantes<\/b> selecionados.<\/div>\n<p>\u00a0<\/p>\n<p><a href=\"https:\/\/www.ufsm.br\/app\/uploads\/sites\/371\/2024\/08\/MODELO-DE-EDITAL_SELECAO-DE-BOLSISTAS-DESCUBRA-2024.docx\"><i>Modelo edital &#8211; sele\u00e7\u00e3o de bolsistas Descubra 2024<\/i><\/a><\/p><\/div>\n\t\t\t\t<\/div>\n\t\t\t\t\t\t\t<div class=\"elementor-toggle-item\">\n\t\t\t\t\t<div id=\"elementor-tab-title-2082\" class=\"elementor-tab-title\" data-tab=\"2\" role=\"button\" aria-controls=\"elementor-tab-content-2082\" aria-expanded=\"false\">\n\t\t\t\t\t\t\t\t\t\t\t\t<span class=\"elementor-toggle-icon elementor-toggle-icon-left\" aria-hidden=\"true\">\n\t\t\t\t\t\t\t\t\t\t\t\t\t\t\t<span class=\"elementor-toggle-icon-closed\"><i class=\"fas fa-caret-right\"><\/i><\/span>\n\t\t\t\t\t\t\t\t<span class=\"elementor-toggle-icon-opened\"><i class=\"elementor-toggle-icon-opened fas fa-caret-up\"><\/i><\/span>\n\t\t\t\t\t\t\t\t\t\t\t\t\t<\/span>\n\t\t\t\t\t\t\t\t\t\t\t\t<a class=\"elementor-toggle-title\" tabindex=\"0\">Impressos<\/a>\n\t\t\t\t\t<\/div>\n\n\t\t\t\t\t<div id=\"elementor-tab-content-2082\" class=\"elementor-tab-content elementor-clearfix\" data-tab=\"2\" role=\"region\" aria-labelledby=\"elementor-tab-title-2082\"><p>O Centro de Ci\u00eancias da Sa\u00fade ir\u00e1 confeccionar folders gerais com informa\u00e7\u00f5es de todos os cursos da Unidade com QR codes que direcionam para as respectivas p\u00e1ginas dos cursos. A Comunica\u00e7\u00e3o do CCS recomenda que os materiais produzidos n\u00e3o indiquem ano e que privilegiem o uso de QR codes para dissemina\u00e7\u00e3o de conte\u00fados on-line.&nbsp;<\/p>\n<p>&nbsp;<\/p>\n<p><font color=\"#000000\">Cada curso do CCS dever\u00e1 produzir suas artes para o Descubra e ter\u00e1 direito a:<\/font><\/p>\n<p><font color=\"#000000\">&#8211; <b>BANNERS<\/b>: <b>DOIS (2) <\/b>banners em papel;<\/font><\/p>\n<p><font color=\"#000000\">&#8211; <b>FOLDERS<\/b>: <b>DUZENTOS E CINQUENTA (250)<\/b>&nbsp;folders por curso;<\/font><\/p>\n<p><font color=\"#000000\">&#8211; <b>FLYERS<\/b>: <b>CENTO E VINTE E CINCO (125)<\/b>&nbsp;flyers por curso.&nbsp;<\/font><\/p>\n<p><br><\/p>\n<div style=\"font-size: small;font-family: tahoma, sans-serif\"><b style=\"font-family: tahoma, sans-serif;font-size: small\">As artes dever\u00e3o ser enviadas em PDF para o e-mail comunica.ccs@ufsm.br at\u00e9 o dia 28 de agosto de 2024.&nbsp;<\/b><span style=\"font-family: tahoma, sans-serif;font-size: small;font-weight: var( --e-global-typography-text-font-weight )\">Caso o curso n\u00e3o queira usar seu montante ser\u00e3o utilizados para impress\u00e3o adicional dos folders gerais do CCS.<\/span><br><\/div>\n<p><b style=\"font-family: tahoma, sans-serif;font-size: small;color: #000000\">&nbsp;<\/b><\/p>\n<p><b style=\"font-family: tahoma, sans-serif;font-size: small;color: #000000\">Assim ser\u00e3o:<\/b><\/p>\n<p><span style=\"font-weight: var( --e-global-typography-text-font-weight )\">500 folders com informa\u00e7\u00f5es gerais Centro de Ci\u00eancias da Sa\u00fade<br><\/span><span style=\"font-weight: var( --e-global-typography-text-font-weight )\">250&nbsp;<\/span><span style=\"font-size: 16px\">folders<\/span><span style=\"font-weight: var( --e-global-typography-text-font-weight )\">&nbsp;por curso<br><\/span><span style=\"font-weight: var( --e-global-typography-text-font-weight )\">125 flyers por curso<br>2 banners por curso<\/span><\/p>\n<p><b>Totaliza-se para a unidade:<br><\/b><span style=\"font-weight: var( --e-global-typography-text-font-weight )\">2500 f\u00f4lderes<br>1000 flyers<br>16 banners<\/span><\/p>\n<p><\/p>\n<p><br><\/p>\n<p><strong><span style=\"color: #339966\">Veja as artes dos materiais:<\/span><\/strong><\/p>\n<p><a style=\"font-size: 1rem;font-weight: var( --e-global-typography-text-font-weight );text-align: var(--bs-body-text-align)\" href=\"https:\/\/www.ufsm.br\/app\/uploads\/sites\/371\/2023\/09\/Descubra-2023-Folder.pdf\">Modelo de Folder do CCS para o Descubra 202<\/a>4<\/p>\n<p><a href=\"https:\/\/www.ufsm.br\/unidades-universitarias\/ccs\/banners\">Modelos de Banners do CCS para o Descubra 202<\/a>4<\/p><\/div>\n\t\t\t\t<\/div>\n\t\t\t\t\t\t\t<div class=\"elementor-toggle-item\">\n\t\t\t\t\t<div id=\"elementor-tab-title-2083\" class=\"elementor-tab-title\" data-tab=\"3\" role=\"button\" aria-controls=\"elementor-tab-content-2083\" aria-expanded=\"false\">\n\t\t\t\t\t\t\t\t\t\t\t\t<span class=\"elementor-toggle-icon elementor-toggle-icon-left\" aria-hidden=\"true\">\n\t\t\t\t\t\t\t\t\t\t\t\t\t\t\t<span class=\"elementor-toggle-icon-closed\"><i class=\"fas fa-caret-right\"><\/i><\/span>\n\t\t\t\t\t\t\t\t<span class=\"elementor-toggle-icon-opened\"><i class=\"elementor-toggle-icon-opened fas fa-caret-up\"><\/i><\/span>\n\t\t\t\t\t\t\t\t\t\t\t\t\t<\/span>\n\t\t\t\t\t\t\t\t\t\t\t\t<a class=\"elementor-toggle-title\" tabindex=\"0\">Log\u00edstica<\/a>\n\t\t\t\t\t<\/div>\n\n\t\t\t\t\t<div id=\"elementor-tab-content-2083\" class=\"elementor-tab-content elementor-clearfix\" data-tab=\"3\" role=\"region\" aria-labelledby=\"elementor-tab-title-2083\"><div style=\"font-size: small;font-family: tahoma, sans-serif;color: #000000\">\n<p>A Dire\u00e7\u00e3o do CCS definiu que o <b>material que necessitar\u00e1 transporte <\/b>para o Descubra<b> dever\u00e1 estar etiquetado com o nome do curso ou departamento.<\/b><\/p><p><b>O ponto de recolhimento ser\u00e1 no Hall do Pr\u00e9dio 26A.<\/b><\/p>\n<p><b>O cronograma ainda ser\u00e1 definido pela PROGRAD.<\/b><\/p>\n<\/div><\/div>\n\t\t\t\t<\/div>\n\t\t\t\t\t\t\t<div class=\"elementor-toggle-item\">\n\t\t\t\t\t<div id=\"elementor-tab-title-2084\" class=\"elementor-tab-title\" data-tab=\"4\" role=\"button\" aria-controls=\"elementor-tab-content-2084\" aria-expanded=\"false\">\n\t\t\t\t\t\t\t\t\t\t\t\t<span class=\"elementor-toggle-icon elementor-toggle-icon-left\" aria-hidden=\"true\">\n\t\t\t\t\t\t\t\t\t\t\t\t\t\t\t<span class=\"elementor-toggle-icon-closed\"><i class=\"fas fa-caret-right\"><\/i><\/span>\n\t\t\t\t\t\t\t\t<span class=\"elementor-toggle-icon-opened\"><i class=\"elementor-toggle-icon-opened fas fa-caret-up\"><\/i><\/span>\n\t\t\t\t\t\t\t\t\t\t\t\t\t<\/span>\n\t\t\t\t\t\t\t\t\t\t\t\t<a class=\"elementor-toggle-title\" tabindex=\"0\">Estandes<\/a>\n\t\t\t\t\t<\/div>\n\n\t\t\t\t\t<div id=\"elementor-tab-content-2084\" class=\"elementor-tab-content elementor-clearfix\" data-tab=\"4\" role=\"region\" aria-labelledby=\"elementor-tab-title-2084\"><div style=\"font-size: small;font-family: tahoma, sans-serif;color: #000000\">\n<p>A PROGRAD definiu os espa\u00e7os onde ficar\u00e3o os centros de ensino da UFSM. Em cada espa\u00e7o haver\u00e1:<\/p>\n<ul>\n<li style=\"margin-left: 15px\">1 BALC\u00c3O POR CURSO\u00a0<\/li>\n<li style=\"margin-left: 15px\">PONTOS DE ENERGIA NOS STANDS<\/li>\n<\/ul>\n<\/div>\n<div style=\"font-size: small;font-family: tahoma, sans-serif;color: #000000\">\n<div style=\"font-size: small;font-family: tahoma, sans-serif;color: #000000\"><b>Croqui em defini\u00e7\u00e3o pela PROGRAD<\/b><\/div>\n<div>\u00a0<\/div>\n<\/div><\/div>\n\t\t\t\t<\/div>\n\t\t\t\t\t\t\t\t<\/div>\n\t\t\t\t<\/div>\n\t\t\t\t<\/div>\n\t\t\t\t\t<\/div>\n\t\t<\/div>\n\t\t\t\t\t<\/div>\n\t\t<\/section>\n\t\t\t\t<section class=\"elementor-section elementor-top-section elementor-element elementor-element-745f8ad7 elementor-section-boxed elementor-section-height-default elementor-section-height-default\" data-id=\"745f8ad7\" data-element_type=\"section\">\n\t\t\t\t\t\t<div class=\"elementor-container elementor-column-gap-default\">\n\t\t\t\t\t<div class=\"elementor-column elementor-col-100 elementor-top-column elementor-element elementor-element-12e0dbeb\" data-id=\"12e0dbeb\" data-element_type=\"column\">\n\t\t\t<div class=\"elementor-widget-wrap elementor-element-populated\">\n\t\t\t\t\t\t<div class=\"elementor-element elementor-element-6dc9f75d elementor-widget elementor-widget-text-editor\" data-id=\"6dc9f75d\" data-element_type=\"widget\" data-widget_type=\"text-editor.default\">\n\t\t\t\t<div class=\"elementor-widget-container\">\n\t\t\t\t\t\t\t<!-- wp:tadv\/classic-paragraph -->\n<p>\u00a0<\/p>\n<!-- \/wp:tadv\/classic-paragraph --><!-- wp:tadv\/classic-paragraph -->\n<p><blockquote class=\"wp-embedded-content\" data-secret=\"xXeciZid4m\"><a href=\"https:\/\/www.ufsm.br\/pro-reitorias\/prograd\/descubra\/\">P\u00e1gina inicial<\/a><\/blockquote><iframe class=\"wp-embedded-content\" sandbox=\"allow-scripts\" security=\"restricted\" style=\"position: absolute; clip: rect(1px, 1px, 1px, 1px);\" title=\"&#8220;P\u00e1gina inicial&#8221; &#8212; Descubra\" src=\"https:\/\/www.ufsm.br\/pro-reitorias\/prograd\/descubra\/embed#?secret=suiLtYqaxV#?secret=xXeciZid4m\" data-secret=\"xXeciZid4m\" width=\"500\" height=\"282\" frameborder=\"0\" marginwidth=\"0\" marginheight=\"0\" scrolling=\"no\"><\/iframe><\/p>\n<!-- \/wp:tadv\/classic-paragraph -->\t\t\t\t\t\t<\/div>\n\t\t\t\t<\/div>\n\t\t\t\t\t<\/div>\n\t\t<\/div>\n\t\t\t\t\t<\/div>\n\t\t<\/section>\n\t\t\t\t<section class=\"elementor-section elementor-top-section elementor-element elementor-element-0a0107f elementor-section-boxed elementor-section-height-default elementor-section-height-default\" data-id=\"0a0107f\" data-element_type=\"section\">\n\t\t\t\t\t\t<div class=\"elementor-container elementor-column-gap-default\">\n\t\t\t\t\t<div class=\"elementor-column elementor-col-100 elementor-top-column elementor-element elementor-element-ad942f9\" data-id=\"ad942f9\" data-element_type=\"column\">\n\t\t\t<div class=\"elementor-widget-wrap elementor-element-populated\">\n\t\t\t\t\t\t<div class=\"elementor-element elementor-element-cc0aafd elementor-widget elementor-widget-text-editor\" data-id=\"cc0aafd\" data-element_type=\"widget\" data-widget_type=\"text-editor.default\">\n\t\t\t\t<div class=\"elementor-widget-container\">\n\t\t\t\t\t\t\t<p>Mais informa\u00e7\u00f5es:<\/p>\n<p><a href=\"mailto:prograd@ufsm.br\" target=\"_blank\" rel=\"noopener\">prograd@ufsm.br<\/a><\/p>\t\t\t\t\t\t<\/div>\n\t\t\t\t<\/div>\n\t\t\t\t\t<\/div>\n\t\t<\/div>\n\t\t\t\t\t<\/div>\n\t\t<\/section>\n\t\t\t\t<\/div>\n\t\t","protected":false},"excerpt":{"rendered":"<p>O Descubra UFSM ser\u00e1 realizado nos dias 26, 27 e 28 de setembro de 2024, na Universidade Federal de Santa Maria, RS. Abaixo seguem algumas defini\u00e7\u00f5es sobre a organiza\u00e7\u00e3o do CCS para o evento: Bolsas A Dire\u00e7\u00e3o do CCS definiu que ficar\u00e1 a cargo dos cursos a abertura de edital e sele\u00e7\u00e3o de bolsista para [&hellip;]<\/p>\n","protected":false},"author":295,"featured_media":0,"parent":0,"menu_order":0,"comment_status":"closed","ping_status":"closed","template":"","meta":{"footnotes":""},"categories":[],"tags":[],"class_list":["post-6305","page","type-page","status-publish","hentry"],"acf":[],"_links":{"self":[{"href":"https:\/\/www.ufsm.br\/unidades-universitarias\/ccs\/wp-json\/wp\/v2\/pages\/6305","targetHints":{"allow":["GET"]}}],"collection":[{"href":"https:\/\/www.ufsm.br\/unidades-universitarias\/ccs\/wp-json\/wp\/v2\/pages"}],"about":[{"href":"https:\/\/www.ufsm.br\/unidades-universitarias\/ccs\/wp-json\/wp\/v2\/types\/page"}],"author":[{"embeddable":true,"href":"https:\/\/www.ufsm.br\/unidades-universitarias\/ccs\/wp-json\/wp\/v2\/users\/295"}],"replies":[{"embeddable":true,"href":"https:\/\/www.ufsm.br\/unidades-universitarias\/ccs\/wp-json\/wp\/v2\/comments?post=6305"}],"version-history":[{"count":0,"href":"https:\/\/www.ufsm.br\/unidades-universitarias\/ccs\/wp-json\/wp\/v2\/pages\/6305\/revisions"}],"wp:attachment":[{"href":"https:\/\/www.ufsm.br\/unidades-universitarias\/ccs\/wp-json\/wp\/v2\/media?parent=6305"}],"wp:term":[{"taxonomy":"category","embeddable":true,"href":"https:\/\/www.ufsm.br\/unidades-universitarias\/ccs\/wp-json\/wp\/v2\/categories?post=6305"},{"taxonomy":"post_tag","embeddable":true,"href":"https:\/\/www.ufsm.br\/unidades-universitarias\/ccs\/wp-json\/wp\/v2\/tags?post=6305"}],"curies":[{"name":"wp","href":"https:\/\/api.w.org\/{rel}","templated":true}]}}