{"id":636,"date":"2018-06-28T15:08:20","date_gmt":"2018-06-28T18:08:20","guid":{"rendered":"https:\/\/www.ufsm.br\/unidades-universitarias\/ccs\/?page_id=636"},"modified":"2022-05-10T11:17:53","modified_gmt":"2022-05-10T14:17:53","slug":"pos-graduacao","status":"publish","type":"page","link":"https:\/\/www.ufsm.br\/unidades-universitarias\/ccs\/pos-graduacao","title":{"rendered":"P\u00f3s-Gradua\u00e7\u00e3o"},"content":{"rendered":"\t\t<div data-elementor-type=\"wp-post\" data-elementor-id=\"636\" class=\"elementor elementor-636\">\n\t\t\t\t\t\t<section class=\"elementor-section elementor-top-section elementor-element elementor-element-645dce6 elementor-section-boxed elementor-section-height-default elementor-section-height-default\" data-id=\"645dce6\" data-element_type=\"section\">\n\t\t\t\t\t\t<div class=\"elementor-container elementor-column-gap-default\">\n\t\t\t\t\t<div class=\"elementor-column elementor-col-100 elementor-top-column elementor-element elementor-element-3d8ce42\" data-id=\"3d8ce42\" data-element_type=\"column\">\n\t\t\t<div class=\"elementor-widget-wrap elementor-element-populated\">\n\t\t\t\t\t\t<div class=\"elementor-element elementor-element-1ca24a3 Especializa\u00e7\u00e3o F\u00edsico-Motora elementor-widget elementor-widget-wp-widget-ufsm_cursos_widget\" data-id=\"1ca24a3\" data-element_type=\"widget\" data-widget_type=\"wp-widget-ufsm_cursos_widget.default\">\n\t\t\t\t<div class=\"elementor-widget-container\">\n\t\t\t\t\t<!-- Areas de Conhecimento -->\n\t\t<div class=\"areas_de_conhecimento\">\n\t\t\t\t\t\t\t<fieldset class=\"filtros\">\n\t\t\t\t\t<legend>\u00c1reas do Conhecimento<\/legend>\n\t\t\t\t\t<div class=\"lista_filtros\">\n\t\t\t\t\t\t<div class=\"row mb-3 mt-2\" id=\"lista_areas\">\n\t\t\t\t\t\t\t\t\t\t\t\t\t\t\t<div class=\"col-md-6 col-lg-4\">\n\t\t\t\t\t\t\t\t\t<button type=\"button\" onclick=\"ufsm.widgets.cursos.area(event, {idArea: 235});\" class=\"btn btn-sm btn_area\">\n\t\t\t\t\t\t\t\t\t\tCI\u00caNCIAS AGR\u00c1RIAS\t\t\t\t\t\t\t\t\t<\/button>\n\t\t\t\t\t\t\t\t<\/div>\n\t\t\t\t\t\t\t\t\t\t\t\t\t\t\t<div class=\"col-md-6 col-lg-4\">\n\t\t\t\t\t\t\t\t\t<button type=\"button\" onclick=\"ufsm.widgets.cursos.area(event, {idArea: 52});\" class=\"btn btn-sm btn_area\">\n\t\t\t\t\t\t\t\t\t\tCI\u00caNCIAS BIOL\u00d3GICAS\t\t\t\t\t\t\t\t\t<\/button>\n\t\t\t\t\t\t\t\t<\/div>\n\t\t\t\t\t\t\t\t\t\t\t\t\t\t\t<div class=\"col-md-6 col-lg-4\">\n\t\t\t\t\t\t\t\t\t<button type=\"button\" onclick=\"ufsm.widgets.cursos.area(event, {idArea: 191});\" class=\"btn btn-sm btn_area\">\n\t\t\t\t\t\t\t\t\t\tCI\u00caNCIAS DA SA\u00daDE\t\t\t\t\t\t\t\t\t<\/button>\n\t\t\t\t\t\t\t\t<\/div>\n\t\t\t\t\t\t\t\t\t\t\t\t\t\t\t<div class=\"col-md-6 col-lg-4\">\n\t\t\t\t\t\t\t\t\t<button type=\"button\" onclick=\"ufsm.widgets.cursos.area(event, {idArea: 2});\" class=\"btn btn-sm btn_area\">\n\t\t\t\t\t\t\t\t\t\tCI\u00caNCIAS EXATAS E DA TERRA\t\t\t\t\t\t\t\t\t<\/button>\n\t\t\t\t\t\t\t\t<\/div>\n\t\t\t\t\t\t\t\t\t\t\t\t\t\t\t<div class=\"col-md-6 col-lg-4\">\n\t\t\t\t\t\t\t\t\t<button type=\"button\" onclick=\"ufsm.widgets.cursos.area(event, {idArea: 334});\" class=\"btn btn-sm btn_area\">\n\t\t\t\t\t\t\t\t\t\tCI\u00caNCIAS HUMANAS\t\t\t\t\t\t\t\t\t<\/button>\n\t\t\t\t\t\t\t\t<\/div>\n\t\t\t\t\t\t\t\t\t\t\t\t\t\t\t<div class=\"col-md-6 col-lg-4\">\n\t\t\t\t\t\t\t\t\t<button type=\"button\" onclick=\"ufsm.widgets.cursos.area(event, {idArea: 277});\" class=\"btn btn-sm btn_area\">\n\t\t\t\t\t\t\t\t\t\tCI\u00caNCIAS SOCIAIS APLICADAS\t\t\t\t\t\t\t\t\t<\/button>\n\t\t\t\t\t\t\t\t<\/div>\n\t\t\t\t\t\t\t\t\t\t\t\t\t\t\t<div class=\"col-md-6 col-lg-4\">\n\t\t\t\t\t\t\t\t\t<button type=\"button\" onclick=\"ufsm.widgets.cursos.area(event, {idArea: 122});\" class=\"btn btn-sm btn_area\">\n\t\t\t\t\t\t\t\t\t\tENGENHARIAS\t\t\t\t\t\t\t\t\t<\/button>\n\t\t\t\t\t\t\t\t<\/div>\n\t\t\t\t\t\t\t\t\t\t\t\t\t\t\t<div class=\"col-md-6 col-lg-4\">\n\t\t\t\t\t\t\t\t\t<button type=\"button\" onclick=\"ufsm.widgets.cursos.area(event, {idArea: 400});\" class=\"btn btn-sm btn_area\">\n\t\t\t\t\t\t\t\t\t\tLINGU\u00cdSTICA, LETRAS E ARTES\t\t\t\t\t\t\t\t\t<\/button>\n\t\t\t\t\t\t\t\t<\/div>\n\t\t\t\t\t\t\t\t\t\t\t\t\t\t\t<div class=\"col-md-6 col-lg-4\">\n\t\t\t\t\t\t\t\t\t<button type=\"button\" onclick=\"ufsm.widgets.cursos.area(event, {idArea: 430});\" class=\"btn btn-sm btn_area\">\n\t\t\t\t\t\t\t\t\t\tOUTROS\t\t\t\t\t\t\t\t\t<\/button>\n\t\t\t\t\t\t\t\t<\/div>\n\t\t\t\t\t\t\t\t\t\t\t\t\t<\/div>\n\t\t\t\t\t<\/div>\n\t\t\t\t<\/fieldset>\n\t\t\t\t\t\t<!-- Listagem de Cursos -->\n\t\t\t<ul class=\"row\" id=\"lista_cursos\">\n\t\t\t\t\t\t\t\t\t<li class=\"col-lg-6 area_52\">\n\t\t\t\t\t\t<a class='d-block text-wrap' href=\/cursos\/pos-graduacao\/santa-maria\/pgfarmacologia\/informacoes-do-curriculo?language= title='P\u00f3s-Gradua\u00e7\u00e3o em Ci\u00eancias Biol\u00f3gicas: Farmacologia - Santa Maria'>P\u00f3s-Gradua\u00e7\u00e3o em Ci\u00eancias Biol\u00f3gicas: Farmacologia - Santa Maria<\/a>\t\t\t\t\t<\/li>\n\t\t\t\t\t\t\t\t\t<li class=\"col-lg-6 area_191\">\n\t\t\t\t\t\t<a class='d-block text-wrap' href=\/cursos\/pos-graduacao\/santa-maria\/ppgcf\/informacoes-do-curriculo?language= title='P\u00f3s-Gradua\u00e7\u00e3o em Ci\u00eancias Farmac\u00eauticas - Santa Maria'>P\u00f3s-Gradua\u00e7\u00e3o em Ci\u00eancias Farmac\u00eauticas - Santa Maria<\/a>\t\t\t\t\t<\/li>\n\t\t\t\t\t\t\t\t\t<li class=\"col-lg-6 area_191\">\n\t\t\t\t\t\t<a class='d-block text-wrap' href=\/cursos\/pos-graduacao\/santa-maria\/ppgco\/informacoes-do-curriculo?language= title='P\u00f3s-Gradua\u00e7\u00e3o em Ci\u00eancias Odontol\u00f3gicas - Santa Maria'>P\u00f3s-Gradua\u00e7\u00e3o em Ci\u00eancias Odontol\u00f3gicas - Santa Maria<\/a>\t\t\t\t\t<\/li>\n\t\t\t\t\t\t\t\t\t<li class=\"col-lg-6 area_191\">\n\t\t\t\t\t\t<a class='d-block text-wrap' href=\/cursos\/pos-graduacao\/santa-maria\/mpcs\/informacoes-do-curriculo?language= title='P\u00f3s-Gradua\u00e7\u00e3o em Ci\u00eancias da Sa\u00fade - Santa Maria'>P\u00f3s-Gradua\u00e7\u00e3o em Ci\u00eancias da Sa\u00fade - Santa Maria<\/a>\t\t\t\t\t<\/li>\n\t\t\t\t\t\t\t\t\t<li class=\"col-lg-6 area_191\">\n\t\t\t\t\t\t<a class='d-block text-wrap' href=\/cursos\/pos-graduacao\/santa-maria\/ppgdch\/informacoes-do-curriculo?language= title='P\u00f3s-Gradua\u00e7\u00e3o em Dist\u00farbios da Comunica\u00e7\u00e3o Humana - Santa Maria'>P\u00f3s-Gradua\u00e7\u00e3o em Dist\u00farbios da Comunica\u00e7\u00e3o Humana - Santa Maria<\/a>\t\t\t\t\t<\/li>\n\t\t\t\t\t\t\t\t\t<li class=\"col-lg-6 area_191\">\n\t\t\t\t\t\t<a class='d-block text-wrap' href=\/cursos\/pos-graduacao\/santa-maria\/ppgenf\/informacoes-do-curriculo?language= title='P\u00f3s-Gradua\u00e7\u00e3o em Enfermagem - Santa Maria'>P\u00f3s-Gradua\u00e7\u00e3o em Enfermagem - Santa Maria<\/a>\t\t\t\t\t<\/li>\n\t\t\t\t\t\t\t\t\t<li class=\"col-lg-6 area_191\">\n\t\t\t\t\t\t<a class='d-block text-wrap' href=\/cursos\/pos-graduacao\/santa-maria\/ppgsc\/informacoes-do-curriculo?language= title='P\u00f3s-Gradua\u00e7\u00e3o em Sa\u00fade Coletiva - Santa Maria'>P\u00f3s-Gradua\u00e7\u00e3o em Sa\u00fade Coletiva - Santa Maria<\/a>\t\t\t\t\t<\/li>\n\t\t\t\t\t\t\t<\/ul>\n\t\t\t<!-- !Listagem de Cursos -->\n\t\t<\/div>\n\t\t\t\t<\/div>\n\t\t\t\t<\/div>\n\t\t\t\t\t<\/div>\n\t\t<\/div>\n\t\t\t\t\t<\/div>\n\t\t<\/section>\n\t\t\t\t<\/div>\n\t\t","protected":false},"excerpt":{"rendered":"","protected":false},"author":124,"featured_media":0,"parent":0,"menu_order":0,"comment_status":"closed","ping_status":"closed","template":"","meta":{"footnotes":""},"categories":[],"tags":[],"class_list":["post-636","page","type-page","status-publish","hentry"],"acf":[],"_links":{"self":[{"href":"https:\/\/www.ufsm.br\/unidades-universitarias\/ccs\/wp-json\/wp\/v2\/pages\/636","targetHints":{"allow":["GET"]}}],"collection":[{"href":"https:\/\/www.ufsm.br\/unidades-universitarias\/ccs\/wp-json\/wp\/v2\/pages"}],"about":[{"href":"https:\/\/www.ufsm.br\/unidades-universitarias\/ccs\/wp-json\/wp\/v2\/types\/page"}],"author":[{"embeddable":true,"href":"https:\/\/www.ufsm.br\/unidades-universitarias\/ccs\/wp-json\/wp\/v2\/users\/124"}],"replies":[{"embeddable":true,"href":"https:\/\/www.ufsm.br\/unidades-universitarias\/ccs\/wp-json\/wp\/v2\/comments?post=636"}],"version-history":[{"count":0,"href":"https:\/\/www.ufsm.br\/unidades-universitarias\/ccs\/wp-json\/wp\/v2\/pages\/636\/revisions"}],"wp:attachment":[{"href":"https:\/\/www.ufsm.br\/unidades-universitarias\/ccs\/wp-json\/wp\/v2\/media?parent=636"}],"wp:term":[{"taxonomy":"category","embeddable":true,"href":"https:\/\/www.ufsm.br\/unidades-universitarias\/ccs\/wp-json\/wp\/v2\/categories?post=636"},{"taxonomy":"post_tag","embeddable":true,"href":"https:\/\/www.ufsm.br\/unidades-universitarias\/ccs\/wp-json\/wp\/v2\/tags?post=636"}],"curies":[{"name":"wp","href":"https:\/\/api.w.org\/{rel}","templated":true}]}}