{"id":6845,"date":"2024-04-04T16:59:17","date_gmt":"2024-04-04T19:59:17","guid":{"rendered":"https:\/\/www.ufsm.br\/unidades-universitarias\/ccs\/?page_id=6845"},"modified":"2024-04-04T17:12:53","modified_gmt":"2024-04-04T20:12:53","slug":"plano-e-relatorio-de-comunicacao-2023-2024","status":"publish","type":"page","link":"https:\/\/www.ufsm.br\/unidades-universitarias\/ccs\/plano-e-relatorio-de-comunicacao-2023-2024","title":{"rendered":"Plano e Relat\u00f3rio de Comunica\u00e7\u00e3o 2023-2024"},"content":{"rendered":"\t\t<div data-elementor-type=\"wp-page\" data-elementor-id=\"6845\" class=\"elementor elementor-6845\">\n\t\t\t\t\t\t<section class=\"elementor-section elementor-top-section elementor-element elementor-element-5a429736 elementor-section-boxed elementor-section-height-default elementor-section-height-default\" data-id=\"5a429736\" data-element_type=\"section\">\n\t\t\t\t\t\t<div class=\"elementor-container elementor-column-gap-default\">\n\t\t\t\t\t<div class=\"elementor-column elementor-col-100 elementor-top-column elementor-element elementor-element-4088181d\" data-id=\"4088181d\" data-element_type=\"column\">\n\t\t\t<div class=\"elementor-widget-wrap elementor-element-populated\">\n\t\t\t\t\t\t<div class=\"elementor-element elementor-element-68f4a590 elementor-widget elementor-widget-text-editor\" data-id=\"68f4a590\" data-element_type=\"widget\" data-widget_type=\"text-editor.default\">\n\t\t\t\t<div class=\"elementor-widget-container\">\n\t\t\t\t\t\t\t<!-- wp:tadv\/classic-paragraph \/-->\t\t\t\t\t\t<\/div>\n\t\t\t\t<\/div>\n\t\t\t\t\t<\/div>\n\t\t<\/div>\n\t\t\t\t\t<\/div>\n\t\t<\/section>\n\t\t\t\t<section class=\"elementor-section elementor-top-section elementor-element elementor-element-70a0ef3 elementor-section-boxed elementor-section-height-default elementor-section-height-default\" data-id=\"70a0ef3\" data-element_type=\"section\">\n\t\t\t\t\t\t<div class=\"elementor-container elementor-column-gap-default\">\n\t\t\t\t\t<div class=\"elementor-column elementor-col-50 elementor-top-column elementor-element elementor-element-274ac3c\" data-id=\"274ac3c\" data-element_type=\"column\">\n\t\t\t<div class=\"elementor-widget-wrap elementor-element-populated\">\n\t\t\t\t\t\t<div class=\"elementor-element elementor-element-d020fc2 elementor-widget elementor-widget-image\" data-id=\"d020fc2\" data-element_type=\"widget\" data-widget_type=\"image.default\">\n\t\t\t\t<div class=\"elementor-widget-container\">\n\t\t\t\t\t\t\t\t\t\t<figure class=\"wp-caption\">\n\t\t\t\t\t\t\t\t\t\t\t<a href=\"https:\/\/www.ufsm.br\/app\/uploads\/sites\/371\/2023\/08\/Final-2023-24-Plano-de-Comunicacao-e-Divulgacao-do-NDICCS-1.pdf\">\n\t\t\t\t\t\t\t<img fetchpriority=\"high\" decoding=\"async\" width=\"1024\" height=\"1024\" src=\"https:\/\/www.ufsm.br\/app\/uploads\/sites\/371\/2024\/04\/7-3-1024x1024.jpg\" class=\"attachment-large size-large wp-image-6847\" alt=\"\" srcset=\"https:\/\/www.ufsm.br\/app\/uploads\/sites\/371\/2024\/04\/7-3-1024x1024.jpg 1024w, https:\/\/www.ufsm.br\/app\/uploads\/sites\/371\/2024\/04\/7-3-300x300.jpg 300w, https:\/\/www.ufsm.br\/app\/uploads\/sites\/371\/2024\/04\/7-3-150x150.jpg 150w, https:\/\/www.ufsm.br\/app\/uploads\/sites\/371\/2024\/04\/7-3-768x768.jpg 768w, https:\/\/www.ufsm.br\/app\/uploads\/sites\/371\/2024\/04\/7-3.jpg 1080w\" sizes=\"(max-width: 1024px) 100vw, 1024px\" \/>\t\t\t\t\t\t\t\t<\/a>\n\t\t\t\t\t\t\t\t\t\t\t<figcaption class=\"widget-image-caption wp-caption-text\">Plano de Comunica\u00e7\u00e3o 2023-2024<\/figcaption>\n\t\t\t\t\t\t\t\t\t\t<\/figure>\n\t\t\t\t\t\t\t<\/div>\n\t\t\t\t<\/div>\n\t\t\t\t\t<\/div>\n\t\t<\/div>\n\t\t\t\t<div class=\"elementor-column elementor-col-50 elementor-top-column elementor-element elementor-element-8f83c52\" data-id=\"8f83c52\" data-element_type=\"column\">\n\t\t\t<div class=\"elementor-widget-wrap elementor-element-populated\">\n\t\t\t\t\t\t<div class=\"elementor-element elementor-element-33cccd3 elementor-widget elementor-widget-image\" data-id=\"33cccd3\" data-element_type=\"widget\" data-widget_type=\"image.default\">\n\t\t\t\t<div class=\"elementor-widget-container\">\n\t\t\t\t\t\t\t\t\t\t<figure class=\"wp-caption\">\n\t\t\t\t\t\t\t\t\t\t\t<a href=\"https:\/\/www.ufsm.br\/app\/uploads\/sites\/371\/2024\/04\/8.jpg\" data-elementor-open-lightbox=\"yes\" data-elementor-lightbox-title=\"8\" data-e-action-hash=\"#elementor-action%3Aaction%3Dlightbox%26settings%3DeyJpZCI6IjY4NDgiLCJ1cmwiOiJodHRwczpcL1wvd3d3LnVmc20uYnJcL2FwcFwvdXBsb2Fkc1wvc2l0ZXNcLzM3MVwvMjAyNFwvMDRcLzguanBnIn0%3D\">\n\t\t\t\t\t\t\t<img decoding=\"async\" width=\"1024\" height=\"1024\" src=\"https:\/\/www.ufsm.br\/app\/uploads\/sites\/371\/2024\/04\/8-1024x1024.jpg\" class=\"attachment-large size-large wp-image-6848\" alt=\"\" srcset=\"https:\/\/www.ufsm.br\/app\/uploads\/sites\/371\/2024\/04\/8-1024x1024.jpg 1024w, https:\/\/www.ufsm.br\/app\/uploads\/sites\/371\/2024\/04\/8-300x300.jpg 300w, https:\/\/www.ufsm.br\/app\/uploads\/sites\/371\/2024\/04\/8-150x150.jpg 150w, https:\/\/www.ufsm.br\/app\/uploads\/sites\/371\/2024\/04\/8-768x768.jpg 768w, https:\/\/www.ufsm.br\/app\/uploads\/sites\/371\/2024\/04\/8.jpg 1080w\" sizes=\"(max-width: 1024px) 100vw, 1024px\" \/>\t\t\t\t\t\t\t\t<\/a>\n\t\t\t\t\t\t\t\t\t\t\t<figcaption class=\"widget-image-caption wp-caption-text\">Relat\u00f3rio de Comunica\u00e7\u00e3o 2023-2024<\/figcaption>\n\t\t\t\t\t\t\t\t\t\t<\/figure>\n\t\t\t\t\t\t\t<\/div>\n\t\t\t\t<\/div>\n\t\t\t\t\t<\/div>\n\t\t<\/div>\n\t\t\t\t\t<\/div>\n\t\t<\/section>\n\t\t\t\t<\/div>\n\t\t","protected":false},"excerpt":{"rendered":"<p>Plano de Comunica\u00e7\u00e3o 2023-2024 Relat\u00f3rio de Comunica\u00e7\u00e3o 2023-2024<\/p>\n","protected":false},"author":295,"featured_media":0,"parent":0,"menu_order":0,"comment_status":"closed","ping_status":"closed","template":"","meta":{"footnotes":""},"categories":[],"tags":[],"class_list":["post-6845","page","type-page","status-publish","hentry"],"acf":[],"_links":{"self":[{"href":"https:\/\/www.ufsm.br\/unidades-universitarias\/ccs\/wp-json\/wp\/v2\/pages\/6845","targetHints":{"allow":["GET"]}}],"collection":[{"href":"https:\/\/www.ufsm.br\/unidades-universitarias\/ccs\/wp-json\/wp\/v2\/pages"}],"about":[{"href":"https:\/\/www.ufsm.br\/unidades-universitarias\/ccs\/wp-json\/wp\/v2\/types\/page"}],"author":[{"embeddable":true,"href":"https:\/\/www.ufsm.br\/unidades-universitarias\/ccs\/wp-json\/wp\/v2\/users\/295"}],"replies":[{"embeddable":true,"href":"https:\/\/www.ufsm.br\/unidades-universitarias\/ccs\/wp-json\/wp\/v2\/comments?post=6845"}],"version-history":[{"count":0,"href":"https:\/\/www.ufsm.br\/unidades-universitarias\/ccs\/wp-json\/wp\/v2\/pages\/6845\/revisions"}],"wp:attachment":[{"href":"https:\/\/www.ufsm.br\/unidades-universitarias\/ccs\/wp-json\/wp\/v2\/media?parent=6845"}],"wp:term":[{"taxonomy":"category","embeddable":true,"href":"https:\/\/www.ufsm.br\/unidades-universitarias\/ccs\/wp-json\/wp\/v2\/categories?post=6845"},{"taxonomy":"post_tag","embeddable":true,"href":"https:\/\/www.ufsm.br\/unidades-universitarias\/ccs\/wp-json\/wp\/v2\/tags?post=6845"}],"curies":[{"name":"wp","href":"https:\/\/api.w.org\/{rel}","templated":true}]}}