{"id":6977,"date":"2024-08-07T09:42:41","date_gmt":"2024-08-07T12:42:41","guid":{"rendered":"https:\/\/www.ufsm.br\/unidades-universitarias\/ccs\/?page_id=6977"},"modified":"2024-12-17T08:57:00","modified_gmt":"2024-12-17T11:57:00","slug":"portarias-normativas-2024","status":"publish","type":"page","link":"https:\/\/www.ufsm.br\/unidades-universitarias\/ccs\/portarias-normativas-2024","title":{"rendered":"Portarias Normativas"},"content":{"rendered":"\t\t<div data-elementor-type=\"wp-page\" data-elementor-id=\"6977\" class=\"elementor elementor-6977\">\n\t\t\t\t\t\t<section class=\"elementor-section elementor-top-section elementor-element elementor-element-3dc9e80 elementor-section-boxed elementor-section-height-default elementor-section-height-default\" data-id=\"3dc9e80\" data-element_type=\"section\">\n\t\t\t\t\t\t<div class=\"elementor-container elementor-column-gap-default\">\n\t\t\t\t\t<div class=\"elementor-column elementor-col-100 elementor-top-column elementor-element elementor-element-be62e4a\" data-id=\"be62e4a\" data-element_type=\"column\">\n\t\t\t<div class=\"elementor-widget-wrap elementor-element-populated\">\n\t\t\t\t\t\t<div class=\"elementor-element elementor-element-03719f8 elementor-widget elementor-widget-text-editor\" data-id=\"03719f8\" data-element_type=\"widget\" data-widget_type=\"text-editor.default\">\n\t\t\t\t<div class=\"elementor-widget-container\">\n\t\t\t\t\t\t\t<p style=\"text-align: center\"><span style=\"text-decoration: underline\"><span style=\"font-size: 24pt\"><strong>2024<\/strong><\/span><\/span><\/p><p><a href=\"https:\/\/portal.ufsm.br\/documentos\/publico\/documento.html?id=15135580\">Portaria Normativa N. 001 &#8211; Distribui\u00e7\u00e3o das Vagas de Bolsas Monitorias Subsidiadas nos Departamentos Did\u00e1ticos do CCS<\/a><\/p><p><a href=\"https:\/\/portal.ufsm.br\/documentos\/publico\/documento.html?id=15135650\">Portaria Normativa N. 002 &#8211; Aprova o Regulamento do Programa de P\u00f3s Gradua\u00e7\u00e3o em Ci\u00eancias Odontol\u00f3gicas<\/a><\/p><p>\u00a0 \u00a0 \u00a0 \u00a0 \u00a0 &#8211;\u00a0<a href=\"https:\/\/portal.ufsm.br\/documentos\/publico\/documento.html?id=15135624\">Anexo I<\/a><\/p><p><a href=\"https:\/\/portal.ufsm.br\/documentos\/publico\/documento.html?id=15135660\">Portaria Normativa N. 003 &#8211; Aprova o Regulamento do Programa de P\u00f3s Gradua\u00e7\u00e3o em Mestrado Profissional em Ci\u00eancias da Sa\u00fade<\/a><\/p><p>\u00a0 \u00a0 \u00a0 \u00a0 \u00a0<a href=\"https:\/\/portal.ufsm.br\/documentos\/publico\/documento.html?id=15135670\"> &#8211; Anexo I<\/a><\/p><p><a href=\"https:\/\/portal.ufsm.br\/documentos\/publico\/documento.html?id=15135683\">Portaria Normativa N. 004 &#8211; Aprova o Regulamento do Programa de P\u00f3s Gradua\u00e7\u00e3o em Farmacologia<\/a><\/p><p>\u00a0 \u00a0 \u00a0 \u00a0 \u00a0 <a href=\"https:\/\/portal.ufsm.br\/documentos\/publico\/documento.html?id=15135689\">&#8211; Anexo I<\/a><\/p><p><a href=\"https:\/\/portal.ufsm.br\/documentos\/publico\/documento.html?idDocumento=15151340\">Portaria Normativa N. 005 &#8211; Aprova o Regulamento do Programa de P\u00f3s Gradua\u00e7\u00e3o em Enfermagem<\/a><\/p><p>\u00a0 \u00a0 \u00a0 \u00a0 \u00a0 <a href=\"https:\/\/portal.ufsm.br\/documentos\/publico\/documento.html?idDocumento=15151354\">&#8211; Anexo I<\/a><\/p><p><a href=\"https:\/\/portal.ufsm.br\/documentos\/publico\/documento.html?idDocumento=15216478\">Portaria Normativa N. 006 &#8211; Aprova o Regulamento do Programa de P\u00f3s Gradua\u00e7\u00e3o em Dist\u00farbios da Comunica\u00e7\u00e3o Humana<\/a><\/p><p>\u00a0 \u00a0<a href=\"https:\/\/portal.ufsm.br\/documentos\/publico\/documento.html?idDocumento=15216494\"> \u00a0&#8211; Anexo I<\/a><\/p><p><a href=\"https:\/\/portal.ufsm.br\/documentos\/publico\/documento.html?idDocumento=15216920\">Portaria Normativa N. 007 &#8211; Aprova o Regulamento do Programa de P\u00f3s Gradua\u00e7\u00e3o em Ci\u00eancias Farmac\u00eauticas<\/a><\/p><p>\u00a0 \u00a0 \u00a0<a href=\"https:\/\/portal.ufsm.br\/documentos\/publico\/documento.html?idDocumento=15216934\">&#8211; Anexo I<\/a><\/p><p><a href=\"https:\/\/portal.ufsm.br\/documentos\/publico\/documento.html?idDocumento=15223592\">Portaria Normativa N. 008 &#8211; Define os Crit\u00e9rios de dimensionamento de Vagas Docentes nos Departamentos do CCS.<\/a><\/p><p><a href=\"https:\/\/portal.ufsm.br\/documentos\/publico\/documento.html?id=15295080\">Portaria Normativa N. 009 &#8211; Aprova o Guia de Avalia\u00e7\u00e3o Ensino-Aprendizagem do Centro de Ci\u00eancias da Sa\u00fade.<\/a><\/p><p>\u00a0 \u00a0 \u00a0<a href=\"https:\/\/portal.ufsm.br\/documentos\/publico\/documento.html?id=15295111\">&#8211; Anexo I<\/a><\/p><p>\u00a0<\/p>\t\t\t\t\t\t<\/div>\n\t\t\t\t<\/div>\n\t\t\t\t\t<\/div>\n\t\t<\/div>\n\t\t\t\t\t<\/div>\n\t\t<\/section>\n\t\t\t\t<\/div>\n\t\t","protected":false},"excerpt":{"rendered":"<p>2024 Portaria Normativa N. 001 &#8211; Distribui\u00e7\u00e3o das Vagas de Bolsas Monitorias Subsidiadas nos Departamentos Did\u00e1ticos do CCS Portaria Normativa N. 002 &#8211; Aprova o Regulamento do Programa de P\u00f3s Gradua\u00e7\u00e3o em Ci\u00eancias Odontol\u00f3gicas \u00a0 \u00a0 \u00a0 \u00a0 \u00a0 &#8211;\u00a0Anexo I Portaria Normativa N. 003 &#8211; Aprova o Regulamento do Programa de P\u00f3s Gradua\u00e7\u00e3o em [&hellip;]<\/p>\n","protected":false},"author":1126,"featured_media":0,"parent":0,"menu_order":0,"comment_status":"closed","ping_status":"closed","template":"","meta":{"footnotes":""},"categories":[],"tags":[],"class_list":["post-6977","page","type-page","status-publish","hentry"],"acf":[],"_links":{"self":[{"href":"https:\/\/www.ufsm.br\/unidades-universitarias\/ccs\/wp-json\/wp\/v2\/pages\/6977","targetHints":{"allow":["GET"]}}],"collection":[{"href":"https:\/\/www.ufsm.br\/unidades-universitarias\/ccs\/wp-json\/wp\/v2\/pages"}],"about":[{"href":"https:\/\/www.ufsm.br\/unidades-universitarias\/ccs\/wp-json\/wp\/v2\/types\/page"}],"author":[{"embeddable":true,"href":"https:\/\/www.ufsm.br\/unidades-universitarias\/ccs\/wp-json\/wp\/v2\/users\/1126"}],"replies":[{"embeddable":true,"href":"https:\/\/www.ufsm.br\/unidades-universitarias\/ccs\/wp-json\/wp\/v2\/comments?post=6977"}],"version-history":[{"count":0,"href":"https:\/\/www.ufsm.br\/unidades-universitarias\/ccs\/wp-json\/wp\/v2\/pages\/6977\/revisions"}],"wp:attachment":[{"href":"https:\/\/www.ufsm.br\/unidades-universitarias\/ccs\/wp-json\/wp\/v2\/media?parent=6977"}],"wp:term":[{"taxonomy":"category","embeddable":true,"href":"https:\/\/www.ufsm.br\/unidades-universitarias\/ccs\/wp-json\/wp\/v2\/categories?post=6977"},{"taxonomy":"post_tag","embeddable":true,"href":"https:\/\/www.ufsm.br\/unidades-universitarias\/ccs\/wp-json\/wp\/v2\/tags?post=6977"}],"curies":[{"name":"wp","href":"https:\/\/api.w.org\/{rel}","templated":true}]}}