{"id":7015,"date":"2024-09-10T11:25:32","date_gmt":"2024-09-10T14:25:32","guid":{"rendered":"https:\/\/www.ufsm.br\/unidades-universitarias\/ccs\/?page_id=7015"},"modified":"2024-09-10T11:30:27","modified_gmt":"2024-09-10T14:30:27","slug":"portaria-normativa-002-de-06-de-agosto-de-2024","status":"publish","type":"page","link":"https:\/\/www.ufsm.br\/unidades-universitarias\/ccs\/portaria-normativa-002-de-06-de-agosto-de-2024","title":{"rendered":"Portaria Normativa 002, de 06 de Agosto de 2024"},"content":{"rendered":"\t\t<div data-elementor-type=\"wp-page\" data-elementor-id=\"7015\" class=\"elementor elementor-7015\">\n\t\t\t\t\t\t<section class=\"elementor-section elementor-top-section elementor-element elementor-element-9e68d75 elementor-section-boxed elementor-section-height-default elementor-section-height-default\" data-id=\"9e68d75\" data-element_type=\"section\">\n\t\t\t\t\t\t<div class=\"elementor-container elementor-column-gap-default\">\n\t\t\t\t\t<div class=\"elementor-column elementor-col-100 elementor-top-column elementor-element elementor-element-e40e898\" data-id=\"e40e898\" data-element_type=\"column\">\n\t\t\t<div class=\"elementor-widget-wrap elementor-element-populated\">\n\t\t\t\t\t\t<div class=\"elementor-element elementor-element-10125a0 elementor-widget elementor-widget-html\" data-id=\"10125a0\" data-element_type=\"widget\" data-widget_type=\"html.default\">\n\t\t\t\t<div class=\"elementor-widget-container\">\n\t\t\t<title>PORTARIA NORMATIVA CCS\/UFSM N\u00b0 002, DE 06 DE AGOSTO DE 2024<\/title>\n\n<div align=\"center\"><img decoding=\"async\" src=\"https:\/\/www.ufsm.br\/pro-reitorias\/proplan\/wp-content\/uploads\/sites\/344\/2019\/09\/brasao-da-republica-do-brasil-logo.png\" alt=\"Bras\u00e3o Rep\u00fablica Federativa do Brasil\" width=\"6%\" height=\"6%\"><\/div>\n<h1><font color=\"blue\"><font size=\"5\"><div align=\"center\">MINIST\u00c9RIO DA EDUCA\u00c7\u00c3O<\/div><\/font><\/font><\/H1>\n<br>\n<b><font color=\"0000blue\"><div align=\"center\">UNIVERSIDADE FEDERAL DE SANTA MARIA<\/div><\/font><\/b>\n<br>\n<b><font color=\"0000blue\"><div align=\"center\">CENTRO DE CI\u00caNCIAS DA SA\u00daDE<\/div><\/font><\/b>\n<p><div align=\"center\"><b><a href=\"https:\/\/portal.ufsm.br\/documentos\/publico\/documento.html?id=15135650\" target=\"_blank\"><font color=\"blue\"><\/font><\/a>PORTARIA NORMATIVA CCS\/UFSM N\u00b0 002, DE 06 DE AGOSTO DE 2024<\/font><\/a><\/b><\/div>\n<br>\n\n<p><div align=\"justify\"><font color=\"800000\"><ul>Aprova o Regulamento do Programa de P\u00f3s-Gradua\u00e7\u00e3o em Ci\u00eancias Odontol\u00f3gicas (PPGCO) vinculado \u00e0(ao) Centro de Ci\u00eancias da Sa\u00fade no \u00e2mbito da Universidade Federal de Santa Maria (UFSM).<\/font><\/div><\/ul>\n\n<br><div align=\"justify\"><font color=\"black\">\n<p> O(A) DIRETOR(A) DO(A) CENTRO DE CI\u00caNCIAS DA SA\u00daDE, no uso de suas atribui\u00e7\u00f5es legais que lhe confere o <a href=\"https:\/\/www.ufsm.br\/pro-reitorias\/proplan\/regimento-geral-da-ufsm-com-alteracoes-compiladas-pela-resolucao-n-016-2019\/\" target=\"_blank\"><font color=\"blue\"><u>Regimento Geral da UFSM<\/u><\/font><\/a>, disposto na <a href=\"https:\/\/www.ufsm.br\/pro-reitorias\/proplan\/resolucao-n-006-2011\/\" target=\"_blank\"><font color=\"blue\"><u>Resolu\u00e7\u00e3o UFSM n\u00b0 006, de 28 de abril de 2011<\/u><\/font><\/a>, atualizado pela <a href=\"https:\/\/www.ufsm.br\/app\/uploads\/sites\/399\/2019\/07\/RES_GR_2019_016.pdf\" target=\"_blank\"><font color=\"blue\"><u>Resolu\u00e7\u00e3o UFSM n\u00b0 016, de 02 de julho de 2019<\/u><\/font><\/a>,tendo em vista as Resolu\u00e7\u00f5es <a href=\"https:\/\/www.ufsm.br\/pro-reitorias\/proplan\/resolucao-ufsm-n-139-2023\" target=\"_blank\"><font color=\"blue\"><u>UFSM n\u00b0 139, de 29 de agosto de 2023<\/u><\/font><\/a>, <a href=\"https:\/\/www.ufsm.br\/pro-reitorias\/proplan\/resolucao-ufsm-n-152-2024\" target=\"_blank\"><font color=\"blue\"><u>UFSM n\u00b0 152, de 27 de mar\u00e7o de 2024<\/u><\/font><\/a>, e o que consta no Processo n\u00b0 <a href=\"https:\/\/portal.ufsm.br\/documentos\/publico\/processo\/documento.html?idDocumento=14934686\"><font color=\"blue\"><u> 23081.158740\/2023-81 <\/u><\/font><\/a>, resolve:<\/div><\/p>\n<br>\n<p><div align=\"justify\">Art. 1\u00b0 Aprovar o Regulamento do P\u00f3s-Gradua\u00e7\u00e3o em Ci\u00eancias Odontol\u00f3gicas (PPGCO), vinculado \u00e0(ao) Centro de Ci\u00eancias da Sa\u00fade, no \u00e2mbito da Universidade Federal de Santa Maria (UFSM).<\/p>\n\n<p><div align=\"justify\">Par\u00e1grafo \u00fanico. O Regulamento do P\u00f3s-Gradua\u00e7\u00e3o em Ci\u00eancias Odontol\u00f3gicas (PPGCO) se constitui como anexo desta Portaria Normativa.<\/div><\/p>\n\n<p><div align=\"justify\">Art. 2\u00b0 A inobserv\u00e2ncia ao disposto nesta Portaria Normativa n\u00e3o constitui escusa v\u00e1lida para o descumprimento da norma nem resulta em sua invalidade.<\/p>\n\n<p><div align=\"justify\">Art. 3\u00b0 Esta Portaria Normativa entra em vigor na data de sua assinatura, de acordo com o que prev\u00ea o par\u00e1grafo 2\u00b0 do artigo 16 do <a href=\"https:\/\/www.planalto.gov.br\/ccivil_03\/_ato2023-2026\/2024\/decreto\/d12002.htm\" target=\"_blank\"><font color=\"blue\"><u>Decreto n\u00b0 12.002, de 22 de abril de 2024<\/u><\/font><\/a>.<\/div><\/p>\n\n<p><div align=\"justify\">Par\u00e1grafo \u00fanico. Havendo qualquer modifica\u00e7\u00e3o legislativa, ou ainda, advindo qualquer situa\u00e7\u00e3o legal que impacte na legalidade da presente Portaria Normativa, a mesma se aplica de imediato.<\/div><\/p>\n\n<br>\n<p><font color=\"black\"><div align=\"right\"> Maria Denise Schimith<\/div><\/font><\/p>\n<p><font color=\"black\"><div align=\"right\"> Diretora<\/div><\/font><\/p>\n<br>\n\n<p><font color=\"red0000\">Este texto n\u00e3o substitui o documento original, publicado no Portal de Documentos. Dispon\u00edvel em: <a href=\"https:\/\/portal.ufsm.br\/documentos\/publico\/documento.html?id=15135650\" target=\"_blank\"><font color=\"blue\">https:\/\/portal.ufsm.br\/documentos\/publico\/documento.html?id=15135650<\/font><\/a>.\n\t\t<\/div>\n\t\t\t\t<\/div>\n\t\t\t\t\t<\/div>\n\t\t<\/div>\n\t\t\t\t\t<\/div>\n\t\t<\/section>\n\t\t\t\t<\/div>\n\t\t","protected":false},"excerpt":{"rendered":"<p>PORTARIA NORMATIVA CCS\/UFSM N\u00b0 002, DE 06 DE AGOSTO DE 2024 MINIST\u00c9RIO DA EDUCA\u00c7\u00c3O UNIVERSIDADE FEDERAL DE SANTA MARIA CENTRO DE CI\u00caNCIAS DA SA\u00daDE PORTARIA NORMATIVA CCS\/UFSM N\u00b0 002, DE 06 DE AGOSTO DE 2024 Aprova o Regulamento do Programa de P\u00f3s-Gradua\u00e7\u00e3o em Ci\u00eancias Odontol\u00f3gicas (PPGCO) vinculado \u00e0(ao) Centro de Ci\u00eancias da Sa\u00fade no \u00e2mbito [&hellip;]<\/p>\n","protected":false},"author":1126,"featured_media":0,"parent":0,"menu_order":0,"comment_status":"closed","ping_status":"closed","template":"","meta":{"footnotes":""},"categories":[],"tags":[],"class_list":["post-7015","page","type-page","status-publish","hentry"],"acf":[],"_links":{"self":[{"href":"https:\/\/www.ufsm.br\/unidades-universitarias\/ccs\/wp-json\/wp\/v2\/pages\/7015","targetHints":{"allow":["GET"]}}],"collection":[{"href":"https:\/\/www.ufsm.br\/unidades-universitarias\/ccs\/wp-json\/wp\/v2\/pages"}],"about":[{"href":"https:\/\/www.ufsm.br\/unidades-universitarias\/ccs\/wp-json\/wp\/v2\/types\/page"}],"author":[{"embeddable":true,"href":"https:\/\/www.ufsm.br\/unidades-universitarias\/ccs\/wp-json\/wp\/v2\/users\/1126"}],"replies":[{"embeddable":true,"href":"https:\/\/www.ufsm.br\/unidades-universitarias\/ccs\/wp-json\/wp\/v2\/comments?post=7015"}],"version-history":[{"count":0,"href":"https:\/\/www.ufsm.br\/unidades-universitarias\/ccs\/wp-json\/wp\/v2\/pages\/7015\/revisions"}],"wp:attachment":[{"href":"https:\/\/www.ufsm.br\/unidades-universitarias\/ccs\/wp-json\/wp\/v2\/media?parent=7015"}],"wp:term":[{"taxonomy":"category","embeddable":true,"href":"https:\/\/www.ufsm.br\/unidades-universitarias\/ccs\/wp-json\/wp\/v2\/categories?post=7015"},{"taxonomy":"post_tag","embeddable":true,"href":"https:\/\/www.ufsm.br\/unidades-universitarias\/ccs\/wp-json\/wp\/v2\/tags?post=7015"}],"curies":[{"name":"wp","href":"https:\/\/api.w.org\/{rel}","templated":true}]}}