{"id":7349,"date":"2025-03-20T13:18:34","date_gmt":"2025-03-20T16:18:34","guid":{"rendered":"https:\/\/www.ufsm.br\/unidades-universitarias\/ccs\/?page_id=7349"},"modified":"2025-05-07T10:49:41","modified_gmt":"2025-05-07T13:49:41","slug":"2a-conferencia-do-centro-de-ciencias-da-saude","status":"publish","type":"page","link":"https:\/\/www.ufsm.br\/unidades-universitarias\/ccs\/2a-conferencia-do-centro-de-ciencias-da-saude","title":{"rendered":"2\u00aa Confer\u00eancia do Centro de Ci\u00eancias da Sa\u00fade"},"content":{"rendered":"\t\t<div data-elementor-type=\"wp-page\" data-elementor-id=\"7349\" class=\"elementor elementor-7349\">\n\t\t\t\t\t\t<section class=\"elementor-section elementor-top-section elementor-element elementor-element-720b5f15 elementor-section-boxed elementor-section-height-default elementor-section-height-default\" data-id=\"720b5f15\" data-element_type=\"section\">\n\t\t\t\t\t\t<div class=\"elementor-container elementor-column-gap-default\">\n\t\t\t\t\t<div class=\"elementor-column elementor-col-100 elementor-top-column elementor-element elementor-element-64bc093d\" data-id=\"64bc093d\" data-element_type=\"column\">\n\t\t\t<div class=\"elementor-widget-wrap elementor-element-populated\">\n\t\t\t\t\t\t<div class=\"elementor-element elementor-element-b912d40 elementor-widget elementor-widget-text-editor\" data-id=\"b912d40\" data-element_type=\"widget\" data-widget_type=\"text-editor.default\">\n\t\t\t\t<div class=\"elementor-widget-container\">\n\t\t\t\t\t\t\t<p><!-- wp:tadv\/classic-paragraph --><\/p>\n<p>A <strong>2\u00aa Confer\u00eancia do CCS<\/strong> ser\u00e1 realizada com a participa\u00e7\u00e3o de todos os segmentos da comunidade acad\u00eamica e tem o objetivo de elencar as prioridades para o\u00a0 CCS para o ano de 2025.<\/p>\n<p>Ser\u00e1 realizado no dia 06 de maio de 2025, com a seguinte programa\u00e7\u00e3o:<\/p>\n<p>Dia: 06\/05\/2025<\/p>\n<p>10h \u2013 abertura<\/p>\n<p>10h15min &#8211; 11h &#8211;\u00a0 grupos de discuss\u00e3o<\/p>\n<p>11h &#8211; vota\u00e7\u00e3o das prioridades<\/p>\n<p>\u00a0<\/p>\n<p>\u00a0<\/p>\n<p>O material dos grupos de discuss\u00e3o ser\u00e1 confeccionado pelas pr\u00e9-confer\u00eancias, uma por\u00a0 pr\u00e9dio(s) do CCS, organizadas da seguinte forma:<\/p>\n<p>\u00a0<\/p>\n<p>Dia 25\/03\/2025, 10h &#8211;\u00a0<span style=\"color: #000000;font-size: 1rem;font-weight: var( --e-global-typography-text-font-weight );text-align: var(--bs-body-text-align)\">Pr\u00e9dio da Odontologia &#8211;\u00a0 Docentes, TAEs e estudantes.<\/span><\/p>\n<p>\u00a0<\/p>\n<p>Dia 01\/04\/2025, 10h &#8211;\u00a0<span style=\"color: #000000;font-size: 1rem;font-weight: var( --e-global-typography-text-font-weight );text-align: var(--bs-body-text-align)\">Pr\u00e9dio da\u00a0 Fisioterapia e Terapia Ocupacional &#8211; Docentes, TAEs e estudantes.<\/span><\/p>\n<p>\u00a0<\/p>\n<p>Dia 08\/04\/2025, 10h &#8211;\u00a0<span style=\"color: #000000;font-size: 1rem;font-weight: var( --e-global-typography-text-font-weight );text-align: var(--bs-body-text-align)\">Pr\u00e9dio da Fonoaudiologia e Nutri\u00e7\u00e3o &#8211; Docentes, TAEs e estudantes.<\/span><\/p>\n<p>\u00a0<\/p>\n<p>Dia 15\/04\/2025, 10h &#8211;\u00a0<span style=\"color: #000000;font-size: 1rem;font-weight: var( --e-global-typography-text-font-weight );text-align: var(--bs-body-text-align)\">Pr\u00e9dio da Enfermagem, Farm\u00e1cia e Medicina &#8211; Docentes, TAEs e estudantes.<\/span><\/p>\n<p>\u00a0<\/p>\n<p>Dia 22\/04\/2025, 10h &#8211;\u00a0<span style=\"color: #000000;font-size: 1rem;font-weight: var( --e-global-typography-text-font-weight );text-align: var(--bs-body-text-align)\">Pr\u00e9dio dos Departamentos Fisiologia e Farmacologia, Morfologia, Microbiologia e Parasitologia e Patologia &#8211; Docentes, TAEs.<\/span><\/p>\n<p>\u00a0<\/p>\n<p>As pr\u00e9-confer\u00eancias t\u00eam como fun\u00e7\u00f5es:<\/p>\n<ul>\n<li>apresentar o relat\u00f3rio de gest\u00e3o 2022 &#8211; 2024;<\/li>\n<li>definir as prioridades de cada contexto;<\/li>\n<li>eleger as representa\u00e7\u00f5es para participar da II Confer\u00eancia:<\/li>\n<\/ul>\n<ul>\n<li>na pr\u00e9-confer\u00eancia do Pr\u00e9dio da Odontologia ser\u00e3o eleitos cinco docentes, cinco TAEs e cinco estudantes;<\/li>\n<li>na pr\u00e9-confer\u00eancia da Fisioterapia e Terapia Ocupacional ser\u00e3o eleitos sete docentes, sete TAEs e sete estudantes;<\/li>\n<li>na pr\u00e9-confer\u00eancia da Fonoaudiologia e Nutri\u00e7\u00e3o ser\u00e3o eleitos sete docentes, sete TAEs e sete estudantes;<\/li>\n<li>na pr\u00e9-confer\u00eancia da, Enfermagem, Farm\u00e1cia e Medicina ser\u00e3o eleitos 12 docentes, 12 TAEs e 12 estudantes;<\/li>\n<li>na pr\u00e9-confer\u00eancia dos departamentos de Fisiologia e Farmacologia, Morfologia, Microbiologia e Parasitologia e Patologia e ser\u00e3o eleitos cinco docentes e cinco TAEs;<\/li>\n<li>Para a representatividade ser parit\u00e1ria, os Diret\u00f3rios Acad\u00eamicos indicar\u00e3o cinco estudantes.<\/li>\n<\/ul>\n<p>A\u00a0<span style=\"color: #000000;font-size: 16px;font-weight: var( --e-global-typography-text-font-weight );text-align: var(--bs-body-text-align)\">2\u00aa<\/span><span style=\"color: #000000;font-size: 1rem;font-weight: var( --e-global-typography-text-font-weight );text-align: var(--bs-body-text-align)\">\u00a0Confer\u00eancia contar\u00e1, portanto, com 36 estudantes, 36 TAEs e 36 docentes.<\/span><\/p>\n<p>A comiss\u00e3o organizadora da 2\u00aa Confer\u00eancia do CCS receber\u00e1 o relat\u00f3rio das pr\u00e9-confer\u00eancias e elaborar\u00e1 o relat\u00f3rio final, agrupado por temas.<\/p>\n<p>Os(As) 108 representantes da\u00a0<span style=\"color: #000000;font-size: 16px\">2\u00aa<\/span>\u00a0Confer\u00eancia do CCS far\u00e3o sua inscri\u00e7\u00e3o pr\u00e9via por temas de interesse.<\/p>\n<p>A plen\u00e1ria final definir\u00e1 as prioridades da gest\u00e3o do CCS para o \u00faltimo ano de gest\u00e3o, de maio de 2025 a maio de 2026.<\/p>\n<p>\u00a0<\/p>\n<p><!-- \/wp:tadv\/classic-paragraph --><!-- wp:tadv\/classic-paragraph \/--><\/p>\t\t\t\t\t\t<\/div>\n\t\t\t\t<\/div>\n\t\t\t\t\t<\/div>\n\t\t<\/div>\n\t\t\t\t\t<\/div>\n\t\t<\/section>\n\t\t\t\t<\/div>\n\t\t","protected":false},"excerpt":{"rendered":"<p>A 2\u00aa Confer\u00eancia do CCS ser\u00e1 realizada com a participa\u00e7\u00e3o de todos os segmentos da comunidade acad\u00eamica e tem o objetivo de elencar as prioridades para o\u00a0 CCS para o ano de 2025. Ser\u00e1 realizado no dia 06 de maio de 2025, com a seguinte programa\u00e7\u00e3o: Dia: 06\/05\/2025 10h \u2013 abertura 10h15min &#8211; 11h &#8211;\u00a0 [&hellip;]<\/p>\n","protected":false},"author":295,"featured_media":7350,"parent":0,"menu_order":0,"comment_status":"closed","ping_status":"closed","template":"","meta":{"footnotes":""},"categories":[1],"tags":[],"class_list":["post-7349","page","type-page","status-publish","has-post-thumbnail","hentry","category-noticias"],"acf":[],"_links":{"self":[{"href":"https:\/\/www.ufsm.br\/unidades-universitarias\/ccs\/wp-json\/wp\/v2\/pages\/7349","targetHints":{"allow":["GET"]}}],"collection":[{"href":"https:\/\/www.ufsm.br\/unidades-universitarias\/ccs\/wp-json\/wp\/v2\/pages"}],"about":[{"href":"https:\/\/www.ufsm.br\/unidades-universitarias\/ccs\/wp-json\/wp\/v2\/types\/page"}],"author":[{"embeddable":true,"href":"https:\/\/www.ufsm.br\/unidades-universitarias\/ccs\/wp-json\/wp\/v2\/users\/295"}],"replies":[{"embeddable":true,"href":"https:\/\/www.ufsm.br\/unidades-universitarias\/ccs\/wp-json\/wp\/v2\/comments?post=7349"}],"version-history":[{"count":0,"href":"https:\/\/www.ufsm.br\/unidades-universitarias\/ccs\/wp-json\/wp\/v2\/pages\/7349\/revisions"}],"wp:featuredmedia":[{"embeddable":true,"href":"https:\/\/www.ufsm.br\/unidades-universitarias\/ccs\/wp-json\/wp\/v2\/media\/7350"}],"wp:attachment":[{"href":"https:\/\/www.ufsm.br\/unidades-universitarias\/ccs\/wp-json\/wp\/v2\/media?parent=7349"}],"wp:term":[{"taxonomy":"category","embeddable":true,"href":"https:\/\/www.ufsm.br\/unidades-universitarias\/ccs\/wp-json\/wp\/v2\/categories?post=7349"},{"taxonomy":"post_tag","embeddable":true,"href":"https:\/\/www.ufsm.br\/unidades-universitarias\/ccs\/wp-json\/wp\/v2\/tags?post=7349"}],"curies":[{"name":"wp","href":"https:\/\/api.w.org\/{rel}","templated":true}]}}