{"id":7641,"date":"2025-11-18T10:37:10","date_gmt":"2025-11-18T13:37:10","guid":{"rendered":"https:\/\/www.ufsm.br\/unidades-universitarias\/ccs\/?page_id=7641"},"modified":"2025-11-18T10:39:43","modified_gmt":"2025-11-18T13:39:43","slug":"clinica-da-terapia-ocupacional","status":"publish","type":"page","link":"https:\/\/www.ufsm.br\/unidades-universitarias\/ccs\/clinica-da-terapia-ocupacional","title":{"rendered":"Cl\u00ednica da Terapia Ocupacional"},"content":{"rendered":"\t\t<div data-elementor-type=\"wp-page\" data-elementor-id=\"7641\" class=\"elementor elementor-7641\">\n\t\t\t\t\t\t<section class=\"elementor-section elementor-top-section elementor-element elementor-element-beb5ded elementor-section-boxed elementor-section-height-default elementor-section-height-default\" data-id=\"beb5ded\" data-element_type=\"section\">\n\t\t\t\t\t\t<div class=\"elementor-container elementor-column-gap-default\">\n\t\t\t\t\t<div class=\"elementor-column elementor-col-100 elementor-top-column elementor-element elementor-element-4d68458\" data-id=\"4d68458\" data-element_type=\"column\">\n\t\t\t<div class=\"elementor-widget-wrap elementor-element-populated\">\n\t\t\t\t\t\t<div class=\"elementor-element elementor-element-b274144 elementor-widget elementor-widget-text-editor\" data-id=\"b274144\" data-element_type=\"widget\" data-widget_type=\"text-editor.default\">\n\t\t\t\t<div class=\"elementor-widget-container\">\n\t\t\t\t\t\t\t<p>O servi\u00e7o de atendimento Terap\u00eautico Ocupacional acontece na Cl\u00ednica Escola da Terapia Ocupacional (CTO) vinculado ao Centro de Ci\u00eancias da Sa\u00fade da UFSM.<\/p><p>Na CTO acontecem est\u00e1gios curriculares, atividades extensionistas e pesquisas vinculados ao curso de Terapia Ocupacional da UFSM.<\/p><p>S\u00e3o prestados atendimentos para a crian\u00e7a, adolescente, adulto e idoso, nas distintas \u00e1rea da Terapia Ocupacional. Os\/as pacientes chegam atrav\u00e9s de encaminhamentos da rede municipal e do Hospital Universit\u00e1rio (HUSM).<\/p><p>A CTO tamb\u00e9m atende \u00e0 n\u00edvel ambulatorial em ambulat\u00f3rios especializados de Terapia Ocupacional, como parte integrante de importantes servi\u00e7os e equipes do HUSM, vinculados ao SUS. \u00a0<\/p><p>Os atendimentos s\u00e3o semanais, na modalidade portas abertas, para ingresso.<\/p><p>Profissionais:<\/p><p>Terapeutas Ocupacionais:<\/p><p>Prof\u00aa Dra Dani Laura Peruzzolo (Coordenadora)<\/p><p>Prof\u00aa Dra. Kayla Ximenes Palma (Coordenadora Substituta)\u00a0<\/p><p>Prof\u00aa Dra Daniela Ton\u00fas<\/p><p>Prof\u00aa Dra. Emilyn Barba da Silva \u00a0<\/p><p>TAE Ms. Priscilla de Oliveira Reis<\/p><p>TAE Ms. K\u00e1tine Marquezan<\/p><p>TAE Dra. Vit\u00f3ria H. Beltrame<\/p><p>Tec. em Enfermagem:<\/p><p>Raquel de Lima Caetano<\/p><p><strong>Hor\u00e1rio de funcionamento: <\/strong>8h\u00a0\u00e0s 12h \u2013 13h \u00e0s 18h<\/p><p><strong>Local:<\/strong> Pr\u00e9dio anexo 26D<\/p><p><strong>Contato pelo e-mail:<\/strong> clinica.to@ufsm.br<\/p>\t\t\t\t\t\t<\/div>\n\t\t\t\t<\/div>\n\t\t\t\t\t<\/div>\n\t\t<\/div>\n\t\t\t\t\t<\/div>\n\t\t<\/section>\n\t\t\t\t<\/div>\n\t\t","protected":false},"excerpt":{"rendered":"<p>O servi\u00e7o de atendimento Terap\u00eautico Ocupacional acontece na Cl\u00ednica Escola da Terapia Ocupacional (CTO) vinculado ao Centro de Ci\u00eancias da Sa\u00fade da UFSM. Na CTO acontecem est\u00e1gios curriculares, atividades extensionistas e pesquisas vinculados ao curso de Terapia Ocupacional da UFSM. S\u00e3o prestados atendimentos para a crian\u00e7a, adolescente, adulto e idoso, nas distintas \u00e1rea da Terapia [&hellip;]<\/p>\n","protected":false},"author":1126,"featured_media":0,"parent":0,"menu_order":0,"comment_status":"closed","ping_status":"closed","template":"","meta":{"footnotes":""},"categories":[],"tags":[],"class_list":["post-7641","page","type-page","status-publish","hentry"],"acf":[],"_links":{"self":[{"href":"https:\/\/www.ufsm.br\/unidades-universitarias\/ccs\/wp-json\/wp\/v2\/pages\/7641","targetHints":{"allow":["GET"]}}],"collection":[{"href":"https:\/\/www.ufsm.br\/unidades-universitarias\/ccs\/wp-json\/wp\/v2\/pages"}],"about":[{"href":"https:\/\/www.ufsm.br\/unidades-universitarias\/ccs\/wp-json\/wp\/v2\/types\/page"}],"author":[{"embeddable":true,"href":"https:\/\/www.ufsm.br\/unidades-universitarias\/ccs\/wp-json\/wp\/v2\/users\/1126"}],"replies":[{"embeddable":true,"href":"https:\/\/www.ufsm.br\/unidades-universitarias\/ccs\/wp-json\/wp\/v2\/comments?post=7641"}],"version-history":[{"count":0,"href":"https:\/\/www.ufsm.br\/unidades-universitarias\/ccs\/wp-json\/wp\/v2\/pages\/7641\/revisions"}],"wp:attachment":[{"href":"https:\/\/www.ufsm.br\/unidades-universitarias\/ccs\/wp-json\/wp\/v2\/media?parent=7641"}],"wp:term":[{"taxonomy":"category","embeddable":true,"href":"https:\/\/www.ufsm.br\/unidades-universitarias\/ccs\/wp-json\/wp\/v2\/categories?post=7641"},{"taxonomy":"post_tag","embeddable":true,"href":"https:\/\/www.ufsm.br\/unidades-universitarias\/ccs\/wp-json\/wp\/v2\/tags?post=7641"}],"curies":[{"name":"wp","href":"https:\/\/api.w.org\/{rel}","templated":true}]}}