{"id":7673,"date":"2026-01-05T13:11:11","date_gmt":"2026-01-05T16:11:11","guid":{"rendered":"https:\/\/www.ufsm.br\/unidades-universitarias\/ccs\/?page_id=7673"},"modified":"2026-04-01T13:11:07","modified_gmt":"2026-04-01T16:11:07","slug":"atas-do-conselho-do-centro-2026","status":"publish","type":"page","link":"https:\/\/www.ufsm.br\/unidades-universitarias\/ccs\/atas-do-conselho-do-centro-2026","title":{"rendered":"ATAS DO CONSELHO DO CENTRO 2026"},"content":{"rendered":"\t\t<div data-elementor-type=\"wp-page\" data-elementor-id=\"7673\" class=\"elementor elementor-7673\">\n\t\t\t\t\t\t<section class=\"elementor-section elementor-top-section elementor-element elementor-element-9afcb5f elementor-section-boxed elementor-section-height-default elementor-section-height-default\" data-id=\"9afcb5f\" data-element_type=\"section\">\n\t\t\t\t\t\t<div class=\"elementor-container elementor-column-gap-default\">\n\t\t\t\t\t<div class=\"elementor-column elementor-col-50 elementor-top-column elementor-element elementor-element-0d3a830\" data-id=\"0d3a830\" data-element_type=\"column\">\n\t\t\t<div class=\"elementor-widget-wrap elementor-element-populated\">\n\t\t\t\t\t\t<div class=\"elementor-element elementor-element-90b79e5 elementor-align-center elementor-widget elementor-widget-button\" data-id=\"90b79e5\" data-element_type=\"widget\" data-widget_type=\"button.default\">\n\t\t\t\t<div class=\"elementor-widget-container\">\n\t\t\t\t\t\t\t<div class=\"elementor-button-wrapper\">\n\t\t\t\t\t<a class=\"elementor-button elementor-button-link elementor-size-sm\" href=\"https:\/\/portal.ufsm.br\/documentos\/publico\/documento.html?id=15779054\">\n\t\t\t\t\t\t<span class=\"elementor-button-content-wrapper\">\n\t\t\t\t\t\t\t\t\t<span class=\"elementor-button-text\">Sess\u00e3o 491<\/span>\n\t\t\t\t\t<\/span>\n\t\t\t\t\t<\/a>\n\t\t\t\t<\/div>\n\t\t\t\t\t\t<\/div>\n\t\t\t\t<\/div>\n\t\t\t\t\t<\/div>\n\t\t<\/div>\n\t\t\t\t<div class=\"elementor-column elementor-col-50 elementor-top-column elementor-element elementor-element-ef54417\" data-id=\"ef54417\" data-element_type=\"column\">\n\t\t\t<div class=\"elementor-widget-wrap elementor-element-populated\">\n\t\t\t\t\t\t<div class=\"elementor-element elementor-element-23b097e elementor-widget elementor-widget-text-editor\" data-id=\"23b097e\" data-element_type=\"widget\" data-widget_type=\"text-editor.default\">\n\t\t\t\t<div class=\"elementor-widget-container\">\n\t\t\t\t\t\t\t<ol><li>Homologa\u00e7\u00e3o da<a href=\"https:\/\/portal.ufsm.br\/documentos\/publico\/documento.html?idDocumento=15765232\"><u>\u00a0<\/u><u>ATA 4<\/u><u>90<\/u><\/a>;<\/li><li>Parece CLN \u2013 Processo\u00a0<a href=\"https:\/\/portal.ufsm.br\/documentos\/publico\/processo\/documento.html?idDocumento=15734201\"><u>23081.021971\/2026-83<\/u><\/a>\u00a0de dispensa de carga hor\u00e1ria em disciplina complementar de gradua\u00e7\u00e3o \u2013 discente N.A.C.;<\/li><li>Parecer CLN \u2013 Processo\u00a0<a href=\"https:\/\/portal.ufsm.br\/documentos\/publico\/processo\/documento.html?idDocumento=15247614\"><u>23081.135732\/2024-48<\/u><\/a>\u00a0do Concurso P\u00fablico do Departamento de Neuropsiquiatria \u2013 RESULTADO;<\/li><li>Parecer CLN \u2013 Processo<a href=\"https:\/\/portal.ufsm.br\/documentos\/publico\/processo\/documento.html?idDocumento=15705877\"><u>\u00a023081.007628\/2026-26<\/u><\/a>\u00a0do Concurso P\u00fablico do Departamento de Microbiologia e Parasitologia \u2013 RECURSO;<\/li><li>Parecer CLN \u2013 Processo\u00a0<a href=\"https:\/\/portal.ufsm.br\/documentos\/publico\/processo\/documento.html?idDocumento=15708921\"><u>23081.009254\/2026-83<\/u><\/a>\u00a0do Concurso P\u00fablico do Departamento de Microbiologia e Parasitologia \u2013 RECURSO;<\/li><li>Parecer CLN \u2013 Processo\u00a0<a href=\"https:\/\/portal.ufsm.br\/documentos\/publico\/processo\/documento.html?idDocumento=15749372\"><u>23081.030612\/2026-17<\/u><\/a>\u00a0Chamada Interna PGENF \u2013 Edital 01\/2026 \u2013 RECURSO;<\/li><li>Parecer CLN \u2013 Proccesso\u00a0<a href=\"https:\/\/portal.ufsm.br\/documentos\/publico\/processo\/documento.html?idDocumento=15749360\"><u>23081.030603\/2026-26<\/u><\/a>\u00a0Chamada Interna PPGEnf \u2013 Edital 01\/2026 \u2013 RECURSO;<\/li><li>Parecer CLN \u2013 Processo<a href=\"https:\/\/portal.ufsm.br\/documentos\/publico\/processo\/documento.html?idDocumento=15665909\"><u>\u00a023081.157650\/2025-35<\/u><\/a>\u00a0Professor Volunt\u00e1rio PPGCBF;<\/li><li>Parecer CLN \u2013 Processo\u00a0<a href=\"https:\/\/portal.ufsm.br\/documentos\/publico\/processo\/documento.html?idDocumento=15704333\"><u>23081.006798\/2026-93<\/u><\/a>\u00a0Professor Volunt\u00e1rio PPGCBF;<\/li><li>Comiss\u00e3o para elei\u00e7\u00e3o no Conselho de Centro de DIretor(a) e Vice-diretor(a);<\/li><li>Defini\u00e7\u00e3o de prioridades de investimento 2026;<\/li><li>Indica\u00e7\u00e3o de representantes no CONSU e CEPE;<\/li><li>Mo\u00e7\u00e3o de apoio \u00e0 Greve dos TAEs<\/li><li>Assuntos Gerais.<\/li><\/ol>\t\t\t\t\t\t<\/div>\n\t\t\t\t<\/div>\n\t\t\t\t\t<\/div>\n\t\t<\/div>\n\t\t\t\t\t<\/div>\n\t\t<\/section>\n\t\t\t\t<section class=\"elementor-section elementor-top-section elementor-element elementor-element-b68331e elementor-section-boxed elementor-section-height-default elementor-section-height-default\" data-id=\"b68331e\" data-element_type=\"section\">\n\t\t\t\t\t\t<div class=\"elementor-container elementor-column-gap-default\">\n\t\t\t\t\t<div class=\"elementor-column elementor-col-50 elementor-top-column elementor-element elementor-element-35ed7b7\" data-id=\"35ed7b7\" data-element_type=\"column\">\n\t\t\t<div class=\"elementor-widget-wrap elementor-element-populated\">\n\t\t\t\t\t\t<div class=\"elementor-element elementor-element-f883da2 elementor-align-center elementor-widget elementor-widget-button\" data-id=\"f883da2\" data-element_type=\"widget\" data-widget_type=\"button.default\">\n\t\t\t\t<div class=\"elementor-widget-container\">\n\t\t\t\t\t\t\t<div class=\"elementor-button-wrapper\">\n\t\t\t\t\t<a class=\"elementor-button elementor-button-link elementor-size-sm\" href=\"https:\/\/portal.ufsm.br\/documentos\/publico\/documento.html?idDocumento=15765232\">\n\t\t\t\t\t\t<span class=\"elementor-button-content-wrapper\">\n\t\t\t\t\t\t\t\t\t<span class=\"elementor-button-text\">Sess\u00e3o 490<\/span>\n\t\t\t\t\t<\/span>\n\t\t\t\t\t<\/a>\n\t\t\t\t<\/div>\n\t\t\t\t\t\t<\/div>\n\t\t\t\t<\/div>\n\t\t\t\t\t<\/div>\n\t\t<\/div>\n\t\t\t\t<div class=\"elementor-column elementor-col-50 elementor-top-column elementor-element elementor-element-768e3f9\" data-id=\"768e3f9\" data-element_type=\"column\">\n\t\t\t<div class=\"elementor-widget-wrap elementor-element-populated\">\n\t\t\t\t\t\t<div class=\"elementor-element elementor-element-ed4c730 elementor-widget elementor-widget-text-editor\" data-id=\"ed4c730\" data-element_type=\"widget\" data-widget_type=\"text-editor.default\">\n\t\t\t\t<div class=\"elementor-widget-container\">\n\t\t\t\t\t\t\t<ol><li>Homologa\u00e7\u00e3o da\u00a0<a href=\"https:\/\/portal.ufsm.br\/documentos\/publico\/documento.html?idDocumento=15710485\"><u>ATA 48<\/u><u>9<\/u><\/a>;<\/li><li>Altera\u00e7\u00e3o de Regime de Trabalho proc. <a href=\"https:\/\/portal.ufsm.br\/documentos\/usuario\/processo\/documento.html?idDocumento=15729820\"><u>23081.019885\/2026-19<\/u><\/a>;<\/li><li>Substitui\u00e7\u00e3o de Representante da ComEP proc. <a href=\"https:\/\/portal.ufsm.br\/documentos\/usuario\/processo\/documento.html?idDocumento=15740864\"><u>23081.025511\/2026-24<\/u><\/a>;<\/li><li>Substitui\u00e7\u00e3o de Representante da ComEX proc. <a href=\"https:\/\/portal.ufsm.br\/documentos\/usuario\/processo\/documento.html?idDocumento=15737480\"><u>23081.023684\/2026-16<\/u><\/a>;<\/li><li>Substitui\u00e7\u00e3o de Representante da ComEX proc. <a href=\"https:\/\/portal.ufsm.br\/documentos\/usuario\/processo\/documento.html?idDocumento=15712605\"><u>23081.011045\/2026-08<\/u><\/a>;<\/li><li>Recurso concurso p\u00fablico docente proc. <a href=\"https:\/\/portal.ufsm.br\/documentos\/publico\/processo\/documento.html?idDocumento=15705877\"><u>23081.007628\/2026-26<\/u><\/a>;<\/li><li>Solicita\u00e7\u00e3o de Modifica\u00e7\u00e3o do artigo 73 do Regimento do CCS;<\/li><li>Solicita\u00e7\u00e3o para Revis\u00e3o do c\u00e1lculo da CH dos departamentos PN-008\/2024 CCS;<\/li><li>Or\u00e7amento do CCS;<\/li><li>Corrida do HUSM \u2013 Apresenta\u00e7\u00e3o.<\/li><li>Assuntos Gerais.<\/li><\/ol>\t\t\t\t\t\t<\/div>\n\t\t\t\t<\/div>\n\t\t\t\t\t<\/div>\n\t\t<\/div>\n\t\t\t\t\t<\/div>\n\t\t<\/section>\n\t\t\t\t<section class=\"elementor-section elementor-top-section elementor-element elementor-element-1e3e68d elementor-section-boxed elementor-section-height-default elementor-section-height-default\" data-id=\"1e3e68d\" data-element_type=\"section\">\n\t\t\t\t\t\t<div class=\"elementor-container elementor-column-gap-default\">\n\t\t\t\t\t<div class=\"elementor-column elementor-col-50 elementor-top-column elementor-element elementor-element-1f35951\" data-id=\"1f35951\" data-element_type=\"column\">\n\t\t\t<div class=\"elementor-widget-wrap elementor-element-populated\">\n\t\t\t\t\t\t<div class=\"elementor-element elementor-element-5d5be52 elementor-align-center elementor-widget elementor-widget-button\" data-id=\"5d5be52\" data-element_type=\"widget\" data-widget_type=\"button.default\">\n\t\t\t\t<div class=\"elementor-widget-container\">\n\t\t\t\t\t\t\t<div class=\"elementor-button-wrapper\">\n\t\t\t\t\t<a class=\"elementor-button elementor-button-link elementor-size-sm\" href=\"https:\/\/portal.ufsm.br\/documentos\/publico\/documento.html?idDocumento=15710485\">\n\t\t\t\t\t\t<span class=\"elementor-button-content-wrapper\">\n\t\t\t\t\t\t\t\t\t<span class=\"elementor-button-text\">Sess\u00e3o 489<\/span>\n\t\t\t\t\t<\/span>\n\t\t\t\t\t<\/a>\n\t\t\t\t<\/div>\n\t\t\t\t\t\t<\/div>\n\t\t\t\t<\/div>\n\t\t\t\t\t<\/div>\n\t\t<\/div>\n\t\t\t\t<div class=\"elementor-column elementor-col-50 elementor-top-column elementor-element elementor-element-a86f29f\" data-id=\"a86f29f\" data-element_type=\"column\">\n\t\t\t<div class=\"elementor-widget-wrap elementor-element-populated\">\n\t\t\t\t\t\t<div class=\"elementor-element elementor-element-3a9ce1e elementor-widget elementor-widget-text-editor\" data-id=\"3a9ce1e\" data-element_type=\"widget\" data-widget_type=\"text-editor.default\">\n\t\t\t\t<div class=\"elementor-widget-container\">\n\t\t\t\t\t\t\t<ol><li>Homologa\u00e7\u00e3o da\u00a0<a href=\"https:\/\/portal.ufsm.br\/documentos\/publico\/documento.html?idDocumento=15688456\"><u>ATA 48<\/u><\/a><u>8<\/u>;<\/li><li>Homologa\u00e7\u00e3o\u00a0de parecer da CLN concurso p\u00fablico departamento de Patologia . N.\u00a0<a href=\"https:\/\/portal.ufsm.br\/documentos\/publico\/processo\/documento.html?idDocumento=14494421\"><u>23081.140729\/2022-84<\/u><\/a>;<\/li><li>Homologa\u00e7\u00e3o parecer CLN processo seletivo professor visitante estrangeiro do Programa de P\u00f3s-Gradua\u00e7\u00e3o em Enfermagem Proc. N.\u00a0<a href=\"https:\/\/portal.ufsm.br\/documentos\/publico\/processo\/documento.html?idDocumento=15692830\"><u>23081.000581\/2026-70<\/u><\/a>;<\/li><li>Reestrutura\u00e7\u00e3o nova portaria Codinter;<\/li><li>Aprecia\u00e7\u00e3o banca promo\u00e7\u00e3o a professor titular Priscila de Arruda, Proc. N.\u00a0<a href=\"https:\/\/portal.ufsm.br\/documentos\/publico\/processo\/documento.html?idDocumento=15700835\">23081.004893\/2026-52<\/a>;<\/li><li>An\u00e1lise da altera\u00e7\u00e3o de representa\u00e7\u00e3o do Departamento de Sa\u00fade Coletiva na Comiss\u00e3o de Extens\u00e3o do CCS;<\/li><li>Assuntos Gerais<\/li><\/ol>\t\t\t\t\t\t<\/div>\n\t\t\t\t<\/div>\n\t\t\t\t\t<\/div>\n\t\t<\/div>\n\t\t\t\t\t<\/div>\n\t\t<\/section>\n\t\t\t\t<\/div>\n\t\t","protected":false},"excerpt":{"rendered":"<p>Sess\u00e3o 491 Homologa\u00e7\u00e3o da\u00a0ATA 490; Parece CLN \u2013 Processo\u00a023081.021971\/2026-83\u00a0de dispensa de carga hor\u00e1ria em disciplina complementar de gradua\u00e7\u00e3o \u2013 discente N.A.C.; Parecer CLN \u2013 Processo\u00a023081.135732\/2024-48\u00a0do Concurso P\u00fablico do Departamento de Neuropsiquiatria \u2013 RESULTADO; Parecer CLN \u2013 Processo\u00a023081.007628\/2026-26\u00a0do Concurso P\u00fablico do Departamento de Microbiologia e Parasitologia \u2013 RECURSO; Parecer CLN \u2013 Processo\u00a023081.009254\/2026-83\u00a0do Concurso P\u00fablico do Departamento [&hellip;]<\/p>\n","protected":false},"author":1126,"featured_media":0,"parent":0,"menu_order":0,"comment_status":"closed","ping_status":"closed","template":"","meta":{"footnotes":""},"categories":[],"tags":[],"class_list":["post-7673","page","type-page","status-publish","hentry"],"acf":[],"_links":{"self":[{"href":"https:\/\/www.ufsm.br\/unidades-universitarias\/ccs\/wp-json\/wp\/v2\/pages\/7673","targetHints":{"allow":["GET"]}}],"collection":[{"href":"https:\/\/www.ufsm.br\/unidades-universitarias\/ccs\/wp-json\/wp\/v2\/pages"}],"about":[{"href":"https:\/\/www.ufsm.br\/unidades-universitarias\/ccs\/wp-json\/wp\/v2\/types\/page"}],"author":[{"embeddable":true,"href":"https:\/\/www.ufsm.br\/unidades-universitarias\/ccs\/wp-json\/wp\/v2\/users\/1126"}],"replies":[{"embeddable":true,"href":"https:\/\/www.ufsm.br\/unidades-universitarias\/ccs\/wp-json\/wp\/v2\/comments?post=7673"}],"version-history":[{"count":0,"href":"https:\/\/www.ufsm.br\/unidades-universitarias\/ccs\/wp-json\/wp\/v2\/pages\/7673\/revisions"}],"wp:attachment":[{"href":"https:\/\/www.ufsm.br\/unidades-universitarias\/ccs\/wp-json\/wp\/v2\/media?parent=7673"}],"wp:term":[{"taxonomy":"category","embeddable":true,"href":"https:\/\/www.ufsm.br\/unidades-universitarias\/ccs\/wp-json\/wp\/v2\/categories?post=7673"},{"taxonomy":"post_tag","embeddable":true,"href":"https:\/\/www.ufsm.br\/unidades-universitarias\/ccs\/wp-json\/wp\/v2\/tags?post=7673"}],"curies":[{"name":"wp","href":"https:\/\/api.w.org\/{rel}","templated":true}]}}