{"id":847,"date":"2018-09-13T11:57:17","date_gmt":"2018-09-13T14:57:17","guid":{"rendered":"https:\/\/www.ufsm.br\/unidades-universitarias\/ccs\/?page_id=847"},"modified":"2023-08-22T11:44:53","modified_gmt":"2023-08-22T14:44:53","slug":"publique-no-site","status":"publish","type":"page","link":"https:\/\/www.ufsm.br\/unidades-universitarias\/ccs\/publique-no-site","title":{"rendered":"Publique no Site"},"content":{"rendered":"<p><span style=\"font-family: verdana, geneva, sans-serif\"><strong>NORMAS PARA PUBLICA\u00c7\u00c3O NO SITE E NAS REDES SOCIAIS DO CCS<\/strong><\/span><\/p>\n<p><span style=\"font-family: verdana, geneva, sans-serif\">O interessado em publicar no site do CCS deve\u00a0<strong>enviar not\u00edcias (<em>releases<\/em>) de divulga\u00e7\u00e3o para o e-mail comunica.ccs@ufsm.br <\/strong>.<\/span><br \/>\n<span style=\"font-family: verdana, geneva, sans-serif\">Todas as solicita\u00e7\u00f5es devem ser encaminhadas\u00a0<strong>no m\u00ednimo dois dias \u00fateis<\/strong> antes da data de publica\u00e7\u00e3o da not\u00edcia.<br \/>\nAs publica\u00e7\u00f5es no site s\u00e3o de natureza de divulga\u00e7\u00e3o acad\u00eamica e comunica\u00e7\u00e3o administrativa, sendo o site gerenciado pela Subdivis\u00e3o de Comunica\u00e7\u00e3o e pela Secretaria Administrativa do CCS.<\/span><\/p>\n<p><span style=\"font-family: verdana, geneva, sans-serif\">Tipos de not\u00edcias e conte\u00fados public\u00e1veis no site do CCS:<\/span><br \/>\n<span style=\"font-family: verdana, geneva, sans-serif\">1)\u00a0<strong>Eventos Acad\u00eamicos organizados pelas subunidades do CCS<\/strong> (Deve ser enviado pelo solicitante: Nome do Evento, nome do organizador, data, local de realiza\u00e7\u00e3o, breve explica\u00e7\u00e3o da atividade, link do site ou blog do evento (se houver),\u00a0link para inscri\u00e7\u00f5es (se houver), e contato para d\u00favidas. \u00c9 optativo o envio de material visual como cartaz ou folder);<\/span><br \/>\n<span style=\"font-family: verdana, geneva, sans-serif\">2) <strong>Participa\u00e7\u00e3o<\/strong>\u00a0de docentes, t\u00e9cnicos-administrativos em educa\u00e7\u00e3o e discentes<strong>\u00a0em eventos<\/strong> (Deve ser enviado pelo solicitante: Natureza da participa\u00e7\u00e3o dos servidores e alunos do CCS no evento, t\u00edtulo do evento, per\u00edodo de realiza\u00e7\u00e3o e cidade onde foi realizado o evento);<\/span><br \/>\n<span style=\"font-family: verdana, geneva, sans-serif\">3) <strong>Recebimento de pr\u00eamios e notas de destaque<\/strong>\u00a0de servidores e estudantes do CCS (Deve ser enviado pelo solicitante: Nome dos servidores e estudantes premiados e destacados, local da premia\u00e7\u00e3o, data, cidade e tipo de pr\u00eamio recebido. \u00c9 optativo o envio de fotografias).<br \/>\n<\/span><span style=\"font-family: verdana, geneva, sans-serif\">4)<strong> Abertura e resultados final de Editais<\/strong>\u00a0de sele\u00e7\u00e3o de bolsistas, monitores e volunt\u00e1rios, a serem postados no link\u00a0<a href=\"http:\/\/w3.ufsm.br\/ccs\/index.php\/editais\">Editais<\/a>\u00a0do site do CCS (Deve ser enviado pelo solicitante: Arquivo em PDF com o edital, com dois dias \u00fateis antes da abertura da sele\u00e7\u00e3o) \u2013 Tamb\u00e9m poder\u00e1 ser publicado o\u00a0<strong>resultado das sele\u00e7\u00f5es dos editais &#8211; A publica\u00e7\u00e3o de editais <\/strong>deve ser encaminhada para o e-mail <strong>ccs@ufsm.br<\/strong>;<br \/>\n<\/span><span style=\"font-family: verdana, geneva, sans-serif\">5) <strong>Elei\u00e7\u00f5es para cargos ligados as subunidades do CCS<\/strong>\u00a0e<strong>\u00a0not\u00edcias de natureza interna\u00a0<\/strong>do Centro de Ci\u00eancias da Sa\u00fade &#8211; <strong>A publica\u00e7\u00e3o de consultas populares <\/strong>deve ser encaminhada para o e-mail<strong> ccs@ufsm.br<\/strong>;<\/span><\/p>\n<p><span style=\"font-family: verdana, geneva, sans-serif\">Observa\u00e7\u00f5es:<\/span><br \/>\n<span style=\"font-family: verdana, geneva, sans-serif\">a) As not\u00edcias vinculadas no site do CCS tamb\u00e9m podem ser postadas nas redes sociais do CCS, desde que solicitadas pelo interessado;<\/span><br \/>\n<span style=\"font-family: verdana, geneva, sans-serif\">b) Eventos e atividades n\u00e3o organizadas pelas subunidades do CCS podem ser divulgados apenas em nossas redes sociais;<\/span><br \/>\n<span style=\"font-family: verdana, geneva, sans-serif\">c) N\u00e3o publicamos not\u00edcias de oportunidades de emprego;<\/span><br \/>\n<span style=\"font-family: verdana, geneva, sans-serif\">d) O site n\u00e3o divulga not\u00edcias de achados e perdidos;<\/span><br \/>\n<span style=\"font-family: verdana, geneva, sans-serif\">e) Outros tipos de publica\u00e7\u00e3o passar\u00e3o pela an\u00e1lise da Subdivis\u00e3o de Comunica\u00e7\u00e3o e da Secretaria Administrativa do CCS..<\/span><\/p>\n","protected":false},"excerpt":{"rendered":"<p>NORMAS PARA PUBLICA\u00c7\u00c3O NO SITE E NAS REDES SOCIAIS DO CCS O interessado em publicar no site do CCS deve\u00a0enviar not\u00edcias (releases) de divulga\u00e7\u00e3o para o e-mail comunica.ccs@ufsm.br . Todas as solicita\u00e7\u00f5es devem ser encaminhadas\u00a0no m\u00ednimo dois dias \u00fateis antes da data de publica\u00e7\u00e3o da not\u00edcia. As publica\u00e7\u00f5es no site s\u00e3o de natureza de divulga\u00e7\u00e3o [&hellip;]<\/p>\n","protected":false},"author":115,"featured_media":0,"parent":0,"menu_order":0,"comment_status":"closed","ping_status":"closed","template":"","meta":{"footnotes":""},"categories":[],"tags":[],"class_list":["post-847","page","type-page","status-publish","hentry"],"acf":[],"_links":{"self":[{"href":"https:\/\/www.ufsm.br\/unidades-universitarias\/ccs\/wp-json\/wp\/v2\/pages\/847","targetHints":{"allow":["GET"]}}],"collection":[{"href":"https:\/\/www.ufsm.br\/unidades-universitarias\/ccs\/wp-json\/wp\/v2\/pages"}],"about":[{"href":"https:\/\/www.ufsm.br\/unidades-universitarias\/ccs\/wp-json\/wp\/v2\/types\/page"}],"author":[{"embeddable":true,"href":"https:\/\/www.ufsm.br\/unidades-universitarias\/ccs\/wp-json\/wp\/v2\/users\/115"}],"replies":[{"embeddable":true,"href":"https:\/\/www.ufsm.br\/unidades-universitarias\/ccs\/wp-json\/wp\/v2\/comments?post=847"}],"version-history":[{"count":0,"href":"https:\/\/www.ufsm.br\/unidades-universitarias\/ccs\/wp-json\/wp\/v2\/pages\/847\/revisions"}],"wp:attachment":[{"href":"https:\/\/www.ufsm.br\/unidades-universitarias\/ccs\/wp-json\/wp\/v2\/media?parent=847"}],"wp:term":[{"taxonomy":"category","embeddable":true,"href":"https:\/\/www.ufsm.br\/unidades-universitarias\/ccs\/wp-json\/wp\/v2\/categories?post=847"},{"taxonomy":"post_tag","embeddable":true,"href":"https:\/\/www.ufsm.br\/unidades-universitarias\/ccs\/wp-json\/wp\/v2\/tags?post=847"}],"curies":[{"name":"wp","href":"https:\/\/api.w.org\/{rel}","templated":true}]}}