{"id":848,"date":"2018-09-13T11:58:02","date_gmt":"2018-09-13T14:58:02","guid":{"rendered":"https:\/\/www.ufsm.br\/unidades-universitarias\/ccs\/?page_id=848"},"modified":"2023-08-23T10:00:03","modified_gmt":"2023-08-23T13:00:03","slug":"divulgue-nos-murais","status":"publish","type":"page","link":"https:\/\/www.ufsm.br\/unidades-universitarias\/ccs\/divulgue-nos-murais","title":{"rendered":"Divulgue nos Murais"},"content":{"rendered":"<p><span style=\"font-family: verdana, geneva, sans-serif\"><b>POL\u00cdTICA DE USO DOS MURAIS DO CCS<\/b><\/span><\/p>\n<p><span style=\"font-family: verdana, geneva, sans-serif\">1. O Centro de Ci\u00eancias da Sa\u00fade est\u00e1 situado na Universidade Federal de Santa Maria &#8211; Campus Sede e sua estrutura f\u00edsica possui os pr\u00e9dios 26A, 26B, 26C, 26D, 26E, 26F, 26G, 26H, 19, 20, 21 e 28;<\/span><\/p>\n<p><span style=\"font-family: verdana, geneva, sans-serif\">2. Os pr\u00e9dios do CCS possuem murais que possuem a gest\u00e3o pela Subdivis\u00e3o de Comunica\u00e7\u00e3o do Centro de Ci\u00eancias Sa\u00fade (COM\/CCS);<\/span><\/p>\n<p><span style=\"font-family: verdana, geneva, sans-serif\">3. O COM\/CCS administra 10 murais, sendo: 5 no Pr\u00e9dio 26A; 2 no Pr\u00e9dio 26B;\u00a0<\/span><\/p>\n<p><span style=\"font-family: verdana, geneva, sans-serif\">4. Os murais servem como estrutura f\u00edsica para divulga\u00e7\u00e3o de pe\u00e7as gr\u00e1ficas;<\/span><\/p>\n<p><span style=\"font-family: verdana, geneva, sans-serif\">5.\u00a0<strong>Todos os materiais expostos nos murais dever\u00e3o, obrigatoriamente, exibir o carimbo da Subdivis\u00e3o de Comunica\u00e7\u00e3o \/ N\u00facleo de Divulga\u00e7\u00e3o Institucional ou o carimbo do Centro de Ci\u00eancias da Sa\u00fade<\/strong>. O carimbo ser\u00e1 obtido a partir de avalia\u00e7\u00e3o do COM\/CCS, que est\u00e1 localizado na sala 1357, do pr\u00e9dio 26A do campus da UFSM;<\/span><\/p>\n<p><span style=\"font-family: verdana, geneva, sans-serif\">6. Podem ser divulgados os seguintes tipos de materiais:<\/span><\/p>\n<p><span style=\"font-family: verdana, geneva, sans-serif\">a) cartazes de eventos internos;<\/span><\/p>\n<p><span style=\"font-family: verdana, geneva, sans-serif\">b) cartazes de eventos externos;<\/span><\/p>\n<p><span style=\"font-family: verdana, geneva, sans-serif\">c) editais de sele\u00e7\u00e3o;<\/span><\/p>\n<p><span style=\"font-family: verdana, geneva, sans-serif\">d) campanhas de car\u00e1ter cidad\u00e3o;<\/span><\/p>\n<p><span style=\"font-family: verdana, geneva, sans-serif\">e) cartazes de orienta\u00e7\u00e3o;<\/span><\/p>\n<p><span style=\"font-family: verdana, geneva, sans-serif\">f) publica\u00e7\u00f5es de car\u00e1ter cultural e hist\u00f3rico;<\/span><\/p>\n<p><span style=\"font-family: verdana, geneva, sans-serif\">g) An\u00fancios publicit\u00e1rios;<\/span><\/p>\n<p><span style=\"font-family: verdana, geneva, sans-serif\">h) divulga\u00e7\u00e3o de moradia;<\/span><\/p>\n<p><span style=\"font-family: verdana, geneva, sans-serif\">i) festas;<\/span><\/p>\n<p><span style=\"font-family: verdana, geneva, sans-serif\">j) eventos de natureza esportiva;<\/span><\/p>\n<p><span style=\"font-family: verdana, geneva, sans-serif\">k) oportunidades de emprego, est\u00e1gios e concursos;<\/span><\/p>\n<p><span style=\"font-family: verdana, geneva, sans-serif\">l) achados e perdidos;<\/span><\/p>\n<p><span style=\"font-family: verdana, geneva, sans-serif\">m) avisos oficiais da unidade e das subunidades;<\/span><\/p>\n<p><span style=\"font-family: verdana, geneva, sans-serif\">n) outros tipos de publica\u00e7\u00e3o.<\/span><\/p>\n<p><span style=\"font-family: verdana, geneva, sans-serif\">7. Cartazes que j\u00e1 possu\u00edrem o logotipo do CCS n\u00e3o necessitam o registro do carimbo;<\/span><\/p>\n<p><span style=\"font-family: verdana, geneva, sans-serif\">8. Os materiais de empresas privadas e informes publicit\u00e1rios dever\u00e3o justificar ao COM\/CCS sua relev\u00e2ncia de atua\u00e7\u00e3o junto \u00e0 comunidade acad\u00eamica;<\/span><\/p>\n<p><span style=\"font-family: verdana, geneva, sans-serif\">9. Todas as pe\u00e7as gr\u00e1ficas de empresas privadas devem ter o carimbo do COM\/CCS, e ficar\u00e3o expostos no per\u00edodo semestral da UFSM;<\/span><\/p>\n<p><span style=\"font-family: verdana, geneva, sans-serif\">10. Os cartazes que cont\u00eam divulga\u00e7\u00e3o de moradia, vendas, servi\u00e7os \u00a0\u2013 ter\u00e3o validade de 15 dias a partir da data registrada \u00a0no carimbo do COM\/CCS. Ap\u00f3s este per\u00edodo, o an\u00fancio ser\u00e1 retirado do mural. \u00a0Se for do interesse do divulgador permanecer com o an\u00fancio, este deve entrar em contato com a Subdivis\u00e3o de Comunica\u00e7\u00e3o do CCS pelo e-mail: <a href=\"mailto:comunica.ccs@ufsm.br\"><span id=\"cloak2e2ffc67d8a4c24e50ba517da71875de\">comunica.ccs@ufsm.br<\/span><\/a>;<\/span><\/p>\n<p><span style=\"font-family: verdana, geneva, sans-serif\">11. Materiais que forem expostos nos Murais do Centro e n\u00e3o respeitarem as exig\u00eancias do COM\/CCS ser\u00e3o retirados e descartados;<\/span><\/p>\n<p><span style=\"font-family: verdana, geneva, sans-serif\">12. Esta pol\u00edtica tornou-se necess\u00e1ria devido ao ac\u00famulo de\u00a0materiais antigos e que n\u00e3o condizem com o espa\u00e7o p\u00fablico de natureza acad\u00eamica,\u00a0bem como visam uma melhor gest\u00e3o da informa\u00e7\u00e3o e da comunica\u00e7\u00e3o do centro;<\/span><\/p>\n<p><span style=\"font-family: verdana, geneva, sans-serif\">13. Aspectos n\u00e3o tratados nesta pol\u00edtica, ser\u00e3o decididos pela equipe da Subdivis\u00e3o de Comunica\u00e7\u00e3o do CCS.<\/span><\/p>\n<p><span style=\"font-family: verdana, geneva, sans-serif\">Santa Maria, RS, 23 de agosto de 2023<\/span><\/p>\n<p><span style=\"font-family: verdana, geneva, sans-serif\">Alexandre Maccari Ferreira\u00a0<\/span><br \/>\n<span style=\"font-family: verdana, geneva, sans-serif\">Subdivis\u00e3o de Comunica\u00e7\u00e3o do Centro de Ci\u00eancias da Sa\u00fade<\/span><\/p>\n","protected":false},"excerpt":{"rendered":"<p>POL\u00cdTICA DE USO DOS MURAIS DO CCS 1. O Centro de Ci\u00eancias da Sa\u00fade est\u00e1 situado na Universidade Federal de Santa Maria &#8211; Campus Sede e sua estrutura f\u00edsica possui os pr\u00e9dios 26A, 26B, 26C, 26D, 26E, 26F, 26G, 26H, 19, 20, 21 e 28; 2. Os pr\u00e9dios do CCS possuem murais que possuem a [&hellip;]<\/p>\n","protected":false},"author":115,"featured_media":0,"parent":0,"menu_order":0,"comment_status":"closed","ping_status":"closed","template":"","meta":{"footnotes":""},"categories":[],"tags":[],"class_list":["post-848","page","type-page","status-publish","hentry"],"acf":[],"_links":{"self":[{"href":"https:\/\/www.ufsm.br\/unidades-universitarias\/ccs\/wp-json\/wp\/v2\/pages\/848","targetHints":{"allow":["GET"]}}],"collection":[{"href":"https:\/\/www.ufsm.br\/unidades-universitarias\/ccs\/wp-json\/wp\/v2\/pages"}],"about":[{"href":"https:\/\/www.ufsm.br\/unidades-universitarias\/ccs\/wp-json\/wp\/v2\/types\/page"}],"author":[{"embeddable":true,"href":"https:\/\/www.ufsm.br\/unidades-universitarias\/ccs\/wp-json\/wp\/v2\/users\/115"}],"replies":[{"embeddable":true,"href":"https:\/\/www.ufsm.br\/unidades-universitarias\/ccs\/wp-json\/wp\/v2\/comments?post=848"}],"version-history":[{"count":0,"href":"https:\/\/www.ufsm.br\/unidades-universitarias\/ccs\/wp-json\/wp\/v2\/pages\/848\/revisions"}],"wp:attachment":[{"href":"https:\/\/www.ufsm.br\/unidades-universitarias\/ccs\/wp-json\/wp\/v2\/media?parent=848"}],"wp:term":[{"taxonomy":"category","embeddable":true,"href":"https:\/\/www.ufsm.br\/unidades-universitarias\/ccs\/wp-json\/wp\/v2\/categories?post=848"},{"taxonomy":"post_tag","embeddable":true,"href":"https:\/\/www.ufsm.br\/unidades-universitarias\/ccs\/wp-json\/wp\/v2\/tags?post=848"}],"curies":[{"name":"wp","href":"https:\/\/api.w.org\/{rel}","templated":true}]}}