{"id":1265,"date":"2018-06-22T15:31:08","date_gmt":"2018-06-22T18:31:08","guid":{"rendered":"https:\/\/www.ufsm.br\/unidades-universitarias\/ccsh\/?page_id=1265"},"modified":"2025-06-06T10:15:51","modified_gmt":"2025-06-06T13:15:51","slug":"historico","status":"publish","type":"page","link":"https:\/\/www.ufsm.br\/unidades-universitarias\/ccsh\/historico","title":{"rendered":"Sobre"},"content":{"rendered":"<p>O Centro de Ci\u00eancias Sociais e Humanas (CCSH) da Universidade Federal de Santa Maria (UFSM) foi criado em 1970, originalmente chamado de Centro de Ci\u00eancias Jur\u00eddicas, Econ\u00f4micas e Administrativas, por ser composto pelos cursos: Administra\u00e7\u00e3o, Ci\u00eancias Cont\u00e1beis, Ci\u00eancias Econ\u00f4micas e Direito. Com a implementa\u00e7\u00e3o dos cursos de Arquivologia e de Comunica\u00e7\u00e3o Social (Habilita\u00e7\u00e3o em Jornalismo, Rela\u00e7\u00f5es P\u00fablicas e Publicidade e Propaganda), ainda na mesma d\u00e9cada, e do curso de Hist\u00f3ria, o Centro passou a ter a denomina\u00e7\u00e3o atual.<\/p>\n<p>O curso de Psicologia foi inserido em 1996, seguido pelo de Ci\u00eancias Sociais, em 1997. Os cursos de Filosofia Bacharelado, de Sociologia Licenciatura e de Rela\u00e7\u00f5es Internacionais iniciaram no segundo de semestre de 2009. No vestibular de 2010, foram abertas as vagas para os cursos de Servi\u00e7o Social e de Produ\u00e7\u00e3o Editorial.<\/p>\n<p>Essa atual configura\u00e7\u00e3o torna o CCSH o maior Centro de Ensino da UFSM, com 23 cursos de Gradua\u00e7\u00e3o e 12 Programas de P\u00f3s-gradua\u00e7\u00e3o, distribu\u00eddos em 12 departamentos. Os cursos que comp\u00f5em o Centro fundamentam-se na capacita\u00e7\u00e3o social e humana dos seus acad\u00eamicos e tem como principal preocupa\u00e7\u00e3o garantir a qualidade em ensino superior, pesquisa e extens\u00e3o.<\/p>\n","protected":false},"excerpt":{"rendered":"<p>O Centro de Ci\u00eancias Sociais e Humanas (CCSH) da Universidade Federal de Santa Maria (UFSM) foi criado em 1970, originalmente chamado de Centro de Ci\u00eancias Jur\u00eddicas, Econ\u00f4micas e Administrativas, por ser composto pelos cursos: Administra\u00e7\u00e3o, Ci\u00eancias Cont\u00e1beis, Ci\u00eancias Econ\u00f4micas e Direito. Com a implementa\u00e7\u00e3o dos cursos de Arquivologia e de Comunica\u00e7\u00e3o Social (Habilita\u00e7\u00e3o em Jornalismo, [&hellip;]<\/p>\n","protected":false},"author":46,"featured_media":0,"parent":0,"menu_order":0,"comment_status":"closed","ping_status":"closed","template":"","meta":{"footnotes":""},"categories":[],"tags":[],"class_list":["post-1265","page","type-page","status-publish","hentry"],"acf":[],"_links":{"self":[{"href":"https:\/\/www.ufsm.br\/unidades-universitarias\/ccsh\/wp-json\/wp\/v2\/pages\/1265","targetHints":{"allow":["GET"]}}],"collection":[{"href":"https:\/\/www.ufsm.br\/unidades-universitarias\/ccsh\/wp-json\/wp\/v2\/pages"}],"about":[{"href":"https:\/\/www.ufsm.br\/unidades-universitarias\/ccsh\/wp-json\/wp\/v2\/types\/page"}],"author":[{"embeddable":true,"href":"https:\/\/www.ufsm.br\/unidades-universitarias\/ccsh\/wp-json\/wp\/v2\/users\/46"}],"replies":[{"embeddable":true,"href":"https:\/\/www.ufsm.br\/unidades-universitarias\/ccsh\/wp-json\/wp\/v2\/comments?post=1265"}],"version-history":[{"count":0,"href":"https:\/\/www.ufsm.br\/unidades-universitarias\/ccsh\/wp-json\/wp\/v2\/pages\/1265\/revisions"}],"wp:attachment":[{"href":"https:\/\/www.ufsm.br\/unidades-universitarias\/ccsh\/wp-json\/wp\/v2\/media?parent=1265"}],"wp:term":[{"taxonomy":"category","embeddable":true,"href":"https:\/\/www.ufsm.br\/unidades-universitarias\/ccsh\/wp-json\/wp\/v2\/categories?post=1265"},{"taxonomy":"post_tag","embeddable":true,"href":"https:\/\/www.ufsm.br\/unidades-universitarias\/ccsh\/wp-json\/wp\/v2\/tags?post=1265"}],"curies":[{"name":"wp","href":"https:\/\/api.w.org\/{rel}","templated":true}]}}