{"id":1280,"date":"2018-06-22T17:08:49","date_gmt":"2018-06-22T20:08:49","guid":{"rendered":"https:\/\/www.ufsm.br\/unidades-universitarias\/ccsh\/?page_id=1280"},"modified":"2018-07-05T10:49:26","modified_gmt":"2018-07-05T13:49:26","slug":"pos-graduacao","status":"publish","type":"page","link":"https:\/\/www.ufsm.br\/unidades-universitarias\/ccsh\/pos-graduacao","title":{"rendered":"P\u00f3s-gradua\u00e7\u00e3o"},"content":{"rendered":"\t\t<div data-elementor-type=\"wp-post\" data-elementor-id=\"1280\" class=\"elementor elementor-1280 elementor-bc-flex-widget\">\n\t\t\t\t\t\t<section class=\"elementor-section elementor-top-section elementor-element elementor-element-2368481 elementor-section-boxed elementor-section-height-default elementor-section-height-default\" data-id=\"2368481\" data-element_type=\"section\">\n\t\t\t\t\t\t<div class=\"elementor-container elementor-column-gap-default\">\n\t\t\t\t\t<div class=\"elementor-column elementor-col-100 elementor-top-column elementor-element elementor-element-9c25303\" data-id=\"9c25303\" data-element_type=\"column\">\n\t\t\t<div class=\"elementor-widget-wrap elementor-element-populated\">\n\t\t\t\t\t\t<div class=\"elementor-element elementor-element-7895845 elementor-widget elementor-widget-wp-widget-ufsm_cursos_widget\" data-id=\"7895845\" data-element_type=\"widget\" data-widget_type=\"wp-widget-ufsm_cursos_widget.default\">\n\t\t\t\t<div class=\"elementor-widget-container\">\n\t\t\t\t\t<!-- Areas de Conhecimento -->\n\t\t<div class=\"areas_de_conhecimento\">\n\t\t\t\t\t\t\t<fieldset class=\"filtros\">\n\t\t\t\t\t<legend>\u00c1reas do Conhecimento<\/legend>\n\t\t\t\t\t<div class=\"lista_filtros\">\n\t\t\t\t\t\t<div class=\"row mb-3 mt-2\" id=\"lista_areas\">\n\t\t\t\t\t\t\t\t\t\t\t\t\t\t\t<div class=\"col-md-6 col-lg-4\">\n\t\t\t\t\t\t\t\t\t<button type=\"button\" onclick=\"ufsm.widgets.cursos.area(event, {idArea: 235});\" class=\"btn btn-sm btn_area\">\n\t\t\t\t\t\t\t\t\t\tCI\u00caNCIAS AGR\u00c1RIAS\t\t\t\t\t\t\t\t\t<\/button>\n\t\t\t\t\t\t\t\t<\/div>\n\t\t\t\t\t\t\t\t\t\t\t\t\t\t\t<div class=\"col-md-6 col-lg-4\">\n\t\t\t\t\t\t\t\t\t<button type=\"button\" onclick=\"ufsm.widgets.cursos.area(event, {idArea: 52});\" class=\"btn btn-sm btn_area\">\n\t\t\t\t\t\t\t\t\t\tCI\u00caNCIAS BIOL\u00d3GICAS\t\t\t\t\t\t\t\t\t<\/button>\n\t\t\t\t\t\t\t\t<\/div>\n\t\t\t\t\t\t\t\t\t\t\t\t\t\t\t<div class=\"col-md-6 col-lg-4\">\n\t\t\t\t\t\t\t\t\t<button type=\"button\" onclick=\"ufsm.widgets.cursos.area(event, {idArea: 191});\" class=\"btn btn-sm btn_area\">\n\t\t\t\t\t\t\t\t\t\tCI\u00caNCIAS DA SA\u00daDE\t\t\t\t\t\t\t\t\t<\/button>\n\t\t\t\t\t\t\t\t<\/div>\n\t\t\t\t\t\t\t\t\t\t\t\t\t\t\t<div class=\"col-md-6 col-lg-4\">\n\t\t\t\t\t\t\t\t\t<button type=\"button\" onclick=\"ufsm.widgets.cursos.area(event, {idArea: 2});\" class=\"btn btn-sm btn_area\">\n\t\t\t\t\t\t\t\t\t\tCI\u00caNCIAS EXATAS E DA TERRA\t\t\t\t\t\t\t\t\t<\/button>\n\t\t\t\t\t\t\t\t<\/div>\n\t\t\t\t\t\t\t\t\t\t\t\t\t\t\t<div class=\"col-md-6 col-lg-4\">\n\t\t\t\t\t\t\t\t\t<button type=\"button\" onclick=\"ufsm.widgets.cursos.area(event, {idArea: 334});\" class=\"btn btn-sm btn_area\">\n\t\t\t\t\t\t\t\t\t\tCI\u00caNCIAS HUMANAS\t\t\t\t\t\t\t\t\t<\/button>\n\t\t\t\t\t\t\t\t<\/div>\n\t\t\t\t\t\t\t\t\t\t\t\t\t\t\t<div class=\"col-md-6 col-lg-4\">\n\t\t\t\t\t\t\t\t\t<button type=\"button\" onclick=\"ufsm.widgets.cursos.area(event, {idArea: 277});\" class=\"btn btn-sm btn_area\">\n\t\t\t\t\t\t\t\t\t\tCI\u00caNCIAS SOCIAIS APLICADAS\t\t\t\t\t\t\t\t\t<\/button>\n\t\t\t\t\t\t\t\t<\/div>\n\t\t\t\t\t\t\t\t\t\t\t\t\t\t\t<div class=\"col-md-6 col-lg-4\">\n\t\t\t\t\t\t\t\t\t<button type=\"button\" onclick=\"ufsm.widgets.cursos.area(event, {idArea: 122});\" class=\"btn btn-sm btn_area\">\n\t\t\t\t\t\t\t\t\t\tENGENHARIAS\t\t\t\t\t\t\t\t\t<\/button>\n\t\t\t\t\t\t\t\t<\/div>\n\t\t\t\t\t\t\t\t\t\t\t\t\t\t\t<div class=\"col-md-6 col-lg-4\">\n\t\t\t\t\t\t\t\t\t<button type=\"button\" onclick=\"ufsm.widgets.cursos.area(event, {idArea: 400});\" class=\"btn btn-sm btn_area\">\n\t\t\t\t\t\t\t\t\t\tLINGU\u00cdSTICA, LETRAS E ARTES\t\t\t\t\t\t\t\t\t<\/button>\n\t\t\t\t\t\t\t\t<\/div>\n\t\t\t\t\t\t\t\t\t\t\t\t\t\t\t<div class=\"col-md-6 col-lg-4\">\n\t\t\t\t\t\t\t\t\t<button type=\"button\" onclick=\"ufsm.widgets.cursos.area(event, {idArea: 430});\" class=\"btn btn-sm btn_area\">\n\t\t\t\t\t\t\t\t\t\tOUTROS\t\t\t\t\t\t\t\t\t<\/button>\n\t\t\t\t\t\t\t\t<\/div>\n\t\t\t\t\t\t\t\t\t\t\t\t\t<\/div>\n\t\t\t\t\t<\/div>\n\t\t\t\t<\/fieldset>\n\t\t\t\t\t\t<!-- Listagem de Cursos -->\n\t\t\t<ul class=\"row\" id=\"lista_cursos\">\n\t\t\t\t\t\t\t\t\t<li class=\"col-lg-6 area_277\">\n\t\t\t\t\t\t<a class='d-block text-wrap' href=\/cursos\/pos-graduacao\/santa-maria\/ppgacc\/informacoes-do-curriculo?language= title='P\u00f3s-Gradua\u00e7\u00e3o em Administra\u00e7\u00e3o'>P\u00f3s-Gradua\u00e7\u00e3o em Administra\u00e7\u00e3o<\/a>\t\t\t\t\t<\/li>\n\t\t\t\t\t\t\t\t\t<li class=\"col-lg-6 area_277\">\n\t\t\t\t\t\t<a class='d-block text-wrap' href=\/cursos\/pos-graduacao\/santa-maria\/ppgapublica\/informacoes-do-curriculo?language= title='P\u00f3s-Gradua\u00e7\u00e3o em Administra\u00e7\u00e3o P\u00fablica'>P\u00f3s-Gradua\u00e7\u00e3o em Administra\u00e7\u00e3o P\u00fablica<\/a>\t\t\t\t\t<\/li>\n\t\t\t\t\t\t\t\t\t<li class=\"col-lg-6 area_277\">\n\t\t\t\t\t\t<a class='d-block text-wrap' href=\/cursos\/pos-graduacao\/santa-maria\/ppgacc\/informacoes-do-curriculo?language= title='P\u00f3s-Gradua\u00e7\u00e3o em Administra\u00e7\u00e3o e Ci\u00eancias Cont\u00e1beis'>P\u00f3s-Gradua\u00e7\u00e3o em Administra\u00e7\u00e3o e Ci\u00eancias Cont\u00e1beis<\/a>\t\t\t\t\t<\/li>\n\t\t\t\t\t\t\t\t\t<li class=\"col-lg-6 area_277\">\n\t\t\t\t\t\t<a class='d-block text-wrap' href=\/cursos\/pos-graduacao\/santa-maria\/ppgacc\/informacoes-do-curriculo?language= title='P\u00f3s-Gradua\u00e7\u00e3o em Ci\u00eancias Cont\u00e1beis'>P\u00f3s-Gradua\u00e7\u00e3o em Ci\u00eancias Cont\u00e1beis<\/a>\t\t\t\t\t<\/li>\n\t\t\t\t\t\t\t\t\t<li class=\"col-lg-6 area_430\">\n\t\t\t\t\t\t<a class='d-block text-wrap' href=\/cursos\/pos-graduacao\/santa-maria\/ppgcsociais\/informacoes-do-curriculo?language= title='P\u00f3s-Gradua\u00e7\u00e3o em Ci\u00eancias Sociais'>P\u00f3s-Gradua\u00e7\u00e3o em Ci\u00eancias Sociais<\/a>\t\t\t\t\t<\/li>\n\t\t\t\t\t\t\t\t\t<li class=\"col-lg-6 area_277\">\n\t\t\t\t\t\t<a class='d-block text-wrap' href=\/cursos\/pos-graduacao\/santa-maria\/poscom\/informacoes-do-curriculo?language= title='P\u00f3s-Gradua\u00e7\u00e3o em Comunica\u00e7\u00e3o'>P\u00f3s-Gradua\u00e7\u00e3o em Comunica\u00e7\u00e3o<\/a>\t\t\t\t\t<\/li>\n\t\t\t\t\t\t\t\t\t<li class=\"col-lg-6 area_277\">\n\t\t\t\t\t\t<a class='d-block text-wrap' href=\/cursos\/pos-graduacao\/santa-maria\/ppgd\/informacoes-do-curriculo?language= title='P\u00f3s-Gradua\u00e7\u00e3o em Direito'>P\u00f3s-Gradua\u00e7\u00e3o em Direito<\/a>\t\t\t\t\t<\/li>\n\t\t\t\t\t\t\t\t\t<li class=\"col-lg-6 area_277\">\n\t\t\t\t\t\t<a class='d-block text-wrap' href=\/cursos\/pos-graduacao\/santa-maria\/ppged\/informacoes-do-curriculo?language= title='P\u00f3s-Gradua\u00e7\u00e3o em Economia e Desenvolvimento'>P\u00f3s-Gradua\u00e7\u00e3o em Economia e Desenvolvimento<\/a>\t\t\t\t\t<\/li>\n\t\t\t\t\t\t\t\t\t<li class=\"col-lg-6 area_334\">\n\t\t\t\t\t\t<a class='d-block text-wrap' href=\/cursos\/pos-graduacao\/santa-maria\/ppgf\/informacoes-do-curriculo?language= title='P\u00f3s-Gradua\u00e7\u00e3o em Filosofia'>P\u00f3s-Gradua\u00e7\u00e3o em Filosofia<\/a>\t\t\t\t\t<\/li>\n\t\t\t\t\t\t\t\t\t<li class=\"col-lg-6 area_277\">\n\t\t\t\t\t\t<a class='d-block text-wrap' href=\/cursos\/pos-graduacao\/santa-maria\/ppgop\/informacoes-do-curriculo?language= title='P\u00f3s-Gradua\u00e7\u00e3o em Gest\u00e3o de Organiza\u00e7\u00f5es P\u00fablicas'>P\u00f3s-Gradua\u00e7\u00e3o em Gest\u00e3o de Organiza\u00e7\u00f5es P\u00fablicas<\/a>\t\t\t\t\t<\/li>\n\t\t\t\t\t\t\t\t\t<li class=\"col-lg-6 area_334\">\n\t\t\t\t\t\t<a class='d-block text-wrap' href=\/cursos\/pos-graduacao\/santa-maria\/ppgh\/informacoes-do-curriculo?language= title='P\u00f3s-Gradua\u00e7\u00e3o em Hist\u00f3ria'>P\u00f3s-Gradua\u00e7\u00e3o em Hist\u00f3ria<\/a>\t\t\t\t\t<\/li>\n\t\t\t\t\t\t\t\t\t<li class=\"col-lg-6 area_430\">\n\t\t\t\t\t\t<a class='d-block text-wrap' href=\/cursos\/pos-graduacao\/santa-maria\/ppgpc\/informacoes-do-curriculo?language= title='P\u00f3s-Gradua\u00e7\u00e3o em Patrim\u00f4nio Cultural'>P\u00f3s-Gradua\u00e7\u00e3o em Patrim\u00f4nio Cultural<\/a>\t\t\t\t\t<\/li>\n\t\t\t\t\t\t\t\t\t<li class=\"col-lg-6 area_334\">\n\t\t\t\t\t\t<a class='d-block text-wrap' href=\/cursos\/pos-graduacao\/santa-maria\/ppgp\/informacoes-do-curriculo?language= title='P\u00f3s-Gradua\u00e7\u00e3o em Psicologia'>P\u00f3s-Gradua\u00e7\u00e3o em Psicologia<\/a>\t\t\t\t\t<\/li>\n\t\t\t\t\t\t\t\t\t<li class=\"col-lg-6 area_334\">\n\t\t\t\t\t\t<a class='d-block text-wrap' href=\/cursos\/pos-graduacao\/santa-maria\/ppgri\/informacoes-do-curriculo?language= title='P\u00f3s-Gradua\u00e7\u00e3o em Rela\u00e7\u00f5es Internacionais'>P\u00f3s-Gradua\u00e7\u00e3o em Rela\u00e7\u00f5es Internacionais<\/a>\t\t\t\t\t<\/li>\n\t\t\t\t\t\t\t\t\t<li class=\"col-lg-6 area_277\">\n\t\t\t\t\t\t<a class='d-block text-wrap' href=\/cursos\/pos-graduacao\/santa-maria\/ppgsspp\/informacoes-do-curriculo?language= title='P\u00f3s-Gradua\u00e7\u00e3o em Servi\u00e7o Social e Pol\u00edticas P\u00fablicas'>P\u00f3s-Gradua\u00e7\u00e3o em Servi\u00e7o Social e Pol\u00edticas P\u00fablicas<\/a>\t\t\t\t\t<\/li>\n\t\t\t\t\t\t\t<\/ul>\n\t\t\t<!-- !Listagem de Cursos -->\n\t\t<\/div>\n\t\t\t\t<\/div>\n\t\t\t\t<\/div>\n\t\t\t\t\t<\/div>\n\t\t<\/div>\n\t\t\t\t\t<\/div>\n\t\t<\/section>\n\t\t\t\t<\/div>\n\t\t","protected":false},"excerpt":{"rendered":"","protected":false},"author":46,"featured_media":0,"parent":0,"menu_order":0,"comment_status":"closed","ping_status":"closed","template":"","meta":{"footnotes":""},"categories":[],"tags":[],"class_list":["post-1280","page","type-page","status-publish","hentry"],"acf":[],"_links":{"self":[{"href":"https:\/\/www.ufsm.br\/unidades-universitarias\/ccsh\/wp-json\/wp\/v2\/pages\/1280","targetHints":{"allow":["GET"]}}],"collection":[{"href":"https:\/\/www.ufsm.br\/unidades-universitarias\/ccsh\/wp-json\/wp\/v2\/pages"}],"about":[{"href":"https:\/\/www.ufsm.br\/unidades-universitarias\/ccsh\/wp-json\/wp\/v2\/types\/page"}],"author":[{"embeddable":true,"href":"https:\/\/www.ufsm.br\/unidades-universitarias\/ccsh\/wp-json\/wp\/v2\/users\/46"}],"replies":[{"embeddable":true,"href":"https:\/\/www.ufsm.br\/unidades-universitarias\/ccsh\/wp-json\/wp\/v2\/comments?post=1280"}],"version-history":[{"count":0,"href":"https:\/\/www.ufsm.br\/unidades-universitarias\/ccsh\/wp-json\/wp\/v2\/pages\/1280\/revisions"}],"wp:attachment":[{"href":"https:\/\/www.ufsm.br\/unidades-universitarias\/ccsh\/wp-json\/wp\/v2\/media?parent=1280"}],"wp:term":[{"taxonomy":"category","embeddable":true,"href":"https:\/\/www.ufsm.br\/unidades-universitarias\/ccsh\/wp-json\/wp\/v2\/categories?post=1280"},{"taxonomy":"post_tag","embeddable":true,"href":"https:\/\/www.ufsm.br\/unidades-universitarias\/ccsh\/wp-json\/wp\/v2\/tags?post=1280"}],"curies":[{"name":"wp","href":"https:\/\/api.w.org\/{rel}","templated":true}]}}