{"id":1284,"date":"2018-06-22T17:23:12","date_gmt":"2018-06-22T20:23:12","guid":{"rendered":"https:\/\/www.ufsm.br\/unidades-universitarias\/ccsh\/?page_id=1284"},"modified":"2019-06-11T09:29:13","modified_gmt":"2019-06-11T12:29:13","slug":"revistas","status":"publish","type":"page","link":"https:\/\/www.ufsm.br\/unidades-universitarias\/ccsh\/revistas","title":{"rendered":"Revistas"},"content":{"rendered":"<p><strong>Animus &#8211; Revista Interamericana de Comunica\u00e7\u00e3o Midi\u00e1tica<\/strong><br \/>\nRespons\u00e1veis: Ada Cristina Machado Silveira<br \/>\nE-mail:\u00a0<span id=\"cloak4ba020ffe3fc942435f6fe90ca68a2df\"><\/span><a href=\"mailto:revistaanimus@ufsm.br\">revistaanimus@ufsm.br<\/a><br \/>\nSite:\u00a0<a href=\"http:\/\/cascavel.ufsm.br\/revistas\/ojs-2.2.2\/index.php\/animus\/index\" target=\"_blank\" rel=\"noopener noreferrer\">Link<\/a><\/p>\n<p><strong>Cadernos de Comunica\u00e7\u00e3o<\/strong><br \/>\nRespons\u00e1vel: Flavi Ferreira Lisb\u00f4a Filho<br \/>\nE-mail:\u00a0<span id=\"cloak1bc334621830dd9e7c6bda5df38e4c24\"><\/span><a href=\"mailto:flavilisboa@gmail.com\">flavilisboa@gmail.com<\/a><br \/>\nSobre:\u00a0<a href=\"http:\/\/cascavel.ufsm.br\/revistas\/ojs-2.2.2\/index.php\/ccomunicacao\/index\" target=\"_blank\" rel=\"noopener noreferrer\">Link<\/a><\/p>\n<p><strong>Economia e Desenvolvimento &#8211; RE&amp;D<\/strong><br \/>\nRespons\u00e1vel: Paulo Ricardo Feistel<br \/>\nE-mail:\u00a0<span id=\"cloak5fa92f216e6a191c9ff4a26eaa361326\"><\/span><a href=\"mailto:revistaeed.ufsm@gmail.com\">revistaeed.ufsm@gmail.com<\/a><br \/>\nSite:\u00a0<a href=\"http:\/\/cascavel.ufsm.br\/revistas\/ojs-2.2.2\/index.php\/eed\/index\" target=\"_blank\" rel=\"noopener noreferrer\">Link<\/a><\/p>\n<p><strong>Revista .TXT<\/strong><br \/>\nRespons\u00e1vel: Viviane Borelli<br \/>\nE-mail:\u00a0<span id=\"cloake9d45b0d1fa7cf1a8a691b8027cb57e6\"><\/span><a href=\"mailto:txt.revista@gmail.com\">txt.revista@gmail.com<\/a><br \/>\nSite:\u00a0<a href=\"http:\/\/coral.ufsm.br\/revistatxt\/\" target=\"_blank\" rel=\"noopener noreferrer\">Link<\/a><\/p>\n<p><strong>Revista de Administra\u00e7\u00e3o da UFSM &#8211; ReA UFSM<\/strong><br \/>\nRespons\u00e1vel: Clandia Maffini Gomes<br \/>\nE-mail:\u00a0<span id=\"cloak3292febb16544408d04e163b42088c94\"><\/span><a href=\"mailto:rea@smail.ufsm.br\">rea@smail.ufsm.br<\/a><br \/>\nSite:\u00a0<a href=\"http:\/\/cascavel.ufsm.br\/revistas\/ojs-2.2.2\/index.php\/reaufsm\/index\" target=\"_blank\" rel=\"noopener noreferrer\">Link<br \/>\n<\/a><\/p>\n<p><strong>Revista Direitos Emergentes na Sociedade Global<\/strong><br \/>\nRespons\u00e1veis: Cristiano Isaia, J\u00e2nia Saldanha e Rafael Santos de Oliveira<br \/>\nE-mail:\u00a0<span id=\"cloak3bd87dde9882b3e0c3b876289b545563\"><\/span><a href=\"mailto:redesg@ufsm.br\">redesg@ufsm.br<\/a><br \/>\nSite:\u00a0<a href=\"http:\/\/cascavel.ufsm.br\/revistas\/ojs-2.2.2\/index.php\/REDESG\/index\" target=\"_blank\" rel=\"noopener noreferrer\">Link<\/a><\/p>\n<p><strong>Revista Eletr\u00f4nica de Contabilidade<\/strong><br \/>\nRespons\u00e1vel: Robson Machado da Rosa<br \/>\nE-mail:\u00a0<span id=\"cloak433f6470c5aedbc74931e0659f9b9268\"><\/span><a href=\"mailto:revistacontabeis@gmail.com\">revistacontabeis@gmail.com<\/a><br \/>\nSite:\u00a0<a href=\"http:\/\/cascavel.ufsm.br\/revistas\/ojs-2.2.2\/index.php\/contabilidade\/index\" target=\"_blank\" rel=\"noopener noreferrer\">Link<\/a><\/p>\n<p><strong>Revista Eletr\u00f4nica do Curso de Direito<\/strong><br \/>\nRespons\u00e1vel: Rafael Santos de Oliveira<br \/>\nE-mail:\u00a0<span id=\"cloak33a2a086321e278a926f1cae07370718\"><\/span><a href=\"mailto:rafael.oliveira@ufsm.br\">rafael.oliveira@ufsm.br<\/a><br \/>\nSite:\u00a0<a href=\"http:\/\/cascavel.ufsm.br\/revistas\/ojs-2.2.2\/index.php\/revistadireito\/index\" target=\"_blank\" rel=\"noopener noreferrer\">Link<\/a><\/p>\n<p><strong>Revista InterA\u00e7\u00e3o<\/strong><br \/>\nRespons\u00e1vel: Jos\u00e9 Renato Ferraz da Silveira<br \/>\nE-mail:\u00a0<span id=\"cloak041adf7ccf8b66990b443db9c063c40a\"><\/span><a href=\"mailto:jreferraz@hotmail.com\">jreferraz@hotmail.com<\/a><br \/>\nSite:\u00a0<a href=\"http:\/\/cascavel.ufsm.br\/revistas\/ojs-2.2.2\/index.php\/interacao\/index\" target=\"_blank\" rel=\"noopener noreferrer\">Link<\/a><\/p>\n<p><strong>Revista Lepa<\/strong><br \/>\nE-mail:\u00a0<span id=\"cloak055efdc81833e9a1749fd01a2338923d\"><\/span><a href=\"mailto:revistalepa@gmail.com\">revistalepa@gmail.com<\/a><br \/>\nSite:\u00a0<a href=\"http:\/\/coral.ufsm.br\/lepa\/revista\/index.html\" target=\"_blank\" rel=\"noopener noreferrer\">Link<\/a><\/p>\n<p><strong>Revista O QI<\/strong><br \/>\nRespons\u00e1vel: Cl\u00e1udia Regina Ziliotto Bomf\u00e1<br \/>\nE-mail:\u00a0<span id=\"cloak0e337b7dc7d8f4fa04f45456220fea1f\"><\/span><a href=\"mailto:revistaoqi@gmail.com\">revistaoqi@gmail.com<\/a><br \/>\nSite:\u00a0<a href=\"http:\/\/revistaoqi.wordpress.com\/\" target=\"_blank\" rel=\"noopener noreferrer\">Link<br \/>\n<\/a><\/p>\n<p><strong>Revista Pr\u00e1ticas de Administra\u00e7\u00e3o P\u00fablica<\/strong><br \/>\nRespons\u00e1vel:\u00a0Kelmara Mendes Vieira<br \/>\nE-mail:\u00a0<span id=\"cloakf26185e5dbc63f90c4938f96c812f6e4\"><\/span><a href=\"mailto:revistapap@ufsm.br\">revistapap@ufsm.br<\/a><br \/>\nSite:\u00a0<a href=\"https:\/\/periodicos.ufsm.br\/pap\">Link<br \/>\n<\/a><a href=\"http:\/\/w3.ufsm.br\/ccsh\/images\/Template.docx\">Modelo Template<\/a><\/p>\n<p><a href=\"http:\/\/revistaoqi.wordpress.com\/\" target=\"_blank\" rel=\"noopener noreferrer\"><br \/>\n<\/a><strong>Revista Sociais e Humanas<\/strong><br \/>\nRespons\u00e1vel:\u00a0Sheila Kocourek<br \/>\nE-mail:\u00a0<span id=\"cloak6d3679d0b5cc33afd99db77749fcf0f2\"><\/span><a href=\"mailto:revistaccsh@gmail.com\">revistaccsh@gmail.com<\/a><br \/>\nSite:\u00a0<a href=\"http:\/\/cascavel.ufsm.br\/revistas\/ojs-2.2.2\/index.php\/sociaisehumanas\/index\" target=\"_blank\" rel=\"noopener noreferrer\">Link<\/a><\/p>\n<p><strong>S\u00e9culo XXI &#8211; Revista de Ci\u00eancias Sociais<\/strong><br \/>\nRespons\u00e1vel: Ricardo Mayer<br \/>\nE-mail:\u00a0<span id=\"cloak32df89951d71e11950c47cff86d8828d\"><\/span><a href=\"mailto:seculoxxippgcs@gmail.com\">seculoxxippgcs@gmail.com<\/a><br \/>\nSite:\u00a0<a href=\"http:\/\/cascavel.ufsm.br\/revistas\/ojs-2.2.2\/index.php\/seculoxxi\/index\" target=\"_blank\" rel=\"noopener noreferrer\">Link<\/a><\/p>\n<p><strong>Voluntas: Revista Internacional de Filosofia<\/strong><br \/>\nRespons\u00e1vel: Vilmar Debona<br \/>\nE-mail: voluntas@ufsm.br<br \/>\nSite: <a href=\"https:\/\/periodicos.ufsm.br\/voluntas\">Link<\/a><\/p>\n","protected":false},"excerpt":{"rendered":"<p>Animus &#8211; Revista Interamericana de Comunica\u00e7\u00e3o Midi\u00e1tica Respons\u00e1veis: Ada Cristina Machado Silveira E-mail:\u00a0revistaanimus@ufsm.br Site:\u00a0Link Cadernos de Comunica\u00e7\u00e3o Respons\u00e1vel: Flavi Ferreira Lisb\u00f4a Filho E-mail:\u00a0flavilisboa@gmail.com Sobre:\u00a0Link Economia e Desenvolvimento &#8211; RE&amp;D Respons\u00e1vel: Paulo Ricardo Feistel E-mail:\u00a0revistaeed.ufsm@gmail.com Site:\u00a0Link Revista .TXT Respons\u00e1vel: Viviane Borelli E-mail:\u00a0txt.revista@gmail.com Site:\u00a0Link Revista de Administra\u00e7\u00e3o da UFSM &#8211; ReA UFSM Respons\u00e1vel: Clandia Maffini Gomes E-mail:\u00a0rea@smail.ufsm.br [&hellip;]<\/p>\n","protected":false},"author":46,"featured_media":0,"parent":0,"menu_order":0,"comment_status":"closed","ping_status":"closed","template":"","meta":{"footnotes":""},"categories":[],"tags":[],"class_list":["post-1284","page","type-page","status-publish","hentry"],"acf":[],"_links":{"self":[{"href":"https:\/\/www.ufsm.br\/unidades-universitarias\/ccsh\/wp-json\/wp\/v2\/pages\/1284","targetHints":{"allow":["GET"]}}],"collection":[{"href":"https:\/\/www.ufsm.br\/unidades-universitarias\/ccsh\/wp-json\/wp\/v2\/pages"}],"about":[{"href":"https:\/\/www.ufsm.br\/unidades-universitarias\/ccsh\/wp-json\/wp\/v2\/types\/page"}],"author":[{"embeddable":true,"href":"https:\/\/www.ufsm.br\/unidades-universitarias\/ccsh\/wp-json\/wp\/v2\/users\/46"}],"replies":[{"embeddable":true,"href":"https:\/\/www.ufsm.br\/unidades-universitarias\/ccsh\/wp-json\/wp\/v2\/comments?post=1284"}],"version-history":[{"count":0,"href":"https:\/\/www.ufsm.br\/unidades-universitarias\/ccsh\/wp-json\/wp\/v2\/pages\/1284\/revisions"}],"wp:attachment":[{"href":"https:\/\/www.ufsm.br\/unidades-universitarias\/ccsh\/wp-json\/wp\/v2\/media?parent=1284"}],"wp:term":[{"taxonomy":"category","embeddable":true,"href":"https:\/\/www.ufsm.br\/unidades-universitarias\/ccsh\/wp-json\/wp\/v2\/categories?post=1284"},{"taxonomy":"post_tag","embeddable":true,"href":"https:\/\/www.ufsm.br\/unidades-universitarias\/ccsh\/wp-json\/wp\/v2\/tags?post=1284"}],"curies":[{"name":"wp","href":"https:\/\/api.w.org\/{rel}","templated":true}]}}