{"id":1286,"date":"2018-06-22T17:25:38","date_gmt":"2018-06-22T20:25:38","guid":{"rendered":"https:\/\/www.ufsm.br\/unidades-universitarias\/ccsh\/?page_id=1286"},"modified":"2020-05-18T15:24:31","modified_gmt":"2020-05-18T18:24:31","slug":"empresas-jr","status":"publish","type":"page","link":"https:\/\/www.ufsm.br\/unidades-universitarias\/ccsh\/empresas-jr","title":{"rendered":"Empresas Jr"},"content":{"rendered":"\t\t<div data-elementor-type=\"wp-post\" data-elementor-id=\"1286\" class=\"elementor elementor-1286 elementor-bc-flex-widget\">\n\t\t\t\t\t\t<section class=\"elementor-section elementor-top-section elementor-element elementor-element-866f02f elementor-section-boxed elementor-section-height-default elementor-section-height-default\" data-id=\"866f02f\" data-element_type=\"section\">\n\t\t\t\t\t\t<div class=\"elementor-container elementor-column-gap-default\">\n\t\t\t\t\t<div class=\"elementor-column elementor-col-100 elementor-top-column elementor-element elementor-element-c9595af\" data-id=\"c9595af\" data-element_type=\"column\">\n\t\t\t<div class=\"elementor-widget-wrap elementor-element-populated\">\n\t\t\t\t\t\t<div class=\"elementor-element elementor-element-538f692 elementor-widget elementor-widget-toggle\" data-id=\"538f692\" data-element_type=\"widget\" data-widget_type=\"toggle.default\">\n\t\t\t\t<div class=\"elementor-widget-container\">\n\t\t\t\t\t<div class=\"elementor-toggle\">\n\t\t\t\t\t\t\t<div class=\"elementor-toggle-item\">\n\t\t\t\t\t<div id=\"elementor-tab-title-8761\" class=\"elementor-tab-title\" data-tab=\"1\" role=\"button\" aria-controls=\"elementor-tab-content-8761\" aria-expanded=\"false\">\n\t\t\t\t\t\t\t\t\t\t\t\t<span class=\"elementor-toggle-icon elementor-toggle-icon-left\" aria-hidden=\"true\">\n\t\t\t\t\t\t\t\t\t\t\t\t\t\t\t<span class=\"elementor-toggle-icon-closed\"><i class=\"fas fa-caret-right\"><\/i><\/span>\n\t\t\t\t\t\t\t\t<span class=\"elementor-toggle-icon-opened\"><i class=\"elementor-toggle-icon-opened fas fa-caret-up\"><\/i><\/span>\n\t\t\t\t\t\t\t\t\t\t\t\t\t<\/span>\n\t\t\t\t\t\t\t\t\t\t\t\t<a class=\"elementor-toggle-title\" tabindex=\"0\">OBJETIVA JR<\/a>\n\t\t\t\t\t<\/div>\n\n\t\t\t\t\t<div id=\"elementor-tab-content-8761\" class=\"elementor-tab-content elementor-clearfix\" data-tab=\"1\" role=\"region\" aria-labelledby=\"elementor-tab-title-8761\"><p>A OBJETIVA JR \u00e9 uma Empresa J\u00fanior, vinculada ao Curso de Administra\u00e7\u00e3o da UFSM, que presta servi\u00e7os de consultoria, com qualidade e profissionalismo, para empresas de Santa Maria e regi\u00e3o. Atua, desde 1994, congregando acad\u00eamicos de diversos cursos, sob a orienta\u00e7\u00e3o de professores altamente qualificados.<br \/>A OBJETIVA JR presta servi\u00e7os de consultoria seguintes nas \u00e1reas da administra\u00e7\u00e3o:<\/p><ul><li><span style=\"color: #000000;\">Administra\u00e7\u00e3o geral: planejamento estrat\u00e9gico e plano de neg\u00f3cios;<\/span><\/li><li><span style=\"color: #000000;\">Finan\u00e7as: estrutura\u00e7\u00e3o financeira, planejamento financeiro e viabilidade econ\u00f4mico-financeira;<\/span><\/li><li><span style=\"color: #000000;\">Gest\u00e3o de pessoas: pesquisa de clima organizacional e an\u00e1lise e descri\u00e7\u00e3o de cargos;<\/span><\/li><li><span style=\"color: #000000;\">Marketing: plano de marketing, pesquisa de mercado e pesquisa de satisfa\u00e7\u00e3o;<\/span><\/li><li><span style=\"color: #000000;\">Qualidade: implanta\u00e7\u00e3o do programa 5S e mapeamento de processos.<\/span><\/li><\/ul><p><strong>CONTATO<br \/><\/strong>Fone: (55) 3027-7473<br \/>Email:\u00a0<span id=\"cloakfd725f0409a6a2d126524a886e8f6b08\"><\/span><a href=\"mailto:contato@objetivajr.com\">contato@objetivajr.com<\/a><br \/>Site:\u00a0<a href=\"http:\/\/www.objetivajr.com.br\/\" target=\"_blank\" rel=\"noopener\">Link<br \/><\/a>Facebook:\u00a0<a href=\"https:\/\/www.facebook.com\/objetivajr\" target=\"_blank\" rel=\"noopener\">Link<\/a><\/p><p><strong>HOR\u00c1RIO DE ATENDIMENTO<br \/><\/strong>De segunda a sexta-feira das 10h \u00e0s 12h e das 14h \u00e0s 18h.<\/p><p><strong>LOCALIZA\u00c7\u00c3O<br \/><\/strong>Pr\u00e9dio 74C, sala 4124<br \/>Campus UFSM<\/p><\/div>\n\t\t\t\t<\/div>\n\t\t\t\t\t\t\t<div class=\"elementor-toggle-item\">\n\t\t\t\t\t<div id=\"elementor-tab-title-8762\" class=\"elementor-tab-title\" data-tab=\"2\" role=\"button\" aria-controls=\"elementor-tab-content-8762\" aria-expanded=\"false\">\n\t\t\t\t\t\t\t\t\t\t\t\t<span class=\"elementor-toggle-icon elementor-toggle-icon-left\" aria-hidden=\"true\">\n\t\t\t\t\t\t\t\t\t\t\t\t\t\t\t<span class=\"elementor-toggle-icon-closed\"><i class=\"fas fa-caret-right\"><\/i><\/span>\n\t\t\t\t\t\t\t\t<span class=\"elementor-toggle-icon-opened\"><i class=\"elementor-toggle-icon-opened fas fa-caret-up\"><\/i><\/span>\n\t\t\t\t\t\t\t\t\t\t\t\t\t<\/span>\n\t\t\t\t\t\t\t\t\t\t\t\t<a class=\"elementor-toggle-title\" tabindex=\"0\">F5 JUNIOR<\/a>\n\t\t\t\t\t<\/div>\n\n\t\t\t\t\t<div id=\"elementor-tab-content-8762\" class=\"elementor-tab-content elementor-clearfix\" data-tab=\"2\" role=\"region\" aria-labelledby=\"elementor-tab-title-8762\"><div><span style=\"color: #000000; font-size: 12pt;\">A F5 Junior \u00e9 a empresa j\u00fanior de Rela\u00e7\u00f5es Internacionais da UFSM. A cria\u00e7\u00e3o da empresa foi movida por um esp\u00edrito\u00a0empreendedor, internacionalista e inovador. \u00c9 justamente dessa concep\u00e7\u00e3o que optou-se\u00a0pelo nome &#8220;F5&#8221;: uma forma de &#8220;atualizar&#8221; n\u00e3o somente o curso de Rela\u00e7\u00f5es\u00a0Internacionais, mas tamb\u00e9m a cidade de Santa Maria. Busca incentivar e\u00a0trabalhar com o lado empresarial do campo das Rela\u00e7\u00f5es Internacionais, que lida com\u00a0\u00e1reas voltadas ao com\u00e9rcio exterior e aux\u00edlio no\u00a0processo de internacionaliza\u00e7\u00e3o.\u00a0<\/span><\/div><div><span style=\"color: #000000;\"><span style=\"font-size: 12pt;\">Trabalha com os seguintes servi\u00e7os:<\/span>\u00a0<\/span><\/div><div>\u00a0<\/div><div><ul><li><span style=\"color: #000000;\">An\u00e1lise Mercadol\u00f3gica: A F5 desenvolve estudos anal\u00edticos que abordam as op\u00e7\u00f5es de neg\u00f3cios, os potenciais\u00a0fornecedores e seus consumidores a fim de descobrir a capacidade e a adaptabilidade do seu produto no mercado.\u00a0<\/span><\/li><li><span style=\"color: #000000;\">An\u00e1lise Log\u00edstica: Uma an\u00e1lise dos processos burocr\u00e1ticos que envolvem toda a documenta\u00e7\u00e3o e transporte do produto, otimizando o processo e trazendo a melhor op\u00e7\u00e3o de custo-benef\u00edcio para nossos clientes.<\/span><\/li><li><span style=\"color: #000000;\">An\u00e1lise de Tributa\u00e7\u00e3o:\u00a0Uma an\u00e1lise que comporta todo o tratamento tribut\u00e1rio do produto durante seu processo de internacionaliza\u00e7\u00e3o, auxiliando na sua precifica\u00e7\u00e3o final e evitando problemas alfandeg\u00e1rios.<\/span><\/li><li><span style=\"color: #000000;\">An\u00e1lise de Negocia\u00e7\u00e3o Internacional: um estudo que integra an\u00e1lises de aspectos culturais, sociais e pol\u00edticos que facilitam o processo de negocia\u00e7\u00e3o e aceita\u00e7\u00e3o do produto pelo mercado-alvo.<\/span><\/li><\/ul><div><span style=\"color: #000000; font-size: 12pt;\"><strong>CONTATO<\/strong><\/span><\/div><div><span style=\"color: #000000; font-size: 12pt;\">Fone: (55) 3220-8714 ou (55) 98133-4090<\/span><\/div><div><span style=\"font-size: 12pt;\"><span style=\"color: #000000;\">Email:<\/span>\u00a0<a href=\"mailto:comercial.f5jr@gmail.com\" target=\"_blank\" rel=\"noopener noreferrer\">comercial.f5jr@gmail.<wbr \/>com<\/a>\u00a0<\/span><br \/><span style=\"font-size: 12pt;\"><span style=\"color: #000000;\">Site<\/span>:\u00a0<a href=\"http:\/\/www.f5jr.com\/\" target=\"_blank\" rel=\"noopener noreferrer\" data-saferedirecturl=\"https:\/\/www.google.com\/url?hl=pt-BR&amp;q=http:\/\/www.f5jr.com&amp;source=gmail&amp;ust=1526050667152000&amp;usg=AFQjCNF3QWNXsUSCJjVW_vwUZ7717nI5cw\">www.f5jr.com<\/a>\u00a0<a href=\"http:\/\/www.objetivajr.com.br\/\" target=\"_blank\" rel=\"noopener noreferrer\" data-saferedirecturl=\"https:\/\/www.google.com\/url?hl=pt-BR&amp;q=http:\/\/www.objetivajr.com.br\/&amp;source=gmail&amp;ust=1526050667152000&amp;usg=AFQjCNFIfjh_Y0FygiKAsn_T7rlAVjKOZg\"><br \/><\/a><span style=\"color: #000000;\">Facebook:<\/span>\u00a0<a href=\"http:\/\/facebook.com\/ufsmF5junior\" target=\"_blank\" rel=\"noopener noreferrer\" data-saferedirecturl=\"https:\/\/www.google.com\/url?hl=pt-BR&amp;q=http:\/\/facebook.com\/ufsmF5junior&amp;source=gmail&amp;ust=1526050667152000&amp;usg=AFQjCNFGuzYZfNP3wBE7wQNGKLo8Z295CQ\">facebook.com\/ufsmF5junior<\/a>\u00a0<\/span><\/div><div>\u00a0<\/div><\/div><div><p><strong>HOR\u00c1RIO DE ATENDIMENTO<\/strong><br \/>De segunda a sexta-feira das 10 \u00e0s 12h e das 18h \u00e0s 20h.<\/p><p><strong>LOCALIZA\u00c7\u00c3O<\/strong><br \/><a href=\"https:\/\/maps.google.com\/?q=Avenida+Roraima,+1000+-+Camobi&amp;entry=gmail&amp;source=g\">Avenida Roraima, 1000 &#8211; Camobi<\/a><\/p><p>Pr\u00e9dio 74B &#8211; Sala 3312<\/p><p>Santa Maria, RS\u00a097015-900\u00a0<\/p><\/div><\/div>\n\t\t\t\t<\/div>\n\t\t\t\t\t\t\t<div class=\"elementor-toggle-item\">\n\t\t\t\t\t<div id=\"elementor-tab-title-8763\" class=\"elementor-tab-title\" data-tab=\"3\" role=\"button\" aria-controls=\"elementor-tab-content-8763\" aria-expanded=\"false\">\n\t\t\t\t\t\t\t\t\t\t\t\t<span class=\"elementor-toggle-icon elementor-toggle-icon-left\" aria-hidden=\"true\">\n\t\t\t\t\t\t\t\t\t\t\t\t\t\t\t<span class=\"elementor-toggle-icon-closed\"><i class=\"fas fa-caret-right\"><\/i><\/span>\n\t\t\t\t\t\t\t\t<span class=\"elementor-toggle-icon-opened\"><i class=\"elementor-toggle-icon-opened fas fa-caret-up\"><\/i><\/span>\n\t\t\t\t\t\t\t\t\t\t\t\t\t<\/span>\n\t\t\t\t\t\t\t\t\t\t\t\t<a class=\"elementor-toggle-title\" tabindex=\"0\">CADUCEU JR<\/a>\n\t\t\t\t\t<\/div>\n\n\t\t\t\t\t<div id=\"elementor-tab-content-8763\" class=\"elementor-tab-content elementor-clearfix\" data-tab=\"3\" role=\"region\" aria-labelledby=\"elementor-tab-title-8763\"><p>A CADUCEU JR. foi criada por um grupo de estudantes do curso de Ci\u00eancias Cont\u00e1beis da UFSM, no ano de 2004, com o intuito de aplicar os conhecimentos\u00a0te\u00f3ricos adquiridos em sala de aula. Atua como uma associa\u00e7\u00e3o civil sem fins lucrativos e \u00e9 administrada por alunos, prestando servi\u00e7os a pessoas f\u00edsicas, aut\u00f4nomos e empresas de micro e pequeno porte, nas \u00e1reas de gest\u00e3o financeira e cont\u00e1bil.<\/p><p><strong>CONTATO<br \/><\/strong>Fone: (55) 8408.9058\u00a0<br \/>Email:\u00a0<span id=\"cloakc9d2bf928dc08c39e2241dce5b2fa1b9\"><\/span><a href=\"mailto:contato@caduceujr.com.br\">contato@caduceujr.com.br<\/a><br \/>Site:\u00a0<a href=\"http:\/\/www.caduceujr.com.br\/\" target=\"_blank\" rel=\"noopener\">Link<br \/><\/a>Facebook:\u00a0<a href=\"https:\/\/www.facebook.com\/caduceujr\" target=\"_blank\" rel=\"noopener\">Link<\/a><\/p><p><strong>HOR\u00c1RIO DE ATENDIMENTO<br \/><\/strong>De segunda a sexta-feira das 10h \u00e0s 12h e das 17 \u00e0s 19h.<\/p><p><strong>LOCALIZA\u00c7\u00c3O<br \/><\/strong>Rua Marechal Floriano Peixoto, 1184, sala 106\u00a0<br \/>Pr\u00e9dio da Antiga Reitoria &#8211; Centro, Santa Maria<\/p><\/div>\n\t\t\t\t<\/div>\n\t\t\t\t\t\t\t<div class=\"elementor-toggle-item\">\n\t\t\t\t\t<div id=\"elementor-tab-title-8764\" class=\"elementor-tab-title\" data-tab=\"4\" role=\"button\" aria-controls=\"elementor-tab-content-8764\" aria-expanded=\"false\">\n\t\t\t\t\t\t\t\t\t\t\t\t<span class=\"elementor-toggle-icon elementor-toggle-icon-left\" aria-hidden=\"true\">\n\t\t\t\t\t\t\t\t\t\t\t\t\t\t\t<span class=\"elementor-toggle-icon-closed\"><i class=\"fas fa-caret-right\"><\/i><\/span>\n\t\t\t\t\t\t\t\t<span class=\"elementor-toggle-icon-opened\"><i class=\"elementor-toggle-icon-opened fas fa-caret-up\"><\/i><\/span>\n\t\t\t\t\t\t\t\t\t\t\t\t\t<\/span>\n\t\t\t\t\t\t\t\t\t\t\t\t<a class=\"elementor-toggle-title\" tabindex=\"0\">Nuvem Jr<\/a>\n\t\t\t\t\t<\/div>\n\n\t\t\t\t\t<div id=\"elementor-tab-content-8764\" class=\"elementor-tab-content elementor-clearfix\" data-tab=\"4\" role=\"region\" aria-labelledby=\"elementor-tab-title-8764\"><div><span style=\"font-size: 12pt; color: #000000;\">A Nuvem Jr. Rela\u00e7\u00f5es P\u00fablicas e Comunica\u00e7\u00e3o Integrada \u00e9 primeira empresa j\u00fanior com servi\u00e7os de RP e comunica\u00e7\u00e3o integrada no Rio Grande do Sul. Ela nasceu atrav\u00e9s da percep\u00e7\u00e3o dos alunos do curso de Rela\u00e7\u00f5es P\u00fablicas a respeito da aus\u00eancia, dentro do ambiente acad\u00eamico, de um espa\u00e7o onde eles pudessem executar atividades ligadas ao empreendedorismo e RP.\u00a0<\/span><\/div><div><span style=\"font-size: 12pt; color: #000000;\">A Miss\u00e3o da Empresa Jr. proposta \u00e9 transformar conhecimento em resultados que impactem a realidade do cliente, proporcionando uma viv\u00eancia aut\u00eantica e inovadora \u00e0 equipe Nuvem Jr. Tem como Vis\u00e3o, at\u00e9 2020, ser reconhecida pelo engajamento na comunica\u00e7\u00e3o e pelo impulsionamento da \u00e1rea de Rela\u00e7\u00f5es P\u00fablicas no mercado nacional.\u00a0<\/span><\/div><div>\u00a0<\/div><div><span style=\"font-size: 12pt; color: #000000;\"><strong>SERVI\u00c7OS:<\/strong><\/span><\/div><div><span style=\"font-size: 12pt; color: #000000;\">Eventos Cient\u00edficos e Corporativo<\/span><\/div><div><span style=\"font-size: 12pt; color: #000000;\">Planejamento de Comunica\u00e7\u00e3o<\/span><\/div><div><span style=\"font-size: 12pt; color: #000000;\">Assessoria de Imprensa<\/span><\/div><div><span style=\"font-size: 12pt; color: #000000;\">Gest\u00e3o de M\u00eddias Sociais<\/span><\/div><div>\u00a0<\/div><div><span style=\"font-size: 12pt; color: #000000;\"><strong>CONTATO:<\/strong><\/span><\/div><div><span style=\"font-size: 12pt; color: #000000;\">Fone: (55) 99681-3905<\/span><\/div><div><span style=\"font-size: 12pt;\"><span style=\"color: #000000;\">Email:<\/span>\u00a0<span id=\"cloak458a313b1e711c45bcc171d2d05bdc00\"><a href=\"mailto:nuvemjunior@gmail.com\" target=\"_blank\" rel=\"noopener noreferrer\">nuvemjunior@gmail.com<\/a><\/span><\/span><\/div><div><span style=\"font-size: 12pt;\">\u00a0<span style=\"color: #000000;\">Site:<\/span>\u00a0<a href=\"http:\/\/bit.ly\/nuvemjunior\" target=\"_blank\" rel=\"noopener noreferrer\" data-saferedirecturl=\"https:\/\/www.google.com\/url?hl=pt-BR&amp;q=http:\/\/bit.ly\/nuvemjunior&amp;source=gmail&amp;ust=1524590194076000&amp;usg=AFQjCNHSKCm9FkXeBqh3eirNVU1KxCJcew\">http:\/\/bit.ly\/nuvemjunior<\/a><\/span><\/div><div><span style=\"font-size: 12pt;\"><span style=\"color: #000000;\">Facebook:<\/span>\u00a0<a href=\"https:\/\/www.facebook.com\/nuvemjr\/\" target=\"_blank\" rel=\"noopener noreferrer\" data-saferedirecturl=\"https:\/\/www.google.com\/url?hl=pt-BR&amp;q=https:\/\/www.facebook.com\/nuvemjr\/&amp;source=gmail&amp;ust=1524590194076000&amp;usg=AFQjCNHn7YLCnVaJclqacDUnIXVBhEttZQ\">https:\/\/www.facebook.com\/<wbr \/>nuvemjr\/<\/a><\/span><\/div><div>\u00a0<\/div><div><span style=\"font-size: 12pt; color: #000000;\"><strong>HOR\u00c1RIO DE ATENDIMENTO:\u00a0<\/strong><\/span><\/div><div><span style=\"font-size: 12pt; color: #000000;\">Agendar hor\u00e1rio por e-mail, telefone ou facebook.<\/span><\/div><div>\u00a0<\/div><div><span style=\"font-size: 12pt; color: #000000;\"><strong>LOCALIZA\u00c7\u00c3O:\u00a0<\/strong><\/span><\/div><div><span style=\"font-size: 12pt; color: #000000;\">Pr\u00e9dio 74B, sala 3409<\/span><\/div><div><span style=\"font-size: 12pt; color: #000000;\">Campus UFSM<\/span><\/div><\/div>\n\t\t\t\t<\/div>\n\t\t\t\t\t\t\t\t<\/div>\n\t\t\t\t<\/div>\n\t\t\t\t<\/div>\n\t\t\t\t\t<\/div>\n\t\t<\/div>\n\t\t\t\t\t<\/div>\n\t\t<\/section>\n\t\t\t\t<\/div>\n\t\t","protected":false},"excerpt":{"rendered":"<p>OBJETIVA JR A OBJETIVA JR \u00e9 uma Empresa J\u00fanior, vinculada ao Curso de Administra\u00e7\u00e3o da UFSM, que presta servi\u00e7os de consultoria, com qualidade e profissionalismo, para empresas de Santa Maria e regi\u00e3o. Atua, desde 1994, congregando acad\u00eamicos de diversos cursos, sob a orienta\u00e7\u00e3o de professores altamente qualificados. A OBJETIVA JR presta servi\u00e7os de consultoria seguintes [&hellip;]<\/p>\n","protected":false},"author":46,"featured_media":0,"parent":0,"menu_order":0,"comment_status":"closed","ping_status":"closed","template":"","meta":{"footnotes":""},"categories":[],"tags":[],"class_list":["post-1286","page","type-page","status-publish","hentry"],"acf":[],"_links":{"self":[{"href":"https:\/\/www.ufsm.br\/unidades-universitarias\/ccsh\/wp-json\/wp\/v2\/pages\/1286","targetHints":{"allow":["GET"]}}],"collection":[{"href":"https:\/\/www.ufsm.br\/unidades-universitarias\/ccsh\/wp-json\/wp\/v2\/pages"}],"about":[{"href":"https:\/\/www.ufsm.br\/unidades-universitarias\/ccsh\/wp-json\/wp\/v2\/types\/page"}],"author":[{"embeddable":true,"href":"https:\/\/www.ufsm.br\/unidades-universitarias\/ccsh\/wp-json\/wp\/v2\/users\/46"}],"replies":[{"embeddable":true,"href":"https:\/\/www.ufsm.br\/unidades-universitarias\/ccsh\/wp-json\/wp\/v2\/comments?post=1286"}],"version-history":[{"count":0,"href":"https:\/\/www.ufsm.br\/unidades-universitarias\/ccsh\/wp-json\/wp\/v2\/pages\/1286\/revisions"}],"wp:attachment":[{"href":"https:\/\/www.ufsm.br\/unidades-universitarias\/ccsh\/wp-json\/wp\/v2\/media?parent=1286"}],"wp:term":[{"taxonomy":"category","embeddable":true,"href":"https:\/\/www.ufsm.br\/unidades-universitarias\/ccsh\/wp-json\/wp\/v2\/categories?post=1286"},{"taxonomy":"post_tag","embeddable":true,"href":"https:\/\/www.ufsm.br\/unidades-universitarias\/ccsh\/wp-json\/wp\/v2\/tags?post=1286"}],"curies":[{"name":"wp","href":"https:\/\/api.w.org\/{rel}","templated":true}]}}