{"id":1484,"date":"2018-08-28T11:08:24","date_gmt":"2018-08-28T14:08:24","guid":{"rendered":"https:\/\/www.ufsm.br\/unidades-universitarias\/ccsh\/?page_id=1484"},"modified":"2026-03-23T10:47:52","modified_gmt":"2026-03-23T13:47:52","slug":"nucleo-de-comunicacao-institucional","status":"publish","type":"page","link":"https:\/\/www.ufsm.br\/unidades-universitarias\/ccsh\/nucleo-de-comunicacao-institucional","title":{"rendered":"Subdivis\u00e3o de Comunica\u00e7\u00e3o"},"content":{"rendered":"\t\t<div data-elementor-type=\"wp-page\" data-elementor-id=\"1484\" class=\"elementor elementor-1484\">\n\t\t\t\t\t\t<section class=\"elementor-section elementor-top-section elementor-element elementor-element-756f785c elementor-section-boxed elementor-section-height-default elementor-section-height-default\" data-id=\"756f785c\" data-element_type=\"section\">\n\t\t\t\t\t\t<div class=\"elementor-container elementor-column-gap-default\">\n\t\t\t\t\t<div class=\"elementor-column elementor-col-100 elementor-top-column elementor-element elementor-element-69275422\" data-id=\"69275422\" data-element_type=\"column\">\n\t\t\t<div class=\"elementor-widget-wrap elementor-element-populated\">\n\t\t\t\t\t\t<div class=\"elementor-element elementor-element-203c4c68 elementor-widget elementor-widget-text-editor\" data-id=\"203c4c68\" data-element_type=\"widget\" data-widget_type=\"text-editor.default\">\n\t\t\t\t<div class=\"elementor-widget-container\">\n\t\t\t\t\t\t\t<p>\u00c0 Subdivis\u00e3o de Comunica\u00e7\u00e3o do CCSH, al\u00e9m das compet\u00eancias gerais correspondentes constantes no Regimento Geral, compete:<br \/>I &#8211; planejar e executar a pol\u00edtica de divulga\u00e7\u00e3o da Unidade de Ensino;<br \/>II -sistematizar, executar e articular a a\u00e7\u00e3o dos ve\u00edculos de comunica\u00e7\u00e3o e informa\u00e7\u00e3o internos e externos,<br \/>atuando intersetorialmente na gest\u00e3o universit\u00e1ria;<br \/>III &#8211; executar as demais atividades inerentes ao setor.<\/p><p>Essa Subdivis\u00e3o integra a <a href=\"https:\/\/www.ufsm.br\/unidades-universitarias\/ccsh\/secretaria-de-apoio-administrativo\/\">Secretaria Administrativa da Unidade.<\/a><\/p>\t\t\t\t\t\t<\/div>\n\t\t\t\t<\/div>\n\t\t\t\t\t<\/div>\n\t\t<\/div>\n\t\t\t\t\t<\/div>\n\t\t<\/section>\n\t\t\t\t<section class=\"elementor-section elementor-top-section elementor-element elementor-element-ef2c1fe elementor-section-boxed elementor-section-height-default elementor-section-height-default\" data-id=\"ef2c1fe\" data-element_type=\"section\">\n\t\t\t\t\t\t<div class=\"elementor-container elementor-column-gap-default\">\n\t\t\t\t\t<div class=\"elementor-column elementor-col-100 elementor-top-column elementor-element elementor-element-f63e857\" data-id=\"f63e857\" data-element_type=\"column\">\n\t\t\t<div class=\"elementor-widget-wrap elementor-element-populated\">\n\t\t\t\t\t\t<div class=\"elementor-element elementor-element-323df67 elementor-view-default elementor-position-top elementor-mobile-position-top elementor-widget elementor-widget-icon-box\" data-id=\"323df67\" data-element_type=\"widget\" data-widget_type=\"icon-box.default\">\n\t\t\t\t<div class=\"elementor-widget-container\">\n\t\t\t\t\t<div class=\"elementor-icon-box-wrapper\">\n\n\t\t\t\t\t\t<div class=\"elementor-icon-box-icon\">\n\t\t\t\t<a href=\"https:\/\/docs.google.com\/forms\/d\/e\/1FAIpQLSdBhIoD-noxDK5XiHCjcetLUfkyZ94ANSTZLGlgUGMffJo_YQ\/viewform?usp=sharing&#038;ouid=115495868675251959854\" class=\"elementor-icon elementor-animation-\" tabindex=\"-1\">\n\t\t\t\t<i aria-hidden=\"true\" class=\"far fa-file-alt\"><\/i>\t\t\t\t<\/a>\n\t\t\t<\/div>\n\t\t\t\n\t\t\t\t\t\t<div class=\"elementor-icon-box-content\">\n\n\t\t\t\t\t\t\t\t\t<h3 class=\"elementor-icon-box-title\">\n\t\t\t\t\t\t<a href=\"https:\/\/docs.google.com\/forms\/d\/e\/1FAIpQLSdBhIoD-noxDK5XiHCjcetLUfkyZ94ANSTZLGlgUGMffJo_YQ\/viewform?usp=sharing&#038;ouid=115495868675251959854\" >\n\t\t\t\t\t\t\tSolicita\u00e7\u00e3o de Cerimonial\t\t\t\t\t\t<\/a>\n\t\t\t\t\t<\/h3>\n\t\t\t\t\n\t\t\t\t\n\t\t\t<\/div>\n\t\t\t\n\t\t<\/div>\n\t\t\t\t<\/div>\n\t\t\t\t<\/div>\n\t\t\t\t\t<\/div>\n\t\t<\/div>\n\t\t\t\t\t<\/div>\n\t\t<\/section>\n\t\t\t\t<section class=\"elementor-section elementor-top-section elementor-element elementor-element-490869d elementor-section-boxed elementor-section-height-default elementor-section-height-default\" data-id=\"490869d\" data-element_type=\"section\">\n\t\t\t\t\t\t<div class=\"elementor-container elementor-column-gap-default\">\n\t\t\t\t\t<div class=\"elementor-column elementor-col-50 elementor-top-column elementor-element elementor-element-a405ddd\" data-id=\"a405ddd\" data-element_type=\"column\">\n\t\t\t<div class=\"elementor-widget-wrap elementor-element-populated\">\n\t\t\t\t\t\t<div class=\"elementor-element elementor-element-c8ff3cd elementor-widget-divider--view-line elementor-widget elementor-widget-divider\" data-id=\"c8ff3cd\" data-element_type=\"widget\" data-widget_type=\"divider.default\">\n\t\t\t\t<div class=\"elementor-widget-container\">\n\t\t\t\t\t<div class=\"elementor-divider\">\n\t\t\t<span class=\"elementor-divider-separator\">\n\t\t\t\t\t\t<\/span>\n\t\t<\/div>\n\t\t\t\t<\/div>\n\t\t\t\t<\/div>\n\t\t\t\t\t<\/div>\n\t\t<\/div>\n\t\t\t\t<div class=\"elementor-column elementor-col-50 elementor-top-column elementor-element elementor-element-7b366cd\" data-id=\"7b366cd\" data-element_type=\"column\">\n\t\t\t<div class=\"elementor-widget-wrap elementor-element-populated\">\n\t\t\t\t\t\t<div class=\"elementor-element elementor-element-d5f7a80 elementor-widget-divider--view-line elementor-widget elementor-widget-divider\" data-id=\"d5f7a80\" data-element_type=\"widget\" data-widget_type=\"divider.default\">\n\t\t\t\t<div class=\"elementor-widget-container\">\n\t\t\t\t\t<div class=\"elementor-divider\">\n\t\t\t<span class=\"elementor-divider-separator\">\n\t\t\t\t\t\t<\/span>\n\t\t<\/div>\n\t\t\t\t<\/div>\n\t\t\t\t<\/div>\n\t\t\t\t\t<\/div>\n\t\t<\/div>\n\t\t\t\t\t<\/div>\n\t\t<\/section>\n\t\t\t\t<section class=\"elementor-section elementor-top-section elementor-element elementor-element-56c2f72 elementor-section-boxed elementor-section-height-default elementor-section-height-default\" data-id=\"56c2f72\" data-element_type=\"section\">\n\t\t\t\t\t\t<div class=\"elementor-container elementor-column-gap-default\">\n\t\t\t\t\t<div class=\"elementor-column elementor-col-50 elementor-top-column elementor-element elementor-element-fc79a29\" data-id=\"fc79a29\" data-element_type=\"column\">\n\t\t\t<div class=\"elementor-widget-wrap elementor-element-populated\">\n\t\t\t\t\t\t<div class=\"elementor-element elementor-element-42aa66f elementor-widget elementor-widget-text-editor\" data-id=\"42aa66f\" data-element_type=\"widget\" data-widget_type=\"text-editor.default\">\n\t\t\t\t<div class=\"elementor-widget-container\">\n\t\t\t\t\t\t\t<p><span style=\"color: #1c1c1c;font-size: 16px\"><b>EQUIPE<br \/><\/b><\/span>Carolina Schneider Bender (Chefe da Subdivis\u00e3o)<br \/>Josiane Ayres Sfreddo da Roza<\/p><p><span style=\"color: #1c1c1c;font-size: 16px\"><b>HOR\u00c1RIO<br \/><\/b><\/span><span style=\"color: #1c1c1c;font-size: 16px\">8h \u00e0s 12h; 13h \u00e0s 17h<\/span><\/p>\t\t\t\t\t\t<\/div>\n\t\t\t\t<\/div>\n\t\t\t\t\t<\/div>\n\t\t<\/div>\n\t\t\t\t<div class=\"elementor-column elementor-col-50 elementor-top-column elementor-element elementor-element-1d91fbd\" data-id=\"1d91fbd\" data-element_type=\"column\">\n\t\t\t<div class=\"elementor-widget-wrap elementor-element-populated\">\n\t\t\t\t\t\t<div class=\"elementor-element elementor-element-946b5a6 elementor-widget elementor-widget-text-editor\" data-id=\"946b5a6\" data-element_type=\"widget\" data-widget_type=\"text-editor.default\">\n\t\t\t\t<div class=\"elementor-widget-container\">\n\t\t\t\t\t\t\t<p><span style=\"color: #1c1c1c\"><b>CONTATO<br \/><\/b><\/span><span style=\"color: #1c1c1c;font-size: 16px\">(55) 991624448 (Celuar\/WhatsApp)<br \/><\/span><span style=\"color: #1c1c1c;font-size: 16px\">comunica.ccsh@ufsm.br<\/span><\/p><p><span style=\"color: #1c1c1c;font-size: 16px\"><b>LOCALIZA\u00c7\u00c3O<br \/><\/b><\/span><span style=\"color: #1c1c1c;font-size: 16px\">Pr\u00e9dio 74C, Sala 4112<br \/><\/span><span style=\"color: #1c1c1c;font-size: 16px\">Campus UFSM<\/span><\/p>\t\t\t\t\t\t<\/div>\n\t\t\t\t<\/div>\n\t\t\t\t\t<\/div>\n\t\t<\/div>\n\t\t\t\t\t<\/div>\n\t\t<\/section>\n\t\t\t\t<section class=\"elementor-section elementor-top-section elementor-element elementor-element-11b5da2 elementor-section-boxed elementor-section-height-default elementor-section-height-default\" data-id=\"11b5da2\" data-element_type=\"section\">\n\t\t\t\t\t\t<div class=\"elementor-container elementor-column-gap-default\">\n\t\t\t\t\t<div class=\"elementor-column elementor-col-100 elementor-top-column elementor-element elementor-element-f20b7e7\" data-id=\"f20b7e7\" data-element_type=\"column\">\n\t\t\t<div class=\"elementor-widget-wrap elementor-element-populated\">\n\t\t\t\t\t\t<div class=\"elementor-element elementor-element-8178457 elementor-widget elementor-widget-text-editor\" data-id=\"8178457\" data-element_type=\"widget\" data-widget_type=\"text-editor.default\">\n\t\t\t\t<div class=\"elementor-widget-container\">\n\t\t\t\t\t\t\t<table style=\"border-collapse: collapse;width: 60.285098898763025%;height: 197px\"><tbody><tr style=\"height: 56px\"><td style=\"width: 5%;height: 56px\"><p><strong>Turno<\/strong><\/p><\/td><td style=\"width: 5%;height: 56px\"><p><strong>Modalidade<\/strong><\/p><\/td><td style=\"width: 10%;height: 56px\"><strong>Segunda-feira<\/strong><\/td><td style=\"width: 20%;height: 56px\"><strong>Ter\u00e7a-feira<\/strong><\/td><td style=\"width: 20%;height: 56px\"><strong>Quarta-feira<\/strong><\/td><td style=\"width: 20%;height: 56px\"><strong>Quinta-feira<\/strong><\/td><td style=\"width: 18.795180722891565%;height: 56px\"><strong>Sexta-feira<\/strong><\/td><\/tr><tr style=\"height: 58px\"><td style=\"width: 5%;height: 82px\" rowspan=\"2\"><strong>Manh\u00e3<\/strong><\/td><td style=\"width: 5%;height: 58px\"><em>Presencial<\/em><\/td><td style=\"width: 10%;height: 58px\"><p><span style=\"font-size: small\">Carolina<br \/><span style=\"font-size: 16px\">Josiane<\/span><br \/><\/span><\/p><\/td><td style=\"width: 20%;height: 58px\"><span style=\"font-size: small\">Josiane<\/span><\/td><td style=\"width: 20%;height: 58px\"><span style=\"font-size: small\">Josiane<\/span><\/td><td style=\"width: 20%;height: 58px\"><span style=\"font-size: small\">Josiane<\/span><\/td><td style=\"width: 18.795180722891565%;height: 58px\"><span style=\"font-size: 16px\">Carolina<\/span><\/td><\/tr><tr style=\"height: 24px\"><td style=\"width: 5%;height: 24px\"><em>Remoto<\/em><\/td><td style=\"width: 10%;height: 24px\">&#8212;<\/td><td style=\"width: 20%;height: 24px\"><span style=\"font-size: small\">Carolina<\/span><\/td><td style=\"width: 20%;height: 24px\"><span style=\"color: #000000;font-size: 16px\">Carolina<\/span><\/td><td style=\"width: 20%;height: 24px\"><span style=\"font-size: 16px\">Carolina<\/span><\/td><td style=\"width: 18.795180722891565%;height: 24px\"><span style=\"font-size: 16px\">Josiane<\/span><\/td><\/tr><tr style=\"height: 96px\"><td style=\"width: 5%;height: 120px\" rowspan=\"2\"><strong>Tarde<\/strong><\/td><td style=\"width: 5%;height: 96px\"><em>Presencial<\/em><\/td><td style=\"width: 10%;height: 96px\"><span style=\"font-size: 16px\">Carolina<br \/><\/span><\/td><td style=\"width: 20%;height: 96px\"><span style=\"font-size: 16px\">Josiane<\/span><\/td><td style=\"width: 20%;height: 96px\"><p><span style=\"font-size: small\">Carolina<br \/><\/span><span style=\"font-size: 16px\">Josiane<\/span><\/p><\/td><td style=\"width: 20%;height: 96px\"><span style=\"font-size: small\">Carolina<\/span><\/td><td style=\"width: 18.795180722891565%;height: 96px\"><span style=\"font-size: 16px\">Carolina<\/span><\/td><\/tr><tr style=\"height: 24px\"><td style=\"width: 5%;height: 24px\"><em>Remoto<\/em><\/td><td style=\"width: 10%;height: 24px\"><span style=\"font-size: 16px\">Josiane<\/span><\/td><td style=\"width: 20%;height: 24px\"><span style=\"font-size: 16px\">Carolina<\/span>\u00a0<\/td><td style=\"width: 20%;height: 24px\">\u00a0&#8212;<\/td><td style=\"width: 20%;height: 24px\"><span style=\"font-size: 16px\">Josiane<\/span><\/td><td style=\"width: 18.795180722891565%;height: 24px\"><span style=\"font-size: 16px\">Josiane<\/span><\/td><\/tr><\/tbody><\/table>\t\t\t\t\t\t<\/div>\n\t\t\t\t<\/div>\n\t\t\t\t\t<\/div>\n\t\t<\/div>\n\t\t\t\t\t<\/div>\n\t\t<\/section>\n\t\t\t\t<\/div>\n\t\t","protected":false},"excerpt":{"rendered":"<p>\u00c0 Subdivis\u00e3o de Comunica\u00e7\u00e3o do CCSH, al\u00e9m das compet\u00eancias gerais correspondentes constantes no Regimento Geral, compete:I &#8211; planejar e executar a pol\u00edtica de divulga\u00e7\u00e3o da Unidade de Ensino;II -sistematizar, executar e articular a a\u00e7\u00e3o dos ve\u00edculos de comunica\u00e7\u00e3o e informa\u00e7\u00e3o internos e externos,atuando intersetorialmente na gest\u00e3o universit\u00e1ria;III &#8211; executar as demais atividades inerentes ao setor. [&hellip;]<\/p>\n","protected":false},"author":194,"featured_media":0,"parent":0,"menu_order":0,"comment_status":"closed","ping_status":"closed","template":"","meta":{"footnotes":""},"categories":[],"tags":[],"class_list":["post-1484","page","type-page","status-publish","hentry"],"acf":[],"_links":{"self":[{"href":"https:\/\/www.ufsm.br\/unidades-universitarias\/ccsh\/wp-json\/wp\/v2\/pages\/1484","targetHints":{"allow":["GET"]}}],"collection":[{"href":"https:\/\/www.ufsm.br\/unidades-universitarias\/ccsh\/wp-json\/wp\/v2\/pages"}],"about":[{"href":"https:\/\/www.ufsm.br\/unidades-universitarias\/ccsh\/wp-json\/wp\/v2\/types\/page"}],"author":[{"embeddable":true,"href":"https:\/\/www.ufsm.br\/unidades-universitarias\/ccsh\/wp-json\/wp\/v2\/users\/194"}],"replies":[{"embeddable":true,"href":"https:\/\/www.ufsm.br\/unidades-universitarias\/ccsh\/wp-json\/wp\/v2\/comments?post=1484"}],"version-history":[{"count":0,"href":"https:\/\/www.ufsm.br\/unidades-universitarias\/ccsh\/wp-json\/wp\/v2\/pages\/1484\/revisions"}],"wp:attachment":[{"href":"https:\/\/www.ufsm.br\/unidades-universitarias\/ccsh\/wp-json\/wp\/v2\/media?parent=1484"}],"wp:term":[{"taxonomy":"category","embeddable":true,"href":"https:\/\/www.ufsm.br\/unidades-universitarias\/ccsh\/wp-json\/wp\/v2\/categories?post=1484"},{"taxonomy":"post_tag","embeddable":true,"href":"https:\/\/www.ufsm.br\/unidades-universitarias\/ccsh\/wp-json\/wp\/v2\/tags?post=1484"}],"curies":[{"name":"wp","href":"https:\/\/api.w.org\/{rel}","templated":true}]}}