{"id":1491,"date":"2018-08-28T11:16:49","date_gmt":"2018-08-28T14:16:49","guid":{"rendered":"https:\/\/www.ufsm.br\/unidades-universitarias\/ccsh\/?page_id=1491"},"modified":"2026-03-31T09:36:56","modified_gmt":"2026-03-31T12:36:56","slug":"nucleo-de-patrimonio","status":"publish","type":"page","link":"https:\/\/www.ufsm.br\/unidades-universitarias\/ccsh\/nucleo-de-patrimonio","title":{"rendered":"Subdivis\u00e3o de Patrim\u00f4nio"},"content":{"rendered":"<p>A Subdivis\u00e3o de Patrim\u00f4nio do CCSH, al\u00e9m das compet\u00eancias gerais correspondentes constantes no Regimento Geral, compete:<br \/>\nI \u2013 realizar a confer\u00eancia e o controle das transfer\u00eancias da carga patrimonial da Unidade de Ensino;<br \/>\nII \u2013 orientar quanto \u00e0 retirada e devolu\u00e7\u00e3o dos bens patrimoniais das subunidades e orientar quanto \u00e0s<br \/>\nsindic\u00e2ncias patrimoniais;<br \/>\nIII \u2013 orientar quanto \u00e0 transfer\u00eancia dos bens, para carga patrimonial da UFSM, adquiridos junto aos<br \/>\nprojetos de pesquisa e a projetos via funda\u00e7\u00e3o de apoio;<br \/>\nIV \u2013 gerenciar as doa\u00e7\u00f5es e baixas de bens patrimoniais no \u00e2mbito da Unidade de Ensino;<br \/>\nV \u2013 verificar a necessidade de compras de bens patrimoniais para a Unidade de Ensino;<br \/>\nVI &#8211; orientar \u00e0s subunidades no que se refere ao controle patrimonial;<br \/>\nVII \u2013 desenvolver pol\u00edticas de uso racional dos bens do CCSH; e,<br \/>\nVIII &#8211; realizar o controle sobre transfer\u00eancia e baixa de material em desuso vinculado \u00e0 Unidade de Ensino.<\/p>\n<p>Essa Subdivis\u00e3o integra o <a href=\"https:\/\/www.ufsm.br\/unidades-universitarias\/ccsh\/nucleo-de-infraestrutura\/\">N\u00facleo de Infraestrutura.\u00a0<\/a><\/p>\n<p><strong>SERVIDORES<br \/>\n<\/strong>Solei Rejane Lenz (Chefe de Subdivis\u00e3o)<\/p>\n<p><strong>CONTATO<br \/>\n<\/strong>(55) 99197 4621 (Celular\/Whatsapp)<strong><br \/>\n<\/strong>patrimonio.ccsh@ufsm.br<\/p>\n<p><strong>LOCALIZA\u00c7\u00c3O<br \/>\n<\/strong>Pr\u00e9dio 74C, sala 4112<br \/>\nCampus UFSM<\/p>\n","protected":false},"excerpt":{"rendered":"<p>A Subdivis\u00e3o de Patrim\u00f4nio do CCSH, al\u00e9m das compet\u00eancias gerais correspondentes constantes no Regimento Geral, compete: I \u2013 realizar a confer\u00eancia e o controle das transfer\u00eancias da carga patrimonial da Unidade de Ensino; II \u2013 orientar quanto \u00e0 retirada e devolu\u00e7\u00e3o dos bens patrimoniais das subunidades e orientar quanto \u00e0s sindic\u00e2ncias patrimoniais; III \u2013 orientar [&hellip;]<\/p>\n","protected":false},"author":194,"featured_media":0,"parent":0,"menu_order":0,"comment_status":"closed","ping_status":"closed","template":"","meta":{"footnotes":""},"categories":[],"tags":[],"class_list":["post-1491","page","type-page","status-publish","hentry"],"acf":[],"_links":{"self":[{"href":"https:\/\/www.ufsm.br\/unidades-universitarias\/ccsh\/wp-json\/wp\/v2\/pages\/1491","targetHints":{"allow":["GET"]}}],"collection":[{"href":"https:\/\/www.ufsm.br\/unidades-universitarias\/ccsh\/wp-json\/wp\/v2\/pages"}],"about":[{"href":"https:\/\/www.ufsm.br\/unidades-universitarias\/ccsh\/wp-json\/wp\/v2\/types\/page"}],"author":[{"embeddable":true,"href":"https:\/\/www.ufsm.br\/unidades-universitarias\/ccsh\/wp-json\/wp\/v2\/users\/194"}],"replies":[{"embeddable":true,"href":"https:\/\/www.ufsm.br\/unidades-universitarias\/ccsh\/wp-json\/wp\/v2\/comments?post=1491"}],"version-history":[{"count":0,"href":"https:\/\/www.ufsm.br\/unidades-universitarias\/ccsh\/wp-json\/wp\/v2\/pages\/1491\/revisions"}],"wp:attachment":[{"href":"https:\/\/www.ufsm.br\/unidades-universitarias\/ccsh\/wp-json\/wp\/v2\/media?parent=1491"}],"wp:term":[{"taxonomy":"category","embeddable":true,"href":"https:\/\/www.ufsm.br\/unidades-universitarias\/ccsh\/wp-json\/wp\/v2\/categories?post=1491"},{"taxonomy":"post_tag","embeddable":true,"href":"https:\/\/www.ufsm.br\/unidades-universitarias\/ccsh\/wp-json\/wp\/v2\/tags?post=1491"}],"curies":[{"name":"wp","href":"https:\/\/api.w.org\/{rel}","templated":true}]}}