{"id":1498,"date":"2018-08-28T11:29:27","date_gmt":"2018-08-28T14:29:27","guid":{"rendered":"https:\/\/www.ufsm.br\/unidades-universitarias\/ccsh\/?page_id=1498"},"modified":"2026-03-31T09:37:37","modified_gmt":"2026-03-31T12:37:37","slug":"unidade-de-tecnologia-da-informacao","status":"publish","type":"page","link":"https:\/\/www.ufsm.br\/unidades-universitarias\/ccsh\/unidade-de-tecnologia-da-informacao","title":{"rendered":"Subdivis\u00e3o de Tecnologia da Informa\u00e7\u00e3o"},"content":{"rendered":"\t\t<div data-elementor-type=\"wp-page\" data-elementor-id=\"1498\" class=\"elementor elementor-1498\">\n\t\t\t\t\t\t<section class=\"elementor-section elementor-top-section elementor-element elementor-element-ad73a26 elementor-section-boxed elementor-section-height-default elementor-section-height-default\" data-id=\"ad73a26\" data-element_type=\"section\">\n\t\t\t\t\t\t<div class=\"elementor-container elementor-column-gap-default\">\n\t\t\t\t\t<div class=\"elementor-column elementor-col-100 elementor-top-column elementor-element elementor-element-4b791b17\" data-id=\"4b791b17\" data-element_type=\"column\">\n\t\t\t<div class=\"elementor-widget-wrap elementor-element-populated\">\n\t\t\t\t\t\t<div class=\"elementor-element elementor-element-391f1e9d elementor-widget elementor-widget-text-editor\" data-id=\"391f1e9d\" data-element_type=\"widget\" data-widget_type=\"text-editor.default\">\n\t\t\t\t<div class=\"elementor-widget-container\">\n\t\t\t\t\t\t\t<p>\u00c0 Subdivis\u00e3o de Tecnologia da Informa\u00e7\u00e3o do CCSH, al\u00e9m das compet\u00eancias gerais correspondentes constantes no Regimento Geral, compete:<\/p>\n<p>I \u2013 organizar e conduzir as atividades de TI no \u00e2mbito da Unidade de Ensino;<br \/>II \u2013 dar suporte a docentes e TAEs em atividades relacionadas \u00e0 TI;<br \/>III \u2013 dar suporte de TI aos projetos de ensino, pesquisa e extens\u00e3o da Unidade de Ensino; e,<br \/>IV \u2013 planejar junto com a dire\u00e7\u00e3o da Unidade as aquisi\u00e7\u00f5es e melhoramentos a serem<br \/>realizadas no TI da Unidade.<\/p>\n<p>Essa Subdivis\u00e3o integra o <a href=\"https:\/\/www.ufsm.br\/unidades-universitarias\/ccsh\/nucleo-de-infraestrutura\/\">N\u00facleo de Infraestrutura<\/a>.\u00a0<\/p>\n<p>A Subdivis\u00e3o de TI do CCSH, localiza-se no 4\u00ba andar do pr\u00e9dio 74C, na sala 4413, e conta com quatro laborat\u00f3rios. Os laborat\u00f3rios 4400 (30 computadores para alunos + 1 computador para professor ), 4404 (20 computadores para alunos + 1 computador para professor), 4422 (40 computadores + 1 computador para professor) s\u00e3o utilizados exclusivamente para aulas e cursos. Para utiliz\u00e1-los, os professores devem fazer o agendamento pelo telefone (55) 3220 9625, ou diretamente na secretaria do setor. E o laborat\u00f3rio 4406 (17 computadores) que \u00e9 aberto aos estudantes.<\/p>\n<p><strong>SERVIDORES<\/strong><br \/>Daiane Vargas (Chefe de Subdivis\u00e3o)<br \/>Giuseppe Vieira Lorenzoni Staggemaier<br \/>Junior de Souza<\/p>\n<p><strong>CONTATO<\/strong><br \/><span style=\"color: #1c1c1c;font-size: 16px\">(55) 3178 0881<\/span><br \/>ti.ccsh@ufsm.br<\/p>\n<p><strong>HOR\u00c1RIO DE FUNCIONAMENTO<\/strong><br \/><b>Laborat\u00f3rio 4406: <\/b>de segunda a sexta, das 8h \u00e0s 22h<br \/><b>Subdivis\u00e3o de TI:<\/b> de segunda a sexta, das 8h \u00e0s 12h e das 13h30 \u00e0s 17h30<\/p>\n<p><strong>LOCALIZA\u00c7\u00c3O<\/strong><br \/>Pr\u00e9dio 74C, sala 4413<br \/>Campus UFSM<\/p>\n<!-- wp:tadv\/classic-paragraph \/-->\t\t\t\t\t\t<\/div>\n\t\t\t\t<\/div>\n\t\t\t\t\t<\/div>\n\t\t<\/div>\n\t\t\t\t\t<\/div>\n\t\t<\/section>\n\t\t\t\t<\/div>\n\t\t","protected":false},"excerpt":{"rendered":"<p>\u00c0 Subdivis\u00e3o de Tecnologia da Informa\u00e7\u00e3o do CCSH, al\u00e9m das compet\u00eancias gerais correspondentes constantes no Regimento Geral, compete: I \u2013 organizar e conduzir as atividades de TI no \u00e2mbito da Unidade de Ensino;II \u2013 dar suporte a docentes e TAEs em atividades relacionadas \u00e0 TI;III \u2013 dar suporte de TI aos projetos de ensino, pesquisa [&hellip;]<\/p>\n","protected":false},"author":194,"featured_media":0,"parent":0,"menu_order":0,"comment_status":"closed","ping_status":"closed","template":"","meta":{"footnotes":""},"categories":[],"tags":[],"class_list":["post-1498","page","type-page","status-publish","hentry"],"acf":[],"_links":{"self":[{"href":"https:\/\/www.ufsm.br\/unidades-universitarias\/ccsh\/wp-json\/wp\/v2\/pages\/1498","targetHints":{"allow":["GET"]}}],"collection":[{"href":"https:\/\/www.ufsm.br\/unidades-universitarias\/ccsh\/wp-json\/wp\/v2\/pages"}],"about":[{"href":"https:\/\/www.ufsm.br\/unidades-universitarias\/ccsh\/wp-json\/wp\/v2\/types\/page"}],"author":[{"embeddable":true,"href":"https:\/\/www.ufsm.br\/unidades-universitarias\/ccsh\/wp-json\/wp\/v2\/users\/194"}],"replies":[{"embeddable":true,"href":"https:\/\/www.ufsm.br\/unidades-universitarias\/ccsh\/wp-json\/wp\/v2\/comments?post=1498"}],"version-history":[{"count":0,"href":"https:\/\/www.ufsm.br\/unidades-universitarias\/ccsh\/wp-json\/wp\/v2\/pages\/1498\/revisions"}],"wp:attachment":[{"href":"https:\/\/www.ufsm.br\/unidades-universitarias\/ccsh\/wp-json\/wp\/v2\/media?parent=1498"}],"wp:term":[{"taxonomy":"category","embeddable":true,"href":"https:\/\/www.ufsm.br\/unidades-universitarias\/ccsh\/wp-json\/wp\/v2\/categories?post=1498"},{"taxonomy":"post_tag","embeddable":true,"href":"https:\/\/www.ufsm.br\/unidades-universitarias\/ccsh\/wp-json\/wp\/v2\/tags?post=1498"}],"curies":[{"name":"wp","href":"https:\/\/api.w.org\/{rel}","templated":true}]}}