{"id":2672,"date":"2020-05-06T17:58:20","date_gmt":"2020-05-06T20:58:20","guid":{"rendered":"https:\/\/www.ufsm.br\/unidades-universitarias\/ccsh\/?page_id=2672"},"modified":"2020-06-05T22:48:12","modified_gmt":"2020-06-06T01:48:12","slug":"50-anos","status":"publish","type":"page","link":"https:\/\/www.ufsm.br\/unidades-universitarias\/ccsh\/50-anos","title":{"rendered":"50 anos"},"content":{"rendered":"\n<p>Em 2020, o Centro de Ci\u00eancias Sociais e Humanas (CCSH) da UFSM completa 50 anos. A data do anivers\u00e1rio \u00e9 5 de junho, mas ao longo de todo o ano ser\u00e3o realizadas atividades comemorativas. Podemos antecipar algumas delas: Campus<em> Open Mapping,<\/em> lan\u00e7amento do selo comemorativo, produ\u00e7\u00e3o de v\u00eddeo institucional,  lan\u00e7amento de livro hist\u00f3rico, inaugura\u00e7\u00e3o de painel art\u00edstico, instala\u00e7\u00e3o de placa comemorativa, dentre outras. Acompanhe por aqui a nossa movimenta\u00e7\u00e3o pois voc\u00ea faz parte dessa hist\u00f3ria.&nbsp;<\/p>\n\n\n\n<p>Em per\u00edodo de quarentena estamos reorganizando as a\u00e7\u00f5es planejadas mas n\u00e3o deixaremos de comemorar, afinal, nesse momento, estamos percebendo o quanto o social e o humano s\u00e3o importantes e fazem falta em nossas vidas. Vamos dar prioridade \u00e0s campanhas <em>online<\/em>, via redes sociais, site e outras ferramentas digitais. <\/p>\n\n\n\n<p>Conhe\u00e7a um pouco da nossa hist\u00f3ria <a href=\"https:\/\/www.ufsm.br\/unidades-universitarias\/ccsh\/historico\/\">aqui<\/a>. <\/p>\n\n\n\n<p><strong><em>CCSH 50 anos &#8211; Cada Vez Mais Sociais e Humanas&nbsp;<\/em><\/strong> <\/p>\n\n\n\n<p><img fetchpriority=\"high\" decoding=\"async\" width=\"606\" height=\"776\" class=\"wp-image-2712\" style=\"width: 150px\" src=\"https:\/\/www.ufsm.br\/unidades-universitarias\/ccsh\/wp-content\/uploads\/sites\/372\/2020\/05\/50ANOSCCSH_VERT_COLOR_Prancheta-1-1.jpg\" alt=\"\" srcset=\"https:\/\/www.ufsm.br\/app\/uploads\/sites\/372\/2020\/05\/50ANOSCCSH_VERT_COLOR_Prancheta-1-1.jpg 606w, https:\/\/www.ufsm.br\/app\/uploads\/sites\/372\/2020\/05\/50ANOSCCSH_VERT_COLOR_Prancheta-1-1-234x300.jpg 234w\" sizes=\"(max-width: 606px) 100vw, 606px\" \/>            <img decoding=\"async\" width=\"606\" height=\"776\" class=\"wp-image-2713\" style=\"width: 150px\" src=\"https:\/\/www.ufsm.br\/unidades-universitarias\/ccsh\/wp-content\/uploads\/sites\/372\/2020\/05\/50ANOSCCSH_VERT_NEGATIVO_Prancheta-1.jpg\" alt=\"\" srcset=\"https:\/\/www.ufsm.br\/app\/uploads\/sites\/372\/2020\/05\/50ANOSCCSH_VERT_NEGATIVO_Prancheta-1.jpg 606w, https:\/\/www.ufsm.br\/app\/uploads\/sites\/372\/2020\/05\/50ANOSCCSH_VERT_NEGATIVO_Prancheta-1-234x300.jpg 234w\" sizes=\"(max-width: 606px) 100vw, 606px\" \/>         <img decoding=\"async\" width=\"606\" height=\"776\" class=\"wp-image-2714\" style=\"width: 150px\" src=\"https:\/\/www.ufsm.br\/unidades-universitarias\/ccsh\/wp-content\/uploads\/sites\/372\/2020\/05\/50ANOSCCSH_VERT_PRETO_Prancheta-1.jpg\" alt=\"\" srcset=\"https:\/\/www.ufsm.br\/app\/uploads\/sites\/372\/2020\/05\/50ANOSCCSH_VERT_PRETO_Prancheta-1.jpg 606w, https:\/\/www.ufsm.br\/app\/uploads\/sites\/372\/2020\/05\/50ANOSCCSH_VERT_PRETO_Prancheta-1-234x300.jpg 234w\" sizes=\"(max-width: 606px) 100vw, 606px\" \/>         <\/p>\n\n\n\n<p><strong>Lan\u00e7amento das comemora\u00e7\u00f5es dos 50 anos: <em>Campus Open Mapping&nbsp;<\/em><\/strong><\/p>\n\n\n\n<p><strong>Data:<\/strong> 13 de mar\u00e7o (sexta-feira)&nbsp;<\/p>\n\n\n\n<p><strong>Hor\u00e1rio:<\/strong> 20h&nbsp;<\/p>\n\n\n\n<p><strong>Local:<\/strong> Biblioteca Setorial do CCSH&nbsp;<\/p>\n\n\n\n<p><\/p>\n\n\n\n<p><strong>Lan\u00e7amento do Selo Comemorativo&nbsp;<\/strong><\/p>\n\n\n\n<p><strong>Data:<\/strong> 16 de mar\u00e7o (Segunda-feira)<\/p>\n\n\n\n<p><strong>Hor\u00e1rio:&nbsp;<\/strong>9h<\/p>\n\n\n\n<p><strong>Local:<\/strong> Audit\u00f3rio pr\u00e9dio 74C, em reuni\u00e3o do Conselho do Centro&nbsp;<\/p>\n\n\n\n<p><\/p>\n\n\n\n<p><strong><a href=\"https:\/\/www.ufsm.br\/unidades-universitarias\/ccsh\/2020\/04\/07\/campanha-cada-vez-mais-sociais-e-humanas\/\">Campanha Cada Vez Mais Sociais e Humanas <\/a><\/strong><\/p>\n\n\n\n<p><a href=\"https:\/\/www.ufsm.br\/unidades-universitarias\/ccsh\/2020\/05\/08\/participe-do-video-comemorativo-dos-50-anos\/\"><strong>Participe do v\u00eddeo comemorativo dos 50 anos&nbsp;<\/strong><\/a><\/p>\n\n\n\n<p><a href=\"https:\/\/www.ufsm.br\/unidades-universitarias\/ccsh\/2020\/06\/05\/lancamos-nosso-video-comemorativo-com-a-sua-participacao-venha-conferir\/\"><strong>Lan\u00e7amos nosso v\u00eddeo comemorativo com a sua participa\u00e7\u00e3o: venha conferir!<\/strong><\/a><\/p>\n\n\n\n<p><a href=\"https:\/\/www.ufsm.br\/unidades-universitarias\/ccsh\/2020\/06\/05\/centro-de-ciencias-sociais-e-humanas-da-ufsm-comemora-50-anos\/\"><strong>Centro de Ci\u00eancias Sociais e Humanas da UFSM comemora 50 anos<\/strong><\/a><\/p>\n\n\n","protected":false},"excerpt":{"rendered":"<p>Em 2020, o Centro de Ci\u00eancias Sociais e Humanas (CCSH) da UFSM completa 50 anos. A data do anivers\u00e1rio \u00e9 5 de junho, mas ao longo de todo o ano ser\u00e3o realizadas atividades comemorativas. Podemos antecipar algumas delas: Campus Open Mapping, lan\u00e7amento do selo comemorativo, produ\u00e7\u00e3o de v\u00eddeo institucional, lan\u00e7amento de livro hist\u00f3rico, inaugura\u00e7\u00e3o de [&hellip;]<\/p>\n","protected":false},"author":274,"featured_media":0,"parent":0,"menu_order":0,"comment_status":"closed","ping_status":"closed","template":"","meta":{"footnotes":""},"categories":[],"tags":[],"class_list":["post-2672","page","type-page","status-publish","hentry"],"acf":[],"_links":{"self":[{"href":"https:\/\/www.ufsm.br\/unidades-universitarias\/ccsh\/wp-json\/wp\/v2\/pages\/2672","targetHints":{"allow":["GET"]}}],"collection":[{"href":"https:\/\/www.ufsm.br\/unidades-universitarias\/ccsh\/wp-json\/wp\/v2\/pages"}],"about":[{"href":"https:\/\/www.ufsm.br\/unidades-universitarias\/ccsh\/wp-json\/wp\/v2\/types\/page"}],"author":[{"embeddable":true,"href":"https:\/\/www.ufsm.br\/unidades-universitarias\/ccsh\/wp-json\/wp\/v2\/users\/274"}],"replies":[{"embeddable":true,"href":"https:\/\/www.ufsm.br\/unidades-universitarias\/ccsh\/wp-json\/wp\/v2\/comments?post=2672"}],"version-history":[{"count":0,"href":"https:\/\/www.ufsm.br\/unidades-universitarias\/ccsh\/wp-json\/wp\/v2\/pages\/2672\/revisions"}],"wp:attachment":[{"href":"https:\/\/www.ufsm.br\/unidades-universitarias\/ccsh\/wp-json\/wp\/v2\/media?parent=2672"}],"wp:term":[{"taxonomy":"category","embeddable":true,"href":"https:\/\/www.ufsm.br\/unidades-universitarias\/ccsh\/wp-json\/wp\/v2\/categories?post=2672"},{"taxonomy":"post_tag","embeddable":true,"href":"https:\/\/www.ufsm.br\/unidades-universitarias\/ccsh\/wp-json\/wp\/v2\/tags?post=2672"}],"curies":[{"name":"wp","href":"https:\/\/api.w.org\/{rel}","templated":true}]}}