{"id":2796,"date":"2020-10-20T09:09:57","date_gmt":"2020-10-20T12:09:57","guid":{"rendered":"https:\/\/www.ufsm.br\/unidades-universitarias\/ccsh\/?page_id=2796"},"modified":"2020-10-21T20:47:29","modified_gmt":"2020-10-21T23:47:29","slug":"programa-de-extensao-radios-comunitarias","status":"publish","type":"page","link":"https:\/\/www.ufsm.br\/unidades-universitarias\/ccsh\/programa-de-extensao-radios-comunitarias","title":{"rendered":"Programa de Extens\u00e3o: R\u00e1dios Comunit\u00e1rias"},"content":{"rendered":"\t\t<div data-elementor-type=\"wp-page\" data-elementor-id=\"2796\" class=\"elementor elementor-2796\">\n\t\t\t\t\t\t<section class=\"elementor-section elementor-top-section elementor-element elementor-element-34feeef elementor-section-boxed elementor-section-height-default elementor-section-height-default\" data-id=\"34feeef\" data-element_type=\"section\">\n\t\t\t\t\t\t<div class=\"elementor-container elementor-column-gap-default\">\n\t\t\t\t\t<div class=\"elementor-column elementor-col-100 elementor-top-column elementor-element elementor-element-bf9d00f\" data-id=\"bf9d00f\" data-element_type=\"column\">\n\t\t\t<div class=\"elementor-widget-wrap elementor-element-populated\">\n\t\t\t\t\t\t<div class=\"elementor-element elementor-element-d6b960b elementor-widget elementor-widget-wp-widget-ufsm_apresentacao_widget\" data-id=\"d6b960b\" data-element_type=\"widget\" data-widget_type=\"wp-widget-ufsm_apresentacao_widget.default\">\n\t\t\t\t<div class=\"elementor-widget-container\">\n\t\t\t<p>\n    O projeto <b>Tecnologia Social para Inclus\u00e3o e Apropria\u00e7\u00e3o do Fazer Midi\u00e1tico por Associa\u00e7\u00f5es de R\u00e1dios Comunit\u00e1rias<\/b> possui sua classifica\u00e7\u00e3o principal como <b>Extens\u00e3o<\/b>,\n    sendo sua dura\u00e7\u00e3o de <b>01\/03\/2010<\/b> at\u00e9 <b>31\/12\/2013<\/b>. Ele est\u00e1 registrado pelo processo de n\u00famero <b>026462<\/b>. \n    Atualmente ele est\u00e1 em <b>em andamento<\/b>.\n<\/p>\n    <p>\n        <b>Palavras-chave:<\/b> r\u00e1dio comunit\u00e1ria;, desenvolvimento comunit\u00e1r, cidadania, tecnologia social    <\/p>\n<p>\n    <a href=\"https:\/\/portal.ufsm.br\/projetos\/publico\/projetos\/view.html?idProjeto=30822\" target=\"_blank\">\n        <i class=\"fa fa-external-link me-1\" aria-hidden=\"true\"><\/i>\n        Ver mais informa\u00e7\u00f5es no Portal de Projetos\n    <\/a>\n<\/p>\n\t\t<\/div>\n\t\t\t\t<\/div>\n\t\t\t\t\t<\/div>\n\t\t<\/div>\n\t\t\t\t\t<\/div>\n\t\t<\/section>\n\t\t\t\t<section class=\"elementor-section elementor-top-section elementor-element elementor-element-52416b9 elementor-section-boxed elementor-section-height-default elementor-section-height-default\" data-id=\"52416b9\" data-element_type=\"section\">\n\t\t\t\t\t\t<div class=\"elementor-container elementor-column-gap-default\">\n\t\t\t\t\t<div class=\"elementor-column elementor-col-100 elementor-top-column elementor-element elementor-element-bdcc78d\" data-id=\"bdcc78d\" data-element_type=\"column\">\n\t\t\t<div class=\"elementor-widget-wrap elementor-element-populated\">\n\t\t\t\t\t\t<div class=\"elementor-element elementor-element-17a47df elementor-widget elementor-widget-heading\" data-id=\"17a47df\" data-element_type=\"widget\" data-widget_type=\"heading.default\">\n\t\t\t\t<div class=\"elementor-widget-container\">\n\t\t\t<h5 class=\"elementor-heading-title elementor-size-default\">Apresenta\u00e7\u00e3o<\/h5>\t\t<\/div>\n\t\t\t\t<\/div>\n\t\t\t\t<div class=\"elementor-element elementor-element-8f24524 elementor-widget elementor-widget-text-editor\" data-id=\"8f24524\" data-element_type=\"widget\" data-widget_type=\"text-editor.default\">\n\t\t\t\t<div class=\"elementor-widget-container\">\n\t\t\t\t\t\t\t<p>O programa de extens\u00e3o<strong>\u00a0\u201cTecnologia social para inclus\u00e3o e apropria\u00e7\u00e3o do fazer midi\u00e1tico por associa\u00e7\u00f5es de r\u00e1dios comunit\u00e1rias\u201d<\/strong>\u00a0tem como objetivo central assessorar as associa\u00e7\u00f5es comunit\u00e1rias e\/ou funda\u00e7\u00f5es comunit\u00e1rias, com sede nos munic\u00edpios da 4\u00aa Col\u00f4nia do Estado do RS, na instala\u00e7\u00e3o e implementa\u00e7\u00e3o de R\u00e1dios Comunit\u00e1rias, atrav\u00e9s da articula\u00e7\u00e3o das atividades ensino, pesquisa e extens\u00e3o.<\/p>\t\t\t\t\t\t<\/div>\n\t\t\t\t<\/div>\n\t\t\t\t\t<\/div>\n\t\t<\/div>\n\t\t\t\t\t<\/div>\n\t\t<\/section>\n\t\t\t\t<section class=\"elementor-section elementor-top-section elementor-element elementor-element-d138b6a elementor-section-boxed elementor-section-height-default elementor-section-height-default\" data-id=\"d138b6a\" data-element_type=\"section\">\n\t\t\t\t\t\t<div class=\"elementor-container elementor-column-gap-default\">\n\t\t\t\t\t<div class=\"elementor-column elementor-col-100 elementor-top-column elementor-element elementor-element-cdfb81a\" data-id=\"cdfb81a\" data-element_type=\"column\">\n\t\t\t<div class=\"elementor-widget-wrap elementor-element-populated\">\n\t\t\t\t\t\t<div class=\"elementor-element elementor-element-2b72224 elementor-widget elementor-widget-wp-widget-ufsm_noticias_widget\" data-id=\"2b72224\" data-element_type=\"widget\" data-widget_type=\"wp-widget-ufsm_noticias_widget.default\">\n\t\t\t\t<div class=\"elementor-widget-container\">\n\t\t\t<h5 class='titulo-conteudos'>Not\u00edcias<\/h5><div class='widget-noticias-inside'>\n                        <div class=\"row\">\n                                    <div class=\"col-12 col-lg-6 pb-4\">\n                                        \n                                        \n                    \n                    <a class=\"noticias-widget-title d-block \"  title=\"Projeto de Extens\u00e3o para R\u00e1dios Comunit\u00e1rias realiza curso de forma\u00e7\u00e3o\" href=\"https:\/\/www.ufsm.br\/unidades-universitarias\/ccsh\/2012\/10\/20\/projeto-de-extensao-para-radios-comunitarias-realiza-curso-de-formacao-2\">\n                                                Projeto de Extens\u00e3o para R\u00e1dios Comunit\u00e1rias realiza curso de forma\u00e7\u00e3o                    <\/a>\n                    \n                                            <div class=\"noticias-widget-introtext\">\n                            Gestores e colaboradores das r\u00e1dios comunit\u00e1rias de Nova Palma, Faxinal, Ivor\u00e1 e Itaara participaram de curso de forma\u00e7\u00e3o na\u00a0UFSM\u00a0na \u00faltima sexta-feira (19). Pela parte da manh\u00e3, assistiram palestra sobre\u00a0A fun\u00e7\u00e3o&hellip;                        <\/div>\n                    \n                                        \n                                        \n                                        <\/div>\n                                    <div class=\"col-12 col-lg-6 pb-4\">\n                                        \n                                        \n                    \n                    <a class=\"noticias-widget-title d-block \"  title=\"Tecnologia Social para Inclus\u00e3o e Apropria\u00e7\u00e3o do Fazer Midi\u00e1tico por Associa\u00e7\u00f5es de R\u00e1dios Comunit\u00e1rias\" href=\"https:\/\/www.ufsm.br\/unidades-universitarias\/ccsh\/2012\/10\/20\/tecnologia-social-para-inclusao-e-apropriacao-do-fazer-midiatico-por-associacoes-de-radios-comunitarias\">\n                                                Tecnologia Social para Inclus\u00e3o e Apropria\u00e7\u00e3o do Fazer Midi\u00e1tico por Associa\u00e7\u00f5es de R\u00e1dios Comunit\u00e1rias                    <\/a>\n                    \n                                            <div class=\"noticias-widget-introtext\">\n                            O Projeto de Extens\u00e3o Universit\u00e1ria\u00a0Tecnologia Social para Inclus\u00e3o e Apropria\u00e7\u00e3o do Fazer Midi\u00e1tico por Associa\u00e7\u00f5es de R\u00e1dios Comunit\u00e1rias\u00a0tem o objetivo de assessorar as associa\u00e7\u00f5es comunit\u00e1rias e\/ou funda\u00e7\u00f5es comunit\u00e1rias que tenham&hellip;                        <\/div>\n                    \n                                        \n                                        \n                                        <\/div>\n                            <\/div>\n                    <div class=\"row\">\n                                    <div class=\"col-12 col-lg-6 pb-4\">\n                                        \n                                        \n                    \n                    <a class=\"noticias-widget-title d-block \"  title=\"Projeto de Extens\u00e3o para R\u00e1dios Comunit\u00e1rias realiza curso de forma\u00e7\u00e3o.\" href=\"https:\/\/www.ufsm.br\/unidades-universitarias\/ccsh\/2011\/10\/20\/projeto-de-extensao-para-radios-comunitarias-realiza-curso-de-formacao\">\n                                                Projeto de Extens\u00e3o para R\u00e1dios Comunit\u00e1rias realiza curso de forma\u00e7\u00e3o.                    <\/a>\n                    \n                                            <div class=\"noticias-widget-introtext\">\n                            Na tarde do \u00faltimo s\u00e1bado, 2 de julho, 25 alunos dos cursos de Jornalismo, Publicidade e Propaganda, Produ\u00e7\u00e3o Editorial e Rela\u00e7\u00f5es P\u00fablicas da Universidade Federal de Santa Maria (UFSM) participaram&hellip;                        <\/div>\n                    \n                                        \n                                        \n                                        <\/div>\n                                    <div class=\"col-12 col-lg-6 pb-4\">\n                                        \n                                        \n                    \n                    <a class=\"noticias-widget-title d-block \"  title=\"PETCisa realiza curso sobre estrat\u00e9gias de aproxima\u00e7\u00e3o comunit\u00e1ria\" href=\"https:\/\/www.ufsm.br\/unidades-universitarias\/ccsh\/2011\/10\/20\/petcisa-realiza-curso-sobre-estrategias-de-aproximacao-comunitaria\">\n                                                PETCisa realiza curso sobre estrat\u00e9gias de aproxima\u00e7\u00e3o comunit\u00e1ria                    <\/a>\n                    \n                                            <div class=\"noticias-widget-introtext\">\n                            \u00a0 Eduardo Covalesky O Programa de Ensino Tutorial das Ci\u00eancias Sociais Aplicadas (PETCisa) da Universidade Federal de Santa Maria (UFSM) realizou, na tarde de segunda-feira, 10 de outubro, forma\u00e7\u00e3o para&hellip;                        <\/div>\n                    \n                                        \n                                        \n                                        <\/div>\n                            <\/div>\n            <\/div>\n\t\t<\/div>\n\t\t\t\t<\/div>\n\t\t\t\t<div class=\"elementor-element elementor-element-fa65e1c elementor-widget elementor-widget-heading\" data-id=\"fa65e1c\" data-element_type=\"widget\" data-widget_type=\"heading.default\">\n\t\t\t\t<div class=\"elementor-widget-container\">\n\t\t\t<h5 class=\"elementor-heading-title elementor-size-default\">Downloads<\/h5>\t\t<\/div>\n\t\t\t\t<\/div>\n\t\t\t\t<div class=\"elementor-element elementor-element-3638c60 elementor-widget elementor-widget-toggle\" data-id=\"3638c60\" data-element_type=\"widget\" data-widget_type=\"toggle.default\">\n\t\t\t\t<div class=\"elementor-widget-container\">\n\t\t\t\t\t<div class=\"elementor-toggle\">\n\t\t\t\t\t\t\t<div class=\"elementor-toggle-item\">\n\t\t\t\t\t<div id=\"elementor-tab-title-5681\" class=\"elementor-tab-title\" data-tab=\"1\" role=\"button\" aria-controls=\"elementor-tab-content-5681\" aria-expanded=\"false\">\n\t\t\t\t\t\t\t\t\t\t\t\t<span class=\"elementor-toggle-icon elementor-toggle-icon-left\" aria-hidden=\"true\">\n\t\t\t\t\t\t\t\t\t\t\t\t\t\t\t<span class=\"elementor-toggle-icon-closed\"><i class=\"fas fa-caret-right\"><\/i><\/span>\n\t\t\t\t\t\t\t\t<span class=\"elementor-toggle-icon-opened\"><i class=\"elementor-toggle-icon-opened fas fa-caret-up\"><\/i><\/span>\n\t\t\t\t\t\t\t\t\t\t\t\t\t<\/span>\n\t\t\t\t\t\t\t\t\t\t\t\t<a class=\"elementor-toggle-title\" tabindex=\"0\">Cartilha sobre as r\u00e1dios comunit\u00e1rias<\/a>\n\t\t\t\t\t<\/div>\n\n\t\t\t\t\t<div id=\"elementor-tab-content-5681\" class=\"elementor-tab-content elementor-clearfix\" data-tab=\"1\" role=\"region\" aria-labelledby=\"elementor-tab-title-5681\"><p>A cartilha, que traz um hist\u00f3rico das r\u00e1dios comunit\u00e1rias, quest\u00f5es da legisla\u00e7\u00e3o e fornece informa\u00e7\u00f5es de como montar uma r\u00e1dio, est\u00e1 sobre licen\u00e7aCreative Commons e pode ser distribu\u00edda gratuitamente sobre a mesma licen\u00e7a, que pode ser conferida na p\u00e1gina 4 da obra.<\/p><p>Fonte: UFRGS \u201cPara fazer R\u00c1DIO COMUNIT\u00c1RIA com &#8220;C&#8221; mai\u00fasculo.<\/p><h5><a class=\"fundovermelho\" href=\"https:\/\/www.ufsm.br\/app\/uploads\/sites\/372\/2020\/10\/cartilha-Radio-Comunitaria.pdf\">Download<\/a><\/h5><\/div>\n\t\t\t\t<\/div>\n\t\t\t\t\t\t\t<div class=\"elementor-toggle-item\">\n\t\t\t\t\t<div id=\"elementor-tab-title-5682\" class=\"elementor-tab-title\" data-tab=\"2\" role=\"button\" aria-controls=\"elementor-tab-content-5682\" aria-expanded=\"false\">\n\t\t\t\t\t\t\t\t\t\t\t\t<span class=\"elementor-toggle-icon elementor-toggle-icon-left\" aria-hidden=\"true\">\n\t\t\t\t\t\t\t\t\t\t\t\t\t\t\t<span class=\"elementor-toggle-icon-closed\"><i class=\"fas fa-caret-right\"><\/i><\/span>\n\t\t\t\t\t\t\t\t<span class=\"elementor-toggle-icon-opened\"><i class=\"elementor-toggle-icon-opened fas fa-caret-up\"><\/i><\/span>\n\t\t\t\t\t\t\t\t\t\t\t\t\t<\/span>\n\t\t\t\t\t\t\t\t\t\t\t\t<a class=\"elementor-toggle-title\" tabindex=\"0\">Tecnologia social para inclus\u00e3o e apropria\u00e7\u00e3o do fazer midi\u00e1tico por associa\u00e7\u00f5es de r\u00e1dios comunit\u00e1rias<\/a>\n\t\t\t\t\t<\/div>\n\n\t\t\t\t\t<div id=\"elementor-tab-content-5682\" class=\"elementor-tab-content elementor-clearfix\" data-tab=\"2\" role=\"region\" aria-labelledby=\"elementor-tab-title-5682\"><p>Artigo apresentado no DT 7 &#8211; Comunica\u00e7\u00e3o, espa\u00e7o e cidadania, do XII Congresso de Ci\u00eancias da Comunica\u00e7\u00e3o na Regi\u00e3o Sul, no ano de 2011.<\/p><p>Autores:\u00a0Jean Felipe Rossato, Maria Ivete Trevisan Foss\u00e1, Kalliandra Quevedo Conrad,\u00a0Ang\u00e9lica Manfio.<\/p><p><a class=\"fundovermelho\" href=\"https:\/\/www.ufsm.br\/app\/uploads\/sites\/372\/2020\/10\/Intercom3.doc\">Download<\/a><\/p><\/div>\n\t\t\t\t<\/div>\n\t\t\t\t\t\t\t<div class=\"elementor-toggle-item\">\n\t\t\t\t\t<div id=\"elementor-tab-title-5683\" class=\"elementor-tab-title\" data-tab=\"3\" role=\"button\" aria-controls=\"elementor-tab-content-5683\" aria-expanded=\"false\">\n\t\t\t\t\t\t\t\t\t\t\t\t<span class=\"elementor-toggle-icon elementor-toggle-icon-left\" aria-hidden=\"true\">\n\t\t\t\t\t\t\t\t\t\t\t\t\t\t\t<span class=\"elementor-toggle-icon-closed\"><i class=\"fas fa-caret-right\"><\/i><\/span>\n\t\t\t\t\t\t\t\t<span class=\"elementor-toggle-icon-opened\"><i class=\"elementor-toggle-icon-opened fas fa-caret-up\"><\/i><\/span>\n\t\t\t\t\t\t\t\t\t\t\t\t\t<\/span>\n\t\t\t\t\t\t\t\t\t\t\t\t<a class=\"elementor-toggle-title\" tabindex=\"0\">O novo r\u00e1dio: um estudo sobre a tecnologiza\u00e7\u00e3o da reda\u00e7\u00e3o em uma emissora comunit\u00e1ria de interior<\/a>\n\t\t\t\t\t<\/div>\n\n\t\t\t\t\t<div id=\"elementor-tab-content-5683\" class=\"elementor-tab-content elementor-clearfix\" data-tab=\"3\" role=\"region\" aria-labelledby=\"elementor-tab-title-5683\"><p>&#8220;Este artigo realiza um estudo de rotinas produtivas do jornalismo da R\u00e1dio Comunit\u00e1ria FM, de Frederico Westphalen, interior do Rio Grande do Sul. A partir deste estudo de caso, buscamos discutir a rela\u00e7\u00e3o das tecnologias da informa\u00e7\u00e3o e da comunica\u00e7\u00e3o e do processo de converg\u00eancia jornal\u00edstica nas rotinas de emissoras de r\u00e1dio em cidades de interior&#8230;&#8221;<\/p><p><a class=\"fundovermelho\" href=\"https:\/\/www.ufsm.br\/app\/uploads\/sites\/372\/2020\/10\/419-1280-1-PB.pdf\">Download<\/a><\/p><\/div>\n\t\t\t\t<\/div>\n\t\t\t\t\t\t\t<div class=\"elementor-toggle-item\">\n\t\t\t\t\t<div id=\"elementor-tab-title-5684\" class=\"elementor-tab-title\" data-tab=\"4\" role=\"button\" aria-controls=\"elementor-tab-content-5684\" aria-expanded=\"false\">\n\t\t\t\t\t\t\t\t\t\t\t\t<span class=\"elementor-toggle-icon elementor-toggle-icon-left\" aria-hidden=\"true\">\n\t\t\t\t\t\t\t\t\t\t\t\t\t\t\t<span class=\"elementor-toggle-icon-closed\"><i class=\"fas fa-caret-right\"><\/i><\/span>\n\t\t\t\t\t\t\t\t<span class=\"elementor-toggle-icon-opened\"><i class=\"elementor-toggle-icon-opened fas fa-caret-up\"><\/i><\/span>\n\t\t\t\t\t\t\t\t\t\t\t\t\t<\/span>\n\t\t\t\t\t\t\t\t\t\t\t\t<a class=\"elementor-toggle-title\" tabindex=\"0\">Alternar t\u00edtulNivelamento de estrat\u00e9gias de aproxima\u00e7\u00e3o entre r\u00e1dios comunit\u00e1rias e sua comunidade<\/a>\n\t\t\t\t\t<\/div>\n\n\t\t\t\t\t<div id=\"elementor-tab-content-5684\" class=\"elementor-tab-content elementor-clearfix\" data-tab=\"4\" role=\"region\" aria-labelledby=\"elementor-tab-title-5684\"><p>Estrat\u00e9gias de aproxima\u00e7\u00e3o entre r\u00e1dio comunit\u00e1ria e comunidade.Documento criado pela equipe<\/p><p>PROEXT 2010\/2011.<\/p><p><a class=\"fundovermelho\" href=\"https:\/\/www.ufsm.br\/app\/uploads\/sites\/372\/2020\/10\/Nivelamento.pdf\">Download<\/a><\/p><\/div>\n\t\t\t\t<\/div>\n\t\t\t\t\t\t\t\t<\/div>\n\t\t\t\t<\/div>\n\t\t\t\t<\/div>\n\t\t\t\t\t<\/div>\n\t\t<\/div>\n\t\t\t\t\t<\/div>\n\t\t<\/section>\n\t\t\t\t<section class=\"elementor-section elementor-top-section elementor-element elementor-element-bf068f1 elementor-section-boxed elementor-section-height-default elementor-section-height-default\" data-id=\"bf068f1\" data-element_type=\"section\">\n\t\t\t\t\t\t<div class=\"elementor-container elementor-column-gap-default\">\n\t\t\t\t\t<div class=\"elementor-column elementor-col-100 elementor-top-column elementor-element elementor-element-b283dac\" data-id=\"b283dac\" data-element_type=\"column\">\n\t\t\t<div class=\"elementor-widget-wrap elementor-element-populated\">\n\t\t\t\t\t\t<div class=\"elementor-element elementor-element-77d58cf elementor-widget elementor-widget-heading\" data-id=\"77d58cf\" data-element_type=\"widget\" data-widget_type=\"heading.default\">\n\t\t\t\t<div class=\"elementor-widget-container\">\n\t\t\t<h5 class=\"elementor-heading-title elementor-size-default\">Multim\u00eddia<\/h5>\t\t<\/div>\n\t\t\t\t<\/div>\n\t\t\t\t<div class=\"elementor-element elementor-element-088acf9 elementor-widget elementor-widget-toggle\" data-id=\"088acf9\" data-element_type=\"widget\" data-widget_type=\"toggle.default\">\n\t\t\t\t<div class=\"elementor-widget-container\">\n\t\t\t\t\t<div class=\"elementor-toggle\">\n\t\t\t\t\t\t\t<div class=\"elementor-toggle-item\">\n\t\t\t\t\t<div id=\"elementor-tab-title-8951\" class=\"elementor-tab-title\" data-tab=\"1\" role=\"button\" aria-controls=\"elementor-tab-content-8951\" aria-expanded=\"false\">\n\t\t\t\t\t\t\t\t\t\t\t\t<span class=\"elementor-toggle-icon elementor-toggle-icon-left\" aria-hidden=\"true\">\n\t\t\t\t\t\t\t\t\t\t\t\t\t\t\t<span class=\"elementor-toggle-icon-closed\"><i class=\"fas fa-caret-right\"><\/i><\/span>\n\t\t\t\t\t\t\t\t<span class=\"elementor-toggle-icon-opened\"><i class=\"elementor-toggle-icon-opened fas fa-caret-up\"><\/i><\/span>\n\t\t\t\t\t\t\t\t\t\t\t\t\t<\/span>\n\t\t\t\t\t\t\t\t\t\t\t\t<a class=\"elementor-toggle-title\" tabindex=\"0\">Pacote de jingles e spots<\/a>\n\t\t\t\t\t<\/div>\n\n\t\t\t\t\t<div id=\"elementor-tab-content-8951\" class=\"elementor-tab-content elementor-clearfix\" data-tab=\"1\" role=\"region\" aria-labelledby=\"elementor-tab-title-8951\"><p>Arquivos elaborados pelo curso de Publicidade e Propaganda-UFSM<\/p>\n<p>Spots da campanha do agasalho.\u00a0<a class=\"fundovermelho\" href=\"https:\/\/www.ufsm.br\/app\/uploads\/sites\/372\/2020\/10\/Spots-campanha-do-agasalho.zip\">Download<\/a><\/p>\n<p>Spots da campanha tr\u00e2nsito seguro.\u00a0<a class=\"fundovermelho\" href=\"https:\/\/www.ufsm.br\/app\/uploads\/sites\/372\/2020\/10\/Spots-Campanha-transito-seguro-_1_.zip\">Download<\/a><\/p>\n<p>Jingles Social.\u00a0<a class=\"fundovermelho\" href=\"https:\/\/www.ufsm.br\/app\/uploads\/sites\/372\/2020\/10\/Jingles-social-_1_.zip\">Download<\/a><\/p>\n<p>\u00a0<\/p><\/div>\n\t\t\t\t<\/div>\n\t\t\t\t\t\t\t<div class=\"elementor-toggle-item\">\n\t\t\t\t\t<div id=\"elementor-tab-title-8952\" class=\"elementor-tab-title\" data-tab=\"2\" role=\"button\" aria-controls=\"elementor-tab-content-8952\" aria-expanded=\"false\">\n\t\t\t\t\t\t\t\t\t\t\t\t<span class=\"elementor-toggle-icon elementor-toggle-icon-left\" aria-hidden=\"true\">\n\t\t\t\t\t\t\t\t\t\t\t\t\t\t\t<span class=\"elementor-toggle-icon-closed\"><i class=\"fas fa-caret-right\"><\/i><\/span>\n\t\t\t\t\t\t\t\t<span class=\"elementor-toggle-icon-opened\"><i class=\"elementor-toggle-icon-opened fas fa-caret-up\"><\/i><\/span>\n\t\t\t\t\t\t\t\t\t\t\t\t\t<\/span>\n\t\t\t\t\t\t\t\t\t\t\t\t<a class=\"elementor-toggle-title\" tabindex=\"0\">Fotos<\/a>\n\t\t\t\t\t<\/div>\n\n\t\t\t\t\t<div id=\"elementor-tab-content-8952\" class=\"elementor-tab-content elementor-clearfix\" data-tab=\"2\" role=\"region\" aria-labelledby=\"elementor-tab-title-8952\"><p>Curso de forma\u00e7\u00e3o dia 19 de agosto.<\/p><p>Curso de forma\u00e7\u00e3o dia 26 de agosto.<\/p><p>Curso de Capacita\u00e7\u00e3o em Comunica\u00e7\u00e3o Comunit\u00e1ria.<\/p><\/div>\n\t\t\t\t<\/div>\n\t\t\t\t\t\t\t<div class=\"elementor-toggle-item\">\n\t\t\t\t\t<div id=\"elementor-tab-title-8953\" class=\"elementor-tab-title\" data-tab=\"3\" role=\"button\" aria-controls=\"elementor-tab-content-8953\" aria-expanded=\"false\">\n\t\t\t\t\t\t\t\t\t\t\t\t<span class=\"elementor-toggle-icon elementor-toggle-icon-left\" aria-hidden=\"true\">\n\t\t\t\t\t\t\t\t\t\t\t\t\t\t\t<span class=\"elementor-toggle-icon-closed\"><i class=\"fas fa-caret-right\"><\/i><\/span>\n\t\t\t\t\t\t\t\t<span class=\"elementor-toggle-icon-opened\"><i class=\"elementor-toggle-icon-opened fas fa-caret-up\"><\/i><\/span>\n\t\t\t\t\t\t\t\t\t\t\t\t\t<\/span>\n\t\t\t\t\t\t\t\t\t\t\t\t<a class=\"elementor-toggle-title\" tabindex=\"0\">Pacote de documentos, textos e cartilhas para r\u00e1dios comunit\u00e1rias<\/a>\n\t\t\t\t\t<\/div>\n\n\t\t\t\t\t<div id=\"elementor-tab-content-8953\" class=\"elementor-tab-content elementor-clearfix\" data-tab=\"3\" role=\"region\" aria-labelledby=\"elementor-tab-title-8953\"><p>Documentos referentes a proposta de apoio, crit\u00e9rios na programa\u00e7\u00e3o, legisla\u00e7\u00e3o que rege as r\u00e1dios comunit\u00e1rias, dicas para reda\u00e7\u00e3o no r\u00e1dio e entre outros arquivos pertinentes para as r\u00e1dios. Documentos gentilmente cedido por Dagmar Camargo.<\/p>\n<p><a href=\"https:\/\/www.ufsm.br\/app\/uploads\/sites\/372\/2020\/10\/pacote_radio-_4_.zip\">Download<\/a><\/p><\/div>\n\t\t\t\t<\/div>\n\t\t\t\t\t\t\t\t<\/div>\n\t\t\t\t<\/div>\n\t\t\t\t<\/div>\n\t\t\t\t\t<\/div>\n\t\t<\/div>\n\t\t\t\t\t<\/div>\n\t\t<\/section>\n\t\t\t\t<\/div>\n\t\t","protected":false},"excerpt":{"rendered":"<p>Apresenta\u00e7\u00e3o O programa de extens\u00e3o\u00a0\u201cTecnologia social para inclus\u00e3o e apropria\u00e7\u00e3o do fazer midi\u00e1tico por associa\u00e7\u00f5es de r\u00e1dios comunit\u00e1rias\u201d\u00a0tem como objetivo central assessorar as associa\u00e7\u00f5es comunit\u00e1rias e\/ou funda\u00e7\u00f5es comunit\u00e1rias, com sede nos munic\u00edpios da 4\u00aa Col\u00f4nia do Estado do RS, na instala\u00e7\u00e3o e implementa\u00e7\u00e3o de R\u00e1dios Comunit\u00e1rias, atrav\u00e9s da articula\u00e7\u00e3o das atividades ensino, pesquisa e extens\u00e3o. [&hellip;]<\/p>\n","protected":false},"author":2223,"featured_media":0,"parent":0,"menu_order":0,"comment_status":"closed","ping_status":"closed","template":"","meta":{"footnotes":""},"categories":[],"tags":[],"class_list":["post-2796","page","type-page","status-publish","hentry"],"acf":[],"_links":{"self":[{"href":"https:\/\/www.ufsm.br\/unidades-universitarias\/ccsh\/wp-json\/wp\/v2\/pages\/2796","targetHints":{"allow":["GET"]}}],"collection":[{"href":"https:\/\/www.ufsm.br\/unidades-universitarias\/ccsh\/wp-json\/wp\/v2\/pages"}],"about":[{"href":"https:\/\/www.ufsm.br\/unidades-universitarias\/ccsh\/wp-json\/wp\/v2\/types\/page"}],"author":[{"embeddable":true,"href":"https:\/\/www.ufsm.br\/unidades-universitarias\/ccsh\/wp-json\/wp\/v2\/users\/2223"}],"replies":[{"embeddable":true,"href":"https:\/\/www.ufsm.br\/unidades-universitarias\/ccsh\/wp-json\/wp\/v2\/comments?post=2796"}],"version-history":[{"count":0,"href":"https:\/\/www.ufsm.br\/unidades-universitarias\/ccsh\/wp-json\/wp\/v2\/pages\/2796\/revisions"}],"wp:attachment":[{"href":"https:\/\/www.ufsm.br\/unidades-universitarias\/ccsh\/wp-json\/wp\/v2\/media?parent=2796"}],"wp:term":[{"taxonomy":"category","embeddable":true,"href":"https:\/\/www.ufsm.br\/unidades-universitarias\/ccsh\/wp-json\/wp\/v2\/categories?post=2796"},{"taxonomy":"post_tag","embeddable":true,"href":"https:\/\/www.ufsm.br\/unidades-universitarias\/ccsh\/wp-json\/wp\/v2\/tags?post=2796"}],"curies":[{"name":"wp","href":"https:\/\/api.w.org\/{rel}","templated":true}]}}