{"id":3052,"date":"2021-10-25T15:24:27","date_gmt":"2021-10-25T18:24:27","guid":{"rendered":"https:\/\/www.ufsm.br\/unidades-universitarias\/ccsh\/?page_id=3052"},"modified":"2021-12-02T09:37:53","modified_gmt":"2021-12-02T12:37:53","slug":"consulta-ccsh","status":"publish","type":"page","link":"https:\/\/www.ufsm.br\/unidades-universitarias\/ccsh\/consulta-ccsh","title":{"rendered":"Consulta CCSH"},"content":{"rendered":"\n<p>A Comiss\u00e3o de Consulta para Sucess\u00e3o da Dire\u00e7\u00e3o do CCSH abre o Processo de Consulta \u00e0 Comunidade do CCSH para a Sucess\u00e3o da Dire\u00e7\u00e3o do Centro de Ci\u00eancias Sociais e Humanas, gest\u00e3o 2022\/2026.<\/p>\n<p>Contato com a Comiss\u00e3o: \u00a0<a href=\"mailto:consulta.ccsh.2021@ufsm.br\" target=\"_blank\" rel=\"noopener\">consulta.ccsh.2021@ufsm.br<\/a><\/p>\n<p>As not\u00edcias relativas ao procedimento estar\u00e3o dispon\u00edveis a seguir. Os documentos est\u00e3o publicados nas not\u00edcias.\u00a0<\/p>\n<p>\u00a0<\/p>\n<p><a href=\"https:\/\/www.ufsm.br\/unidades-universitarias\/ccsh\/2021\/10\/25\/comissao-declara-aberto-o-processo-de-consulta-a-comunidade-academica-para-a-sucessao-da-direcao-do-ccsh\/\">Comiss\u00e3o declara aberto o processo de consulta \u00e0 comunidade acad\u00eamica para a sucess\u00e3o da Dire\u00e7\u00e3o do CCSH<\/a> (Edital e Regimento Interno)\u00a0<\/p>\n<p><a href=\"https:\/\/www.ufsm.br\/unidades-universitarias\/ccsh\/2021\/11\/04\/divulgadas-inscricoes-de-chapas-a-consulta-do-ccsh\/\">Divulgadas inscri\u00e7\u00f5es \u00e0 Consulta CCSH<\/a><\/p>\n<p><a href=\"https:\/\/www.ufsm.br\/unidades-universitarias\/ccsh\/2021\/11\/08\/divulgada-homologacao-das-inscricoes-para-a-sucessao-do-ccsh\/\">Divulgada homologa\u00e7\u00e3o das inscri\u00e7\u00f5es para a sucess\u00e3o do CCSH<\/a><\/p>\n<p><a href=\"https:\/\/www.ufsm.br\/unidades-universitarias\/ccsh\/2021\/11\/17\/divulgada-lista-de-votantes-para-a-consulta-ccsh-2021\/\">Divulgada lista de votantes para a Consulta CCSH 2021\u00a0<\/a><\/p>\n<p><a href=\"https:\/\/www.ufsm.br\/unidades-universitarias\/ccsh\/2021\/11\/25\/comissao-divulga-a-lista-definitiva-dos-votantes-para-a-sucessao-da-direcao-do-ccsh\/\">Comiss\u00e3o divulga a lista definitiva de votantes para a sucess\u00e3o da Dire\u00e7\u00e3o do CCSH\u00a0\u00a0\u00a0<\/a><\/p>\n<p><a href=\"https:\/\/www.ufsm.br\/unidades-universitarias\/ccsh\/2021\/11\/30\/consulta-a-comunidade-do-ccsh-para-sucessao-da-direcao-acontece-dia-1o-de-dezembro\/\">Consulta \u00e0 comunidade do CCSH para sucess\u00e3o da Dire\u00e7\u00e3o acontece dia 1\u00ba de dezembro\u00a0<\/a><\/p>\n<p><a href=\"https:\/\/www.ufsm.br\/unidades-universitarias\/ccsh\/2021\/12\/02\/divulgado-resultado-da-consulta-ccsh\/\">Divulgado resultado da consulta CCSH<\/a><\/p>\n<p>\u00a0<\/p>\n<p>\u00a0<\/p>\n<p>\u00a0<\/p>\n<p>\u00a0<\/p>\n<p>\u00a0<\/p>\n<p>\u00a0<\/p>\n<p>\u00a0<\/p>\n<p>\u00a0<\/p>\n<p>\u00a0<\/p>\n<p>\u00a0<\/p>\n<p>\u00a0<\/p>\n<p>\u00a0<\/p>\n<p>\u00a0<\/p>\n<p>\u00a0<\/p>\n<p>\u00a0<\/p>\n<p>\u00a0<\/p>\n","protected":false},"excerpt":{"rendered":"<p>A Comiss\u00e3o de Consulta para Sucess\u00e3o da Dire\u00e7\u00e3o do CCSH abre o Processo de Consulta \u00e0 Comunidade do CCSH para a Sucess\u00e3o da Dire\u00e7\u00e3o do Centro de Ci\u00eancias Sociais e Humanas, gest\u00e3o 2022\/2026. Contato com a Comiss\u00e3o: \u00a0consulta.ccsh.2021@ufsm.br As not\u00edcias relativas ao procedimento estar\u00e3o dispon\u00edveis a seguir. Os documentos est\u00e3o publicados nas not\u00edcias.\u00a0 \u00a0 Comiss\u00e3o [&hellip;]<\/p>\n","protected":false},"author":274,"featured_media":0,"parent":0,"menu_order":0,"comment_status":"closed","ping_status":"closed","template":"","meta":{"footnotes":""},"categories":[],"tags":[],"class_list":["post-3052","page","type-page","status-publish","hentry"],"acf":[],"_links":{"self":[{"href":"https:\/\/www.ufsm.br\/unidades-universitarias\/ccsh\/wp-json\/wp\/v2\/pages\/3052","targetHints":{"allow":["GET"]}}],"collection":[{"href":"https:\/\/www.ufsm.br\/unidades-universitarias\/ccsh\/wp-json\/wp\/v2\/pages"}],"about":[{"href":"https:\/\/www.ufsm.br\/unidades-universitarias\/ccsh\/wp-json\/wp\/v2\/types\/page"}],"author":[{"embeddable":true,"href":"https:\/\/www.ufsm.br\/unidades-universitarias\/ccsh\/wp-json\/wp\/v2\/users\/274"}],"replies":[{"embeddable":true,"href":"https:\/\/www.ufsm.br\/unidades-universitarias\/ccsh\/wp-json\/wp\/v2\/comments?post=3052"}],"version-history":[{"count":0,"href":"https:\/\/www.ufsm.br\/unidades-universitarias\/ccsh\/wp-json\/wp\/v2\/pages\/3052\/revisions"}],"wp:attachment":[{"href":"https:\/\/www.ufsm.br\/unidades-universitarias\/ccsh\/wp-json\/wp\/v2\/media?parent=3052"}],"wp:term":[{"taxonomy":"category","embeddable":true,"href":"https:\/\/www.ufsm.br\/unidades-universitarias\/ccsh\/wp-json\/wp\/v2\/categories?post=3052"},{"taxonomy":"post_tag","embeddable":true,"href":"https:\/\/www.ufsm.br\/unidades-universitarias\/ccsh\/wp-json\/wp\/v2\/tags?post=3052"}],"curies":[{"name":"wp","href":"https:\/\/api.w.org\/{rel}","templated":true}]}}