{"id":3450,"date":"2022-12-05T11:53:13","date_gmt":"2022-12-05T14:53:13","guid":{"rendered":"https:\/\/www.ufsm.br\/unidades-universitarias\/ccsh\/?page_id=3450"},"modified":"2026-03-31T09:32:09","modified_gmt":"2026-03-31T12:32:09","slug":"secretaria-integrada-de-pos-graduacao","status":"publish","type":"page","link":"https:\/\/www.ufsm.br\/unidades-universitarias\/ccsh\/secretaria-integrada-de-pos-graduacao","title":{"rendered":"Secretaria Integrada de P\u00f3s-gradua\u00e7\u00e3o"},"content":{"rendered":"\t\t<div data-elementor-type=\"wp-page\" data-elementor-id=\"3450\" class=\"elementor elementor-3450\">\n\t\t\t\t\t\t<section class=\"elementor-section elementor-top-section elementor-element elementor-element-7e5288a0 elementor-section-boxed elementor-section-height-default elementor-section-height-default\" data-id=\"7e5288a0\" data-element_type=\"section\">\n\t\t\t\t\t\t<div class=\"elementor-container elementor-column-gap-default\">\n\t\t\t\t\t<div class=\"elementor-column elementor-col-100 elementor-top-column elementor-element elementor-element-5d592c84\" data-id=\"5d592c84\" data-element_type=\"column\">\n\t\t\t<div class=\"elementor-widget-wrap elementor-element-populated\">\n\t\t\t\t\t\t<div class=\"elementor-element elementor-element-3472005c elementor-widget elementor-widget-text-editor\" data-id=\"3472005c\" data-element_type=\"widget\" data-widget_type=\"text-editor.default\">\n\t\t\t\t<div class=\"elementor-widget-container\">\n\t\t\t\t\t\t\t<!-- wp:tadv\/classic-paragraph -->\n<p>\u00c0 Secretaria Integrada dos Cursos de P\u00f3s-Gradua\u00e7\u00e3o do CCSH al\u00e9m das compet\u00eancias gerais correspondentes constantes no Regimento Geral, compete:<br \/>I \u2013 Prestar apoio administrativo nas rotinas dos colegiados dos Programas e Cursos sob responsabilidade da Secretaria Integrada de P\u00f3s-Gradua\u00e7\u00e3o;<br \/>II \u2013 Dar suporte \u00e0s rotinas administrativas dos Programas e Cursos de P\u00f3s-Gradua\u00e7\u00e3o sob sua responsabilidade e aos respectivos coordenadores dos Programas\/Cursos, relacionados \u00e0 oferta de disciplinas, matr\u00edculas, e no planejamento de hor\u00e1rios e vagas para cada semestre, entre outras;<br \/>III \u2013 Executar as rotinas administrativas, financeiras e de avalia\u00e7\u00e3o, no \u00e2mbito da Secretaria Integrada de P\u00f3s-Gradua\u00e7\u00e3o, obedecendo \u00e0s legisla\u00e7\u00f5es vigentes;<br \/>IV &#8211; Organizar a escala de f\u00e9rias e controlar a frequ\u00eancia dos servidores lotados no \u00e2mbito da secretaria integrada; e<br \/>V \u2013 Manter o controle patrimonial dos itens sob sua responsabilidade.<\/p>\n<p><br \/>Essa Secretaria integra a\u00a0 <a href=\"https:\/\/www.ufsm.br\/unidades-universitarias\/ccsh\/secretaria-de-apoio-administrativo\/\">Secretaria Administrativa<\/a> \u00a0da Unidade.<br \/>Faz parte dessa secretaria a\u00a0<a href=\"https:\/\/www.ufsm.br\/unidades-universitarias\/ccsh\/subdivisao-de-avaliacao-e-divulgacao\/\">Subdivis\u00e3o de Avalia\u00e7\u00e3o e Divulga\u00e7\u00e3o<\/a> das P\u00f3s-Gradua\u00e7\u00f5es do CCSH e a<br \/><a href=\"https:\/\/www.ufsm.br\/unidades-universitarias\/ccsh\/subdivisao-de-controle-financeiro\/\">Subdivis\u00e3o de Controle Financeiro<\/a> das P\u00f3s-Gradua\u00e7\u00f5es do CCSH.<\/p>\n<!-- \/wp:tadv\/classic-paragraph -->\t\t\t\t\t\t<\/div>\n\t\t\t\t<\/div>\n\t\t\t\t\t<\/div>\n\t\t<\/div>\n\t\t\t\t\t<\/div>\n\t\t<\/section>\n\t\t\t\t<section class=\"elementor-section elementor-top-section elementor-element elementor-element-f64703a elementor-section-boxed elementor-section-height-default elementor-section-height-default\" data-id=\"f64703a\" data-element_type=\"section\">\n\t\t\t\t\t\t<div class=\"elementor-container elementor-column-gap-default\">\n\t\t\t\t\t<div class=\"elementor-column elementor-col-50 elementor-top-column elementor-element elementor-element-4f25b27\" data-id=\"4f25b27\" data-element_type=\"column\">\n\t\t\t<div class=\"elementor-widget-wrap elementor-element-populated\">\n\t\t\t\t\t\t<div class=\"elementor-element elementor-element-9b28104 elementor-widget-divider--view-line elementor-widget elementor-widget-divider\" data-id=\"9b28104\" data-element_type=\"widget\" data-widget_type=\"divider.default\">\n\t\t\t\t<div class=\"elementor-widget-container\">\n\t\t\t\t\t<div class=\"elementor-divider\">\n\t\t\t<span class=\"elementor-divider-separator\">\n\t\t\t\t\t\t<\/span>\n\t\t<\/div>\n\t\t\t\t<\/div>\n\t\t\t\t<\/div>\n\t\t\t\t\t<\/div>\n\t\t<\/div>\n\t\t\t\t<div class=\"elementor-column elementor-col-50 elementor-top-column elementor-element elementor-element-e894027\" data-id=\"e894027\" data-element_type=\"column\">\n\t\t\t<div class=\"elementor-widget-wrap elementor-element-populated\">\n\t\t\t\t\t\t<div class=\"elementor-element elementor-element-22ca2aa elementor-widget-divider--view-line elementor-widget elementor-widget-divider\" data-id=\"22ca2aa\" data-element_type=\"widget\" data-widget_type=\"divider.default\">\n\t\t\t\t<div class=\"elementor-widget-container\">\n\t\t\t\t\t<div class=\"elementor-divider\">\n\t\t\t<span class=\"elementor-divider-separator\">\n\t\t\t\t\t\t<\/span>\n\t\t<\/div>\n\t\t\t\t<\/div>\n\t\t\t\t<\/div>\n\t\t\t\t\t<\/div>\n\t\t<\/div>\n\t\t\t\t\t<\/div>\n\t\t<\/section>\n\t\t\t\t<section class=\"elementor-section elementor-top-section elementor-element elementor-element-ade74a3 elementor-section-boxed elementor-section-height-default elementor-section-height-default\" data-id=\"ade74a3\" data-element_type=\"section\">\n\t\t\t\t\t\t<div class=\"elementor-container elementor-column-gap-default\">\n\t\t\t\t\t<div class=\"elementor-column elementor-col-50 elementor-top-column elementor-element elementor-element-ea8ef25\" data-id=\"ea8ef25\" data-element_type=\"column\">\n\t\t\t<div class=\"elementor-widget-wrap elementor-element-populated\">\n\t\t\t\t\t\t<div class=\"elementor-element elementor-element-7cffaf5 elementor-widget elementor-widget-text-editor\" data-id=\"7cffaf5\" data-element_type=\"widget\" data-widget_type=\"text-editor.default\">\n\t\t\t\t<div class=\"elementor-widget-container\">\n\t\t\t\t\t\t\t<p><span style=\"color: #1c1c1c;font-size: 16px\"><b>EQUIPE<br \/><\/b><\/span>Rube Afonso Rodrigues Neto (Chefe de Secretaria)<br \/>Carlos Piovesan<br \/>Fabiane do Amaral Pacheco<br \/>Marcelo Gabriel Ercolani<br \/>Marcelo M\u00fcller de Oliveira<br \/>Raphael Braibante Flores<\/p>\n<p><span style=\"color: #1c1c1c;font-size: 16px\"><b>HOR\u00c1RIO<br \/><\/b><\/span><span style=\"color: #1c1c1c;font-size: 16px\">8h \u00e0s 12h; 13h \u00e0s 17h<\/span><\/p>\t\t\t\t\t\t<\/div>\n\t\t\t\t<\/div>\n\t\t\t\t\t<\/div>\n\t\t<\/div>\n\t\t\t\t<div class=\"elementor-column elementor-col-50 elementor-top-column elementor-element elementor-element-2549ef9\" data-id=\"2549ef9\" data-element_type=\"column\">\n\t\t\t<div class=\"elementor-widget-wrap elementor-element-populated\">\n\t\t\t\t\t\t<div class=\"elementor-element elementor-element-d34913c elementor-widget elementor-widget-text-editor\" data-id=\"d34913c\" data-element_type=\"widget\" data-widget_type=\"text-editor.default\">\n\t\t\t\t<div class=\"elementor-widget-container\">\n\t\t\t\t\t\t\t<p><span style=\"color: #1c1c1c\"><b>CONTATO<br \/><\/b><\/span><span style=\"color: #1c1c1c;font-size: 16px\">(55) 3178 0585<br \/><\/span><span style=\"color: #1c1c1c;font-size: 16px\">sipos.ccsh@ufsm.br<\/span><\/p>\n<p><span style=\"color: #1c1c1c;font-size: 16px\"><b>LOCALIZA\u00c7\u00c3O<br \/><\/b><\/span><span style=\"color: #1c1c1c;font-size: 16px\">Pr\u00e9dio 74A, Sala 2314<br \/><\/span><span style=\"color: #1c1c1c;font-size: 16px\">Campus UFSM<\/span><\/p>\t\t\t\t\t\t<\/div>\n\t\t\t\t<\/div>\n\t\t\t\t\t<\/div>\n\t\t<\/div>\n\t\t\t\t\t<\/div>\n\t\t<\/section>\n\t\t\t\t<section class=\"elementor-section elementor-top-section elementor-element elementor-element-612ab5b elementor-section-boxed elementor-section-height-default elementor-section-height-default\" data-id=\"612ab5b\" data-element_type=\"section\">\n\t\t\t\t\t\t<div class=\"elementor-container elementor-column-gap-default\">\n\t\t\t\t\t<div class=\"elementor-column elementor-col-100 elementor-top-column elementor-element elementor-element-43030d1\" data-id=\"43030d1\" data-element_type=\"column\">\n\t\t\t<div class=\"elementor-widget-wrap elementor-element-populated\">\n\t\t\t\t\t\t<div class=\"elementor-element elementor-element-cc9a1a4 elementor-widget elementor-widget-text-editor\" data-id=\"cc9a1a4\" data-element_type=\"widget\" data-widget_type=\"text-editor.default\">\n\t\t\t\t<div class=\"elementor-widget-container\">\n\t\t\t\t\t\t\t<table style=\"border-collapse: collapse;width: 60.285098898763025%;height: 197px\">\n<tbody>\n<tr style=\"height: 56px\">\n<td style=\"width: 5%;height: 56px\">\n<p><strong>Turno<\/strong><\/p>\n<\/td>\n<td style=\"width: 5%;height: 56px\">\n<p><strong>Modalidade<\/strong><\/p>\n<\/td>\n<td style=\"width: 10%;height: 56px\"><strong>Segunda-feira<\/strong><\/td>\n<td style=\"width: 20%;height: 56px\"><strong>Ter\u00e7a-feira<\/strong><\/td>\n<td style=\"width: 20%;height: 56px\"><strong>Quarta-feira<\/strong><\/td>\n<td style=\"width: 20%;height: 56px\"><strong>Quinta-feira<\/strong><\/td>\n<td style=\"width: 18.795180722891565%;height: 56px\"><strong>Sexta-feira<\/strong><\/td>\n<\/tr>\n<tr style=\"height: 58px\">\n<td style=\"width: 5%;height: 82px\" rowspan=\"2\"><strong>Manh\u00e3<\/strong><\/td>\n<td style=\"width: 5%;height: 58px\"><em>Presencial<\/em><\/td>\n<td style=\"width: 10%;height: 58px\">\n<p><span style=\"font-family: Arial;font-size: 13.3333px\">Rube<br \/><\/span><span style=\"font-family: Arial;font-size: 13.3333px\">Carlos<\/span><\/p>\n<\/td>\n<td style=\"width: 20%;height: 58px\"><br style=\"font-family: Arial;font-size: 13.3333px\" \/><span style=\"font-size: 16px\">Raphael<\/span><br \/>Rube<\/td>\n<td style=\"width: 20%;height: 58px\"><span style=\"font-family: Arial;font-size: 13.3333px\">Rube<\/span><br style=\"font-family: Arial;font-size: 13.3333px\" \/><span style=\"font-family: Arial;font-size: 13.3333px\">Fabiane<\/span><\/td>\n<td style=\"width: 20%;height: 58px\"><span style=\"font-family: Arial;font-size: 13.3333px\">Fabiane<br \/>Rube<\/span><\/td>\n<td style=\"width: 18.795180722891565%;height: 58px\"><span style=\"font-size: 16px\">Marcelo<br \/>Rube<\/span><\/td>\n<\/tr>\n<tr style=\"height: 24px\">\n<td style=\"width: 5%;height: 24px\"><em>Remoto<\/em><\/td>\n<td style=\"width: 10%;height: 24px\">\n<p>Fabiane<br \/><span style=\"font-size: 16px\">Marcelo<br \/>Raphael<br \/><\/span><\/p>\n<\/td>\n<td style=\"width: 20%;height: 24px\"><span style=\"font-size: 16px\">Carlos<\/span><br style=\"font-family: Arial;font-size: 13.3333px\" \/><span style=\"font-size: 16px\">Marcelo<br \/>Fabiane<br \/><\/span><\/td>\n<td style=\"width: 20%;height: 24px\"><span style=\"font-family: Arial;font-size: 13.3333px\">Marcelo<br \/>Carlos<br \/>Raphael<\/span><\/td>\n<td style=\"width: 20%;height: 24px\"><span style=\"font-family: Arial;font-size: 13.3333px\">Marcelo<br \/><\/span><span style=\"font-size: 16px\">Carlos<\/span><\/td>\n<td style=\"width: 18.795180722891565%;height: 24px\"><span style=\"font-size: 16px\">Carlos<br \/><\/span><span style=\"font-size: 16px\">Fabiane<\/span><\/td>\n<\/tr>\n<tr style=\"height: 96px\">\n<td style=\"width: 5%;height: 120px\" rowspan=\"2\"><strong>Tarde<\/strong><\/td>\n<td style=\"width: 5%;height: 96px\"><em>Presencial<\/em><\/td>\n<td style=\"width: 10%;height: 96px\"><span style=\"font-size: 16px\">Raphael<br \/>Fabiane<\/span><\/td>\n<td style=\"width: 20%;height: 96px\"><span style=\"font-family: Arial;font-size: 13.3333px\">Raphael<\/span><\/td>\n<td style=\"width: 20%;height: 96px\">\n<p><span style=\"font-size: 16px\">Rube<br \/>Raphael<\/span><br style=\"font-family: Arial;font-size: 13.3333px\" \/><span style=\"font-size: 16px\">Fabiane<br \/><span style=\"font-family: Arial;font-size: 13.3333px\">Marcelo<br \/>Carlos<\/span><br \/><\/span><\/p>\n<\/td>\n<td style=\"width: 20%;height: 96px\"><span style=\"font-size: 16px\">Marcelo<\/span><\/td>\n<td style=\"width: 18.795180722891565%;height: 96px\"><span style=\"font-size: 16px\">Marcelo<\/span><\/td>\n<\/tr>\n<tr style=\"height: 24px\">\n<td style=\"width: 5%;height: 24px\"><em>Remoto<\/em><\/td>\n<td style=\"width: 10%;height: 24px\"><br style=\"color: #222222;font-family: Arial;font-size: 13.3333px\" \/><span style=\"font-size: 16px\">Rube<\/span><br style=\"color: #222222;font-family: Arial;font-size: 13.3333px\" \/><span style=\"font-size: 16px\">Carlos<br \/>Marcelo<\/span><\/td>\n<td style=\"width: 20%;height: 24px\"><span style=\"font-size: 16px\">Fabiane<br \/>Rube<br \/>Marcelo<\/span><\/td>\n<td style=\"width: 20%;height: 24px\">\u00a0<\/td>\n<td style=\"width: 20%;height: 24px\"><span style=\"font-size: 16px\">Fabiane<\/span><br style=\"font-family: Arial;font-size: 13.3333px\" \/><span style=\"font-size: 16px\">Rube<\/span><\/td>\n<td style=\"width: 18.795180722891565%;height: 24px\"><span style=\"font-size: 16px\">Fabiane<br \/><\/span><span style=\"font-size: 16px\">Rube<\/span><\/td>\n<\/tr>\n<\/tbody>\n<\/table>\t\t\t\t\t\t<\/div>\n\t\t\t\t<\/div>\n\t\t\t\t\t<\/div>\n\t\t<\/div>\n\t\t\t\t\t<\/div>\n\t\t<\/section>\n\t\t\t\t<\/div>\n\t\t","protected":false},"excerpt":{"rendered":"<p>\u00c0 Secretaria Integrada dos Cursos de P\u00f3s-Gradua\u00e7\u00e3o do CCSH al\u00e9m das compet\u00eancias gerais correspondentes constantes no Regimento Geral, compete:I \u2013 Prestar apoio administrativo nas rotinas dos colegiados dos Programas e Cursos sob responsabilidade da Secretaria Integrada de P\u00f3s-Gradua\u00e7\u00e3o;II \u2013 Dar suporte \u00e0s rotinas administrativas dos Programas e Cursos de P\u00f3s-Gradua\u00e7\u00e3o sob sua responsabilidade e aos [&hellip;]<\/p>\n","protected":false},"author":274,"featured_media":0,"parent":0,"menu_order":0,"comment_status":"closed","ping_status":"closed","template":"","meta":{"footnotes":""},"categories":[],"tags":[],"class_list":["post-3450","page","type-page","status-publish","hentry"],"acf":[],"_links":{"self":[{"href":"https:\/\/www.ufsm.br\/unidades-universitarias\/ccsh\/wp-json\/wp\/v2\/pages\/3450","targetHints":{"allow":["GET"]}}],"collection":[{"href":"https:\/\/www.ufsm.br\/unidades-universitarias\/ccsh\/wp-json\/wp\/v2\/pages"}],"about":[{"href":"https:\/\/www.ufsm.br\/unidades-universitarias\/ccsh\/wp-json\/wp\/v2\/types\/page"}],"author":[{"embeddable":true,"href":"https:\/\/www.ufsm.br\/unidades-universitarias\/ccsh\/wp-json\/wp\/v2\/users\/274"}],"replies":[{"embeddable":true,"href":"https:\/\/www.ufsm.br\/unidades-universitarias\/ccsh\/wp-json\/wp\/v2\/comments?post=3450"}],"version-history":[{"count":0,"href":"https:\/\/www.ufsm.br\/unidades-universitarias\/ccsh\/wp-json\/wp\/v2\/pages\/3450\/revisions"}],"wp:attachment":[{"href":"https:\/\/www.ufsm.br\/unidades-universitarias\/ccsh\/wp-json\/wp\/v2\/media?parent=3450"}],"wp:term":[{"taxonomy":"category","embeddable":true,"href":"https:\/\/www.ufsm.br\/unidades-universitarias\/ccsh\/wp-json\/wp\/v2\/categories?post=3450"},{"taxonomy":"post_tag","embeddable":true,"href":"https:\/\/www.ufsm.br\/unidades-universitarias\/ccsh\/wp-json\/wp\/v2\/tags?post=3450"}],"curies":[{"name":"wp","href":"https:\/\/api.w.org\/{rel}","templated":true}]}}