{"id":3452,"date":"2022-12-05T11:56:37","date_gmt":"2022-12-05T14:56:37","guid":{"rendered":"https:\/\/www.ufsm.br\/unidades-universitarias\/ccsh\/?page_id=3452"},"modified":"2026-01-30T10:59:36","modified_gmt":"2026-01-30T13:59:36","slug":"subdivisao-de-controle-financeiro","status":"publish","type":"page","link":"https:\/\/www.ufsm.br\/unidades-universitarias\/ccsh\/subdivisao-de-controle-financeiro","title":{"rendered":"Subdivis\u00e3o de Controle Financeiro"},"content":{"rendered":"\t\t<div data-elementor-type=\"wp-page\" data-elementor-id=\"3452\" class=\"elementor elementor-3452\">\n\t\t\t\t\t\t<section class=\"elementor-section elementor-top-section elementor-element elementor-element-7a442ef6 elementor-section-boxed elementor-section-height-default elementor-section-height-default\" data-id=\"7a442ef6\" data-element_type=\"section\">\n\t\t\t\t\t\t<div class=\"elementor-container elementor-column-gap-default\">\n\t\t\t\t\t<div class=\"elementor-column elementor-col-100 elementor-top-column elementor-element elementor-element-734a1584\" data-id=\"734a1584\" data-element_type=\"column\">\n\t\t\t<div class=\"elementor-widget-wrap elementor-element-populated\">\n\t\t\t\t\t\t<div class=\"elementor-element elementor-element-57b13290 elementor-widget elementor-widget-text-editor\" data-id=\"57b13290\" data-element_type=\"widget\" data-widget_type=\"text-editor.default\">\n\t\t\t\t<div class=\"elementor-widget-container\">\n\t\t\t\t\t\t\t<!-- wp:tadv\/classic-paragraph -->\n<p>\u00c0 Subdivis\u00e3o de Controle Financeiro das P\u00f3s-Gradua\u00e7\u00f5es do CCSH, al\u00e9m das compet\u00eancias gerais correspondentes constantes no Regimento Geral, compete:<br \/>I &#8211; Auxiliar na elabora\u00e7\u00e3o de licita\u00e7\u00f5es de compras relacionados aos recursos recebidos pelos programas de p\u00f3s-gradua\u00e7\u00e3o;<br \/>II &#8211; Auxiliar na emiss\u00e3o dos recursos pr\u00f3prios dos programas de p\u00f3s-gradua\u00e7\u00e3o; e<br \/>III &#8211; Auxiliar na elabora\u00e7\u00e3o do controle financeiro dos programas de p\u00f3s-gradua\u00e7\u00e3o.<\/p>\n<p><br \/>Essa Secretaria integra a <a href=\"https:\/\/www.ufsm.br\/unidades-universitarias\/ccsh\/secretaria-integrada-de-pos-graduacao\/\">Secretaria Integrada dos Cursos de P\u00f3s-Gradua\u00e7\u00e3o<\/a> do CCSH.<\/p>\n<!-- \/wp:tadv\/classic-paragraph -->\t\t\t\t\t\t<\/div>\n\t\t\t\t<\/div>\n\t\t\t\t\t<\/div>\n\t\t<\/div>\n\t\t\t\t\t<\/div>\n\t\t<\/section>\n\t\t\t\t<section class=\"elementor-section elementor-top-section elementor-element elementor-element-91a823f elementor-section-boxed elementor-section-height-default elementor-section-height-default\" data-id=\"91a823f\" data-element_type=\"section\">\n\t\t\t\t\t\t<div class=\"elementor-container elementor-column-gap-default\">\n\t\t\t\t\t<div class=\"elementor-column elementor-col-50 elementor-top-column elementor-element elementor-element-6ec123c\" data-id=\"6ec123c\" data-element_type=\"column\">\n\t\t\t<div class=\"elementor-widget-wrap elementor-element-populated\">\n\t\t\t\t\t\t<div class=\"elementor-element elementor-element-1afeff1 elementor-widget-divider--view-line elementor-widget elementor-widget-divider\" data-id=\"1afeff1\" data-element_type=\"widget\" data-widget_type=\"divider.default\">\n\t\t\t\t<div class=\"elementor-widget-container\">\n\t\t\t\t\t<div class=\"elementor-divider\">\n\t\t\t<span class=\"elementor-divider-separator\">\n\t\t\t\t\t\t<\/span>\n\t\t<\/div>\n\t\t\t\t<\/div>\n\t\t\t\t<\/div>\n\t\t\t\t\t<\/div>\n\t\t<\/div>\n\t\t\t\t<div class=\"elementor-column elementor-col-50 elementor-top-column elementor-element elementor-element-f3661e5\" data-id=\"f3661e5\" data-element_type=\"column\">\n\t\t\t<div class=\"elementor-widget-wrap elementor-element-populated\">\n\t\t\t\t\t\t<div class=\"elementor-element elementor-element-459cfd4 elementor-widget-divider--view-line elementor-widget elementor-widget-divider\" data-id=\"459cfd4\" data-element_type=\"widget\" data-widget_type=\"divider.default\">\n\t\t\t\t<div class=\"elementor-widget-container\">\n\t\t\t\t\t<div class=\"elementor-divider\">\n\t\t\t<span class=\"elementor-divider-separator\">\n\t\t\t\t\t\t<\/span>\n\t\t<\/div>\n\t\t\t\t<\/div>\n\t\t\t\t<\/div>\n\t\t\t\t\t<\/div>\n\t\t<\/div>\n\t\t\t\t\t<\/div>\n\t\t<\/section>\n\t\t\t\t<section class=\"elementor-section elementor-top-section elementor-element elementor-element-387c0e4 elementor-section-boxed elementor-section-height-default elementor-section-height-default\" data-id=\"387c0e4\" data-element_type=\"section\">\n\t\t\t\t\t\t<div class=\"elementor-container elementor-column-gap-default\">\n\t\t\t\t\t<div class=\"elementor-column elementor-col-50 elementor-top-column elementor-element elementor-element-593cb0d\" data-id=\"593cb0d\" data-element_type=\"column\">\n\t\t\t<div class=\"elementor-widget-wrap elementor-element-populated\">\n\t\t\t\t\t\t<div class=\"elementor-element elementor-element-0808a8f elementor-widget elementor-widget-text-editor\" data-id=\"0808a8f\" data-element_type=\"widget\" data-widget_type=\"text-editor.default\">\n\t\t\t\t<div class=\"elementor-widget-container\">\n\t\t\t\t\t\t\t<p><b>EQUIPE<br \/><\/b>Adriana Cristina Castanho Baldassari (Chefe da Subdivis\u00e3o)<br \/>Alison Geovani Schwingel Franck<\/p>\n<p><b>HOR\u00c1RIO<br \/><\/b>8h \u00e0s 12h; 13h \u00e0s 17h<\/p>\t\t\t\t\t\t<\/div>\n\t\t\t\t<\/div>\n\t\t\t\t\t<\/div>\n\t\t<\/div>\n\t\t\t\t<div class=\"elementor-column elementor-col-50 elementor-top-column elementor-element elementor-element-c0bb791\" data-id=\"c0bb791\" data-element_type=\"column\">\n\t\t\t<div class=\"elementor-widget-wrap elementor-element-populated\">\n\t\t\t\t\t\t<div class=\"elementor-element elementor-element-ba7e36b elementor-widget elementor-widget-text-editor\" data-id=\"ba7e36b\" data-element_type=\"widget\" data-widget_type=\"text-editor.default\">\n\t\t\t\t<div class=\"elementor-widget-container\">\n\t\t\t\t\t\t\t<p><span style=\"color: #1c1c1c\"><b>CONTATO<br \/><\/b><\/span><span style=\"color: #1c1c1c;font-size: 16px\">(55) 3220 8462<br \/><\/span><span style=\"color: #1c1c1c;font-size: 16px\">financeiropos.ccsh@ufsm.br<\/span><\/p>\n<p><span style=\"color: #1c1c1c;font-size: 16px\"><b>LOCALIZA\u00c7\u00c3O<br \/><\/b><\/span><span style=\"color: #1c1c1c;font-size: 16px\">Pr\u00e9dio 74A, Sala 2306<br \/><\/span><span style=\"color: #1c1c1c;font-size: 16px\">Campus UFSM<\/span><\/p>\t\t\t\t\t\t<\/div>\n\t\t\t\t<\/div>\n\t\t\t\t\t<\/div>\n\t\t<\/div>\n\t\t\t\t\t<\/div>\n\t\t<\/section>\n\t\t\t\t<section class=\"elementor-section elementor-top-section elementor-element elementor-element-5ca59be elementor-section-boxed elementor-section-height-default elementor-section-height-default\" data-id=\"5ca59be\" data-element_type=\"section\">\n\t\t\t\t\t\t<div class=\"elementor-container elementor-column-gap-default\">\n\t\t\t\t\t<div class=\"elementor-column elementor-col-100 elementor-top-column elementor-element elementor-element-c7ddfe3\" data-id=\"c7ddfe3\" data-element_type=\"column\">\n\t\t\t<div class=\"elementor-widget-wrap elementor-element-populated\">\n\t\t\t\t\t\t<div class=\"elementor-element elementor-element-8e51cd9 elementor-widget elementor-widget-text-editor\" data-id=\"8e51cd9\" data-element_type=\"widget\" data-widget_type=\"text-editor.default\">\n\t\t\t\t<div class=\"elementor-widget-container\">\n\t\t\t\t\t\t\t<table style=\"border-collapse: collapse;width: 60.285098898763025%;height: 197px\">\n<tbody>\n<tr style=\"height: 56px\">\n<td style=\"width: 5%;height: 56px\">\n<p><strong>Turno<\/strong><\/p>\n<\/td>\n<td style=\"width: 5%;height: 56px\">\n<p><strong>Modalidade<\/strong><\/p>\n<\/td>\n<td style=\"width: 10%;height: 56px\"><strong>Segunda-feira<\/strong><\/td>\n<td style=\"width: 20%;height: 56px\"><strong>Ter\u00e7a-feira<\/strong><\/td>\n<td style=\"width: 20%;height: 56px\"><strong>Quarta-feira<\/strong><\/td>\n<td style=\"width: 20%;height: 56px\"><strong>Quinta-feira<\/strong><\/td>\n<td style=\"width: 18.795180722891565%;height: 56px\"><strong>Sexta-feira<\/strong><\/td>\n<\/tr>\n<tr style=\"height: 58px\">\n<td style=\"width: 5%;height: 82px\" rowspan=\"2\"><strong>Manh\u00e3<\/strong><\/td>\n<td style=\"width: 5%;height: 58px\"><em>Presencial<\/em><\/td>\n<td style=\"width: 10%;height: 58px\">\n<p>Adriana<\/p>\n<p>Alisson<\/p>\n<\/td>\n<td style=\"width: 20%;height: 58px\"><span style=\"font-size: 16px\">Alisson<\/span><\/td>\n<td style=\"width: 20%;height: 58px\">\n<p style=\"font-size: 16px\">Adriana<\/p>\n<p style=\"font-size: 16px\">Alisson<\/p>\n<\/td>\n<td style=\"width: 20%;height: 58px\">\n<p style=\"font-size: 16px\">Adriana<\/p>\n<p style=\"font-size: 16px\">Alisson<\/p>\n<\/td>\n<td style=\"width: 18.795180722891565%;height: 58px\"><span style=\"font-size: 16px\">Alisson<\/span><\/td>\n<\/tr>\n<tr style=\"height: 24px\">\n<td style=\"width: 5%;height: 24px\"><em>Remoto<\/em><\/td>\n<td style=\"width: 10%;height: 24px\"><br><\/td>\n<td style=\"width: 20%;height: 24px\"><span style=\"font-size: 16px\">Adriana<\/span><span style=\"font-size: 16px\"><\/span><\/td>\n<td style=\"width: 20%;height: 24px\"><br><\/td>\n<td style=\"width: 20%;height: 24px\"><br><\/td>\n<td style=\"width: 18.795180722891565%;height: 24px\"><span style=\"font-size: 16px\">Adriana<\/span><\/td>\n<\/tr>\n<tr style=\"height: 96px\">\n<td style=\"width: 5%;height: 120px\" rowspan=\"2\"><strong>Tarde<\/strong><\/td>\n<td style=\"width: 5%;height: 96px\"><em>Presencial<\/em><\/td>\n<td style=\"width: 10%;height: 96px\">\n<p style=\"font-size: 16px\">Adriana<\/p>\n<p style=\"font-size: 16px\">Alisson<\/p>\n<\/td>\n<td style=\"width: 20%;height: 96px\"><span style=\"font-size: 16px\">Alisson<\/span><\/td>\n<td style=\"width: 20%;height: 96px\">\n<p style=\"font-size: 16px\">Adriana<\/p>\n<p style=\"font-size: 16px\">Alisson<\/p>\n<\/td>\n<td style=\"width: 20%;height: 96px\">\n<p style=\"font-size: 16px\">Adriana<\/p>\n<p style=\"font-size: 16px\">Alisson<\/p>\n<\/td>\n<td style=\"width: 18.795180722891565%;height: 96px\"><span style=\"font-size: 16px\">Alisson<\/span><\/td>\n<\/tr>\n<tr style=\"height: 24px\">\n<td style=\"width: 5%;height: 24px\"><em>Remoto<\/em><\/td>\n<td style=\"width: 10%;height: 24px\"><\/td>\n<td style=\"width: 20%;height: 24px\"><span style=\"font-size: 16px\">Adriana<\/span><span style=\"font-size: 16px\"><\/span><\/td>\n<td style=\"width: 20%;height: 24px\">&nbsp;<\/td>\n<td style=\"width: 20%;height: 24px\"><br><\/td>\n<td style=\"width: 18.795180722891565%;height: 24px\"><span style=\"font-size: 16px\">Adriana<\/span><\/td>\n<\/tr>\n<\/tbody>\n<\/table>\t\t\t\t\t\t<\/div>\n\t\t\t\t<\/div>\n\t\t\t\t\t<\/div>\n\t\t<\/div>\n\t\t\t\t\t<\/div>\n\t\t<\/section>\n\t\t\t\t<\/div>\n\t\t","protected":false},"excerpt":{"rendered":"<p>\u00c0 Subdivis\u00e3o de Controle Financeiro das P\u00f3s-Gradua\u00e7\u00f5es do CCSH, al\u00e9m das compet\u00eancias gerais correspondentes constantes no Regimento Geral, compete:I &#8211; Auxiliar na elabora\u00e7\u00e3o de licita\u00e7\u00f5es de compras relacionados aos recursos recebidos pelos programas de p\u00f3s-gradua\u00e7\u00e3o;II &#8211; Auxiliar na emiss\u00e3o dos recursos pr\u00f3prios dos programas de p\u00f3s-gradua\u00e7\u00e3o; eIII &#8211; Auxiliar na elabora\u00e7\u00e3o do controle financeiro dos [&hellip;]<\/p>\n","protected":false},"author":274,"featured_media":0,"parent":0,"menu_order":0,"comment_status":"closed","ping_status":"closed","template":"","meta":{"footnotes":""},"categories":[],"tags":[],"class_list":["post-3452","page","type-page","status-publish","hentry"],"acf":[],"_links":{"self":[{"href":"https:\/\/www.ufsm.br\/unidades-universitarias\/ccsh\/wp-json\/wp\/v2\/pages\/3452","targetHints":{"allow":["GET"]}}],"collection":[{"href":"https:\/\/www.ufsm.br\/unidades-universitarias\/ccsh\/wp-json\/wp\/v2\/pages"}],"about":[{"href":"https:\/\/www.ufsm.br\/unidades-universitarias\/ccsh\/wp-json\/wp\/v2\/types\/page"}],"author":[{"embeddable":true,"href":"https:\/\/www.ufsm.br\/unidades-universitarias\/ccsh\/wp-json\/wp\/v2\/users\/274"}],"replies":[{"embeddable":true,"href":"https:\/\/www.ufsm.br\/unidades-universitarias\/ccsh\/wp-json\/wp\/v2\/comments?post=3452"}],"version-history":[{"count":0,"href":"https:\/\/www.ufsm.br\/unidades-universitarias\/ccsh\/wp-json\/wp\/v2\/pages\/3452\/revisions"}],"wp:attachment":[{"href":"https:\/\/www.ufsm.br\/unidades-universitarias\/ccsh\/wp-json\/wp\/v2\/media?parent=3452"}],"wp:term":[{"taxonomy":"category","embeddable":true,"href":"https:\/\/www.ufsm.br\/unidades-universitarias\/ccsh\/wp-json\/wp\/v2\/categories?post=3452"},{"taxonomy":"post_tag","embeddable":true,"href":"https:\/\/www.ufsm.br\/unidades-universitarias\/ccsh\/wp-json\/wp\/v2\/tags?post=3452"}],"curies":[{"name":"wp","href":"https:\/\/api.w.org\/{rel}","templated":true}]}}