{"id":3456,"date":"2022-12-05T12:08:29","date_gmt":"2022-12-05T15:08:29","guid":{"rendered":"https:\/\/www.ufsm.br\/unidades-universitarias\/ccsh\/?page_id=3456"},"modified":"2026-03-31T09:33:25","modified_gmt":"2026-03-31T12:33:25","slug":"secretaria-integrada-de-graduacao-i","status":"publish","type":"page","link":"https:\/\/www.ufsm.br\/unidades-universitarias\/ccsh\/secretaria-integrada-de-graduacao-i","title":{"rendered":"Secretaria Integrada de Gradua\u00e7\u00e3o I"},"content":{"rendered":"\n<p>Atende os alunos dos Cursos de gradua\u00e7\u00e3o integrantes dessa secretaria:<\/p>\n<ul>\n<li style=\"font-weight: 400\">Curso de Arquivologia\u00a0<\/li>\n<li style=\"font-weight: 400\">Curso de Hist\u00f3ria \u2013 Licenciatura<\/li>\n<li style=\"font-weight: 400\">Curso de Hist\u00f3ria \u2013 Bacharelado<\/li>\n<li style=\"font-weight: 400\">Curso de Ci\u00eancias Sociais \u2013 Licenciatura<\/li>\n<li style=\"font-weight: 400\">Curso de Ci\u00eancias Sociais &#8211; Bacharelado<\/li>\n<li style=\"font-weight: 400\">Curso de Filosofia \u2013 Licenciatura<\/li>\n<li style=\"font-weight: 400\">Curso de\u00a0Filosofia\u00a0\u2013 Bacharelado<\/li>\n<\/ul>\n<p>\u00a0<\/p>\n<p>\u00c0s Secretarias Integradas dos Cursos de Gradua\u00e7\u00e3o do CCSH, al\u00e9m das compet\u00eancias gerais correspondentes constantes no Regimento Geral, compete:\u00a0<\/p>\n<div>I &#8211; dar suporte \u00e0s rotinas administrativas dos cursos de gradua\u00e7\u00e3o sob sua responsabilidade e aos respectivos coordenadores de curso, relacionadas a: oferta de disciplinas, matr\u00edcula, dispensa de disciplinas, adapta\u00e7\u00e3o curricular dos estudantes e no planejamento de hor\u00e1rios e vagas para cada semestre, entre outras;<\/div>\n<div>II &#8211; executar as rotinas administrativas, no \u00e2mbito da secretaria integrada de gradua\u00e7\u00e3o, obedecendo \u00e0s legisla\u00e7\u00f5es vigentes;\u00a0<\/div>\n<div>III \u2013 prestar apoio administrativo nas rotinas dos colegiados dos cursos sob responsabilidade da secretaria integrada de gradua\u00e7\u00e3o;<br \/>IV &#8211; organizar a escala de f\u00e9rias e controlar a frequ\u00eancia dos servidores lotados no \u00e2mbito da secretaria integrada; e<br \/>V \u2013 manter o controle patrimonial dos itens sob sua responsabilidade.<\/div>\n<div>\n<div>\u00a0<\/div>\n<div>Essa Secretaria integra a\u00a0<a href=\"https:\/\/www.ufsm.br\/unidades-universitarias\/ccsh\/secretaria-de-apoio-administrativo\/\" target=\"_blank\" rel=\"noopener\" data-saferedirecturl=\"https:\/\/www.google.com\/url?q=https:\/\/www.ufsm.br\/unidades-universitarias\/ccsh\/secretaria-de-apoio-administrativo\/&amp;source=gmail&amp;ust=1670337510201000&amp;usg=AOvVaw1Q9F8B2dmLxmgft6YToahZ\">Secretaria Administrativa<\/a>\u00a0da Unidade<br \/><span style=\"color: #1c1c1c;font-family: rawline, sans-serif\">Cada secretaria Integrada possui uma <a href=\"https:\/\/www.ufsm.br\/unidades-universitarias\/ccsh\/subdivisao-de-estagios-i-ii-iii-iv\/\">subdivis\u00e3o de est\u00e1gios<\/a>.<\/span><\/div>\n<\/div>\n<div>\u00a0<\/div>\n<div>\n<p style=\"font-weight: 400\"><strong>SERVIDORES<br \/><\/strong>Graziela Ines Jacoby (Chefe de Secretaria)<br \/>Daliomar Louren\u00e7o de Oliveira J\u00fanior<br \/>Jo\u00e3o Buzatti Murini (Chefe da subdivis\u00e3o de est\u00e1gios)<br \/>Pietro Julianni Schultz Rosa<\/p>\n<p style=\"font-weight: 400\"><strong>CONTATO<\/strong><br \/>(55) 3178 0598<br \/>graduacao74a.ccsh@ufsm.br<br \/><a href=\"mailto:estagios74a.ccsh@ufsm.br\">estagios74a.ccsh@ufsm.br<\/a><\/p>\n<p style=\"font-weight: 400\"><strong>LOCALIZA\u00c7\u00c3O<\/strong><br \/>Pr\u00e9dio 74A \u2013 sala 2111 (t\u00e9rreo)<\/p>\n<\/div>\n","protected":false},"excerpt":{"rendered":"<p>Atende os alunos dos Cursos de gradua\u00e7\u00e3o integrantes dessa secretaria: Curso de Arquivologia\u00a0 Curso de Hist\u00f3ria \u2013 Licenciatura Curso de Hist\u00f3ria \u2013 Bacharelado Curso de Ci\u00eancias Sociais \u2013 Licenciatura Curso de Ci\u00eancias Sociais &#8211; Bacharelado Curso de Filosofia \u2013 Licenciatura Curso de\u00a0Filosofia\u00a0\u2013 Bacharelado \u00a0 \u00c0s Secretarias Integradas dos Cursos de Gradua\u00e7\u00e3o do CCSH, al\u00e9m das [&hellip;]<\/p>\n","protected":false},"author":274,"featured_media":0,"parent":0,"menu_order":0,"comment_status":"closed","ping_status":"closed","template":"","meta":{"footnotes":""},"categories":[],"tags":[],"class_list":["post-3456","page","type-page","status-publish","hentry"],"acf":[],"_links":{"self":[{"href":"https:\/\/www.ufsm.br\/unidades-universitarias\/ccsh\/wp-json\/wp\/v2\/pages\/3456","targetHints":{"allow":["GET"]}}],"collection":[{"href":"https:\/\/www.ufsm.br\/unidades-universitarias\/ccsh\/wp-json\/wp\/v2\/pages"}],"about":[{"href":"https:\/\/www.ufsm.br\/unidades-universitarias\/ccsh\/wp-json\/wp\/v2\/types\/page"}],"author":[{"embeddable":true,"href":"https:\/\/www.ufsm.br\/unidades-universitarias\/ccsh\/wp-json\/wp\/v2\/users\/274"}],"replies":[{"embeddable":true,"href":"https:\/\/www.ufsm.br\/unidades-universitarias\/ccsh\/wp-json\/wp\/v2\/comments?post=3456"}],"version-history":[{"count":0,"href":"https:\/\/www.ufsm.br\/unidades-universitarias\/ccsh\/wp-json\/wp\/v2\/pages\/3456\/revisions"}],"wp:attachment":[{"href":"https:\/\/www.ufsm.br\/unidades-universitarias\/ccsh\/wp-json\/wp\/v2\/media?parent=3456"}],"wp:term":[{"taxonomy":"category","embeddable":true,"href":"https:\/\/www.ufsm.br\/unidades-universitarias\/ccsh\/wp-json\/wp\/v2\/categories?post=3456"},{"taxonomy":"post_tag","embeddable":true,"href":"https:\/\/www.ufsm.br\/unidades-universitarias\/ccsh\/wp-json\/wp\/v2\/tags?post=3456"}],"curies":[{"name":"wp","href":"https:\/\/api.w.org\/{rel}","templated":true}]}}