{"id":3457,"date":"2022-12-05T12:09:28","date_gmt":"2022-12-05T15:09:28","guid":{"rendered":"https:\/\/www.ufsm.br\/unidades-universitarias\/ccsh\/?page_id=3457"},"modified":"2022-12-05T12:37:17","modified_gmt":"2022-12-05T15:37:17","slug":"subdivisao-de-estagios-i-ii-iii-iv","status":"publish","type":"page","link":"https:\/\/www.ufsm.br\/unidades-universitarias\/ccsh\/subdivisao-de-estagios-i-ii-iii-iv","title":{"rendered":"Subdivis\u00e3o de Est\u00e1gios I, II, III, IV"},"content":{"rendered":"\n<p>\u00c0 Subdivis\u00e3o de Est\u00e1gios I, II, III e IV, al\u00e9m das compet\u00eancias gerais correspondentes constantes no Regimento Geral, compete:<br \/>I &#8211; dar suporte administrativo aos cursos, professores orientadores e alunos no que se refere ao acompanhamento e avalia\u00e7\u00e3o dos est\u00e1gios;<br \/>II &#8211; manter atualizada as informa\u00e7\u00f5es referentes aos alunos estagi\u00e1rios, organiza\u00e7\u00f5es concedentes e ag\u00eancias de integra\u00e7\u00e3o;<br \/>III &#8211; identificar, prospectar e divulgar as oportunidades de est\u00e1gios; e<br \/>IV &#8211; orientar a formaliza\u00e7\u00e3o da documenta\u00e7\u00e3o necess\u00e1ria ao encaminhamento, acompanhamento e avalia\u00e7\u00e3o dos est\u00e1gios.<\/p>\n<p>\u00a0<\/p>\n<p>Essa Subdivis\u00e3o integra :\u00a0 <a href=\"https:\/\/www.ufsm.br\/unidades-universitarias\/ccsh\/secretaria-integrada-de-graduacao-i\/\">Secretaria de Gradua\u00e7\u00e3o I<\/a>, <a href=\"https:\/\/www.ufsm.br\/unidades-universitarias\/ccsh\/secretaria-integrada-de-graduacao-ii\/\">Secretaria de Gradua\u00e7\u00e3o II<\/a>, <a href=\"https:\/\/www.ufsm.br\/unidades-universitarias\/ccsh\/secretaria-integrada-de-graduacao-iii\/\">Secretaria de Gradua\u00e7\u00e3o III<\/a> e <a href=\"https:\/\/www.ufsm.br\/unidades-universitarias\/ccsh\/secretaria-de-apoio-administrativo-as-ciencias-da-comunicacao\/\">Divis\u00e3o de Apoio Administrativo \u00e0s Ci\u00eancias da comunica\u00e7\u00e3o<\/a>.\u00a0<\/p>\n","protected":false},"excerpt":{"rendered":"<p>\u00c0 Subdivis\u00e3o de Est\u00e1gios I, II, III e IV, al\u00e9m das compet\u00eancias gerais correspondentes constantes no Regimento Geral, compete:I &#8211; dar suporte administrativo aos cursos, professores orientadores e alunos no que se refere ao acompanhamento e avalia\u00e7\u00e3o dos est\u00e1gios;II &#8211; manter atualizada as informa\u00e7\u00f5es referentes aos alunos estagi\u00e1rios, organiza\u00e7\u00f5es concedentes e ag\u00eancias de integra\u00e7\u00e3o;III &#8211; [&hellip;]<\/p>\n","protected":false},"author":274,"featured_media":0,"parent":0,"menu_order":0,"comment_status":"closed","ping_status":"closed","template":"","meta":{"footnotes":""},"categories":[],"tags":[],"class_list":["post-3457","page","type-page","status-publish","hentry"],"acf":[],"_links":{"self":[{"href":"https:\/\/www.ufsm.br\/unidades-universitarias\/ccsh\/wp-json\/wp\/v2\/pages\/3457","targetHints":{"allow":["GET"]}}],"collection":[{"href":"https:\/\/www.ufsm.br\/unidades-universitarias\/ccsh\/wp-json\/wp\/v2\/pages"}],"about":[{"href":"https:\/\/www.ufsm.br\/unidades-universitarias\/ccsh\/wp-json\/wp\/v2\/types\/page"}],"author":[{"embeddable":true,"href":"https:\/\/www.ufsm.br\/unidades-universitarias\/ccsh\/wp-json\/wp\/v2\/users\/274"}],"replies":[{"embeddable":true,"href":"https:\/\/www.ufsm.br\/unidades-universitarias\/ccsh\/wp-json\/wp\/v2\/comments?post=3457"}],"version-history":[{"count":0,"href":"https:\/\/www.ufsm.br\/unidades-universitarias\/ccsh\/wp-json\/wp\/v2\/pages\/3457\/revisions"}],"wp:attachment":[{"href":"https:\/\/www.ufsm.br\/unidades-universitarias\/ccsh\/wp-json\/wp\/v2\/media?parent=3457"}],"wp:term":[{"taxonomy":"category","embeddable":true,"href":"https:\/\/www.ufsm.br\/unidades-universitarias\/ccsh\/wp-json\/wp\/v2\/categories?post=3457"},{"taxonomy":"post_tag","embeddable":true,"href":"https:\/\/www.ufsm.br\/unidades-universitarias\/ccsh\/wp-json\/wp\/v2\/tags?post=3457"}],"curies":[{"name":"wp","href":"https:\/\/api.w.org\/{rel}","templated":true}]}}