{"id":3462,"date":"2022-12-05T12:29:06","date_gmt":"2022-12-05T15:29:06","guid":{"rendered":"https:\/\/www.ufsm.br\/unidades-universitarias\/ccsh\/?page_id=3462"},"modified":"2026-03-31T09:35:26","modified_gmt":"2026-03-31T12:35:26","slug":"secretaria-integrada-de-graduacao-iii","status":"publish","type":"page","link":"https:\/\/www.ufsm.br\/unidades-universitarias\/ccsh\/secretaria-integrada-de-graduacao-iii","title":{"rendered":"Secretaria Integrada de Gradua\u00e7\u00e3o III"},"content":{"rendered":"\t\t<div data-elementor-type=\"wp-page\" data-elementor-id=\"3462\" class=\"elementor elementor-3462\">\n\t\t\t\t\t\t<section class=\"elementor-section elementor-top-section elementor-element elementor-element-64681215 elementor-section-boxed elementor-section-height-default elementor-section-height-default\" data-id=\"64681215\" data-element_type=\"section\">\n\t\t\t\t\t\t<div class=\"elementor-container elementor-column-gap-default\">\n\t\t\t\t\t<div class=\"elementor-column elementor-col-100 elementor-top-column elementor-element elementor-element-20e9ea74\" data-id=\"20e9ea74\" data-element_type=\"column\">\n\t\t\t<div class=\"elementor-widget-wrap elementor-element-populated\">\n\t\t\t\t\t\t<div class=\"elementor-element elementor-element-36dfd00a elementor-widget elementor-widget-text-editor\" data-id=\"36dfd00a\" data-element_type=\"widget\" data-widget_type=\"text-editor.default\">\n\t\t\t\t<div class=\"elementor-widget-container\">\n\t\t\t\t\t\t\t<!-- wp:tadv\/classic-paragraph -->\n<div>Atende os alunos dos Cursos de gradua\u00e7\u00e3o integrantes dessa secretaria:\u00a0<\/div>\n<ul>\n<li>Curso de Administra\u00e7\u00e3o Diurno<\/li>\n<li>Curso de Administra\u00e7\u00e3o Noturno\u00a0<\/li>\n<li>Curso de Rela\u00e7\u00f5es Internacionais\u00a0<\/li>\n<li>Curso de Ci\u00eancias Econ\u00f4micas\u00a0<\/li>\n<li>Curso de Ci\u00eancias Cont\u00e1beis<\/li>\n<\/ul>\n<div>\u00a0<\/div>\n<div>\u00c0s Secretarias Integradas dos Cursos de Gradua\u00e7\u00e3o do CCSH, al\u00e9m das compet\u00eancias gerais correspondentes constantes no Regimento Geral, compete:\u00a0\n<div>I &#8211; dar suporte \u00e0s rotinas administrativas dos cursos de gradua\u00e7\u00e3o sob sua responsabilidade e aos respectivos coordenadores de curso, relacionadas a: oferta de disciplinas, matr\u00edcula, dispensa de disciplinas, adapta\u00e7\u00e3o curricular dos estudantes e no planejamento de hor\u00e1rios e vagas para cada semestre, entre outras;<\/div>\n<div>\u00a0II &#8211; executar as rotinas administrativas, no \u00e2mbito da secretaria integrada de gradua\u00e7\u00e3o, obedecendo \u00e0s legisla\u00e7\u00f5es vigentes;\u00a0<\/div>\n<div>III \u2013 prestar apoio administrativo nas rotinas dos colegiados dos cursos sob responsabilidade da secretaria integrada de gradua\u00e7\u00e3o;<br \/>IV &#8211; organizar a escala de f\u00e9rias e controlar a frequ\u00eancia dos servidores lotados no \u00e2mbito da secretaria integrada; e<br \/>V \u2013 manter o controle patrimonial dos itens sob sua responsabilidade.\n<div>\u00a0<\/div>\n<div>Essa Secretaria integra a\u00a0<a href=\"https:\/\/www.ufsm.br\/unidades-universitarias\/ccsh\/secretaria-de-apoio-administrativo\/\" target=\"_blank\" rel=\"noopener\" data-saferedirecturl=\"https:\/\/www.google.com\/url?q=https:\/\/www.ufsm.br\/unidades-universitarias\/ccsh\/secretaria-de-apoio-administrativo\/&amp;source=gmail&amp;ust=1670337510201000&amp;usg=AOvVaw1Q9F8B2dmLxmgft6YToahZ\">Secretaria Administrativa<\/a> da Unidade.<br \/><span style=\"color: #1c1c1c;font-family: rawline, sans-serif\">Cada secretaria Integrada possui uma <a href=\"https:\/\/www.ufsm.br\/unidades-universitarias\/ccsh\/subdivisao-de-estagios-i-ii-iii-iv\/\">subdivis\u00e3o de est\u00e1gios<\/a>.<\/span><\/div>\n<\/div>\n<\/div>\n<div>\u00a0<\/div>\n<div>\n<p style=\"font-weight: 400\">SERVIDORES<br \/>Alice Lameira Farias (Chefe de Secretaria)<br \/>Eunice Cunha (Chefe da subdivis\u00e3o de est\u00e1gios)<br \/>Madeline Cervo B\u00fcrgin Grotto<br \/>Tiago M. Trindade<\/p>\n<p style=\"font-weight: 400\"><strong>CONTATO<\/strong><br \/>(55) 3220 6260<br \/><span style=\"color: #1c1c1c;font-size: 16px\">(55) 3178 0610<\/span> (Fixo\/Whatsapp)<br \/><a href=\"mailto:graduacao74c.ccsh@ufsm.br\">graduacao74c.ccsh@ufsm.br<\/a><br \/><a href=\"mailto:estagios74.ccsh@ufsm.br\">estagios74c.ccsh@ufsm.br<\/a><\/p>\n<p style=\"font-weight: 400\"><strong>LOCALIZA\u00c7\u00c3O<\/strong><br \/>Pr\u00e9dio 74C \u2013 salas 4126 e 4127 (t\u00e9rreo)<\/p>\n<\/div>\n<!-- \/wp:tadv\/classic-paragraph -->\t\t\t\t\t\t<\/div>\n\t\t\t\t<\/div>\n\t\t\t\t\t<\/div>\n\t\t<\/div>\n\t\t\t\t\t<\/div>\n\t\t<\/section>\n\t\t\t\t<\/div>\n\t\t","protected":false},"excerpt":{"rendered":"<p>Atende os alunos dos Cursos de gradua\u00e7\u00e3o integrantes dessa secretaria:\u00a0 Curso de Administra\u00e7\u00e3o Diurno Curso de Administra\u00e7\u00e3o Noturno\u00a0 Curso de Rela\u00e7\u00f5es Internacionais\u00a0 Curso de Ci\u00eancias Econ\u00f4micas\u00a0 Curso de Ci\u00eancias Cont\u00e1beis \u00a0 \u00c0s Secretarias Integradas dos Cursos de Gradua\u00e7\u00e3o do CCSH, al\u00e9m das compet\u00eancias gerais correspondentes constantes no Regimento Geral, compete:\u00a0 I &#8211; dar suporte \u00e0s [&hellip;]<\/p>\n","protected":false},"author":274,"featured_media":0,"parent":0,"menu_order":0,"comment_status":"closed","ping_status":"closed","template":"","meta":{"footnotes":""},"categories":[],"tags":[],"class_list":["post-3462","page","type-page","status-publish","hentry"],"acf":[],"_links":{"self":[{"href":"https:\/\/www.ufsm.br\/unidades-universitarias\/ccsh\/wp-json\/wp\/v2\/pages\/3462","targetHints":{"allow":["GET"]}}],"collection":[{"href":"https:\/\/www.ufsm.br\/unidades-universitarias\/ccsh\/wp-json\/wp\/v2\/pages"}],"about":[{"href":"https:\/\/www.ufsm.br\/unidades-universitarias\/ccsh\/wp-json\/wp\/v2\/types\/page"}],"author":[{"embeddable":true,"href":"https:\/\/www.ufsm.br\/unidades-universitarias\/ccsh\/wp-json\/wp\/v2\/users\/274"}],"replies":[{"embeddable":true,"href":"https:\/\/www.ufsm.br\/unidades-universitarias\/ccsh\/wp-json\/wp\/v2\/comments?post=3462"}],"version-history":[{"count":0,"href":"https:\/\/www.ufsm.br\/unidades-universitarias\/ccsh\/wp-json\/wp\/v2\/pages\/3462\/revisions"}],"wp:attachment":[{"href":"https:\/\/www.ufsm.br\/unidades-universitarias\/ccsh\/wp-json\/wp\/v2\/media?parent=3462"}],"wp:term":[{"taxonomy":"category","embeddable":true,"href":"https:\/\/www.ufsm.br\/unidades-universitarias\/ccsh\/wp-json\/wp\/v2\/categories?post=3462"},{"taxonomy":"post_tag","embeddable":true,"href":"https:\/\/www.ufsm.br\/unidades-universitarias\/ccsh\/wp-json\/wp\/v2\/tags?post=3462"}],"curies":[{"name":"wp","href":"https:\/\/api.w.org\/{rel}","templated":true}]}}