{"id":3464,"date":"2022-12-05T12:34:18","date_gmt":"2022-12-05T15:34:18","guid":{"rendered":"https:\/\/www.ufsm.br\/unidades-universitarias\/ccsh\/?page_id=3464"},"modified":"2025-08-19T09:18:12","modified_gmt":"2025-08-19T12:18:12","slug":"secretaria-de-apoio-administrativo-as-ciencias-da-comunicacao","status":"publish","type":"page","link":"https:\/\/www.ufsm.br\/unidades-universitarias\/ccsh\/secretaria-de-apoio-administrativo-as-ciencias-da-comunicacao","title":{"rendered":"Secretaria de Apoio Administrativo \u00e0s Ci\u00eancias da Comunica\u00e7\u00e3o"},"content":{"rendered":"\n<p>Atende os alunos dos Cursos de gradua\u00e7\u00e3o:\u00a0<\/p>\n<p style=\"font-weight: 400\">Curso de Comunica\u00e7\u00e3o Social \u2013 Jornalismo;<br \/>Curso de Comunica\u00e7\u00e3o Social \u2013 Rela\u00e7\u00f5es P\u00fablicas;<br \/>Curso de Comunica\u00e7\u00e3o Social \u2013 Produ\u00e7\u00e3o Editorial;<br \/>Curso de Comunica\u00e7\u00e3o Social \u2013 Publicidade e Propaganda;<\/p>\n<p style=\"font-weight: 400\">Cursos de P\u00f3s &#8211; gradua\u00e7\u00e3o da comunica\u00e7\u00e3o &#8211; Mestrado e Doutorado;<\/p>\n<p style=\"font-weight: 400\">E os servidores do Departamento de Ci\u00eancias da comunica\u00e7\u00e3o.\u00a0<\/p>\n<p>\u00a0<\/p>\n<p>A Divis\u00e3o de Apoio Administrativo \u00e0s Ci\u00eancias da Comunica\u00e7\u00e3o, al\u00e9m das compet\u00eancias gerais correspondentes constantes no Regimento Geral, compete:<\/p>\n<p>I &#8211; dar suporte \u00e0s rotinas administrativas dos cursos de gradua\u00e7\u00e3o, p\u00f3s-gradua\u00e7\u00e3o e colegiados da \u00e1rea de comunica\u00e7\u00e3o do CCSH e aos coordenadores dos respectivos cursos;<\/p>\n<p>II \u2013 executar e orientar os docentes e chefe do departamento em todos os assuntos relacionados \u00e0s rotinas administrativas do colegiado e departamento sob sua responsabilidade;<\/p>\n<p>III \u2013 manter o controle patrimonial dos itens sob sua responsabilidade.<\/p>\n<p>\u00a0<\/p>\n<p>Integra a <a href=\"https:\/\/www.ufsm.br\/unidades-universitarias\/ccsh\/secretaria-de-apoio-administrativo\/\">Secretaria Administrativa<\/a> da Unidade.<\/p>\n<p>Faz parte dessa Secretaria a <a href=\"https:\/\/www.ufsm.br\/unidades-universitarias\/ccsh\/subdivisao-de-estagios-i-ii-iii-iv\/\">Subdivis\u00e3o de Est\u00e1gios<\/a>.\u00a0<\/p>\n<p>\u00a0<\/p>\n<p style=\"font-weight: 400\">SERVIDORES<br \/>Maur\u00edcio Severo (Chefe DAACOM)<br \/>Danier Maciel Felisberto\u00a0<br \/>Mieli Antunes Nogueira (Chefe da Subdivis\u00e3o de Est\u00e1gios)\u00a0<\/p>\n<p style=\"font-weight: 400\">\u00a0<\/p>\n<p style=\"font-weight: 400\">CONTATOS<br \/>(55) 3220 8491<br \/>(55) 3220 8487 (Fixo\/Whatsapp)<br \/>(55) 3220 8491<br \/>(55) 3220 8811<br \/><a href=\"mailto:daacom.ccsh@ufsm.br\">daacom.ccsh@ufsm.br<\/a><br \/><a href=\"mailto:estagioscom.ccsh@ufsm.br\">estagioscom.ccsh@ufsm.br<\/a>\u00a0\u00a0<\/p>\n<p style=\"font-weight: 400\">\u00a0<\/p>\n<p style=\"font-weight: 400\">LOCALIZA\u00c7\u00c3O<br \/>Pr\u00e9dio 21 \u2013 sala 5233 (segundo andar)<\/p>\n","protected":false},"excerpt":{"rendered":"<p>Atende os alunos dos Cursos de gradua\u00e7\u00e3o:\u00a0 Curso de Comunica\u00e7\u00e3o Social \u2013 Jornalismo;Curso de Comunica\u00e7\u00e3o Social \u2013 Rela\u00e7\u00f5es P\u00fablicas;Curso de Comunica\u00e7\u00e3o Social \u2013 Produ\u00e7\u00e3o Editorial;Curso de Comunica\u00e7\u00e3o Social \u2013 Publicidade e Propaganda; Cursos de P\u00f3s &#8211; gradua\u00e7\u00e3o da comunica\u00e7\u00e3o &#8211; Mestrado e Doutorado; E os servidores do Departamento de Ci\u00eancias da comunica\u00e7\u00e3o.\u00a0 \u00a0 A Divis\u00e3o [&hellip;]<\/p>\n","protected":false},"author":274,"featured_media":0,"parent":0,"menu_order":0,"comment_status":"closed","ping_status":"closed","template":"","meta":{"footnotes":""},"categories":[],"tags":[],"class_list":["post-3464","page","type-page","status-publish","hentry"],"acf":[],"_links":{"self":[{"href":"https:\/\/www.ufsm.br\/unidades-universitarias\/ccsh\/wp-json\/wp\/v2\/pages\/3464","targetHints":{"allow":["GET"]}}],"collection":[{"href":"https:\/\/www.ufsm.br\/unidades-universitarias\/ccsh\/wp-json\/wp\/v2\/pages"}],"about":[{"href":"https:\/\/www.ufsm.br\/unidades-universitarias\/ccsh\/wp-json\/wp\/v2\/types\/page"}],"author":[{"embeddable":true,"href":"https:\/\/www.ufsm.br\/unidades-universitarias\/ccsh\/wp-json\/wp\/v2\/users\/274"}],"replies":[{"embeddable":true,"href":"https:\/\/www.ufsm.br\/unidades-universitarias\/ccsh\/wp-json\/wp\/v2\/comments?post=3464"}],"version-history":[{"count":0,"href":"https:\/\/www.ufsm.br\/unidades-universitarias\/ccsh\/wp-json\/wp\/v2\/pages\/3464\/revisions"}],"wp:attachment":[{"href":"https:\/\/www.ufsm.br\/unidades-universitarias\/ccsh\/wp-json\/wp\/v2\/media?parent=3464"}],"wp:term":[{"taxonomy":"category","embeddable":true,"href":"https:\/\/www.ufsm.br\/unidades-universitarias\/ccsh\/wp-json\/wp\/v2\/categories?post=3464"},{"taxonomy":"post_tag","embeddable":true,"href":"https:\/\/www.ufsm.br\/unidades-universitarias\/ccsh\/wp-json\/wp\/v2\/tags?post=3464"}],"curies":[{"name":"wp","href":"https:\/\/api.w.org\/{rel}","templated":true}]}}