{"id":4500,"date":"2023-11-13T15:51:50","date_gmt":"2023-11-13T18:51:50","guid":{"rendered":"https:\/\/www.ufsm.br\/unidades-universitarias\/ccsh\/?page_id=4500"},"modified":"2025-07-08T15:45:48","modified_gmt":"2025-07-08T18:45:48","slug":"comissoes-do-ccsh","status":"publish","type":"page","link":"https:\/\/www.ufsm.br\/unidades-universitarias\/ccsh\/comissoes-do-ccsh","title":{"rendered":"Comiss\u00f5es do CCSH"},"content":{"rendered":"\t\t<div data-elementor-type=\"wp-page\" data-elementor-id=\"4500\" class=\"elementor elementor-4500\">\n\t\t\t\t\t\t<section class=\"elementor-section elementor-top-section elementor-element elementor-element-2a630a9 elementor-section-boxed elementor-section-height-default elementor-section-height-default\" data-id=\"2a630a9\" data-element_type=\"section\">\n\t\t\t\t\t\t<div class=\"elementor-container elementor-column-gap-default\">\n\t\t\t\t\t<div class=\"elementor-column elementor-col-100 elementor-top-column elementor-element elementor-element-ce7db96\" data-id=\"ce7db96\" data-element_type=\"column\">\n\t\t\t<div class=\"elementor-widget-wrap elementor-element-populated\">\n\t\t\t\t\t\t<div class=\"elementor-element elementor-element-54deea1 elementor-widget elementor-widget-heading\" data-id=\"54deea1\" data-element_type=\"widget\" data-widget_type=\"heading.default\">\n\t\t\t\t<div class=\"elementor-widget-container\">\n\t\t\t<h4 class=\"elementor-heading-title elementor-size-default\">Comiss\u00e3o Setorial da Avalia\u00e7\u00e3o (CSA)<\/h4>\t\t<\/div>\n\t\t\t\t<\/div>\n\t\t\t\t<div class=\"elementor-element elementor-element-5a3a78c elementor-widget elementor-widget-text-editor\" data-id=\"5a3a78c\" data-element_type=\"widget\" data-widget_type=\"text-editor.default\">\n\t\t\t\t<div class=\"elementor-widget-container\">\n\t\t\t\t\t\t\t<p>A Comiss\u00e3o de Avalia\u00e7\u00e3o CCSH tem como objetivos:<\/p><ul><li>disseminar, no CCSH, a Autoavalia\u00e7\u00e3o atrav\u00e9s do conhecimento de seus resultados, que ir\u00e3o fundamentar as reformula\u00e7\u00f5es necess\u00e1rias nas pol\u00edticas, nas pr\u00e1ticas e nas concep\u00e7\u00f5es de ensino, pesquisa e extens\u00e3o;<\/li><li>discutir os resultados da Autoavalia\u00e7\u00e3o Institucional do CCSH;<\/li><li>criar consci\u00eancia da relev\u00e2ncia da participa\u00e7\u00e3o dos alunos, gestores, professores e TAEs no processo de Autoavalia\u00e7\u00e3o do Centro;<\/li><li>disseminar as dimens\u00f5es da Autoavalia\u00e7\u00e3o Institucional do Sistema Nacional de Avalia\u00e7\u00e3o do Ensino Superior;<\/li><li>avaliar os v\u00e1rios aspectos durante a passagem dos alunos pelos cursos, tendo em vista um movimento de cont\u00ednuo aperfei\u00e7oamento da aprendizagem, consequentemente, uma melhoria na qualidade de ensino.<\/li><\/ul>\t\t\t\t\t\t<\/div>\n\t\t\t\t<\/div>\n\t\t\t\t<div class=\"elementor-element elementor-element-43ae7f9 elementor-align-center elementor-widget elementor-widget-button\" data-id=\"43ae7f9\" data-element_type=\"widget\" data-widget_type=\"button.default\">\n\t\t\t\t<div class=\"elementor-widget-container\">\n\t\t\t\t\t\t\t<div class=\"elementor-button-wrapper\">\n\t\t\t\t\t<a class=\"elementor-button elementor-button-link elementor-size-sm\" href=\"https:\/\/portal.ufsm.br\/documentos\/publico\/documento.html?id=15488801\">\n\t\t\t\t\t\t<span class=\"elementor-button-content-wrapper\">\n\t\t\t\t\t\t\t\t\t<span class=\"elementor-button-text\">Comiss\u00e3o Setorial de Avalia\u00e7\u00e3o Institucional (CSA)<\/span>\n\t\t\t\t\t<\/span>\n\t\t\t\t\t<\/a>\n\t\t\t\t<\/div>\n\t\t\t\t\t\t<\/div>\n\t\t\t\t<\/div>\n\t\t\t\t\t<\/div>\n\t\t<\/div>\n\t\t\t\t\t<\/div>\n\t\t<\/section>\n\t\t\t\t<section class=\"elementor-section elementor-top-section elementor-element elementor-element-595b415 elementor-section-boxed elementor-section-height-default elementor-section-height-default\" data-id=\"595b415\" data-element_type=\"section\">\n\t\t\t\t\t\t<div class=\"elementor-container elementor-column-gap-default\">\n\t\t\t\t\t<div class=\"elementor-column elementor-col-100 elementor-top-column elementor-element elementor-element-556351a\" data-id=\"556351a\" data-element_type=\"column\">\n\t\t\t<div class=\"elementor-widget-wrap elementor-element-populated\">\n\t\t\t\t\t\t<div class=\"elementor-element elementor-element-97d3100 elementor-widget elementor-widget-heading\" data-id=\"97d3100\" data-element_type=\"widget\" data-widget_type=\"heading.default\">\n\t\t\t\t<div class=\"elementor-widget-container\">\n\t\t\t<h4 class=\"elementor-heading-title elementor-size-default\">Comiss\u00e3o Examinadora para classe de professor associados<\/h4>\t\t<\/div>\n\t\t\t\t<\/div>\n\t\t\t\t<div class=\"elementor-element elementor-element-915dba3 elementor-widget elementor-widget-text-editor\" data-id=\"915dba3\" data-element_type=\"widget\" data-widget_type=\"text-editor.default\">\n\t\t\t\t<div class=\"elementor-widget-container\">\n\t\t\t\t\t\t\t<p>A compet\u00eancia da Comiss\u00e3o Examinadora \u00e9 realizar a avalia\u00e7\u00e3o de desempenho de docentes pertencentes \u00e0 carreira do magist\u00e9rio superior, para promo\u00e7\u00e3o \u00e0 classe D, denominada de Professor Associado, n\u00edvel 1, no \u00e2mbito do CCSH,<\/p>\t\t\t\t\t\t<\/div>\n\t\t\t\t<\/div>\n\t\t\t\t<div class=\"elementor-element elementor-element-cc3d32a elementor-align-center elementor-widget elementor-widget-button\" data-id=\"cc3d32a\" data-element_type=\"widget\" data-widget_type=\"button.default\">\n\t\t\t\t<div class=\"elementor-widget-container\">\n\t\t\t\t\t\t\t<div class=\"elementor-button-wrapper\">\n\t\t\t\t\t<a class=\"elementor-button elementor-button-link elementor-size-sm\" href=\"https:\/\/portal.ufsm.br\/documentos\/publico\/documento.html?id=14811384\">\n\t\t\t\t\t\t<span class=\"elementor-button-content-wrapper\">\n\t\t\t\t\t\t\t\t\t<span class=\"elementor-button-text\">Banca examinadora para classe de professor associado<\/span>\n\t\t\t\t\t<\/span>\n\t\t\t\t\t<\/a>\n\t\t\t\t<\/div>\n\t\t\t\t\t\t<\/div>\n\t\t\t\t<\/div>\n\t\t\t\t\t<\/div>\n\t\t<\/div>\n\t\t\t\t\t<\/div>\n\t\t<\/section>\n\t\t\t\t<section class=\"elementor-section elementor-top-section elementor-element elementor-element-c1731a6 elementor-section-boxed elementor-section-height-default elementor-section-height-default\" data-id=\"c1731a6\" data-element_type=\"section\">\n\t\t\t\t\t\t<div class=\"elementor-container elementor-column-gap-default\">\n\t\t\t\t\t<div class=\"elementor-column elementor-col-100 elementor-top-column elementor-element elementor-element-11de77b\" data-id=\"11de77b\" data-element_type=\"column\">\n\t\t\t<div class=\"elementor-widget-wrap elementor-element-populated\">\n\t\t\t\t\t\t<div class=\"elementor-element elementor-element-e0e474a elementor-widget elementor-widget-heading\" data-id=\"e0e474a\" data-element_type=\"widget\" data-widget_type=\"heading.default\">\n\t\t\t\t<div class=\"elementor-widget-container\">\n\t\t\t<h4 class=\"elementor-heading-title elementor-size-default\">Outros \u00f3rg\u00e3o colegiados com representantes do CCSH<\/h4>\t\t<\/div>\n\t\t\t\t<\/div>\n\t\t\t\t\t<\/div>\n\t\t<\/div>\n\t\t\t\t\t<\/div>\n\t\t<\/section>\n\t\t\t\t<section class=\"elementor-section elementor-top-section elementor-element elementor-element-369e770 elementor-section-boxed elementor-section-height-default elementor-section-height-default\" data-id=\"369e770\" data-element_type=\"section\">\n\t\t\t\t\t\t<div class=\"elementor-container elementor-column-gap-default\">\n\t\t\t\t\t<div class=\"elementor-column elementor-col-100 elementor-top-column elementor-element elementor-element-c4c8130\" data-id=\"c4c8130\" data-element_type=\"column\">\n\t\t\t<div class=\"elementor-widget-wrap elementor-element-populated\">\n\t\t\t\t\t\t<div class=\"elementor-element elementor-element-9c14822 elementor-align-center elementor-widget elementor-widget-button\" data-id=\"9c14822\" data-element_type=\"widget\" data-widget_type=\"button.default\">\n\t\t\t\t<div class=\"elementor-widget-container\">\n\t\t\t\t\t\t\t<div class=\"elementor-button-wrapper\">\n\t\t\t\t\t<a class=\"elementor-button elementor-button-link elementor-size-sm\" href=\"https:\/\/www.ufsm.br\/unidades-universitarias\/ccsh\/outros-orgaos-colegiados-com-representacao-do-ccsh\">\n\t\t\t\t\t\t<span class=\"elementor-button-content-wrapper\">\n\t\t\t\t\t\t\t\t\t<span class=\"elementor-button-text\">Outros \u00f3rg\u00e3os colegiados com representantes do CCSH<\/span>\n\t\t\t\t\t<\/span>\n\t\t\t\t\t<\/a>\n\t\t\t\t<\/div>\n\t\t\t\t\t\t<\/div>\n\t\t\t\t<\/div>\n\t\t\t\t\t<\/div>\n\t\t<\/div>\n\t\t\t\t\t<\/div>\n\t\t<\/section>\n\t\t\t\t<section class=\"elementor-section elementor-top-section elementor-element elementor-element-c40f6b8 elementor-section-boxed elementor-section-height-default elementor-section-height-default\" data-id=\"c40f6b8\" data-element_type=\"section\">\n\t\t\t\t\t\t<div class=\"elementor-container elementor-column-gap-default\">\n\t\t\t\t\t<div class=\"elementor-column elementor-col-100 elementor-top-column elementor-element elementor-element-d504bd2\" data-id=\"d504bd2\" data-element_type=\"column\">\n\t\t\t<div class=\"elementor-widget-wrap elementor-element-populated\">\n\t\t\t\t\t\t<div class=\"elementor-element elementor-element-e1cce21 elementor-widget elementor-widget-wp-widget-ufsm_editais_widget\" data-id=\"e1cce21\" data-element_type=\"widget\" data-widget_type=\"wp-widget-ufsm_editais_widget.default\">\n\t\t\t\t<div class=\"elementor-widget-container\">\n\t\t\t<h2 class='titulo-conteudos'>Editais<\/h2><div class='row'>\n            <div class=\"col-lg-12 px-3 pb-3\">\n            \n                        \n            <a title=\"002\/2026 - Edital N\u00ba 002\/2026 - Sele\u00e7\u00e3o para Monitoria Subsidiada para as Discplinas Eletivas Extensionistas e Disciplina Complementar de Gradua\u00e7\u00e3o Extensionista no semestre letivo 2026\/1\" href=\"https:\/\/www.ufsm.br\/unidades-universitarias\/ccsh\/editais\/002-2026-7\">\n                <span class=\"titulo-publicacao-widget\">002\/2026 - Edital N\u00ba 002\/2026 - Sele\u00e7\u00e3o para Monitoria Subsidiada para as Discplinas Eletivas Extensionistas e Disciplina Complementar de Gradua\u00e7\u00e3o Extensionista no semestre letivo 2026\/1<\/span>\n                <br>\n            <\/a>\n\n                        \n                \n        <\/div>\n            <div class=\"col-lg-12 px-3 pb-3\">\n            \n                        \n            <a title=\"001\/2026 - Edital N\u00ba 01\/2026 - Sele\u00e7\u00e3o de participantes de programas e projetos de extens\u00e3o vinclulados aos Cursos de Direito da UFSM\" href=\"https:\/\/www.ufsm.br\/unidades-universitarias\/ccsh\/editais\/001-2026-20\">\n                <span class=\"titulo-publicacao-widget\">001\/2026 - Edital N\u00ba 01\/2026 - Sele\u00e7\u00e3o de participantes de programas e projetos de extens\u00e3o vinclulados aos Cursos de Direito da UFSM<\/span>\n                <br>\n            <\/a>\n\n                        \n                \n        <\/div>\n            <div class=\"col-lg-12 px-3 pb-3\">\n            \n                        \n            <a title=\"03\/2026 - EDITAL 03\/2026 - SELE\u00c7\u00c3O DE BOLSISTAS PROJETO PROMOVER\" href=\"https:\/\/www.ufsm.br\/unidades-universitarias\/ccsh\/editais\/003-2026-2\">\n                <span class=\"titulo-publicacao-widget\">03\/2026 - EDITAL 03\/2026 - SELE\u00c7\u00c3O DE BOLSISTAS PROJETO PROMOVER<\/span>\n                <br>\n            <\/a>\n\n                        \n                \n        <\/div>\n            <div class=\"col-lg-12 px-3 pb-3\">\n            \n                        \n            <a title=\"001\/2026 - EDITAL N\u00ba 01\/2026 - NEPEGPSMS, HEGEM\u00d4NICAS - DIVULGA\u00c7\u00c3O  PARA NOVOS\/AS PARTICIPANTES\" href=\"https:\/\/www.ufsm.br\/unidades-universitarias\/ccsh\/editais\/001-2026-19\">\n                <span class=\"titulo-publicacao-widget\">001\/2026 - EDITAL N\u00ba 01\/2026 - NEPEGPSMS, HEGEM\u00d4NICAS - DIVULGA\u00c7\u00c3O PARA NOVOS\/AS PARTICIPANTES<\/span>\n                <br>\n            <\/a>\n\n                        \n                \n        <\/div>\n            <div class=\"col-lg-12 px-3 pb-3\">\n            \n                        \n            <a title=\"001\/2026 - EDITAL N\u00ba 01\/2026 PROCESSO SELETIVO DE BOLSA DE ASSIST\u00caNCIA AO ESTUDANTE (PRAE) DO DEPARTAMENTO DE SERVI\u00c7O SOCIAL\/CCSH\" href=\"https:\/\/www.ufsm.br\/unidades-universitarias\/ccsh\/editais\/001-2026-18\">\n                <span class=\"titulo-publicacao-widget\">001\/2026 - EDITAL N\u00ba 01\/2026 PROCESSO SELETIVO DE BOLSA DE ASSIST\u00caNCIA AO ESTUDANTE (PRAE) DO DEPARTAMENTO DE SERVI\u00c7O SOCIAL\/CCSH<\/span>\n                <br>\n            <\/a>\n\n                        \n                \n        <\/div>\n    <\/div>\n\t\t<\/div>\n\t\t\t\t<\/div>\n\t\t\t\t\t<\/div>\n\t\t<\/div>\n\t\t\t\t\t<\/div>\n\t\t<\/section>\n\t\t\t\t<\/div>\n\t\t","protected":false},"excerpt":{"rendered":"<p>Comiss\u00e3o Setorial da Avalia\u00e7\u00e3o (CSA) A Comiss\u00e3o de Avalia\u00e7\u00e3o CCSH tem como objetivos: disseminar, no CCSH, a Autoavalia\u00e7\u00e3o atrav\u00e9s do conhecimento de seus resultados, que ir\u00e3o fundamentar as reformula\u00e7\u00f5es necess\u00e1rias nas pol\u00edticas, nas pr\u00e1ticas e nas concep\u00e7\u00f5es de ensino, pesquisa e extens\u00e3o; discutir os resultados da Autoavalia\u00e7\u00e3o Institucional do CCSH; criar consci\u00eancia da relev\u00e2ncia da [&hellip;]<\/p>\n","protected":false},"author":141,"featured_media":0,"parent":0,"menu_order":0,"comment_status":"closed","ping_status":"closed","template":"","meta":{"footnotes":""},"categories":[],"tags":[],"class_list":["post-4500","page","type-page","status-publish","hentry"],"acf":[],"_links":{"self":[{"href":"https:\/\/www.ufsm.br\/unidades-universitarias\/ccsh\/wp-json\/wp\/v2\/pages\/4500","targetHints":{"allow":["GET"]}}],"collection":[{"href":"https:\/\/www.ufsm.br\/unidades-universitarias\/ccsh\/wp-json\/wp\/v2\/pages"}],"about":[{"href":"https:\/\/www.ufsm.br\/unidades-universitarias\/ccsh\/wp-json\/wp\/v2\/types\/page"}],"author":[{"embeddable":true,"href":"https:\/\/www.ufsm.br\/unidades-universitarias\/ccsh\/wp-json\/wp\/v2\/users\/141"}],"replies":[{"embeddable":true,"href":"https:\/\/www.ufsm.br\/unidades-universitarias\/ccsh\/wp-json\/wp\/v2\/comments?post=4500"}],"version-history":[{"count":0,"href":"https:\/\/www.ufsm.br\/unidades-universitarias\/ccsh\/wp-json\/wp\/v2\/pages\/4500\/revisions"}],"wp:attachment":[{"href":"https:\/\/www.ufsm.br\/unidades-universitarias\/ccsh\/wp-json\/wp\/v2\/media?parent=4500"}],"wp:term":[{"taxonomy":"category","embeddable":true,"href":"https:\/\/www.ufsm.br\/unidades-universitarias\/ccsh\/wp-json\/wp\/v2\/categories?post=4500"},{"taxonomy":"post_tag","embeddable":true,"href":"https:\/\/www.ufsm.br\/unidades-universitarias\/ccsh\/wp-json\/wp\/v2\/tags?post=4500"}],"curies":[{"name":"wp","href":"https:\/\/api.w.org\/{rel}","templated":true}]}}