{"id":4592,"date":"2023-12-18T13:33:35","date_gmt":"2023-12-18T16:33:35","guid":{"rendered":"https:\/\/www.ufsm.br\/unidades-universitarias\/ccsh\/?page_id=4592"},"modified":"2023-12-19T09:37:56","modified_gmt":"2023-12-19T12:37:56","slug":"exposicoes","status":"publish","type":"page","link":"https:\/\/www.ufsm.br\/unidades-universitarias\/ccsh\/exposicoes","title":{"rendered":"Exposi\u00e7\u00f5es"},"content":{"rendered":"\t\t<div data-elementor-type=\"wp-page\" data-elementor-id=\"4592\" class=\"elementor elementor-4592\">\n\t\t\t\t\t\t<section class=\"elementor-section elementor-top-section elementor-element elementor-element-748ca86b elementor-section-boxed elementor-section-height-default elementor-section-height-default\" data-id=\"748ca86b\" data-element_type=\"section\">\n\t\t\t\t\t\t<div class=\"elementor-container elementor-column-gap-default\">\n\t\t\t\t\t<div class=\"elementor-column elementor-col-100 elementor-top-column elementor-element elementor-element-531a66a6\" data-id=\"531a66a6\" data-element_type=\"column\">\n\t\t\t<div class=\"elementor-widget-wrap elementor-element-populated\">\n\t\t\t\t\t\t<div class=\"elementor-element elementor-element-526a2adc elementor-widget elementor-widget-text-editor\" data-id=\"526a2adc\" data-element_type=\"widget\" data-widget_type=\"text-editor.default\">\n\t\t\t\t<div class=\"elementor-widget-container\">\n\t\t\t\t\t\t\t<!-- wp:tadv\/classic-paragraph -->\n<p>Abaixo voc\u00ea pode conferir exposi\u00e7\u00f5es realizadas pelo CCSH.\u00a0Essas exposi\u00e7\u00f5es t\u00eam como objetivo proporcionar ao p\u00fablico uma experi\u00eancia sobre a hist\u00f3ria da universidade e convidar as pessoas a explorar e aprender sobre diferentes culturas, sociedades, eventos hist\u00f3ricos e contribui\u00e7\u00f5es significativas que moldaram esta institui\u00e7\u00e3o por meio dos documentos.<\/p>\n<!-- \/wp:tadv\/classic-paragraph -->\t\t\t\t\t\t<\/div>\n\t\t\t\t<\/div>\n\t\t\t\t\t<\/div>\n\t\t<\/div>\n\t\t\t\t\t<\/div>\n\t\t<\/section>\n\t\t\t\t<section class=\"elementor-section elementor-top-section elementor-element elementor-element-b2d536f elementor-section-boxed elementor-section-height-default elementor-section-height-default\" data-id=\"b2d536f\" data-element_type=\"section\">\n\t\t\t\t\t\t<div class=\"elementor-container elementor-column-gap-default\">\n\t\t\t\t\t<div class=\"elementor-column elementor-col-50 elementor-top-column elementor-element elementor-element-b4bfb50\" data-id=\"b4bfb50\" data-element_type=\"column\">\n\t\t\t<div class=\"elementor-widget-wrap elementor-element-populated\">\n\t\t\t\t\t\t<div class=\"elementor-element elementor-element-c74ac3e elementor-position-top elementor-widget elementor-widget-image-box\" data-id=\"c74ac3e\" data-element_type=\"widget\" data-widget_type=\"image-box.default\">\n\t\t\t\t<div class=\"elementor-widget-container\">\n\t\t\t<div class=\"elementor-image-box-wrapper\"><figure class=\"elementor-image-box-img\"><a href=\"https:\/\/www.ufsm.br\/unidades-universitarias\/ccsh?page_id=4603\" tabindex=\"-1\"><img fetchpriority=\"high\" decoding=\"async\" width=\"1024\" height=\"1024\" src=\"https:\/\/www.ufsm.br\/app\/uploads\/sites\/372\/2023\/12\/Design-sem-nome-1.jpg\" class=\"attachment-large size-large wp-image-4602\" alt=\"\" srcset=\"https:\/\/www.ufsm.br\/app\/uploads\/sites\/372\/2023\/12\/Design-sem-nome-1.jpg 1024w, https:\/\/www.ufsm.br\/app\/uploads\/sites\/372\/2023\/12\/Design-sem-nome-1-300x300.jpg 300w, https:\/\/www.ufsm.br\/app\/uploads\/sites\/372\/2023\/12\/Design-sem-nome-1-150x150.jpg 150w, https:\/\/www.ufsm.br\/app\/uploads\/sites\/372\/2023\/12\/Design-sem-nome-1-768x768.jpg 768w\" sizes=\"(max-width: 1024px) 100vw, 1024px\" \/><\/a><\/figure><div class=\"elementor-image-box-content\"><h4 class=\"elementor-image-box-title\"><a href=\"https:\/\/www.ufsm.br\/unidades-universitarias\/ccsh?page_id=4603\">50 Anos de Produ\u00e7\u00e3o de Projetos de Extens\u00e3o no CCSH<\/a><\/h4><p class=\"elementor-image-box-description\">A Exposi\u00e7\u00e3o \u201c50 Anos de Produ\u00e7\u00e3o de Projetos de Extens\u00e3o no Centro de Ci\u00eancias Sociais e\nHumanas\u201d \u00e9 um desdobramento do Projeto de Desenvolvimento Institucional \u201cDifus\u00e3o do Acervo\ndos Projetos de Extens\u00e3o da Subdivis\u00e3o de Projetos do CCSH\u201d.<\/p><\/div><\/div>\t\t<\/div>\n\t\t\t\t<\/div>\n\t\t\t\t\t<\/div>\n\t\t<\/div>\n\t\t\t\t<div class=\"elementor-column elementor-col-50 elementor-top-column elementor-element elementor-element-9115752\" data-id=\"9115752\" data-element_type=\"column\">\n\t\t\t<div class=\"elementor-widget-wrap elementor-element-populated\">\n\t\t\t\t\t\t<div class=\"elementor-element elementor-element-e4603ef elementor-position-top elementor-widget elementor-widget-image-box\" data-id=\"e4603ef\" data-element_type=\"widget\" data-widget_type=\"image-box.default\">\n\t\t\t\t<div class=\"elementor-widget-container\">\n\t\t\t<div class=\"elementor-image-box-wrapper\"><figure class=\"elementor-image-box-img\"><img decoding=\"async\" width=\"1024\" height=\"1024\" src=\"https:\/\/www.ufsm.br\/app\/uploads\/sites\/372\/2023\/12\/MIGRAIDH-11-1-1024x1024.png\" class=\"attachment-large size-large wp-image-4618\" alt=\"\" srcset=\"https:\/\/www.ufsm.br\/app\/uploads\/sites\/372\/2023\/12\/MIGRAIDH-11-1-1024x1024.png 1024w, https:\/\/www.ufsm.br\/app\/uploads\/sites\/372\/2023\/12\/MIGRAIDH-11-1-300x300.png 300w, https:\/\/www.ufsm.br\/app\/uploads\/sites\/372\/2023\/12\/MIGRAIDH-11-1-150x150.png 150w, https:\/\/www.ufsm.br\/app\/uploads\/sites\/372\/2023\/12\/MIGRAIDH-11-1-768x768.png 768w, https:\/\/www.ufsm.br\/app\/uploads\/sites\/372\/2023\/12\/MIGRAIDH-11-1-1536x1536.png 1536w, https:\/\/www.ufsm.br\/app\/uploads\/sites\/372\/2023\/12\/MIGRAIDH-11-1-2048x2048.png 2048w\" sizes=\"(max-width: 1024px) 100vw, 1024px\" \/><\/figure><div class=\"elementor-image-box-content\"><h4 class=\"elementor-image-box-title\">10 anos MIGRAIDH<\/h4><p class=\"elementor-image-box-description\">A Exposi\u00e7\u00e3o \"10 anos MIGRAIDH\"\u00a0conta a hist\u00f3ria de uma d\u00e9cada de atua\u00e7\u00e3o do coletivo na promo\u00e7\u00e3o e prote\u00e7\u00e3o dos direitos humanos da popula\u00e7\u00e3o migrante e refugiada e na luta por reconhecimento do direito humano de migrar.<\/p><\/div><\/div>\t\t<\/div>\n\t\t\t\t<\/div>\n\t\t\t\t\t<\/div>\n\t\t<\/div>\n\t\t\t\t\t<\/div>\n\t\t<\/section>\n\t\t\t\t<\/div>\n\t\t","protected":false},"excerpt":{"rendered":"<p>Abaixo voc\u00ea pode conferir exposi\u00e7\u00f5es realizadas pelo CCSH.\u00a0Essas exposi\u00e7\u00f5es t\u00eam como objetivo proporcionar ao p\u00fablico uma experi\u00eancia sobre a hist\u00f3ria da universidade e convidar as pessoas a explorar e aprender sobre diferentes culturas, sociedades, eventos hist\u00f3ricos e contribui\u00e7\u00f5es significativas que moldaram esta institui\u00e7\u00e3o por meio dos documentos. 50 Anos de Produ\u00e7\u00e3o de Projetos de Extens\u00e3o [&hellip;]<\/p>\n","protected":false},"author":141,"featured_media":0,"parent":0,"menu_order":0,"comment_status":"closed","ping_status":"closed","template":"","meta":{"footnotes":""},"categories":[],"tags":[],"class_list":["post-4592","page","type-page","status-publish","hentry"],"acf":[],"_links":{"self":[{"href":"https:\/\/www.ufsm.br\/unidades-universitarias\/ccsh\/wp-json\/wp\/v2\/pages\/4592","targetHints":{"allow":["GET"]}}],"collection":[{"href":"https:\/\/www.ufsm.br\/unidades-universitarias\/ccsh\/wp-json\/wp\/v2\/pages"}],"about":[{"href":"https:\/\/www.ufsm.br\/unidades-universitarias\/ccsh\/wp-json\/wp\/v2\/types\/page"}],"author":[{"embeddable":true,"href":"https:\/\/www.ufsm.br\/unidades-universitarias\/ccsh\/wp-json\/wp\/v2\/users\/141"}],"replies":[{"embeddable":true,"href":"https:\/\/www.ufsm.br\/unidades-universitarias\/ccsh\/wp-json\/wp\/v2\/comments?post=4592"}],"version-history":[{"count":0,"href":"https:\/\/www.ufsm.br\/unidades-universitarias\/ccsh\/wp-json\/wp\/v2\/pages\/4592\/revisions"}],"wp:attachment":[{"href":"https:\/\/www.ufsm.br\/unidades-universitarias\/ccsh\/wp-json\/wp\/v2\/media?parent=4592"}],"wp:term":[{"taxonomy":"category","embeddable":true,"href":"https:\/\/www.ufsm.br\/unidades-universitarias\/ccsh\/wp-json\/wp\/v2\/categories?post=4592"},{"taxonomy":"post_tag","embeddable":true,"href":"https:\/\/www.ufsm.br\/unidades-universitarias\/ccsh\/wp-json\/wp\/v2\/tags?post=4592"}],"curies":[{"name":"wp","href":"https:\/\/api.w.org\/{rel}","templated":true}]}}