{"id":4603,"date":"2023-12-18T13:59:58","date_gmt":"2023-12-18T16:59:58","guid":{"rendered":"https:\/\/www.ufsm.br\/unidades-universitarias\/ccsh\/?page_id=4603"},"modified":"2023-12-18T15:48:31","modified_gmt":"2023-12-18T18:48:31","slug":"50-anos-de-producao-de-projetos-de-extensao-no-ccsh","status":"publish","type":"page","link":"https:\/\/www.ufsm.br\/unidades-universitarias\/ccsh\/50-anos-de-producao-de-projetos-de-extensao-no-ccsh","title":{"rendered":"50 Anos de Produ\u00e7\u00e3o de Projetos de Extens\u00e3o no CCSH"},"content":{"rendered":"\t\t<div data-elementor-type=\"wp-page\" data-elementor-id=\"4603\" class=\"elementor elementor-4603\">\n\t\t\t\t\t\t<section class=\"elementor-section elementor-top-section elementor-element elementor-element-34cc5665 elementor-section-boxed elementor-section-height-default elementor-section-height-default\" data-id=\"34cc5665\" data-element_type=\"section\">\n\t\t\t\t\t\t<div class=\"elementor-container elementor-column-gap-default\">\n\t\t\t\t\t<div class=\"elementor-column elementor-col-100 elementor-top-column elementor-element elementor-element-7b2d20a4\" data-id=\"7b2d20a4\" data-element_type=\"column\">\n\t\t\t<div class=\"elementor-widget-wrap elementor-element-populated\">\n\t\t\t\t\t\t<div class=\"elementor-element elementor-element-5fbdbe39 elementor-widget elementor-widget-text-editor\" data-id=\"5fbdbe39\" data-element_type=\"widget\" data-widget_type=\"text-editor.default\">\n\t\t\t\t<div class=\"elementor-widget-container\">\n\t\t\t\t\t\t\t<p><!-- wp:tadv\/classic-paragraph --><\/p>\n<p>A Exposi\u00e7\u00e3o \u201c50 Anos de Produ\u00e7\u00e3o de Projetos de Extens\u00e3o no Centro de Ci\u00eancias Sociais e\u00a0Humanas\u201d \u00e9 um desdobramento do Projeto de Desenvolvimento Institucional \u201c<a href=\"https:\/\/www.ufsm.br\/unidades-universitarias\/ccsh?page_id=4482\">Difus\u00e3o do Acervo\u00a0dos Projetos de Extens\u00e3o da Subdivis\u00e3o de Projetos do CCSH<\/a>\u201d desenvolvido em 2023, coordenado pela Arquivista Josiane Ayres Sfreddo da Rosa.<\/p>\n<p>Coordena\u00e7\u00e3o: Arquivistas Cristina Strohschoen dos Santos e Josiane Ayres Sfreddo da Rosa.<br \/>Produ\u00e7\u00e3o Gr\u00e1fica: Samuel Lemos Teixeira, <em>acad\u00eamico de Comunica\u00e7\u00e3o Social &#8211; Publicidade e Propaganda, bolsista da Subdivis\u00e3o de Comunica\u00e7\u00e3o do CCSH.<\/em><\/p>\n<p>\u00a0<\/p>\n<p><!-- \/wp:tadv\/classic-paragraph --><\/p>\t\t\t\t\t\t<\/div>\n\t\t\t\t<\/div>\n\t\t\t\t\t<\/div>\n\t\t<\/div>\n\t\t\t\t\t<\/div>\n\t\t<\/section>\n\t\t\t\t<section class=\"elementor-section elementor-top-section elementor-element elementor-element-abfd7b1 elementor-section-boxed elementor-section-height-default elementor-section-height-default\" data-id=\"abfd7b1\" data-element_type=\"section\">\n\t\t\t\t\t\t<div class=\"elementor-container elementor-column-gap-default\">\n\t\t\t\t\t<div class=\"elementor-column elementor-col-100 elementor-top-column elementor-element elementor-element-8ba2ae6\" data-id=\"8ba2ae6\" data-element_type=\"column\">\n\t\t\t<div class=\"elementor-widget-wrap elementor-element-populated\">\n\t\t\t\t\t\t<div class=\"elementor-element elementor-element-1082e51 elementor-arrows-position-inside elementor-pagination-position-outside elementor-widget elementor-widget-image-carousel\" data-id=\"1082e51\" data-element_type=\"widget\" data-settings=\"{&quot;slides_to_show&quot;:&quot;1&quot;,&quot;navigation&quot;:&quot;both&quot;,&quot;autoplay&quot;:&quot;yes&quot;,&quot;pause_on_hover&quot;:&quot;yes&quot;,&quot;pause_on_interaction&quot;:&quot;yes&quot;,&quot;autoplay_speed&quot;:5000,&quot;infinite&quot;:&quot;yes&quot;,&quot;effect&quot;:&quot;slide&quot;,&quot;speed&quot;:500}\" data-widget_type=\"image-carousel.default\">\n\t\t\t\t<div class=\"elementor-widget-container\">\n\t\t\t\t\t<div class=\"elementor-image-carousel-wrapper swiper\" dir=\"ltr\">\n\t\t\t<div class=\"elementor-image-carousel swiper-wrapper\" aria-live=\"off\">\n\t\t\t\t\t\t\t\t<div class=\"swiper-slide\" role=\"group\" aria-roledescription=\"slide\" aria-label=\"1 of 9\"><a data-elementor-open-lightbox=\"yes\" data-elementor-lightbox-slideshow=\"1082e51\" data-elementor-lightbox-title=\"GEAIC-01\" data-e-action-hash=\"#elementor-action%3Aaction%3Dlightbox%26settings%3DeyJpZCI6IjQ1OTMiLCJ1cmwiOiJodHRwczpcL1wvd3d3LnVmc20uYnJcL2FwcFwvdXBsb2Fkc1wvc2l0ZXNcLzM3MlwvMjAyM1wvMTJcL0dFQUlDLTAxLmpwZyIsInNsaWRlc2hvdyI6IjEwODJlNTEifQ%3D%3D\" href=\"https:\/\/www.ufsm.br\/app\/uploads\/sites\/372\/2023\/12\/GEAIC-01.jpg\"><figure class=\"swiper-slide-inner\"><img decoding=\"async\" class=\"swiper-slide-image\" src=\"https:\/\/www.ufsm.br\/app\/uploads\/sites\/372\/2023\/12\/GEAIC-01-768x1024.jpg\" alt=\"Banner n. 01\" \/><figcaption class=\"elementor-image-carousel-caption\">Banner n. 01<\/figcaption><\/figure><\/a><\/div><div class=\"swiper-slide\" role=\"group\" aria-roledescription=\"slide\" aria-label=\"2 of 9\"><a data-elementor-open-lightbox=\"yes\" data-elementor-lightbox-slideshow=\"1082e51\" data-elementor-lightbox-title=\"GEAIC-02\" data-e-action-hash=\"#elementor-action%3Aaction%3Dlightbox%26settings%3DeyJpZCI6IjQ1OTQiLCJ1cmwiOiJodHRwczpcL1wvd3d3LnVmc20uYnJcL2FwcFwvdXBsb2Fkc1wvc2l0ZXNcLzM3MlwvMjAyM1wvMTJcL0dFQUlDLTAyLmpwZyIsInNsaWRlc2hvdyI6IjEwODJlNTEifQ%3D%3D\" href=\"https:\/\/www.ufsm.br\/app\/uploads\/sites\/372\/2023\/12\/GEAIC-02.jpg\"><figure class=\"swiper-slide-inner\"><img decoding=\"async\" class=\"swiper-slide-image\" src=\"https:\/\/www.ufsm.br\/app\/uploads\/sites\/372\/2023\/12\/GEAIC-02-768x1024.jpg\" alt=\"Banner n. 02\" \/><figcaption class=\"elementor-image-carousel-caption\">Banner n. 02<\/figcaption><\/figure><\/a><\/div><div class=\"swiper-slide\" role=\"group\" aria-roledescription=\"slide\" aria-label=\"3 of 9\"><a data-elementor-open-lightbox=\"yes\" data-elementor-lightbox-slideshow=\"1082e51\" data-elementor-lightbox-title=\"GEAIC-03\" data-e-action-hash=\"#elementor-action%3Aaction%3Dlightbox%26settings%3DeyJpZCI6IjQ1OTUiLCJ1cmwiOiJodHRwczpcL1wvd3d3LnVmc20uYnJcL2FwcFwvdXBsb2Fkc1wvc2l0ZXNcLzM3MlwvMjAyM1wvMTJcL0dFQUlDLTAzLmpwZyIsInNsaWRlc2hvdyI6IjEwODJlNTEifQ%3D%3D\" href=\"https:\/\/www.ufsm.br\/app\/uploads\/sites\/372\/2023\/12\/GEAIC-03.jpg\"><figure class=\"swiper-slide-inner\"><img decoding=\"async\" class=\"swiper-slide-image\" src=\"https:\/\/www.ufsm.br\/app\/uploads\/sites\/372\/2023\/12\/GEAIC-03-768x1024.jpg\" alt=\"Banner n. 03\" \/><figcaption class=\"elementor-image-carousel-caption\">Banner n. 03<\/figcaption><\/figure><\/a><\/div><div class=\"swiper-slide\" role=\"group\" aria-roledescription=\"slide\" aria-label=\"4 of 9\"><a data-elementor-open-lightbox=\"yes\" data-elementor-lightbox-slideshow=\"1082e51\" data-elementor-lightbox-title=\"GEAIC-04\" data-e-action-hash=\"#elementor-action%3Aaction%3Dlightbox%26settings%3DeyJpZCI6IjQ1OTYiLCJ1cmwiOiJodHRwczpcL1wvd3d3LnVmc20uYnJcL2FwcFwvdXBsb2Fkc1wvc2l0ZXNcLzM3MlwvMjAyM1wvMTJcL0dFQUlDLTA0LmpwZyIsInNsaWRlc2hvdyI6IjEwODJlNTEifQ%3D%3D\" href=\"https:\/\/www.ufsm.br\/app\/uploads\/sites\/372\/2023\/12\/GEAIC-04.jpg\"><figure class=\"swiper-slide-inner\"><img decoding=\"async\" class=\"swiper-slide-image\" src=\"https:\/\/www.ufsm.br\/app\/uploads\/sites\/372\/2023\/12\/GEAIC-04-768x1024.jpg\" alt=\"Banner n. 04\" \/><figcaption class=\"elementor-image-carousel-caption\">Banner n. 04<\/figcaption><\/figure><\/a><\/div><div class=\"swiper-slide\" role=\"group\" aria-roledescription=\"slide\" aria-label=\"5 of 9\"><a data-elementor-open-lightbox=\"yes\" data-elementor-lightbox-slideshow=\"1082e51\" data-elementor-lightbox-title=\"GEAIC-05\" data-e-action-hash=\"#elementor-action%3Aaction%3Dlightbox%26settings%3DeyJpZCI6IjQ1OTciLCJ1cmwiOiJodHRwczpcL1wvd3d3LnVmc20uYnJcL2FwcFwvdXBsb2Fkc1wvc2l0ZXNcLzM3MlwvMjAyM1wvMTJcL0dFQUlDLTA1LmpwZyIsInNsaWRlc2hvdyI6IjEwODJlNTEifQ%3D%3D\" href=\"https:\/\/www.ufsm.br\/app\/uploads\/sites\/372\/2023\/12\/GEAIC-05.jpg\"><figure class=\"swiper-slide-inner\"><img decoding=\"async\" class=\"swiper-slide-image\" src=\"https:\/\/www.ufsm.br\/app\/uploads\/sites\/372\/2023\/12\/GEAIC-05-768x1024.jpg\" alt=\"Banner n. 05\" \/><figcaption class=\"elementor-image-carousel-caption\">Banner n. 05<\/figcaption><\/figure><\/a><\/div><div class=\"swiper-slide\" role=\"group\" aria-roledescription=\"slide\" aria-label=\"6 of 9\"><a data-elementor-open-lightbox=\"yes\" data-elementor-lightbox-slideshow=\"1082e51\" data-elementor-lightbox-title=\"GEAIC-06\" data-e-action-hash=\"#elementor-action%3Aaction%3Dlightbox%26settings%3DeyJpZCI6IjQ1OTgiLCJ1cmwiOiJodHRwczpcL1wvd3d3LnVmc20uYnJcL2FwcFwvdXBsb2Fkc1wvc2l0ZXNcLzM3MlwvMjAyM1wvMTJcL0dFQUlDLTA2LmpwZyIsInNsaWRlc2hvdyI6IjEwODJlNTEifQ%3D%3D\" href=\"https:\/\/www.ufsm.br\/app\/uploads\/sites\/372\/2023\/12\/GEAIC-06.jpg\"><figure class=\"swiper-slide-inner\"><img decoding=\"async\" class=\"swiper-slide-image\" src=\"https:\/\/www.ufsm.br\/app\/uploads\/sites\/372\/2023\/12\/GEAIC-06-768x1024.jpg\" alt=\"Banner n. 06\" \/><figcaption class=\"elementor-image-carousel-caption\">Banner n. 06<\/figcaption><\/figure><\/a><\/div><div class=\"swiper-slide\" role=\"group\" aria-roledescription=\"slide\" aria-label=\"7 of 9\"><a data-elementor-open-lightbox=\"yes\" data-elementor-lightbox-slideshow=\"1082e51\" data-elementor-lightbox-title=\"GEAIC-07\" data-e-action-hash=\"#elementor-action%3Aaction%3Dlightbox%26settings%3DeyJpZCI6IjQ1OTkiLCJ1cmwiOiJodHRwczpcL1wvd3d3LnVmc20uYnJcL2FwcFwvdXBsb2Fkc1wvc2l0ZXNcLzM3MlwvMjAyM1wvMTJcL0dFQUlDLTA3LmpwZyIsInNsaWRlc2hvdyI6IjEwODJlNTEifQ%3D%3D\" href=\"https:\/\/www.ufsm.br\/app\/uploads\/sites\/372\/2023\/12\/GEAIC-07.jpg\"><figure class=\"swiper-slide-inner\"><img decoding=\"async\" class=\"swiper-slide-image\" src=\"https:\/\/www.ufsm.br\/app\/uploads\/sites\/372\/2023\/12\/GEAIC-07-768x1024.jpg\" alt=\"Banner n. 07\" \/><figcaption class=\"elementor-image-carousel-caption\">Banner n. 07<\/figcaption><\/figure><\/a><\/div><div class=\"swiper-slide\" role=\"group\" aria-roledescription=\"slide\" aria-label=\"8 of 9\"><a data-elementor-open-lightbox=\"yes\" data-elementor-lightbox-slideshow=\"1082e51\" data-elementor-lightbox-title=\"GEAIC-08\" data-e-action-hash=\"#elementor-action%3Aaction%3Dlightbox%26settings%3DeyJpZCI6IjQ2MDAiLCJ1cmwiOiJodHRwczpcL1wvd3d3LnVmc20uYnJcL2FwcFwvdXBsb2Fkc1wvc2l0ZXNcLzM3MlwvMjAyM1wvMTJcL0dFQUlDLTA4LmpwZyIsInNsaWRlc2hvdyI6IjEwODJlNTEifQ%3D%3D\" href=\"https:\/\/www.ufsm.br\/app\/uploads\/sites\/372\/2023\/12\/GEAIC-08.jpg\"><figure class=\"swiper-slide-inner\"><img decoding=\"async\" class=\"swiper-slide-image\" src=\"https:\/\/www.ufsm.br\/app\/uploads\/sites\/372\/2023\/12\/GEAIC-08-768x1024.jpg\" alt=\"Banner n. 08\" \/><figcaption class=\"elementor-image-carousel-caption\">Banner n. 08<\/figcaption><\/figure><\/a><\/div><div class=\"swiper-slide\" role=\"group\" aria-roledescription=\"slide\" aria-label=\"9 of 9\"><a data-elementor-open-lightbox=\"yes\" data-elementor-lightbox-slideshow=\"1082e51\" data-elementor-lightbox-title=\"GEAIC-09\" data-e-action-hash=\"#elementor-action%3Aaction%3Dlightbox%26settings%3DeyJpZCI6IjQ2MDEiLCJ1cmwiOiJodHRwczpcL1wvd3d3LnVmc20uYnJcL2FwcFwvdXBsb2Fkc1wvc2l0ZXNcLzM3MlwvMjAyM1wvMTJcL0dFQUlDLTA5LmpwZyIsInNsaWRlc2hvdyI6IjEwODJlNTEifQ%3D%3D\" href=\"https:\/\/www.ufsm.br\/app\/uploads\/sites\/372\/2023\/12\/GEAIC-09.jpg\"><figure class=\"swiper-slide-inner\"><img decoding=\"async\" class=\"swiper-slide-image\" src=\"https:\/\/www.ufsm.br\/app\/uploads\/sites\/372\/2023\/12\/GEAIC-09-768x1024.jpg\" alt=\"Banner n. 09\" \/><figcaption class=\"elementor-image-carousel-caption\">Banner n. 09<\/figcaption><\/figure><\/a><\/div>\t\t\t<\/div>\n\t\t\t\t\t\t\t\t\t\t\t\t<div class=\"elementor-swiper-button elementor-swiper-button-prev\" role=\"button\" tabindex=\"0\">\n\t\t\t\t\t\t<i aria-hidden=\"true\" class=\"eicon-chevron-left\"><\/i>\t\t\t\t\t<\/div>\n\t\t\t\t\t<div class=\"elementor-swiper-button elementor-swiper-button-next\" role=\"button\" tabindex=\"0\">\n\t\t\t\t\t\t<i aria-hidden=\"true\" class=\"eicon-chevron-right\"><\/i>\t\t\t\t\t<\/div>\n\t\t\t\t\n\t\t\t\t\t\t\t\t\t<div class=\"swiper-pagination\"><\/div>\n\t\t\t\t\t\t\t\t\t<\/div>\n\t\t\t\t<\/div>\n\t\t\t\t<\/div>\n\t\t\t\t\t<\/div>\n\t\t<\/div>\n\t\t\t\t\t<\/div>\n\t\t<\/section>\n\t\t\t\t<\/div>\n\t\t","protected":false},"excerpt":{"rendered":"<p>A Exposi\u00e7\u00e3o \u201c50 Anos de Produ\u00e7\u00e3o de Projetos de Extens\u00e3o no Centro de Ci\u00eancias Sociais e\u00a0Humanas\u201d \u00e9 um desdobramento do Projeto de Desenvolvimento Institucional \u201cDifus\u00e3o do Acervo\u00a0dos Projetos de Extens\u00e3o da Subdivis\u00e3o de Projetos do CCSH\u201d desenvolvido em 2023, coordenado pela Arquivista Josiane Ayres Sfreddo da Rosa. Coordena\u00e7\u00e3o: Arquivistas Cristina Strohschoen dos Santos e Josiane [&hellip;]<\/p>\n","protected":false},"author":141,"featured_media":0,"parent":0,"menu_order":0,"comment_status":"closed","ping_status":"closed","template":"","meta":{"footnotes":""},"categories":[],"tags":[],"class_list":["post-4603","page","type-page","status-publish","hentry"],"acf":[],"_links":{"self":[{"href":"https:\/\/www.ufsm.br\/unidades-universitarias\/ccsh\/wp-json\/wp\/v2\/pages\/4603","targetHints":{"allow":["GET"]}}],"collection":[{"href":"https:\/\/www.ufsm.br\/unidades-universitarias\/ccsh\/wp-json\/wp\/v2\/pages"}],"about":[{"href":"https:\/\/www.ufsm.br\/unidades-universitarias\/ccsh\/wp-json\/wp\/v2\/types\/page"}],"author":[{"embeddable":true,"href":"https:\/\/www.ufsm.br\/unidades-universitarias\/ccsh\/wp-json\/wp\/v2\/users\/141"}],"replies":[{"embeddable":true,"href":"https:\/\/www.ufsm.br\/unidades-universitarias\/ccsh\/wp-json\/wp\/v2\/comments?post=4603"}],"version-history":[{"count":0,"href":"https:\/\/www.ufsm.br\/unidades-universitarias\/ccsh\/wp-json\/wp\/v2\/pages\/4603\/revisions"}],"wp:attachment":[{"href":"https:\/\/www.ufsm.br\/unidades-universitarias\/ccsh\/wp-json\/wp\/v2\/media?parent=4603"}],"wp:term":[{"taxonomy":"category","embeddable":true,"href":"https:\/\/www.ufsm.br\/unidades-universitarias\/ccsh\/wp-json\/wp\/v2\/categories?post=4603"},{"taxonomy":"post_tag","embeddable":true,"href":"https:\/\/www.ufsm.br\/unidades-universitarias\/ccsh\/wp-json\/wp\/v2\/tags?post=4603"}],"curies":[{"name":"wp","href":"https:\/\/api.w.org\/{rel}","templated":true}]}}