{"id":4997,"date":"2024-08-07T11:22:44","date_gmt":"2024-08-07T14:22:44","guid":{"rendered":"https:\/\/www.ufsm.br\/unidades-universitarias\/ccsh\/?page_id=4997"},"modified":"2025-06-03T17:35:48","modified_gmt":"2025-06-03T20:35:48","slug":"tecendo-redes-cartilha-de-servicos","status":"publish","type":"page","link":"https:\/\/www.ufsm.br\/unidades-universitarias\/ccsh\/tecendo-redes-cartilha-de-servicos","title":{"rendered":"Tecendo Redes: Cartilha de servi\u00e7os"},"content":{"rendered":"\t\t<div data-elementor-type=\"wp-page\" data-elementor-id=\"4997\" class=\"elementor elementor-4997\">\n\t\t\t\t\t\t<section class=\"elementor-section elementor-top-section elementor-element elementor-element-ce5c249 elementor-section-boxed elementor-section-height-default elementor-section-height-default\" data-id=\"ce5c249\" data-element_type=\"section\">\n\t\t\t\t\t\t<div class=\"elementor-container elementor-column-gap-default\">\n\t\t\t\t\t<div class=\"elementor-column elementor-col-100 elementor-top-column elementor-element elementor-element-8366555\" data-id=\"8366555\" data-element_type=\"column\">\n\t\t\t<div class=\"elementor-widget-wrap elementor-element-populated\">\n\t\t\t\t\t\t<div class=\"elementor-element elementor-element-b1471a8 elementor-widget elementor-widget-text-editor\" data-id=\"b1471a8\" data-element_type=\"widget\" data-widget_type=\"text-editor.default\">\n\t\t\t\t<div class=\"elementor-widget-container\">\n\t\t\t\t\t\t\t<p>A Cartilha &#8220;Tecendo Redes&#8221; foi desenvolvida pelo Setor de Apoio Pedag\u00f3gico do CCSH, com o objetivo de compilar servi\u00e7os de assist\u00eancia oferecidos aos estudantes pela UFSM, CCSH e Rede externa.<\/p><p>A <a href=\"https:\/\/www.ufsm.br\/app\/uploads\/sites\/372\/2024\/08\/Rede-de-Servicos-UFSM-versao-digital-A4.pdf\" target=\"_blank\" rel=\"noopener\">&#8220;Tecendo Redes&#8221;<\/a>, disponibilizada virtualmente abaixo, tamb\u00e9m pode ser baixada e salva no seu dispositivo.<\/p>\t\t\t\t\t\t<\/div>\n\t\t\t\t<\/div>\n\t\t\t\t\t<\/div>\n\t\t<\/div>\n\t\t\t\t\t<\/div>\n\t\t<\/section>\n\t\t\t\t<section class=\"elementor-section elementor-top-section elementor-element elementor-element-cd66a52 elementor-section-boxed elementor-section-height-default elementor-section-height-default\" data-id=\"cd66a52\" data-element_type=\"section\">\n\t\t\t\t\t\t<div class=\"elementor-container elementor-column-gap-default\">\n\t\t\t\t\t<div class=\"elementor-column elementor-col-100 elementor-top-column elementor-element elementor-element-df4e37f\" data-id=\"df4e37f\" data-element_type=\"column\">\n\t\t\t<div class=\"elementor-widget-wrap elementor-element-populated\">\n\t\t\t\t\t\t<div class=\"elementor-element elementor-element-5435ff2 elementor-widget elementor-widget-toggle\" data-id=\"5435ff2\" data-element_type=\"widget\" data-widget_type=\"toggle.default\">\n\t\t\t\t<div class=\"elementor-widget-container\">\n\t\t\t\t\t<div class=\"elementor-toggle\">\n\t\t\t\t\t\t\t<div class=\"elementor-toggle-item\">\n\t\t\t\t\t<div id=\"elementor-tab-title-8831\" class=\"elementor-tab-title\" data-tab=\"1\" role=\"button\" aria-controls=\"elementor-tab-content-8831\" aria-expanded=\"false\">\n\t\t\t\t\t\t\t\t\t\t\t\t<span class=\"elementor-toggle-icon elementor-toggle-icon-left\" aria-hidden=\"true\">\n\t\t\t\t\t\t\t\t\t\t\t\t\t\t\t<span class=\"elementor-toggle-icon-closed\"><i class=\"fas fa-caret-right\"><\/i><\/span>\n\t\t\t\t\t\t\t\t<span class=\"elementor-toggle-icon-opened\"><i class=\"elementor-toggle-icon-opened fas fa-caret-up\"><\/i><\/span>\n\t\t\t\t\t\t\t\t\t\t\t\t\t<\/span>\n\t\t\t\t\t\t\t\t\t\t\t\t<a class=\"elementor-toggle-title\" tabindex=\"0\">Equipe de Elabora\u00e7\u00e3o<\/a>\n\t\t\t\t\t<\/div>\n\n\t\t\t\t\t<div id=\"elementor-tab-content-8831\" class=\"elementor-tab-content elementor-clearfix\" data-tab=\"1\" role=\"region\" aria-labelledby=\"elementor-tab-title-8831\"><p><strong>ORGANIZA\u00c7\u00c3O<br \/><\/strong>Daiane Macedo<br \/>Jairo da Luz Oliveira<br \/>Lorenzo Ribeiro<br \/>Luana Baseggio<br \/>Maiara Henicka<br \/>Sandra Venturini<\/p>\n<p><strong>ARTE<br \/><\/strong>Luana Baseggio<br \/>Maiara Henicka<\/p>\n<p><strong>REVIS\u00c3O T\u00c9CNICA<br \/><\/strong>Jairo da Luz Oliveira<\/p>\n<p><strong>COORDENA\u00c7\u00c3O DO SETOR DE APOIO PEDAG\u00d3GICO<br \/><\/strong>Jairo da Luz Oliveira<\/p>\n<p><strong>DIRE\u00c7\u00c3O DO CENTRO DE CI\u00caNCIAS SOCIAIS E HUMANAS<br \/><\/strong>Sheila Kocourek<br \/>Jos\u00e9 Martinho Rodrigues Rem\u00e9di<\/p><\/div>\n\t\t\t\t<\/div>\n\t\t\t\t\t\t\t<div class=\"elementor-toggle-item\">\n\t\t\t\t\t<div id=\"elementor-tab-title-8832\" class=\"elementor-tab-title\" data-tab=\"2\" role=\"button\" aria-controls=\"elementor-tab-content-8832\" aria-expanded=\"false\">\n\t\t\t\t\t\t\t\t\t\t\t\t<span class=\"elementor-toggle-icon elementor-toggle-icon-left\" aria-hidden=\"true\">\n\t\t\t\t\t\t\t\t\t\t\t\t\t\t\t<span class=\"elementor-toggle-icon-closed\"><i class=\"fas fa-caret-right\"><\/i><\/span>\n\t\t\t\t\t\t\t\t<span class=\"elementor-toggle-icon-opened\"><i class=\"elementor-toggle-icon-opened fas fa-caret-up\"><\/i><\/span>\n\t\t\t\t\t\t\t\t\t\t\t\t\t<\/span>\n\t\t\t\t\t\t\t\t\t\t\t\t<a class=\"elementor-toggle-title\" tabindex=\"0\">Apresenta\u00e7\u00e3o<\/a>\n\t\t\t\t\t<\/div>\n\n\t\t\t\t\t<div id=\"elementor-tab-content-8832\" class=\"elementor-tab-content elementor-clearfix\" data-tab=\"2\" role=\"region\" aria-labelledby=\"elementor-tab-title-8832\"><p class=\"cvGsUA direction-ltr align-justify para-style-body\"><span class=\"OYPEnA font-feature-liga-off font-feature-clig-off font-feature-calt-off text-decoration-none text-strikethrough-none\">O Setor de Apoio Pedag\u00f3gico \u2013 SAP, atrav\u00e9s deste material informativo, busca oferecer <\/span><span class=\"OYPEnA font-feature-liga-off font-feature-clig-off font-feature-calt-off text-decoration-none text-strikethrough-none\">a todos, todas e todes<\/span><span class=\"OYPEnA font-feature-liga-off font-feature-clig-off font-feature-calt-off text-decoration-none text-strikethrough-none\"> que fazem parte da comunidade acad\u00eamica do Centro de Ci\u00eancias Sociais e Humanas &#8211; CCSH que est\u00e1 constitu\u00eddo pela Dire\u00e7\u00e3o do Centro, Coordena\u00e7\u00f5es de Curso, Secretarias Integradas, docentes e discentes, um dispositivo de informa\u00e7\u00f5es que possa orientar e dinamizar a vida acad\u00eamica. Aqui apresentaremos informa\u00e7\u00f5es sobre servi\u00e7os, programas e projetos de apoio aos discentes, desenvolvidos na UFSM e, particularmente, junto ao CCSH. Ainda est\u00e3o compiladas informa\u00e7\u00f5es da rede de sa\u00fade e assist\u00eancia social do munic\u00edpio de Santa Maria.<\/span><\/p>\n<p class=\"cvGsUA direction-ltr align-justify para-style-body\"><span class=\"OYPEnA font-feature-liga-off font-feature-clig-off font-feature-calt-off text-decoration-none text-strikethrough-none\">O CCSH \u00e9 um espa\u00e7o de forma\u00e7\u00e3o no qual o SAP\/CCSH possui um protagonismo. Aqui apresentaremos alguns apontamentos de nossas a\u00e7\u00f5es:<\/span><\/p>\n<p class=\"cvGsUA direction-ltr align-justify para-style-body\"><span class=\"OYPEnA font-feature-liga-off font-feature-clig-off font-feature-calt-off text-decoration-none text-strikethrough-none\">1. Os(as) estudantes t\u00eam diferentes estilos de aprendizagem e necessidades. O Setor de Apoio Pedag\u00f3gico ajuda a atender essas diferen\u00e7as, oferecendo orienta\u00e7\u00e3o e suporte espec\u00edfico para cada coordena\u00e7\u00e3o de curso. Nesse sentido, presta apoio \u00e0s coordena\u00e7\u00f5es de curso nos encaminhamentos para estas mesmas demandas espec\u00edficas, no sentido de aprimorar essas habilidades.<\/span><\/p>\n<p class=\"cvGsUA direction-ltr align-justify para-style-body\"><span class=\"OYPEnA font-feature-liga-off font-feature-clig-off font-feature-calt-off text-decoration-none text-strikethrough-none\">2. O SAP\/CCSH, em parceria com A Cl\u00ednica de Psicologia, criou uma atividade inovadora de \u201cescuta\u201d, teve a satisfa\u00e7\u00e3o de inaugurar um projeto denominado Escuta CEIP, que oferece um servi\u00e7o de agendamento pr\u00e9vio para nossos discentes, com intuito de oferecer suporte de escuta\/di\u00e1logo, ajudando os(as) discentes a lidar com o estresse e a ansiedade que podem surgir durante os estudos.<\/span><\/p>\n<p class=\"cvGsUA direction-ltr align-justify para-style-body\"><span class=\"OYPEnA font-feature-liga-off font-feature-clig-off font-feature-calt-off text-decoration-none text-strikethrough-none\">3. O SAP\/CCSH, conjuntamente com as coordena\u00e7\u00f5es de curso, tem buscado realizar a\u00e7\u00f5es de acompanhamento e monitoramento sobre o progresso acad\u00eamico dos(as) discentes, identificando dificuldades e oferecendo interven\u00e7\u00f5es juntamente com a Coordenadoria de A\u00e7\u00f5es Educacionais \u2013 CAED\/UFSM, para evitar que os processos de desempenho acad\u00eamico se fragilizem e se agravem, oferecendo, atrav\u00e9s deste servi\u00e7o, um acompanhamento constante e espec\u00edfico.<\/span><\/p>\n<p class=\"cvGsUA direction-ltr align-justify para-style-body\"><span class=\"OYPEnA font-feature-liga-off font-feature-clig-off font-feature-calt-off text-decoration-none text-strikethrough-none\">4. Este setor tem buscado fornecer recursos e ferramentas adicionais, como encontros entre secretarias integradas e coordena\u00e7\u00f5es de curso para afinar processos de trabalho em per\u00edodos de matr\u00edcula e rematr\u00edculas. Por meio de palestras e reuni\u00f5es espec\u00edficas\/individuais com as coordena\u00e7\u00f5es para suprimir dificuldades de trabalho e d\u00favidas, bem como realizar orienta\u00e7\u00f5es pedag\u00f3gicas.<\/span><\/p>\n<p class=\"cvGsUA direction-ltr align-justify para-style-body\"><span class=\"OYPEnA font-feature-liga-off font-feature-clig-off font-feature-calt-off text-decoration-none text-strikethrough-none\">5. O SAP\/CCSH, atrav\u00e9s de um di\u00e1logo com as coordena\u00e7\u00f5es de curso, busca desempenhar um papel crucial na promo\u00e7\u00e3o da inclus\u00e3o e acessibilidade, garantindo que todos os estudantes, independentemente de suas circunst\u00e2ncias, tenham igualdade de oportunidades para aprender e se desenvolver, com salas de aula adaptadas \u00e0s necessidades dos(as) discentes, bem como outras a\u00e7\u00f5es de acessibilidade.<\/span><\/p>\n<p class=\"cvGsUA direction-ltr align-justify para-style-body\"><span class=\"OYPEnA font-feature-liga-off font-feature-clig-off font-feature-calt-off text-decoration-none text-strikethrough-none\">6. Este Setor busca inovar no \u00e2mbito da aten\u00e7\u00e3o \u00e0s gestantes e m\u00e3es, nesse sentido o projeto da sala MATERNI, um espa\u00e7o para nossas discentes e servidoras mam\u00e3es, poderem exercer seu direito \u00e0 amamenta\u00e7\u00e3o com carinho e aten\u00e7\u00e3o aos seus beb\u00eas, j\u00e1 est\u00e1 em andamento.<\/span><\/p>\n<p class=\"cvGsUA direction-ltr align-justify para-style-body\"><span class=\"OYPEnA font-feature-liga-off font-feature-clig-off font-feature-calt-off text-decoration-none text-strikethrough-none\">7. Neste mesmo processo de inova\u00e7\u00e3o, no segundo semestre de 2024, ser\u00e3o realizadas, quinzenalmente, a atividade denominada de TRAZ PARA RODA VIDAS TRANS, um projeto no formato roda de conversa, onde estaremos chamando nossa comunidade Trans, a falar sobre seu cotidiano, lutas, desejos e sonhos, um espa\u00e7o de garantia de direitos e afirma\u00e7\u00f5es.<\/span><\/p>\n<p class=\"cvGsUA direction-ltr align-justify para-style-body\"><span class=\"OYPEnA font-feature-liga-off font-feature-clig-off font-feature-calt-off text-decoration-none text-strikethrough-none\">8. O Setor de Apoio Pedag\u00f3gico, portanto, n\u00e3o apenas desenvolve um servi\u00e7o de apoio \u00e0s coordena\u00e7\u00f5es de curso, mas tamb\u00e9m cria um ambiente mais inclusivo e de suporte, essencial para o sucesso acad\u00eamico e pessoal dos(as) nossos(as) discentes.<\/span><\/p>\n<p class=\"cvGsUA direction-ltr align-justify para-style-body\">\u00a0<\/p>\n<p class=\"cvGsUA direction-ltr align-center para-style-body\"><span class=\"OYPEnA font-feature-liga-off font-feature-clig-off font-feature-calt-off text-decoration-none text-strikethrough-none\"><strong>Professor Jairo da Luz Oliveira<\/strong><br \/><\/span><em><span class=\"OYPEnA font-feature-liga-off font-feature-clig-off font-feature-calt-off text-decoration-none text-strikethrough-none\">Coordenador do Setor de Apoio Pedag\u00f3gico do CCSH\/ UFSM<\/span><\/em><\/p><\/div>\n\t\t\t\t<\/div>\n\t\t\t\t\t\t\t<div class=\"elementor-toggle-item\">\n\t\t\t\t\t<div id=\"elementor-tab-title-8833\" class=\"elementor-tab-title\" data-tab=\"3\" role=\"button\" aria-controls=\"elementor-tab-content-8833\" aria-expanded=\"false\">\n\t\t\t\t\t\t\t\t\t\t\t\t<span class=\"elementor-toggle-icon elementor-toggle-icon-left\" aria-hidden=\"true\">\n\t\t\t\t\t\t\t\t\t\t\t\t\t\t\t<span class=\"elementor-toggle-icon-closed\"><i class=\"fas fa-caret-right\"><\/i><\/span>\n\t\t\t\t\t\t\t\t<span class=\"elementor-toggle-icon-opened\"><i class=\"elementor-toggle-icon-opened fas fa-caret-up\"><\/i><\/span>\n\t\t\t\t\t\t\t\t\t\t\t\t\t<\/span>\n\t\t\t\t\t\t\t\t\t\t\t\t<a class=\"elementor-toggle-title\" tabindex=\"0\">Pref\u00e1cio<\/a>\n\t\t\t\t\t<\/div>\n\n\t\t\t\t\t<div id=\"elementor-tab-content-8833\" class=\"elementor-tab-content elementor-clearfix\" data-tab=\"3\" role=\"region\" aria-labelledby=\"elementor-tab-title-8833\"><p class=\"cvGsUA direction-ltr align-justify para-style-body\"><span class=\"OYPEnA font-feature-liga-off font-feature-clig-off font-feature-calt-off text-decoration-none text-strikethrough-none\">\u00c9 com grande alegria que apresentamos este material informativo \u201cTecendo Redes: Servi\u00e7os aos Acad\u00eamicos e Acad\u00eamicas da UFSM\/CCSH\u201d, elaborado pelo Servi\u00e7o de Apoio Pedag\u00f3gico (SAP) do Centro de Ci\u00eancias Sociais e Humanas (CCSH) da Universidade Federal de Santa Maria (UFSM). Este guia foi criado para oferecer suporte abrangente e acess\u00edvel, com orienta\u00e7\u00f5es pedag\u00f3gicas e de assist\u00eancia estudantil.<\/span><\/p>\n<p class=\"cvGsUA direction-ltr align-justify para-style-body\"><span class=\"OYPEnA font-feature-liga-off font-feature-clig-off font-feature-calt-off text-decoration-none text-strikethrough-none\">A Dire\u00e7\u00e3o do CCSH tem investido no fortalecimento do SAP\/CCSH, priorizando o suporte de aprendizagem e pr\u00e1ticas inclusivas, para quem necessitar de aux\u00edlio para seguir com sucesso na jornada universit\u00e1ria. Este guia \u00e9 uma ferramenta para facilitar o acesso aos programas, servi\u00e7os e projetos internos da UFSM e tamb\u00e9m da rede de pol\u00edticas p\u00fablicas do munic\u00edpio de Santa Maria\/RS.<\/span><\/p>\n<p class=\"cvGsUA direction-ltr align-justify para-style-body\"><span class=\"OYPEnA font-feature-liga-off font-feature-clig-off font-feature-calt-off text-decoration-none text-strikethrough-none\">O SAP\/CCSH tem se dedicado a instrumentalizar as Coordena\u00e7\u00f5es de Cursos e os docentes do CCSH para o reconhecimento das particularidades dos(as) estudantes, tendo em vista o desenvolvimento da sua autonomia nos estudos. Outro aspecto importante \u00e9 a promo\u00e7\u00e3o de a\u00e7\u00f5es em conjunto com as coordena\u00e7\u00f5es de Cursos e outros setores da UFSM, visando \u00e0 perman\u00eancia estudantil. Isso inclui estrat\u00e9gias de acolhimento e integra\u00e7\u00e3o acad\u00eamica para ingressantes, al\u00e9m do monitoramento cont\u00ednuo das situa\u00e7\u00f5es de risco de reten\u00e7\u00e3o ou abandono dos cursos.<\/span><\/p>\n<p class=\"cvGsUA direction-ltr align-justify para-style-body\"><span class=\"OYPEnA font-feature-liga-off font-feature-clig-off font-feature-calt-off text-decoration-none text-strikethrough-none\">Reiteramos que este instrumento cont\u00e9m informa\u00e7\u00f5es detalhadas sobre os diversos servi\u00e7os de atendimento dispon\u00edveis para nossa comunidade estudantil, abrangendo \u00e1reas como apoio pedag\u00f3gico, psicol\u00f3gico, social e de sa\u00fade. Nesse sentido enfatizamos que as coordena\u00e7\u00f5es dos cursos de gradua\u00e7\u00e3o, com o apoio do SAP\/CCSH, tem uma grande relev\u00e2ncia no apoio e encaminhamento das demandas apresentadas pelos(as) estudantes junto a esta rede integrada, garantindo um suporte eficiente e direcionado.<\/span><\/p>\n<p class=\"cvGsUA direction-ltr align-justify para-style-body\"><span class=\"OYPEnA font-feature-liga-off font-feature-clig-off font-feature-calt-off text-decoration-none text-strikethrough-none\">Estamos comprometidos em oferecer um ambiente acolhedor e inclusivo, onde cada estudante possa desenvolver seu potencial m\u00e1ximo. Contem conosco para apoi\u00e1-los(as) em cada etapa de sua jornada acad\u00eamica.<\/span><\/p>\n<p class=\"cvGsUA direction-ltr align-justify para-style-body\"><span class=\"OYPEnA font-feature-liga-off font-feature-clig-off font-feature-calt-off text-decoration-none text-strikethrough-none\">Desejamos a todos e todas um percurso acad\u00eamico repleto de conquistas e aprendizagens significativas.<\/span><\/p>\n<p class=\"cvGsUA direction-ltr align-justify para-style-body\">\u00a0<\/p>\n<p class=\"cvGsUA direction-ltr align-center para-style-body\"><strong><span class=\"OYPEnA font-feature-liga-off font-feature-clig-off font-feature-calt-off text-decoration-none text-strikethrough-none\">Professora Sheila Kocourek<br \/><\/span><\/strong><em><span class=\"OYPEnA font-feature-liga-off font-feature-clig-off font-feature-calt-off text-decoration-none text-strikethrough-none\">Diretora do CCSH \u2013 UFSM<\/span><\/em><\/p>\n<p class=\"cvGsUA direction-ltr align-center para-style-body\"><strong><span class=\"OYPEnA font-feature-liga-off font-feature-clig-off font-feature-calt-off text-decoration-none text-strikethrough-none\">Professor Jos\u00e9 Martinho Rodrigues Remedi<br \/><\/span><\/strong><em><span class=\"OYPEnA font-feature-liga-off font-feature-clig-off font-feature-calt-off text-decoration-none text-strikethrough-none\">Vice-Diretor do CCSH &#8211; UFSM<\/span><\/em><\/p>\n<p class=\"cvGsUA direction-ltr align-justify para-style-body\">\u00a0<\/p><\/div>\n\t\t\t\t<\/div>\n\t\t\t\t\t\t\t\t<\/div>\n\t\t\t\t<\/div>\n\t\t\t\t<\/div>\n\t\t\t\t\t<\/div>\n\t\t<\/div>\n\t\t\t\t\t<\/div>\n\t\t<\/section>\n\t\t\t\t<section class=\"elementor-section elementor-top-section elementor-element elementor-element-0d141c2 elementor-section-boxed elementor-section-height-default elementor-section-height-default\" data-id=\"0d141c2\" data-element_type=\"section\">\n\t\t\t\t\t\t<div class=\"elementor-container elementor-column-gap-default\">\n\t\t\t\t\t<div class=\"elementor-column elementor-col-100 elementor-top-column elementor-element elementor-element-9a7e07e\" data-id=\"9a7e07e\" data-element_type=\"column\">\n\t\t\t<div class=\"elementor-widget-wrap elementor-element-populated\">\n\t\t\t\t\t\t<div class=\"elementor-element elementor-element-9216556 elementor-widget elementor-widget-heading\" data-id=\"9216556\" data-element_type=\"widget\" data-widget_type=\"heading.default\">\n\t\t\t\t<div class=\"elementor-widget-container\">\n\t\t\t<h3 class=\"elementor-heading-title elementor-size-default\">Servi\u00e7os Institucionais da UFSM<\/h3>\t\t<\/div>\n\t\t\t\t<\/div>\n\t\t\t\t\t<\/div>\n\t\t<\/div>\n\t\t\t\t\t<\/div>\n\t\t<\/section>\n\t\t\t\t<section class=\"elementor-section elementor-top-section elementor-element elementor-element-2cceb71 elementor-section-boxed elementor-section-height-default elementor-section-height-default\" data-id=\"2cceb71\" data-element_type=\"section\">\n\t\t\t\t\t\t<div class=\"elementor-container elementor-column-gap-default\">\n\t\t\t\t\t<div class=\"elementor-column elementor-col-100 elementor-top-column elementor-element elementor-element-f3e5076\" data-id=\"f3e5076\" data-element_type=\"column\">\n\t\t\t<div class=\"elementor-widget-wrap elementor-element-populated\">\n\t\t\t\t\t\t<div class=\"elementor-element elementor-element-ab04014 elementor-widget elementor-widget-heading\" data-id=\"ab04014\" data-element_type=\"widget\" data-widget_type=\"heading.default\">\n\t\t\t\t<div class=\"elementor-widget-container\">\n\t\t\t<h5 class=\"elementor-heading-title elementor-size-default\">PRAE (Pr\u00f3-Reitoria de Assuntos Estudantis)<\/h5>\t\t<\/div>\n\t\t\t\t<\/div>\n\t\t\t\t<div class=\"elementor-element elementor-element-22c77fc elementor-widget elementor-widget-text-editor\" data-id=\"22c77fc\" data-element_type=\"widget\" data-widget_type=\"text-editor.default\">\n\t\t\t\t<div class=\"elementor-widget-container\">\n\t\t\t\t\t\t\t<p><span class=\"OYPEnA font-feature-liga-off font-feature-clig-off font-feature-calt-off text-decoration-none text-strikethrough-none\">\u00c9 o \u00f3rg\u00e3o administrativo da UFSM que planeja, operacionaliza, supervisiona, orienta e, juntamente com os acad\u00eamicos, interage nas atividades universit\u00e1rias que abrangem o campo cultural, social e assistencial da Pol\u00edtica de Assist\u00eancia Estudantil da UFSM.<\/span><\/p>\n<p><\/p><\/div><\/div><\/div><\/div><\/div><\/section><\/div> <a href=\"https:\/\/www.ufsm.br\/unidades-universitarias\/ccsh\/tecendo-redes-cartilha-de-servicos#more-4997\" class=\"more-link elementor-more-link\"><span aria-label=\"Continue lendo Tecendo Redes: Cartilha de servi\u00e7os\">(mais&hellip;)<\/span><\/a>","protected":false},"excerpt":{"rendered":"<p>A Cartilha &#8220;Tecendo Redes&#8221; foi desenvolvida pelo Setor de Apoio Pedag\u00f3gico do CCSH, com o objetivo de compilar servi\u00e7os de assist\u00eancia oferecidos aos estudantes pela UFSM, CCSH e Rede externa. A &#8220;Tecendo Redes&#8221;, disponibilizada virtualmente abaixo, tamb\u00e9m pode ser baixada e salva no seu dispositivo. Equipe de Elabora\u00e7\u00e3o ORGANIZA\u00c7\u00c3ODaiane MacedoJairo da Luz OliveiraLorenzo RibeiroLuana BaseggioMaiara [&hellip;]<\/p>\n","protected":false},"author":141,"featured_media":5039,"parent":0,"menu_order":0,"comment_status":"closed","ping_status":"closed","template":"","meta":{"footnotes":""},"categories":[1],"tags":[996,73,921],"class_list":["post-4997","page","type-page","status-publish","has-post-thumbnail","hentry","category-noticias","tag-apoio-pedagogico","tag-ccsh","tag-saude-mental"],"acf":[],"_links":{"self":[{"href":"https:\/\/www.ufsm.br\/unidades-universitarias\/ccsh\/wp-json\/wp\/v2\/pages\/4997","targetHints":{"allow":["GET"]}}],"collection":[{"href":"https:\/\/www.ufsm.br\/unidades-universitarias\/ccsh\/wp-json\/wp\/v2\/pages"}],"about":[{"href":"https:\/\/www.ufsm.br\/unidades-universitarias\/ccsh\/wp-json\/wp\/v2\/types\/page"}],"author":[{"embeddable":true,"href":"https:\/\/www.ufsm.br\/unidades-universitarias\/ccsh\/wp-json\/wp\/v2\/users\/141"}],"replies":[{"embeddable":true,"href":"https:\/\/www.ufsm.br\/unidades-universitarias\/ccsh\/wp-json\/wp\/v2\/comments?post=4997"}],"version-history":[{"count":0,"href":"https:\/\/www.ufsm.br\/unidades-universitarias\/ccsh\/wp-json\/wp\/v2\/pages\/4997\/revisions"}],"wp:featuredmedia":[{"embeddable":true,"href":"https:\/\/www.ufsm.br\/unidades-universitarias\/ccsh\/wp-json\/wp\/v2\/media\/5039"}],"wp:attachment":[{"href":"https:\/\/www.ufsm.br\/unidades-universitarias\/ccsh\/wp-json\/wp\/v2\/media?parent=4997"}],"wp:term":[{"taxonomy":"category","embeddable":true,"href":"https:\/\/www.ufsm.br\/unidades-universitarias\/ccsh\/wp-json\/wp\/v2\/categories?post=4997"},{"taxonomy":"post_tag","embeddable":true,"href":"https:\/\/www.ufsm.br\/unidades-universitarias\/ccsh\/wp-json\/wp\/v2\/tags?post=4997"}],"curies":[{"name":"wp","href":"https:\/\/api.w.org\/{rel}","templated":true}]}}