{"id":5595,"date":"2025-02-20T11:16:33","date_gmt":"2025-02-20T14:16:33","guid":{"rendered":"https:\/\/www.ufsm.br\/unidades-universitarias\/ccsh\/?page_id=5595"},"modified":"2025-02-20T11:18:49","modified_gmt":"2025-02-20T14:18:49","slug":"anuidades","status":"publish","type":"page","link":"https:\/\/www.ufsm.br\/unidades-universitarias\/ccsh\/anuidades","title":{"rendered":"Anuidades"},"content":{"rendered":"\t\t<div data-elementor-type=\"wp-page\" data-elementor-id=\"5595\" class=\"elementor elementor-5595\">\n\t\t\t\t\t\t<section class=\"elementor-section elementor-top-section elementor-element elementor-element-4fcfc7e elementor-section-boxed elementor-section-height-default elementor-section-height-default\" data-id=\"4fcfc7e\" data-element_type=\"section\">\n\t\t\t\t\t\t<div class=\"elementor-container elementor-column-gap-default\">\n\t\t\t\t\t<div class=\"elementor-column elementor-col-100 elementor-top-column elementor-element elementor-element-bcefff6\" data-id=\"bcefff6\" data-element_type=\"column\">\n\t\t\t<div class=\"elementor-widget-wrap elementor-element-populated\">\n\t\t\t\t\t\t<div class=\"elementor-element elementor-element-3dfb4d7 elementor-widget elementor-widget-text-editor\" data-id=\"3dfb4d7\" data-element_type=\"widget\" data-widget_type=\"text-editor.default\">\n\t\t\t\t<div class=\"elementor-widget-container\">\n\t\t\t\t\t\t\t<p><span style=\"font-weight: 400\">Anualmente a PROPLAN encaminha memorando <\/span><span style=\"font-weight: 400\">acerca do planejamento e programa\u00e7\u00e3o or\u00e7ament\u00e1ria quanto \u00e0s anuidades a organismos nacionais e internacionais. A partir disso<\/span><span style=\"font-weight: 400\">, o NOR\/CCSH solicitar\u00e1, via memorando espec\u00edfico, a previs\u00e3o de realiza\u00e7\u00e3o de despesas relativas ao pagamento de anuidades para o exerc\u00edcio vigente, requerendo manifesta\u00e7\u00e3o das Subunidades do CCSH para que, em caso de interesse, informem os seguintes dados:<\/span><\/p><ul><li>Nome da Organiza\u00e7\u00e3o<\/li><li><span style=\"font-weight: 400\">Entidade: Nacional ou Internacional<\/span><\/li><li>CNPJ<\/li><li>Finalidade da Associa\u00e7\u00e3o<\/li><li>Valor da Anuidade<\/li><li>Data prevista de pagamento<\/li><\/ul><p><span style=\"font-weight: 400\">A previs\u00e3o dever\u00e1 ser realizada apenas se houver real interesse e viabilidade de efetiva\u00e7\u00e3o da filia\u00e7\u00e3o, haja vista esse procedimento envolver uma s\u00e9rie de tr\u00e2mites junto ao Minist\u00e9rio da Fazenda, bem como o comprometimento de recursos em dota\u00e7\u00f5es espec\u00edficas as quais ficam vinculadas a essa finalidade, impossibilitando a utiliza\u00e7\u00e3o em outras demandas. <\/span><\/p><p><span style=\"font-weight: 400\">Os pagamentos ser\u00e3o somente para anuidades destinadas a Associa\u00e7\u00f5es de Ensino e Pesquisa atrav\u00e9s de contrata\u00e7\u00e3o de <\/span><b>natureza jur\u00eddica<\/b><span style=\"font-weight: 400\">, n\u00e3o se aplicando \u00e0s\u00a0anuidades\u00a0de classe profissional de cunho individual (para pessoa f\u00edsica) tais como CRA, CREA, CRC, etc. Ou seja, as\u00a0anuidades\u00a0precisam estar\u00a0<\/span><span style=\"font-weight: 400\">cadastradas via CNPJ da UFSM,\u00a0<\/span><span style=\"font-weight: 400\">pois conforme veda\u00e7\u00e3o legal, n\u00e3o \u00e9 poss\u00edvel a realiza\u00e7\u00e3o desse tipo de despesa a pessoas f\u00edsicas, devendo necessariamente um Curso ou Programa ser o objeto da filia\u00e7\u00e3o, propiciando que o acesso \u00e0 Entidade ou os benef\u00edcios da filia\u00e7\u00e3o sejam extensivos a uma coletividade (Alunos ou Docentes) e n\u00e3o individualmente a uma pessoa.<\/span><\/p><p><span style=\"font-weight: 400\">As demandas de anuidades dever\u00e3o ser enviadas pelo e-mail <\/span><span style=\"font-weight: 400\">orcamento.ccsh@ufsm.br<\/span><span style=\"font-weight: 400\">, em data estipulada por memorando espec\u00edfico.<\/span><\/p><p><span style=\"font-weight: 400\">O encaminhamento das informa\u00e7\u00f5es n\u00e3o garante a efetiva\u00e7\u00e3o autom\u00e1tica da filia\u00e7\u00e3o \u00e0 respectiva entidade, sendo necess\u00e1ria a formaliza\u00e7\u00e3o posterior da despesa conforme estabelecido pelo Departamento de Contabilidade Finan\u00e7as da UFSM.<\/span><\/p>\t\t\t\t\t\t<\/div>\n\t\t\t\t<\/div>\n\t\t\t\t\t<\/div>\n\t\t<\/div>\n\t\t\t\t\t<\/div>\n\t\t<\/section>\n\t\t\t\t<\/div>\n\t\t","protected":false},"excerpt":{"rendered":"<p>Anualmente a PROPLAN encaminha memorando acerca do planejamento e programa\u00e7\u00e3o or\u00e7ament\u00e1ria quanto \u00e0s anuidades a organismos nacionais e internacionais. A partir disso, o NOR\/CCSH solicitar\u00e1, via memorando espec\u00edfico, a previs\u00e3o de realiza\u00e7\u00e3o de despesas relativas ao pagamento de anuidades para o exerc\u00edcio vigente, requerendo manifesta\u00e7\u00e3o das Subunidades do CCSH para que, em caso de interesse, [&hellip;]<\/p>\n","protected":false},"author":141,"featured_media":0,"parent":0,"menu_order":0,"comment_status":"closed","ping_status":"closed","template":"","meta":{"footnotes":""},"categories":[],"tags":[],"class_list":["post-5595","page","type-page","status-publish","hentry"],"acf":[],"_links":{"self":[{"href":"https:\/\/www.ufsm.br\/unidades-universitarias\/ccsh\/wp-json\/wp\/v2\/pages\/5595","targetHints":{"allow":["GET"]}}],"collection":[{"href":"https:\/\/www.ufsm.br\/unidades-universitarias\/ccsh\/wp-json\/wp\/v2\/pages"}],"about":[{"href":"https:\/\/www.ufsm.br\/unidades-universitarias\/ccsh\/wp-json\/wp\/v2\/types\/page"}],"author":[{"embeddable":true,"href":"https:\/\/www.ufsm.br\/unidades-universitarias\/ccsh\/wp-json\/wp\/v2\/users\/141"}],"replies":[{"embeddable":true,"href":"https:\/\/www.ufsm.br\/unidades-universitarias\/ccsh\/wp-json\/wp\/v2\/comments?post=5595"}],"version-history":[{"count":0,"href":"https:\/\/www.ufsm.br\/unidades-universitarias\/ccsh\/wp-json\/wp\/v2\/pages\/5595\/revisions"}],"wp:attachment":[{"href":"https:\/\/www.ufsm.br\/unidades-universitarias\/ccsh\/wp-json\/wp\/v2\/media?parent=5595"}],"wp:term":[{"taxonomy":"category","embeddable":true,"href":"https:\/\/www.ufsm.br\/unidades-universitarias\/ccsh\/wp-json\/wp\/v2\/categories?post=5595"},{"taxonomy":"post_tag","embeddable":true,"href":"https:\/\/www.ufsm.br\/unidades-universitarias\/ccsh\/wp-json\/wp\/v2\/tags?post=5595"}],"curies":[{"name":"wp","href":"https:\/\/api.w.org\/{rel}","templated":true}]}}