{"id":5938,"date":"2025-04-11T11:27:17","date_gmt":"2025-04-11T14:27:17","guid":{"rendered":"https:\/\/www.ufsm.br\/unidades-universitarias\/ccsh\/?page_id=5938"},"modified":"2025-05-09T16:15:55","modified_gmt":"2025-05-09T19:15:55","slug":"diaria","status":"publish","type":"page","link":"https:\/\/www.ufsm.br\/unidades-universitarias\/ccsh\/diaria","title":{"rendered":"Di\u00e1ria"},"content":{"rendered":"\t\t<div data-elementor-type=\"wp-page\" data-elementor-id=\"5938\" class=\"elementor elementor-5938\">\n\t\t\t\t\t\t<section class=\"elementor-section elementor-top-section elementor-element elementor-element-76bbc2c elementor-section-boxed elementor-section-height-default elementor-section-height-default\" data-id=\"76bbc2c\" data-element_type=\"section\">\n\t\t\t\t\t\t<div class=\"elementor-container elementor-column-gap-default\">\n\t\t\t\t\t<div class=\"elementor-column elementor-col-100 elementor-top-column elementor-element elementor-element-46049a4\" data-id=\"46049a4\" data-element_type=\"column\">\n\t\t\t<div class=\"elementor-widget-wrap elementor-element-populated\">\n\t\t\t\t\t\t<div class=\"elementor-element elementor-element-f1bcbfa elementor-widget elementor-widget-text-editor\" data-id=\"f1bcbfa\" data-element_type=\"widget\" data-widget_type=\"text-editor.default\">\n\t\t\t\t<div class=\"elementor-widget-container\">\n\t\t\t\t\t\t\t<p>Utilizado para custear despesas de hospedagem, alimenta\u00e7\u00e3o e outras necessidades do servidor durante viagens a servi\u00e7o. A concess\u00e3o ocorre conforme normas federais e crit\u00e9rios como destino, dura\u00e7\u00e3o e fun\u00e7\u00e3o desempenhada. O SCDP assegura o registro, acompanhamento e presta\u00e7\u00e3o de contas, garantindo transpar\u00eancia na gest\u00e3o dos recursos p\u00fablicos.<\/p>\t\t\t\t\t\t<\/div>\n\t\t\t\t<\/div>\n\t\t\t\t\t<\/div>\n\t\t<\/div>\n\t\t\t\t\t<\/div>\n\t\t<\/section>\n\t\t\t\t<section class=\"elementor-section elementor-top-section elementor-element elementor-element-a124f98 elementor-section-boxed elementor-section-height-default elementor-section-height-default\" data-id=\"a124f98\" data-element_type=\"section\">\n\t\t\t\t\t\t<div class=\"elementor-container elementor-column-gap-default\">\n\t\t\t\t\t<div class=\"elementor-column elementor-col-100 elementor-top-column elementor-element elementor-element-0711ba9\" data-id=\"0711ba9\" data-element_type=\"column\">\n\t\t\t<div class=\"elementor-widget-wrap elementor-element-populated\">\n\t\t\t\t\t\t<div class=\"elementor-element elementor-element-22c452d elementor-widget elementor-widget-heading\" data-id=\"22c452d\" data-element_type=\"widget\" data-widget_type=\"heading.default\">\n\t\t\t\t<div class=\"elementor-widget-container\">\n\t\t\t<h5 class=\"elementor-heading-title elementor-size-default\">Formul\u00e1rios e Documentos<\/h5>\t\t<\/div>\n\t\t\t\t<\/div>\n\t\t\t\t\t<\/div>\n\t\t<\/div>\n\t\t\t\t\t<\/div>\n\t\t<\/section>\n\t\t\t\t<section class=\"elementor-section elementor-top-section elementor-element elementor-element-7c899ee elementor-section-boxed elementor-section-height-default elementor-section-height-default\" data-id=\"7c899ee\" data-element_type=\"section\">\n\t\t\t\t\t\t<div class=\"elementor-container elementor-column-gap-default\">\n\t\t\t\t\t<div class=\"elementor-column elementor-col-100 elementor-top-column elementor-element elementor-element-edf93ec\" data-id=\"edf93ec\" data-element_type=\"column\">\n\t\t\t<div class=\"elementor-widget-wrap elementor-element-populated\">\n\t\t\t\t\t\t<div class=\"elementor-element elementor-element-655375d elementor-align-justify elementor-widget elementor-widget-button\" data-id=\"655375d\" data-element_type=\"widget\" data-widget_type=\"button.default\">\n\t\t\t\t<div class=\"elementor-widget-container\">\n\t\t\t\t\t\t\t<div class=\"elementor-button-wrapper\">\n\t\t\t\t\t<a class=\"elementor-button elementor-button-link elementor-size-sm\" href=\"https:\/\/www.ufsm.br\/app\/uploads\/sites\/372\/2025\/05\/Descricao-do-Fluxo-Passagens-Aereas-Com-ou-Sem-Diarias-1.pdf\" target=\"_blank\">\n\t\t\t\t\t\t<span class=\"elementor-button-content-wrapper\">\n\t\t\t\t\t\t\t\t\t<span class=\"elementor-button-text\">Descri\u00e7\u00e3o do Fluxo<\/span>\n\t\t\t\t\t<\/span>\n\t\t\t\t\t<\/a>\n\t\t\t\t<\/div>\n\t\t\t\t\t\t<\/div>\n\t\t\t\t<\/div>\n\t\t\t\t\t<\/div>\n\t\t<\/div>\n\t\t\t\t\t<\/div>\n\t\t<\/section>\n\t\t\t\t<section class=\"elementor-section elementor-top-section elementor-element elementor-element-3e7567c elementor-section-boxed elementor-section-height-default elementor-section-height-default\" data-id=\"3e7567c\" data-element_type=\"section\">\n\t\t\t\t\t\t<div class=\"elementor-container elementor-column-gap-default\">\n\t\t\t\t\t<div class=\"elementor-column elementor-col-100 elementor-top-column elementor-element elementor-element-4730b1c\" data-id=\"4730b1c\" data-element_type=\"column\">\n\t\t\t<div class=\"elementor-widget-wrap elementor-element-populated\">\n\t\t\t\t\t\t<div class=\"elementor-element elementor-element-319f301 elementor-widget elementor-widget-image\" data-id=\"319f301\" data-element_type=\"widget\" data-widget_type=\"image.default\">\n\t\t\t\t<div class=\"elementor-widget-container\">\n\t\t\t\t\t\t\t\t\t\t\t\t\t<img fetchpriority=\"high\" decoding=\"async\" width=\"1024\" height=\"622\" src=\"https:\/\/www.ufsm.br\/app\/uploads\/sites\/372\/2025\/04\/Fluxograma-Concessao-de-Diarias_page-0001-1-1024x622.jpg\" class=\"attachment-large size-large wp-image-5940\" alt=\"\" srcset=\"https:\/\/www.ufsm.br\/app\/uploads\/sites\/372\/2025\/04\/Fluxograma-Concessao-de-Diarias_page-0001-1-1024x622.jpg 1024w, https:\/\/www.ufsm.br\/app\/uploads\/sites\/372\/2025\/04\/Fluxograma-Concessao-de-Diarias_page-0001-1-300x182.jpg 300w, https:\/\/www.ufsm.br\/app\/uploads\/sites\/372\/2025\/04\/Fluxograma-Concessao-de-Diarias_page-0001-1-768x466.jpg 768w, https:\/\/www.ufsm.br\/app\/uploads\/sites\/372\/2025\/04\/Fluxograma-Concessao-de-Diarias_page-0001-1-1536x933.jpg 1536w, https:\/\/www.ufsm.br\/app\/uploads\/sites\/372\/2025\/04\/Fluxograma-Concessao-de-Diarias_page-0001-1.jpg 1920w\" sizes=\"(max-width: 1024px) 100vw, 1024px\" \/>\t\t\t\t\t\t\t\t\t\t\t\t\t<\/div>\n\t\t\t\t<\/div>\n\t\t\t\t\t<\/div>\n\t\t<\/div>\n\t\t\t\t\t<\/div>\n\t\t<\/section>\n\t\t\t\t<section class=\"elementor-section elementor-top-section elementor-element elementor-element-1738e51 elementor-section-boxed elementor-section-height-default elementor-section-height-default\" data-id=\"1738e51\" data-element_type=\"section\">\n\t\t\t\t\t\t<div class=\"elementor-container elementor-column-gap-default\">\n\t\t\t\t\t<div class=\"elementor-column elementor-col-100 elementor-top-column elementor-element elementor-element-ba31169\" data-id=\"ba31169\" data-element_type=\"column\">\n\t\t\t<div class=\"elementor-widget-wrap\">\n\t\t\t\t\t\t\t<\/div>\n\t\t<\/div>\n\t\t\t\t\t<\/div>\n\t\t<\/section>\n\t\t\t\t<\/div>\n\t\t","protected":false},"excerpt":{"rendered":"<p>Utilizado para custear despesas de hospedagem, alimenta\u00e7\u00e3o e outras necessidades do servidor durante viagens a servi\u00e7o. A concess\u00e3o ocorre conforme normas federais e crit\u00e9rios como destino, dura\u00e7\u00e3o e fun\u00e7\u00e3o desempenhada. O SCDP assegura o registro, acompanhamento e presta\u00e7\u00e3o de contas, garantindo transpar\u00eancia na gest\u00e3o dos recursos p\u00fablicos. Formul\u00e1rios e Documentos Descri\u00e7\u00e3o do Fluxo<\/p>\n","protected":false},"author":141,"featured_media":0,"parent":0,"menu_order":0,"comment_status":"closed","ping_status":"closed","template":"","meta":{"footnotes":""},"categories":[],"tags":[],"class_list":["post-5938","page","type-page","status-publish","hentry"],"acf":[],"_links":{"self":[{"href":"https:\/\/www.ufsm.br\/unidades-universitarias\/ccsh\/wp-json\/wp\/v2\/pages\/5938","targetHints":{"allow":["GET"]}}],"collection":[{"href":"https:\/\/www.ufsm.br\/unidades-universitarias\/ccsh\/wp-json\/wp\/v2\/pages"}],"about":[{"href":"https:\/\/www.ufsm.br\/unidades-universitarias\/ccsh\/wp-json\/wp\/v2\/types\/page"}],"author":[{"embeddable":true,"href":"https:\/\/www.ufsm.br\/unidades-universitarias\/ccsh\/wp-json\/wp\/v2\/users\/141"}],"replies":[{"embeddable":true,"href":"https:\/\/www.ufsm.br\/unidades-universitarias\/ccsh\/wp-json\/wp\/v2\/comments?post=5938"}],"version-history":[{"count":0,"href":"https:\/\/www.ufsm.br\/unidades-universitarias\/ccsh\/wp-json\/wp\/v2\/pages\/5938\/revisions"}],"wp:attachment":[{"href":"https:\/\/www.ufsm.br\/unidades-universitarias\/ccsh\/wp-json\/wp\/v2\/media?parent=5938"}],"wp:term":[{"taxonomy":"category","embeddable":true,"href":"https:\/\/www.ufsm.br\/unidades-universitarias\/ccsh\/wp-json\/wp\/v2\/categories?post=5938"},{"taxonomy":"post_tag","embeddable":true,"href":"https:\/\/www.ufsm.br\/unidades-universitarias\/ccsh\/wp-json\/wp\/v2\/tags?post=5938"}],"curies":[{"name":"wp","href":"https:\/\/api.w.org\/{rel}","templated":true}]}}