{"id":5941,"date":"2025-04-11T11:31:31","date_gmt":"2025-04-11T14:31:31","guid":{"rendered":"https:\/\/www.ufsm.br\/unidades-universitarias\/ccsh\/?page_id=5941"},"modified":"2025-05-09T16:17:48","modified_gmt":"2025-05-09T19:17:48","slug":"passagem-aerea","status":"publish","type":"page","link":"https:\/\/www.ufsm.br\/unidades-universitarias\/ccsh\/passagem-aerea","title":{"rendered":"Passagem a\u00e9rea"},"content":{"rendered":"\t\t<div data-elementor-type=\"wp-page\" data-elementor-id=\"5941\" class=\"elementor elementor-5941\">\n\t\t\t\t\t\t<section class=\"elementor-section elementor-top-section elementor-element elementor-element-3d863b7 elementor-section-boxed elementor-section-height-default elementor-section-height-default\" data-id=\"3d863b7\" data-element_type=\"section\">\n\t\t\t\t\t\t<div class=\"elementor-container elementor-column-gap-default\">\n\t\t\t\t\t<div class=\"elementor-column elementor-col-100 elementor-top-column elementor-element elementor-element-8d7b0ec\" data-id=\"8d7b0ec\" data-element_type=\"column\">\n\t\t\t<div class=\"elementor-widget-wrap elementor-element-populated\">\n\t\t\t\t\t\t<div class=\"elementor-element elementor-element-1fad55e elementor-widget elementor-widget-text-editor\" data-id=\"1fad55e\" data-element_type=\"widget\" data-widget_type=\"text-editor.default\">\n\t\t\t\t<div class=\"elementor-widget-container\">\n\t\t\t\t\t\t\t<p>Destinado \u00e0 aquisi\u00e7\u00e3o de passagens a\u00e9reas para servidores e colaboradores em viagens oficiais. O processo de concess\u00e3o ocorre via SCDP, assegurando controle financeiro, transpar\u00eancia e conformidade com normas vigentes. O sistema tamb\u00e9m registra justificativas e trajetos percorridos, permitindo acompanhamento e presta\u00e7\u00e3o de contas.<\/p>\t\t\t\t\t\t<\/div>\n\t\t\t\t<\/div>\n\t\t\t\t\t<\/div>\n\t\t<\/div>\n\t\t\t\t\t<\/div>\n\t\t<\/section>\n\t\t\t\t<section class=\"elementor-section elementor-top-section elementor-element elementor-element-9f14d4d elementor-section-boxed elementor-section-height-default elementor-section-height-default\" data-id=\"9f14d4d\" data-element_type=\"section\">\n\t\t\t\t\t\t<div class=\"elementor-container elementor-column-gap-default\">\n\t\t\t\t\t<div class=\"elementor-column elementor-col-100 elementor-top-column elementor-element elementor-element-f5535a8\" data-id=\"f5535a8\" data-element_type=\"column\">\n\t\t\t<div class=\"elementor-widget-wrap elementor-element-populated\">\n\t\t\t\t\t\t<div class=\"elementor-element elementor-element-34bf1e9 elementor-widget elementor-widget-heading\" data-id=\"34bf1e9\" data-element_type=\"widget\" data-widget_type=\"heading.default\">\n\t\t\t\t<div class=\"elementor-widget-container\">\n\t\t\t<h5 class=\"elementor-heading-title elementor-size-default\">Formul\u00e1rios e Documentos<\/h5>\t\t<\/div>\n\t\t\t\t<\/div>\n\t\t\t\t\t<\/div>\n\t\t<\/div>\n\t\t\t\t\t<\/div>\n\t\t<\/section>\n\t\t\t\t<section class=\"elementor-section elementor-top-section elementor-element elementor-element-740e053 elementor-section-boxed elementor-section-height-default elementor-section-height-default\" data-id=\"740e053\" data-element_type=\"section\">\n\t\t\t\t\t\t<div class=\"elementor-container elementor-column-gap-default\">\n\t\t\t\t\t<div class=\"elementor-column elementor-col-100 elementor-top-column elementor-element elementor-element-0b1b98b\" data-id=\"0b1b98b\" data-element_type=\"column\">\n\t\t\t<div class=\"elementor-widget-wrap elementor-element-populated\">\n\t\t\t\t\t\t<div class=\"elementor-element elementor-element-3f398cd elementor-align-justify elementor-widget elementor-widget-button\" data-id=\"3f398cd\" data-element_type=\"widget\" data-widget_type=\"button.default\">\n\t\t\t\t<div class=\"elementor-widget-container\">\n\t\t\t\t\t\t\t<div class=\"elementor-button-wrapper\">\n\t\t\t\t\t<a class=\"elementor-button elementor-button-link elementor-size-sm\" href=\"https:\/\/www.ufsm.br\/app\/uploads\/sites\/372\/2025\/05\/Descricao-do-Fluxo-Passagens-Aereas-Com-ou-Sem-Diarias.pdf\" target=\"_blank\">\n\t\t\t\t\t\t<span class=\"elementor-button-content-wrapper\">\n\t\t\t\t\t\t\t\t\t<span class=\"elementor-button-text\">Descri\u00e7\u00e3o do Fluxo<\/span>\n\t\t\t\t\t<\/span>\n\t\t\t\t\t<\/a>\n\t\t\t\t<\/div>\n\t\t\t\t\t\t<\/div>\n\t\t\t\t<\/div>\n\t\t\t\t\t<\/div>\n\t\t<\/div>\n\t\t\t\t\t<\/div>\n\t\t<\/section>\n\t\t\t\t<section class=\"elementor-section elementor-top-section elementor-element elementor-element-eb857e1 elementor-section-boxed elementor-section-height-default elementor-section-height-default\" data-id=\"eb857e1\" data-element_type=\"section\">\n\t\t\t\t\t\t<div class=\"elementor-container elementor-column-gap-default\">\n\t\t\t\t\t<div class=\"elementor-column elementor-col-100 elementor-top-column elementor-element elementor-element-94cc79d\" data-id=\"94cc79d\" data-element_type=\"column\">\n\t\t\t<div class=\"elementor-widget-wrap elementor-element-populated\">\n\t\t\t\t\t\t<div class=\"elementor-element elementor-element-41f688d elementor-widget elementor-widget-image\" data-id=\"41f688d\" data-element_type=\"widget\" data-widget_type=\"image.default\">\n\t\t\t\t<div class=\"elementor-widget-container\">\n\t\t\t\t\t\t\t\t\t\t\t\t\t<img fetchpriority=\"high\" decoding=\"async\" width=\"1024\" height=\"622\" src=\"https:\/\/www.ufsm.br\/app\/uploads\/sites\/372\/2025\/04\/Fluxograma-Passagens-Aereas-Com-ou-Sem-Diarias_page-0001-1024x622.jpg\" class=\"attachment-large size-large wp-image-5942\" alt=\"\" srcset=\"https:\/\/www.ufsm.br\/app\/uploads\/sites\/372\/2025\/04\/Fluxograma-Passagens-Aereas-Com-ou-Sem-Diarias_page-0001-1024x622.jpg 1024w, https:\/\/www.ufsm.br\/app\/uploads\/sites\/372\/2025\/04\/Fluxograma-Passagens-Aereas-Com-ou-Sem-Diarias_page-0001-300x182.jpg 300w, https:\/\/www.ufsm.br\/app\/uploads\/sites\/372\/2025\/04\/Fluxograma-Passagens-Aereas-Com-ou-Sem-Diarias_page-0001-768x466.jpg 768w, https:\/\/www.ufsm.br\/app\/uploads\/sites\/372\/2025\/04\/Fluxograma-Passagens-Aereas-Com-ou-Sem-Diarias_page-0001-1536x933.jpg 1536w, https:\/\/www.ufsm.br\/app\/uploads\/sites\/372\/2025\/04\/Fluxograma-Passagens-Aereas-Com-ou-Sem-Diarias_page-0001.jpg 1920w\" sizes=\"(max-width: 1024px) 100vw, 1024px\" \/>\t\t\t\t\t\t\t\t\t\t\t\t\t<\/div>\n\t\t\t\t<\/div>\n\t\t\t\t\t<\/div>\n\t\t<\/div>\n\t\t\t\t\t<\/div>\n\t\t<\/section>\n\t\t\t\t<\/div>\n\t\t","protected":false},"excerpt":{"rendered":"<p>Destinado \u00e0 aquisi\u00e7\u00e3o de passagens a\u00e9reas para servidores e colaboradores em viagens oficiais. O processo de concess\u00e3o ocorre via SCDP, assegurando controle financeiro, transpar\u00eancia e conformidade com normas vigentes. O sistema tamb\u00e9m registra justificativas e trajetos percorridos, permitindo acompanhamento e presta\u00e7\u00e3o de contas. Formul\u00e1rios e Documentos Descri\u00e7\u00e3o do Fluxo<\/p>\n","protected":false},"author":141,"featured_media":0,"parent":0,"menu_order":0,"comment_status":"closed","ping_status":"closed","template":"","meta":{"footnotes":""},"categories":[],"tags":[],"class_list":["post-5941","page","type-page","status-publish","hentry"],"acf":[],"_links":{"self":[{"href":"https:\/\/www.ufsm.br\/unidades-universitarias\/ccsh\/wp-json\/wp\/v2\/pages\/5941","targetHints":{"allow":["GET"]}}],"collection":[{"href":"https:\/\/www.ufsm.br\/unidades-universitarias\/ccsh\/wp-json\/wp\/v2\/pages"}],"about":[{"href":"https:\/\/www.ufsm.br\/unidades-universitarias\/ccsh\/wp-json\/wp\/v2\/types\/page"}],"author":[{"embeddable":true,"href":"https:\/\/www.ufsm.br\/unidades-universitarias\/ccsh\/wp-json\/wp\/v2\/users\/141"}],"replies":[{"embeddable":true,"href":"https:\/\/www.ufsm.br\/unidades-universitarias\/ccsh\/wp-json\/wp\/v2\/comments?post=5941"}],"version-history":[{"count":0,"href":"https:\/\/www.ufsm.br\/unidades-universitarias\/ccsh\/wp-json\/wp\/v2\/pages\/5941\/revisions"}],"wp:attachment":[{"href":"https:\/\/www.ufsm.br\/unidades-universitarias\/ccsh\/wp-json\/wp\/v2\/media?parent=5941"}],"wp:term":[{"taxonomy":"category","embeddable":true,"href":"https:\/\/www.ufsm.br\/unidades-universitarias\/ccsh\/wp-json\/wp\/v2\/categories?post=5941"},{"taxonomy":"post_tag","embeddable":true,"href":"https:\/\/www.ufsm.br\/unidades-universitarias\/ccsh\/wp-json\/wp\/v2\/tags?post=5941"}],"curies":[{"name":"wp","href":"https:\/\/api.w.org\/{rel}","templated":true}]}}