{"id":10406,"date":"2024-11-06T20:12:55","date_gmt":"2024-11-06T23:12:55","guid":{"rendered":"https:\/\/www.ufsm.br\/unidades-universitarias\/ce\/?page_id=10406"},"modified":"2024-11-06T20:53:03","modified_gmt":"2024-11-06T23:53:03","slug":"portaria-normativa-002-2024-centro-de-educacao","status":"publish","type":"page","link":"https:\/\/www.ufsm.br\/unidades-universitarias\/ce\/portaria-normativa-002-2024-centro-de-educacao","title":{"rendered":"Portaria Normativa 002\/2024 \u2013 Centro de Educa\u00e7\u00e3o"},"content":{"rendered":"\t\t<div data-elementor-type=\"wp-page\" data-elementor-id=\"10406\" class=\"elementor elementor-10406\">\n\t\t\t\t\t\t<section class=\"elementor-section elementor-top-section elementor-element elementor-element-5916b7f elementor-section-boxed elementor-section-height-default elementor-section-height-default\" data-id=\"5916b7f\" data-element_type=\"section\">\n\t\t\t\t\t\t<div class=\"elementor-container elementor-column-gap-default\">\n\t\t\t\t\t<div class=\"elementor-column elementor-col-100 elementor-top-column elementor-element elementor-element-84bb276\" data-id=\"84bb276\" data-element_type=\"column\">\n\t\t\t<div class=\"elementor-widget-wrap elementor-element-populated\">\n\t\t\t\t\t\t<div class=\"elementor-element elementor-element-7264b41 elementor-widget elementor-widget-html\" data-id=\"7264b41\" data-element_type=\"widget\" data-widget_type=\"html.default\">\n\t\t\t\t<div class=\"elementor-widget-container\">\n\t\t\t<title><b>PORTARIA NORMATIVA CE\/UFSM N\u00b0 002, DE 20 DE AGOSTO DE 2024<\/b><\/title>\r\n\r\n<div align=\"center\"><img decoding=\"async\" src=\"https:\/\/www.ufsm.br\/pro-reitorias\/proplan\/wp-content\/uploads\/sites\/344\/2019\/09\/brasao-da-republica-do-brasil-logo.png\" alt=\"Bras\u00e3o Rep\u00fablica Federativa do Brasil\" width=\"6%\" height=\"6%\"><\/div>  <h1><font color=\"blue\"><font size=\"5\"><div align=\"center\">MINIST\u00c9RIO DA EDUCA\u00c7\u00c3O<\/div><\/font><\/font><\/H1>\r\n<br>\r\n<b><font color=\"0000blue\"><div align=\"center\">UNIVERSIDADE FEDERAL DE SANTA MARIA<\/div><\/font><\/b>\r\n\r\n<br>\r\n<b><font color=\"0000blue\"><div align=\"center\">CENTRO DE EDUCA\u00c7\u00c3O<\/div><\/font><\/b>\r\n<p><div align=\"center\"><b><a href=\"https:\/\/portal.ufsm.br\/documentos\/publico\/documento.html?id=15153353\" target=\"_blank\"><font color=\"blue\"><\/font><\/a>PORTARIA NORMATIVA CE\/UFSM N\u00b0 002, DE 20 DE AGOSTO DE 2024<\/font><\/a><\/b><\/div>\r\n<br>\r\n\r\n<p><div align=\"justify\"><font color=\"800000\"><ul><ul><ul><ul><ul><ul><ul><ul><ul><ul><ul><ul><ul><ul><ul><ul><ul><ul><ul><ul>Aprova o Regulamento do P\u00f3s-Gradua\u00e7\u00e3o em Educa\u00e7\u00e3o (PPGE) vinculado \u00e0(ao) Centro de Educa\u00e7\u00e3o no \u00e2mbito da Universidade Federal de Santa Maria (UFSM).<\/font><\/div><\/ul>\r\n\r\n<br><div align=\"justify\"><font color=\"black\">\r\n<p> A DIRETORA DO CENTRO DE EDUCA\u00c7\u00c3O, no uso de suas atribui\u00e7\u00f5es legais que lhe confere o <a href=\"https:\/\/www.ufsm.br\/pro-reitorias\/proplan\/regimento-geral-da-ufsm-com-alteracoes-compiladas-pela-resolucao-n-016-2019\/\" target=\"_blank\"><font color=\"blue\"><u>Regimento Geral da UFSM<\/u><\/font><\/a>, disposto na <a href=\"https:\/\/www.ufsm.br\/pro-reitorias\/proplan\/resolucao-n-006-2011\/\" target=\"_blank\"><font color=\"blue\"><u>Resolu\u00e7\u00e3o UFSM n\u00b0 006, de 28 de abril de 2011<\/u><\/font><\/a>, atualizado pela <a href=\"https:\/\/www.ufsm.br\/app\/uploads\/sites\/399\/2019\/07\/RES_GR_2019_016.pdf\" target=\"_blank\"><font color=\"blue\"><u>Resolu\u00e7\u00e3o UFSM n\u00b0 016, de 02 de julho de 2019<\/u><\/font><\/a>, tendo em vista as Resolu\u00e7\u00f5es <a href=\"https:\/\/www.ufsm.br\/pro-reitorias\/proplan\/resolucao-ufsm-n-139-2023\" target=\"_blank\"><font color=\"blue\"><u>UFSM n\u00b0 139, de 29 de agosto de 2023<\/u><\/font><\/a>, <a href=\"https:\/\/www.ufsm.br\/pro-reitorias\/proplan\/resolucao-ufsm-n-152-2024\" target=\"_blank\"><font color=\"blue\"><u>UFSM n\u00b0 152, de 27 de mar\u00e7o de 2024<\/u><\/font><\/a>, e o que consta no Processo n\u00b0 <a href=\"https:\/\/portal.ufsm.br\/documentos\/publico\/documento.html;jsessionid=e84ef1d1da0a9f4fccb7259899fb?id=15153353\"><font color=\"blue\"><u>23081.159206\/2023-92<\/u><\/font><\/a>, resolve:<\/div><\/p>\r\n<br>\r\n<p><div align=\"justify\">Art. 1\u00b0  Aprovar o Regulamento do Programa de P\u00f3s-Gradua\u00e7\u00e3o em Educa\u00e7\u00e3o (PPGE), vinculado \u00e0(ao) Centro de Educa\u00e7\u00e3o, no \u00e2mbito da Universidade Federal de Santa Maria (UFSM).<\/p>\r\n\r\n<p><div align=\"justify\">Par\u00e1grafo \u00fanico. O Regulamento do Programa de P\u00f3s-Gradua\u00e7\u00e3o em Educa\u00e7\u00e3o (PPGE) se constitui como anexo desta Portaria Normativa.<\/div><\/p>\r\n\r\n<p><div align=\"justify\">Art. 2\u00b0  A inobserv\u00e2ncia ao disposto nesta Portaria Normativa n\u00e3o constitui escusa v\u00e1lida para o descumprimento da norma nem resulta em sua invalidade.<\/p>\r\n\r\n<p><div align=\"justify\">Art. 3\u00b0  Esta Portaria Normativa entra em vigor na data de sua assinatura, de acordo com o que prev\u00ea o par\u00e1grafo 2\u00b0 do artigo 16 do <a href=\"https:\/\/www.planalto.gov.br\/ccivil_03\/_ato2023-2026\/2024\/decreto\/d12002.htm\" target=\"_blank\"><font color=\"blue\"><u>Decreto n\u00b0 12.002, de 22 de abril de 2024<\/u><\/font><\/a>.<\/div><\/p>\r\n\r\n<p><div align=\"justify\">Par\u00e1grafo \u00fanico. Havendo qualquer modifica\u00e7\u00e3o legislativa, ou ainda, advindo qualquer situa\u00e7\u00e3o legal que impacte na legalidade da presente Portaria Normativa, a mesma se aplica de imediato.<\/div><\/p>\r\n\r\n<br>\r\n<p><font color=\"black\"><div align=\"right\">Marilene Gabriel Dalla Corte<\/div><\/font><\/p>\r\n<p><font color=\"black\"><div align=\"right\">Diretora<\/div><\/font><\/p>\r\n<br>\r\n\r\n<p><font color=\"red0000\">Este texto n\u00e3o substitui o documento original, publicado no Portal de Documentos. Dispon\u00edvel em: <a href=\"https:\/\/portal.ufsm.br\/documentos\/publico\/documento.html;jsessionid=e84ef1d1da0a9f4fccb7259899fb?id=15153353\" target=\"_blank\"><font color=\"blue\"> https:\/\/portal.ufsm.br\/documentos\/publico\/documento.html;jsessionid=e84ef1d1da0a9f4fccb7259899fb?id=15153353 <\/font><\/a>.\t\t<\/div>\n\t\t\t\t<\/div>\n\t\t\t\t\t<\/div>\n\t\t<\/div>\n\t\t\t\t\t<\/div>\n\t\t<\/section>\n\t\t\t\t<\/div>\n\t\t","protected":false},"excerpt":{"rendered":"<p>PORTARIA NORMATIVA CE\/UFSM N\u00b0 002, DE 20 DE AGOSTO DE 2024 MINIST\u00c9RIO DA EDUCA\u00c7\u00c3O UNIVERSIDADE FEDERAL DE SANTA MARIA CENTRO DE EDUCA\u00c7\u00c3O PORTARIA NORMATIVA CE\/UFSM N\u00b0 002, DE 20 DE AGOSTO DE 2024 Aprova o Regulamento do P\u00f3s-Gradua\u00e7\u00e3o em Educa\u00e7\u00e3o (PPGE) vinculado \u00e0(ao) Centro de Educa\u00e7\u00e3o no \u00e2mbito da Universidade Federal de Santa Maria (UFSM). [&hellip;]<\/p>\n","protected":false},"author":6796,"featured_media":0,"parent":0,"menu_order":0,"comment_status":"closed","ping_status":"closed","template":"","meta":{"footnotes":""},"categories":[],"tags":[],"class_list":["post-10406","page","type-page","status-publish","hentry"],"acf":[],"_links":{"self":[{"href":"https:\/\/www.ufsm.br\/unidades-universitarias\/ce\/wp-json\/wp\/v2\/pages\/10406","targetHints":{"allow":["GET"]}}],"collection":[{"href":"https:\/\/www.ufsm.br\/unidades-universitarias\/ce\/wp-json\/wp\/v2\/pages"}],"about":[{"href":"https:\/\/www.ufsm.br\/unidades-universitarias\/ce\/wp-json\/wp\/v2\/types\/page"}],"author":[{"embeddable":true,"href":"https:\/\/www.ufsm.br\/unidades-universitarias\/ce\/wp-json\/wp\/v2\/users\/6796"}],"replies":[{"embeddable":true,"href":"https:\/\/www.ufsm.br\/unidades-universitarias\/ce\/wp-json\/wp\/v2\/comments?post=10406"}],"version-history":[{"count":0,"href":"https:\/\/www.ufsm.br\/unidades-universitarias\/ce\/wp-json\/wp\/v2\/pages\/10406\/revisions"}],"wp:attachment":[{"href":"https:\/\/www.ufsm.br\/unidades-universitarias\/ce\/wp-json\/wp\/v2\/media?parent=10406"}],"wp:term":[{"taxonomy":"category","embeddable":true,"href":"https:\/\/www.ufsm.br\/unidades-universitarias\/ce\/wp-json\/wp\/v2\/categories?post=10406"},{"taxonomy":"post_tag","embeddable":true,"href":"https:\/\/www.ufsm.br\/unidades-universitarias\/ce\/wp-json\/wp\/v2\/tags?post=10406"}],"curies":[{"name":"wp","href":"https:\/\/api.w.org\/{rel}","templated":true}]}}