{"id":11001,"date":"2025-04-10T18:57:50","date_gmt":"2025-04-10T21:57:50","guid":{"rendered":"https:\/\/www.ufsm.br\/unidades-universitarias\/ce\/?page_id=11001"},"modified":"2025-11-28T19:49:47","modified_gmt":"2025-11-28T22:49:47","slug":"modelos-de-projetos","status":"publish","type":"page","link":"https:\/\/www.ufsm.br\/unidades-universitarias\/ce\/modelos-de-projetos","title":{"rendered":"Modelos de Projetos"},"content":{"rendered":"\t\t<div data-elementor-type=\"wp-page\" data-elementor-id=\"11001\" class=\"elementor elementor-11001\">\n\t\t\t\t\t\t<section class=\"elementor-section elementor-top-section elementor-element elementor-element-ba91741 elementor-section-boxed elementor-section-height-default elementor-section-height-default\" data-id=\"ba91741\" data-element_type=\"section\">\n\t\t\t\t\t\t<div class=\"elementor-container elementor-column-gap-default\">\n\t\t\t\t\t<div class=\"elementor-column elementor-col-100 elementor-top-column elementor-element elementor-element-5ad644c\" data-id=\"5ad644c\" data-element_type=\"column\">\n\t\t\t<div class=\"elementor-widget-wrap elementor-element-populated\">\n\t\t\t\t\t\t<div class=\"elementor-element elementor-element-bbb7e1e elementor-widget elementor-widget-text-editor\" data-id=\"bbb7e1e\" data-element_type=\"widget\" data-widget_type=\"text-editor.default\">\n\t\t\t\t<div class=\"elementor-widget-container\">\n\t\t\t\t\t\t\t<p>Ao clicar sobre algum dos bot\u00f5es, uma nova p\u00e1gina se abrir\u00e1. Basta selecionar onde deseja salvar o arquivo e baix\u00e1-lo.<\/p>\t\t\t\t\t\t<\/div>\n\t\t\t\t<\/div>\n\t\t\t\t\t<\/div>\n\t\t<\/div>\n\t\t\t\t\t<\/div>\n\t\t<\/section>\n\t\t\t\t<section class=\"elementor-section elementor-top-section elementor-element elementor-element-e94f671 elementor-section-boxed elementor-section-height-default elementor-section-height-default\" data-id=\"e94f671\" data-element_type=\"section\">\n\t\t\t\t\t\t<div class=\"elementor-container elementor-column-gap-default\">\n\t\t\t\t\t<div class=\"elementor-column elementor-col-33 elementor-top-column elementor-element elementor-element-33e24d5\" data-id=\"33e24d5\" data-element_type=\"column\" data-settings=\"{&quot;background_background&quot;:&quot;gradient&quot;}\">\n\t\t\t<div class=\"elementor-widget-wrap elementor-element-populated\">\n\t\t\t\t\t\t<div class=\"elementor-element elementor-element-87d6df3 e-transform elementor-widget elementor-widget-testimonial\" data-id=\"87d6df3\" data-element_type=\"widget\" data-settings=\"{&quot;_transform_scale_effect_hover&quot;:{&quot;unit&quot;:&quot;px&quot;,&quot;size&quot;:&quot;1.1&quot;,&quot;sizes&quot;:[]},&quot;_transform_scale_effect_hover_widescreen&quot;:{&quot;unit&quot;:&quot;px&quot;,&quot;size&quot;:&quot;&quot;,&quot;sizes&quot;:[]},&quot;_transform_scale_effect_hover_laptop&quot;:{&quot;unit&quot;:&quot;px&quot;,&quot;size&quot;:&quot;&quot;,&quot;sizes&quot;:[]},&quot;_transform_scale_effect_hover_tablet_extra&quot;:{&quot;unit&quot;:&quot;px&quot;,&quot;size&quot;:&quot;&quot;,&quot;sizes&quot;:[]},&quot;_transform_scale_effect_hover_tablet&quot;:{&quot;unit&quot;:&quot;px&quot;,&quot;size&quot;:&quot;&quot;,&quot;sizes&quot;:[]},&quot;_transform_scale_effect_hover_mobile&quot;:{&quot;unit&quot;:&quot;px&quot;,&quot;size&quot;:&quot;&quot;,&quot;sizes&quot;:[]}}\" data-widget_type=\"testimonial.default\">\n\t\t\t\t<div class=\"elementor-widget-container\">\n\t\t\t\t\t<div class=\"elementor-testimonial-wrapper\">\n\t\t\t\n\t\t\t\t\t\t<div class=\"elementor-testimonial-meta elementor-has-image elementor-testimonial-image-position-top\">\n\t\t\t\t<div class=\"elementor-testimonial-meta-inner\">\n\t\t\t\t\t\t\t\t\t\t\t<div class=\"elementor-testimonial-image\">\n\t\t\t\t\t\t\t<a href=\"https:\/\/www.ufsm.br\/app\/uploads\/sites\/373\/2025\/04\/Modelo-Projeto-Extensao-IN-001-2019.doc\"><img fetchpriority=\"high\" decoding=\"async\" width=\"3000\" height=\"3000\" src=\"https:\/\/www.ufsm.br\/app\/uploads\/sites\/373\/2025\/04\/Icone-Ajustado-Branco-Tutoriais.png\" class=\"attachment-full size-full wp-image-10956\" alt=\"\" srcset=\"https:\/\/www.ufsm.br\/app\/uploads\/sites\/373\/2025\/04\/Icone-Ajustado-Branco-Tutoriais.png 3000w, https:\/\/www.ufsm.br\/app\/uploads\/sites\/373\/2025\/04\/Icone-Ajustado-Branco-Tutoriais-300x300.png 300w, https:\/\/www.ufsm.br\/app\/uploads\/sites\/373\/2025\/04\/Icone-Ajustado-Branco-Tutoriais-1024x1024.png 1024w, https:\/\/www.ufsm.br\/app\/uploads\/sites\/373\/2025\/04\/Icone-Ajustado-Branco-Tutoriais-150x150.png 150w, https:\/\/www.ufsm.br\/app\/uploads\/sites\/373\/2025\/04\/Icone-Ajustado-Branco-Tutoriais-768x768.png 768w, https:\/\/www.ufsm.br\/app\/uploads\/sites\/373\/2025\/04\/Icone-Ajustado-Branco-Tutoriais-1536x1536.png 1536w, https:\/\/www.ufsm.br\/app\/uploads\/sites\/373\/2025\/04\/Icone-Ajustado-Branco-Tutoriais-2048x2048.png 2048w\" sizes=\"(max-width: 3000px) 100vw, 3000px\" \/><\/a>\t\t\t\t\t\t<\/div>\n\t\t\t\t\t\n\t\t\t\t\t\t\t\t\t\t<div class=\"elementor-testimonial-details\">\n\t\t\t\t\t\t\t\t\t\t\t\t\t\t<a class=\"elementor-testimonial-name\" href=\"https:\/\/www.ufsm.br\/app\/uploads\/sites\/373\/2025\/04\/Modelo-Projeto-Extensao-IN-001-2019.doc\">Modelo de Projeto de Extens\u00e3o <\/a>\n\t\t\t\t\t\t\t\t\t\t\t\t\t\t\t\t\t\t\t\t\t\t<a class=\"elementor-testimonial-job\" href=\"https:\/\/www.ufsm.br\/app\/uploads\/sites\/373\/2025\/04\/Modelo-Projeto-Extensao-IN-001-2019.doc\">(arquivo .doc, Tamanho 101KB)<\/a>\n\t\t\t\t\t\t\t\t\t\t\t\t\t<\/div>\n\t\t\t\t\t\t\t\t\t<\/div>\n\t\t\t<\/div>\n\t\t\t\t\t<\/div>\n\t\t\t\t<\/div>\n\t\t\t\t<\/div>\n\t\t\t\t\t<\/div>\n\t\t<\/div>\n\t\t\t\t<div class=\"elementor-column elementor-col-33 elementor-top-column elementor-element elementor-element-8f2ce0e\" data-id=\"8f2ce0e\" data-element_type=\"column\" data-settings=\"{&quot;background_background&quot;:&quot;gradient&quot;}\">\n\t\t\t<div class=\"elementor-widget-wrap elementor-element-populated\">\n\t\t\t\t\t\t<div class=\"elementor-element elementor-element-b35f6c6 e-transform elementor-widget elementor-widget-testimonial\" data-id=\"b35f6c6\" data-element_type=\"widget\" data-settings=\"{&quot;_transform_scale_effect_hover&quot;:{&quot;unit&quot;:&quot;px&quot;,&quot;size&quot;:&quot;1.1&quot;,&quot;sizes&quot;:[]},&quot;_transform_scale_effect_hover_widescreen&quot;:{&quot;unit&quot;:&quot;px&quot;,&quot;size&quot;:&quot;&quot;,&quot;sizes&quot;:[]},&quot;_transform_scale_effect_hover_laptop&quot;:{&quot;unit&quot;:&quot;px&quot;,&quot;size&quot;:&quot;&quot;,&quot;sizes&quot;:[]},&quot;_transform_scale_effect_hover_tablet_extra&quot;:{&quot;unit&quot;:&quot;px&quot;,&quot;size&quot;:&quot;&quot;,&quot;sizes&quot;:[]},&quot;_transform_scale_effect_hover_tablet&quot;:{&quot;unit&quot;:&quot;px&quot;,&quot;size&quot;:&quot;&quot;,&quot;sizes&quot;:[]},&quot;_transform_scale_effect_hover_mobile&quot;:{&quot;unit&quot;:&quot;px&quot;,&quot;size&quot;:&quot;&quot;,&quot;sizes&quot;:[]}}\" data-widget_type=\"testimonial.default\">\n\t\t\t\t<div class=\"elementor-widget-container\">\n\t\t\t\t\t<div class=\"elementor-testimonial-wrapper\">\n\t\t\t\n\t\t\t\t\t\t<div class=\"elementor-testimonial-meta elementor-has-image elementor-testimonial-image-position-top\">\n\t\t\t\t<div class=\"elementor-testimonial-meta-inner\">\n\t\t\t\t\t\t\t\t\t\t\t<div class=\"elementor-testimonial-image\">\n\t\t\t\t\t\t\t<a href=\"https:\/\/www.ufsm.br\/app\/uploads\/sites\/373\/2025\/04\/Modelo_Projeto_Ensino_Pesquisa_Desenv.Institucional.doc\"><img decoding=\"async\" width=\"3000\" height=\"3000\" src=\"https:\/\/www.ufsm.br\/app\/uploads\/sites\/373\/2025\/04\/Icone-Portal-de-Projetos-Ajustado-Branco.png\" class=\"attachment-full size-full wp-image-10933\" alt=\"\" srcset=\"https:\/\/www.ufsm.br\/app\/uploads\/sites\/373\/2025\/04\/Icone-Portal-de-Projetos-Ajustado-Branco.png 3000w, https:\/\/www.ufsm.br\/app\/uploads\/sites\/373\/2025\/04\/Icone-Portal-de-Projetos-Ajustado-Branco-300x300.png 300w, https:\/\/www.ufsm.br\/app\/uploads\/sites\/373\/2025\/04\/Icone-Portal-de-Projetos-Ajustado-Branco-1024x1024.png 1024w, https:\/\/www.ufsm.br\/app\/uploads\/sites\/373\/2025\/04\/Icone-Portal-de-Projetos-Ajustado-Branco-150x150.png 150w, https:\/\/www.ufsm.br\/app\/uploads\/sites\/373\/2025\/04\/Icone-Portal-de-Projetos-Ajustado-Branco-768x768.png 768w, https:\/\/www.ufsm.br\/app\/uploads\/sites\/373\/2025\/04\/Icone-Portal-de-Projetos-Ajustado-Branco-1536x1536.png 1536w, https:\/\/www.ufsm.br\/app\/uploads\/sites\/373\/2025\/04\/Icone-Portal-de-Projetos-Ajustado-Branco-2048x2048.png 2048w\" sizes=\"(max-width: 3000px) 100vw, 3000px\" \/><\/a>\t\t\t\t\t\t<\/div>\n\t\t\t\t\t\n\t\t\t\t\t\t\t\t\t\t<div class=\"elementor-testimonial-details\">\n\t\t\t\t\t\t\t\t\t\t\t\t\t\t<a class=\"elementor-testimonial-name\" href=\"https:\/\/www.ufsm.br\/app\/uploads\/sites\/373\/2025\/04\/Modelo_Projeto_Ensino_Pesquisa_Desenv.Institucional.doc\">Modelo Projeto de Ensino\/Pesquisa<\/a>\n\t\t\t\t\t\t\t\t\t\t\t\t\t\t\t\t\t\t\t\t\t\t<a class=\"elementor-testimonial-job\" href=\"https:\/\/www.ufsm.br\/app\/uploads\/sites\/373\/2025\/04\/Modelo_Projeto_Ensino_Pesquisa_Desenv.Institucional.doc\">Desenvolvimento Institucional<\/a>\n\t\t\t\t\t\t\t\t\t\t\t\t\t<\/div>\n\t\t\t\t\t\t\t\t\t<\/div>\n\t\t\t<\/div>\n\t\t\t\t\t<\/div>\n\t\t\t\t<\/div>\n\t\t\t\t<\/div>\n\t\t\t\t\t<\/div>\n\t\t<\/div>\n\t\t\t\t<div class=\"elementor-column elementor-col-33 elementor-top-column elementor-element elementor-element-6735e15\" data-id=\"6735e15\" data-element_type=\"column\" data-settings=\"{&quot;background_background&quot;:&quot;gradient&quot;}\">\n\t\t\t<div class=\"elementor-widget-wrap elementor-element-populated\">\n\t\t\t\t\t\t<div class=\"elementor-element elementor-element-4b30cad e-transform elementor-widget elementor-widget-testimonial\" data-id=\"4b30cad\" data-element_type=\"widget\" data-settings=\"{&quot;_transform_scale_effect_hover&quot;:{&quot;unit&quot;:&quot;px&quot;,&quot;size&quot;:&quot;1.1&quot;,&quot;sizes&quot;:[]},&quot;_transform_scale_effect_hover_widescreen&quot;:{&quot;unit&quot;:&quot;px&quot;,&quot;size&quot;:&quot;&quot;,&quot;sizes&quot;:[]},&quot;_transform_scale_effect_hover_laptop&quot;:{&quot;unit&quot;:&quot;px&quot;,&quot;size&quot;:&quot;&quot;,&quot;sizes&quot;:[]},&quot;_transform_scale_effect_hover_tablet_extra&quot;:{&quot;unit&quot;:&quot;px&quot;,&quot;size&quot;:&quot;&quot;,&quot;sizes&quot;:[]},&quot;_transform_scale_effect_hover_tablet&quot;:{&quot;unit&quot;:&quot;px&quot;,&quot;size&quot;:&quot;&quot;,&quot;sizes&quot;:[]},&quot;_transform_scale_effect_hover_mobile&quot;:{&quot;unit&quot;:&quot;px&quot;,&quot;size&quot;:&quot;&quot;,&quot;sizes&quot;:[]}}\" data-widget_type=\"testimonial.default\">\n\t\t\t\t<div class=\"elementor-widget-container\">\n\t\t\t\t\t<div class=\"elementor-testimonial-wrapper\">\n\t\t\t\n\t\t\t\t\t\t<div class=\"elementor-testimonial-meta elementor-has-image elementor-testimonial-image-position-top\">\n\t\t\t\t<div class=\"elementor-testimonial-meta-inner\">\n\t\t\t\t\t\t\t\t\t\t\t<div class=\"elementor-testimonial-image\">\n\t\t\t\t\t\t\t<a href=\"https:\/\/www.ufsm.br\/app\/uploads\/sites\/373\/2025\/11\/modelo_relatorio_projetos.doc\"><img decoding=\"async\" width=\"3000\" height=\"3000\" src=\"https:\/\/www.ufsm.br\/app\/uploads\/sites\/373\/2025\/04\/Modelo-de-Formularios-Branco.png\" class=\"attachment-full size-full wp-image-10953\" alt=\"\" srcset=\"https:\/\/www.ufsm.br\/app\/uploads\/sites\/373\/2025\/04\/Modelo-de-Formularios-Branco.png 3000w, https:\/\/www.ufsm.br\/app\/uploads\/sites\/373\/2025\/04\/Modelo-de-Formularios-Branco-300x300.png 300w, https:\/\/www.ufsm.br\/app\/uploads\/sites\/373\/2025\/04\/Modelo-de-Formularios-Branco-1024x1024.png 1024w, https:\/\/www.ufsm.br\/app\/uploads\/sites\/373\/2025\/04\/Modelo-de-Formularios-Branco-150x150.png 150w, https:\/\/www.ufsm.br\/app\/uploads\/sites\/373\/2025\/04\/Modelo-de-Formularios-Branco-768x768.png 768w, https:\/\/www.ufsm.br\/app\/uploads\/sites\/373\/2025\/04\/Modelo-de-Formularios-Branco-1536x1536.png 1536w, https:\/\/www.ufsm.br\/app\/uploads\/sites\/373\/2025\/04\/Modelo-de-Formularios-Branco-2048x2048.png 2048w\" sizes=\"(max-width: 3000px) 100vw, 3000px\" \/><\/a>\t\t\t\t\t\t<\/div>\n\t\t\t\t\t\n\t\t\t\t\t\t\t\t\t\t<div class=\"elementor-testimonial-details\">\n\t\t\t\t\t\t\t\t\t\t\t\t\t\t<a class=\"elementor-testimonial-name\" href=\"https:\/\/www.ufsm.br\/app\/uploads\/sites\/373\/2025\/11\/modelo_relatorio_projetos.doc\">Relat\u00f3rio Final de Projeto<\/a>\n\t\t\t\t\t\t\t\t\t\t\t\t\t\t\t\t\t\t\t\t\t\t<a class=\"elementor-testimonial-job\" href=\"https:\/\/www.ufsm.br\/app\/uploads\/sites\/373\/2025\/11\/modelo_relatorio_projetos.doc\">(arquivo .doc, Tamanho 131KB)<\/a>\n\t\t\t\t\t\t\t\t\t\t\t\t\t<\/div>\n\t\t\t\t\t\t\t\t\t<\/div>\n\t\t\t<\/div>\n\t\t\t\t\t<\/div>\n\t\t\t\t<\/div>\n\t\t\t\t<\/div>\n\t\t\t\t\t<\/div>\n\t\t<\/div>\n\t\t\t\t\t<\/div>\n\t\t<\/section>\n\t\t\t\t<\/div>\n\t\t","protected":false},"excerpt":{"rendered":"<p>Ao clicar sobre algum dos bot\u00f5es, uma nova p\u00e1gina se abrir\u00e1. Basta selecionar onde deseja salvar o arquivo e baix\u00e1-lo. Modelo de Projeto de Extens\u00e3o (arquivo .doc, Tamanho 101KB) Modelo Projeto de Ensino\/Pesquisa Desenvolvimento Institucional Relat\u00f3rio Final de Projeto (arquivo .doc, Tamanho 131KB)<\/p>\n","protected":false},"author":6796,"featured_media":0,"parent":0,"menu_order":0,"comment_status":"closed","ping_status":"closed","template":"","meta":{"footnotes":""},"categories":[],"tags":[],"class_list":["post-11001","page","type-page","status-publish","hentry"],"acf":[],"_links":{"self":[{"href":"https:\/\/www.ufsm.br\/unidades-universitarias\/ce\/wp-json\/wp\/v2\/pages\/11001","targetHints":{"allow":["GET"]}}],"collection":[{"href":"https:\/\/www.ufsm.br\/unidades-universitarias\/ce\/wp-json\/wp\/v2\/pages"}],"about":[{"href":"https:\/\/www.ufsm.br\/unidades-universitarias\/ce\/wp-json\/wp\/v2\/types\/page"}],"author":[{"embeddable":true,"href":"https:\/\/www.ufsm.br\/unidades-universitarias\/ce\/wp-json\/wp\/v2\/users\/6796"}],"replies":[{"embeddable":true,"href":"https:\/\/www.ufsm.br\/unidades-universitarias\/ce\/wp-json\/wp\/v2\/comments?post=11001"}],"version-history":[{"count":0,"href":"https:\/\/www.ufsm.br\/unidades-universitarias\/ce\/wp-json\/wp\/v2\/pages\/11001\/revisions"}],"wp:attachment":[{"href":"https:\/\/www.ufsm.br\/unidades-universitarias\/ce\/wp-json\/wp\/v2\/media?parent=11001"}],"wp:term":[{"taxonomy":"category","embeddable":true,"href":"https:\/\/www.ufsm.br\/unidades-universitarias\/ce\/wp-json\/wp\/v2\/categories?post=11001"},{"taxonomy":"post_tag","embeddable":true,"href":"https:\/\/www.ufsm.br\/unidades-universitarias\/ce\/wp-json\/wp\/v2\/tags?post=11001"}],"curies":[{"name":"wp","href":"https:\/\/api.w.org\/{rel}","templated":true}]}}