{"id":12017,"date":"2025-12-18T11:57:22","date_gmt":"2025-12-18T14:57:22","guid":{"rendered":"https:\/\/www.ufsm.br\/unidades-universitarias\/ce\/?page_id=12017"},"modified":"2025-12-18T12:06:05","modified_gmt":"2025-12-18T15:06:05","slug":"comissoes","status":"publish","type":"page","link":"https:\/\/www.ufsm.br\/unidades-universitarias\/ce\/comissoes","title":{"rendered":"Comiss\u00f5es"},"content":{"rendered":"\t\t<div data-elementor-type=\"wp-page\" data-elementor-id=\"12017\" class=\"elementor elementor-12017\">\n\t\t\t\t\t\t<section class=\"elementor-section elementor-top-section elementor-element elementor-element-1e4156d elementor-section-boxed elementor-section-height-default elementor-section-height-default\" data-id=\"1e4156d\" data-element_type=\"section\">\n\t\t\t\t\t\t<div class=\"elementor-container elementor-column-gap-default\">\n\t\t\t\t\t<div class=\"elementor-column elementor-col-100 elementor-top-column elementor-element elementor-element-3c70753\" data-id=\"3c70753\" data-element_type=\"column\">\n\t\t\t<div class=\"elementor-widget-wrap elementor-element-populated\">\n\t\t\t\t\t\t<div class=\"elementor-element elementor-element-c2bd9a1 elementor-widget elementor-widget-text-editor\" data-id=\"c2bd9a1\" data-element_type=\"widget\" data-widget_type=\"text-editor.default\">\n\t\t\t\t<div class=\"elementor-widget-container\">\n\t\t\t\t\t\t\t<p><span style=\"font-family: Arial, sans-serif\"><span style=\"font-size: medium\">Compete \u00e0 Comiss\u00e3o de Ensino, Pesquisa e Extens\u00e3o (CEPEx\/CE), como \u00d3rg\u00e3o Colegiado, de car\u00e1ter deliberativo, vinculado \u00e0 Subdivis\u00e3o de Projetos do CE (SUPROJ\/CE), apreciar e emitir pareceres sobre os projetos do Centro de Educa\u00e7\u00e3o, considerando legisla\u00e7\u00e3o pertinente e ader\u00eancia dos mesmos \u00e0s \u00e1reas tem\u00e1ticas dos Departamentos de Ensino, Programas de P\u00f3s-Gradua\u00e7\u00e3o e Cursos de Gradua\u00e7\u00e3o em suas respectivas linhas de ensino, pesquisa e extens\u00e3o.<\/span><\/span><\/p><p><a href=\"https:\/\/www.ufsm.br\/app\/uploads\/sites\/373\/2025\/12\/PORT_PES_CE_2025_192-1.pdf\">Portarias das Comiss\u00f5es.<\/a><\/p>\t\t\t\t\t\t<\/div>\n\t\t\t\t<\/div>\n\t\t\t\t\t<\/div>\n\t\t<\/div>\n\t\t\t\t\t<\/div>\n\t\t<\/section>\n\t\t\t\t<\/div>\n\t\t","protected":false},"excerpt":{"rendered":"<p>Compete \u00e0 Comiss\u00e3o de Ensino, Pesquisa e Extens\u00e3o (CEPEx\/CE), como \u00d3rg\u00e3o Colegiado, de car\u00e1ter deliberativo, vinculado \u00e0 Subdivis\u00e3o de Projetos do CE (SUPROJ\/CE), apreciar e emitir pareceres sobre os projetos do Centro de Educa\u00e7\u00e3o, considerando legisla\u00e7\u00e3o pertinente e ader\u00eancia dos mesmos \u00e0s \u00e1reas tem\u00e1ticas dos Departamentos de Ensino, Programas de P\u00f3s-Gradua\u00e7\u00e3o e Cursos de Gradua\u00e7\u00e3o [&hellip;]<\/p>\n","protected":false},"author":8470,"featured_media":0,"parent":0,"menu_order":0,"comment_status":"closed","ping_status":"closed","template":"","meta":{"footnotes":""},"categories":[],"tags":[],"class_list":["post-12017","page","type-page","status-publish","hentry"],"acf":[],"_links":{"self":[{"href":"https:\/\/www.ufsm.br\/unidades-universitarias\/ce\/wp-json\/wp\/v2\/pages\/12017","targetHints":{"allow":["GET"]}}],"collection":[{"href":"https:\/\/www.ufsm.br\/unidades-universitarias\/ce\/wp-json\/wp\/v2\/pages"}],"about":[{"href":"https:\/\/www.ufsm.br\/unidades-universitarias\/ce\/wp-json\/wp\/v2\/types\/page"}],"author":[{"embeddable":true,"href":"https:\/\/www.ufsm.br\/unidades-universitarias\/ce\/wp-json\/wp\/v2\/users\/8470"}],"replies":[{"embeddable":true,"href":"https:\/\/www.ufsm.br\/unidades-universitarias\/ce\/wp-json\/wp\/v2\/comments?post=12017"}],"version-history":[{"count":0,"href":"https:\/\/www.ufsm.br\/unidades-universitarias\/ce\/wp-json\/wp\/v2\/pages\/12017\/revisions"}],"wp:attachment":[{"href":"https:\/\/www.ufsm.br\/unidades-universitarias\/ce\/wp-json\/wp\/v2\/media?parent=12017"}],"wp:term":[{"taxonomy":"category","embeddable":true,"href":"https:\/\/www.ufsm.br\/unidades-universitarias\/ce\/wp-json\/wp\/v2\/categories?post=12017"},{"taxonomy":"post_tag","embeddable":true,"href":"https:\/\/www.ufsm.br\/unidades-universitarias\/ce\/wp-json\/wp\/v2\/tags?post=12017"}],"curies":[{"name":"wp","href":"https:\/\/api.w.org\/{rel}","templated":true}]}}