{"id":1460,"date":"2019-01-31T09:06:18","date_gmt":"2019-01-31T11:06:18","guid":{"rendered":"https:\/\/www.ufsm.br\/unidades-universitarias\/ce\/?page_id=1460"},"modified":"2023-11-09T17:45:17","modified_gmt":"2023-11-09T20:45:17","slug":"grupo-de-estudos-e-pesquisas-em-educacao-em-imaginario-social-gepeis","status":"publish","type":"page","link":"https:\/\/www.ufsm.br\/unidades-universitarias\/ce\/grupos-de-pesquisa-ce\/grupo-de-estudos-e-pesquisas-em-educacao-em-imaginario-social-gepeis","title":{"rendered":"Grupo de Estudos e Pesquisas em Educa\u00e7\u00e3o em Imagin\u00e1rio Social &#8211; GEPEIS"},"content":{"rendered":"\t\t<div data-elementor-type=\"wp-post\" data-elementor-id=\"1460\" class=\"elementor elementor-1460\">\n\t\t\t\t\t\t<section class=\"elementor-section elementor-top-section elementor-element elementor-element-41b8b7c elementor-section-boxed elementor-section-height-default elementor-section-height-default\" data-id=\"41b8b7c\" data-element_type=\"section\">\n\t\t\t\t\t\t<div class=\"elementor-container elementor-column-gap-default\">\n\t\t\t\t\t<div class=\"elementor-column elementor-col-100 elementor-top-column elementor-element elementor-element-868c7f8\" data-id=\"868c7f8\" data-element_type=\"column\">\n\t\t\t<div class=\"elementor-widget-wrap elementor-element-populated\">\n\t\t\t\t\t\t<div class=\"elementor-element elementor-element-3e4cddf elementor-widget elementor-widget-text-editor\" data-id=\"3e4cddf\" data-element_type=\"widget\" data-widget_type=\"text-editor.default\">\n\t\t\t\t<div class=\"elementor-widget-container\">\n\t\t\t\t\t\t\t<p>O Grupo de Estudos e Pesquisas em Educa\u00e7\u00e3o e Imagin\u00e1rio Social (GEPEIS) atua desde 1993, tendo na coordena\u00e7\u00e3o a professora Phd. Valeska M. Fortes de Oliveira (l\u00edder do grupo) e a professora Dra. L\u00facia Maria Vaz Peres (vice-l\u00edder), e o mesmo est\u00e1 vinculado ao Departamento de Fundamentos da Educa\u00e7\u00e3o, no Centro de Educa\u00e7\u00e3o da Universidade Federal de Santa Maria.<\/p><p>As Linhas de Pesquisa de atua\u00e7\u00e3o do grupo GEPEIS est\u00e3o voltadas para a Forma\u00e7\u00e3o, saberes e desenvolvimento profissional, onde procura-se desenvolver investiga\u00e7\u00f5es sobre a Forma\u00e7\u00e3o Inicial e Continuada nos seus diferentes n\u00edveis e espa\u00e7os educativos, tendo como refer\u00eancia as rela\u00e7\u00f5es s\u00f3cio-pol\u00edticas e culturais na constitui\u00e7\u00e3o da doc\u00eancia. Ao considerar o processo identit\u00e1rio do professor, investiga-se as trajet\u00f3rias de forma\u00e7\u00e3o, a produ\u00e7\u00e3o dos saberes e a aprendizagem docente, na perspectiva do desenvolvimento profissional.<\/p><p>Al\u00e9m dessa Linha de Pesquisa, o grupo atua\/investiga a Forma\u00e7\u00e3o de Professores, pois essa pesquisa oferece suporte anal\u00edtico\/cr\u00edtico para a compreens\u00e3o do processo de forma\u00e7\u00e3o de professores em seus diversos n\u00edveis e campos de atua\u00e7\u00e3o, contextualizando-o a partir de fatores s\u00f3cio-pol\u00edticos, filos\u00f3ficos, psicol\u00f3gicos, hist\u00f3rico culturais, tecnol\u00f3gicos e pedag\u00f3gicos. Sendo assim, as pesquisas desenvolvidas nesta linha t\u00eam por horizonte a forma\u00e7\u00e3o entendida como um\u00a0<em>continuum\u00a0<\/em>que abarca tanto a Forma\u00e7\u00e3o Inicial quanto Continuada, visando o redimensionamento do profissional professor e sua atua\u00e7\u00e3o em diferentes contextos educativos.\u00a0<\/p><p>Link: <a href=\"https:\/\/www.ufsm.br\/grupos\/gepeis\">https:\/\/www.ufsm.br\/grupos\/gepeis<\/a><\/p>\t\t\t\t\t\t<\/div>\n\t\t\t\t<\/div>\n\t\t\t\t\t<\/div>\n\t\t<\/div>\n\t\t\t\t\t<\/div>\n\t\t<\/section>\n\t\t\t\t<section class=\"elementor-section elementor-top-section elementor-element elementor-element-3d1fe88 elementor-section-boxed elementor-section-height-default elementor-section-height-default\" data-id=\"3d1fe88\" data-element_type=\"section\">\n\t\t\t\t\t\t<div class=\"elementor-container elementor-column-gap-default\">\n\t\t\t\t\t<div class=\"elementor-column elementor-col-33 elementor-top-column elementor-element elementor-element-828c901\" data-id=\"828c901\" data-element_type=\"column\">\n\t\t\t<div class=\"elementor-widget-wrap elementor-element-populated\">\n\t\t\t\t\t\t<div class=\"elementor-element elementor-element-aee5bef elementor-widget elementor-widget-heading\" data-id=\"aee5bef\" data-element_type=\"widget\" data-widget_type=\"heading.default\">\n\t\t\t\t<div class=\"elementor-widget-container\">\n\t\t\t<h5 class=\"elementor-heading-title elementor-size-default\">Estrutura <\/h5>\t\t<\/div>\n\t\t\t\t<\/div>\n\t\t\t\t<div class=\"elementor-element elementor-element-3833523 elementor-widget elementor-widget-text-editor\" data-id=\"3833523\" data-element_type=\"widget\" data-widget_type=\"text-editor.default\">\n\t\t\t\t<div class=\"elementor-widget-container\">\n\t\t\t\t\t\t\t<p><a href=\"https:\/\/www.ufsm.br\/unidades-universitarias\/ce\/equipe-3\/\">Equipe<\/a><\/p>\t\t\t\t\t\t<\/div>\n\t\t\t\t<\/div>\n\t\t\t\t\t<\/div>\n\t\t<\/div>\n\t\t\t\t<div class=\"elementor-column elementor-col-33 elementor-top-column elementor-element elementor-element-91564e0\" data-id=\"91564e0\" data-element_type=\"column\">\n\t\t\t<div class=\"elementor-widget-wrap elementor-element-populated\">\n\t\t\t\t\t\t<div class=\"elementor-element elementor-element-e01ee4e elementor-widget elementor-widget-heading\" data-id=\"e01ee4e\" data-element_type=\"widget\" data-widget_type=\"heading.default\">\n\t\t\t\t<div class=\"elementor-widget-container\">\n\t\t\t<h5 class=\"elementor-heading-title elementor-size-default\">Projetos \/ Publica\u00e7\u00f5es<\/h5>\t\t<\/div>\n\t\t\t\t<\/div>\n\t\t\t\t<div class=\"elementor-element elementor-element-b1116bf elementor-widget elementor-widget-text-editor\" data-id=\"b1116bf\" data-element_type=\"widget\" data-widget_type=\"text-editor.default\">\n\t\t\t\t<div class=\"elementor-widget-container\">\n\t\t\t\t\t\t\t<p><a href=\"https:\/\/www.ufsm.br\/unidades-universitarias\/ce\/projeto-de-extensao\/\">Projeto de Extens\u00e3o<\/a><\/p><p><a href=\"https:\/\/www.ufsm.br\/unidades-universitarias\/ce\/projetos-de-pesquisa\/\">Projeto de Pesquisa<\/a><\/p><p><a href=\"https:\/\/www.ufsm.br\/unidades-universitarias\/ce\/publicacoes-de-artigos\/\">Publica\u00e7\u00f5es de artigo<\/a><\/p><p><a href=\"https:\/\/www.ufsm.br\/unidades-universitarias\/ce\/publicacoes-de-artigos-em-revistas\/\">Publica\u00e7\u00f5es de artigos em revistas<\/a>\u00a0<\/p><p><a href=\"https:\/\/www.ufsm.br\/unidades-universitarias\/ce\/poemas-e-cronicas\/\">Poemas e Cr\u00f4nicas\u00a0<\/a><\/p><p><a href=\"https:\/\/www.ufsm.br\/unidades-universitarias\/ce\/resenhas\/\">Resenhas<\/a><\/p><p><a href=\"https:\/\/www.ufsm.br\/unidades-universitarias\/ce\/dissertacoes-e-teses\/\">TCCs, Monografias, Disserta\u00e7\u00f5es e Teses<\/a><\/p><p><a href=\"https:\/\/www.ufsm.br\/unidades-universitarias\/ce\/grupos-de-pesquisa-ce\/grupo-de-estudos-e-pesquisas-em-educacao-em-imaginario-social-gepeis\/livrosgepeis\/\">Livros\u00a0<\/a><\/p><p><a href=\"https:\/\/www.ufsm.br\/unidades-universitarias\/ce\/documentarios-e-filmes\/\">Document\u00e1rios e Filmes<\/a><\/p><p><a href=\"https:\/\/www.ufsm.br\/unidades-universitarias\/ce\/oficinas-de-formacao-de-professores\/\">Oficinas de forma\u00e7\u00e3o de professores\u00a0<\/a><\/p>\t\t\t\t\t\t<\/div>\n\t\t\t\t<\/div>\n\t\t\t\t\t<\/div>\n\t\t<\/div>\n\t\t\t\t<div class=\"elementor-column elementor-col-33 elementor-top-column elementor-element elementor-element-ec01f3f\" data-id=\"ec01f3f\" data-element_type=\"column\">\n\t\t\t<div class=\"elementor-widget-wrap elementor-element-populated\">\n\t\t\t\t\t\t<div class=\"elementor-element elementor-element-39f080e elementor-widget elementor-widget-heading\" data-id=\"39f080e\" data-element_type=\"widget\" data-widget_type=\"heading.default\">\n\t\t\t\t<div class=\"elementor-widget-container\">\n\t\t\t<h5 class=\"elementor-heading-title elementor-size-default\">Informa\u00e7\u00f5es Adicionais<\/h5>\t\t<\/div>\n\t\t\t\t<\/div>\n\t\t\t\t<div class=\"elementor-element elementor-element-3b29d57 elementor-widget elementor-widget-text-editor\" data-id=\"3b29d57\" data-element_type=\"widget\" data-widget_type=\"text-editor.default\">\n\t\t\t\t<div class=\"elementor-widget-container\">\n\t\t\t\t\t\t\t<p><a href=\"https:\/\/www.ufsm.br\/unidades-universitarias\/ce\/ouvindo-coisas\/\">Ouvindo Coisas<\/a><\/p><p><a href=\"https:\/\/www.ufsm.br\/unidades-universitarias\/ce\/projeto-cinema-itinerante\/\">Cinema Itinerante<\/a><\/p><p>Fotos<\/p>\t\t\t\t\t\t<\/div>\n\t\t\t\t<\/div>\n\t\t\t\t\t<\/div>\n\t\t<\/div>\n\t\t\t\t\t<\/div>\n\t\t<\/section>\n\t\t\t\t<\/div>\n\t\t","protected":false},"excerpt":{"rendered":"<p>O Grupo de Estudos e Pesquisas em Educa\u00e7\u00e3o e Imagin\u00e1rio Social (GEPEIS) atua desde 1993, tendo na coordena\u00e7\u00e3o a professora Phd. Valeska M. Fortes de Oliveira (l\u00edder do grupo) e a professora Dra. L\u00facia Maria Vaz Peres (vice-l\u00edder), e o mesmo est\u00e1 vinculado ao Departamento de Fundamentos da Educa\u00e7\u00e3o, no Centro de Educa\u00e7\u00e3o da Universidade [&hellip;]<\/p>\n","protected":false},"author":115,"featured_media":0,"parent":3060,"menu_order":0,"comment_status":"closed","ping_status":"closed","template":"","meta":{"footnotes":""},"categories":[],"tags":[],"class_list":["post-1460","page","type-page","status-publish","hentry"],"acf":[],"_links":{"self":[{"href":"https:\/\/www.ufsm.br\/unidades-universitarias\/ce\/wp-json\/wp\/v2\/pages\/1460","targetHints":{"allow":["GET"]}}],"collection":[{"href":"https:\/\/www.ufsm.br\/unidades-universitarias\/ce\/wp-json\/wp\/v2\/pages"}],"about":[{"href":"https:\/\/www.ufsm.br\/unidades-universitarias\/ce\/wp-json\/wp\/v2\/types\/page"}],"author":[{"embeddable":true,"href":"https:\/\/www.ufsm.br\/unidades-universitarias\/ce\/wp-json\/wp\/v2\/users\/115"}],"replies":[{"embeddable":true,"href":"https:\/\/www.ufsm.br\/unidades-universitarias\/ce\/wp-json\/wp\/v2\/comments?post=1460"}],"version-history":[{"count":0,"href":"https:\/\/www.ufsm.br\/unidades-universitarias\/ce\/wp-json\/wp\/v2\/pages\/1460\/revisions"}],"up":[{"embeddable":true,"href":"https:\/\/www.ufsm.br\/unidades-universitarias\/ce\/wp-json\/wp\/v2\/pages\/3060"}],"wp:attachment":[{"href":"https:\/\/www.ufsm.br\/unidades-universitarias\/ce\/wp-json\/wp\/v2\/media?parent=1460"}],"wp:term":[{"taxonomy":"category","embeddable":true,"href":"https:\/\/www.ufsm.br\/unidades-universitarias\/ce\/wp-json\/wp\/v2\/categories?post=1460"},{"taxonomy":"post_tag","embeddable":true,"href":"https:\/\/www.ufsm.br\/unidades-universitarias\/ce\/wp-json\/wp\/v2\/tags?post=1460"}],"curies":[{"name":"wp","href":"https:\/\/api.w.org\/{rel}","templated":true}]}}