{"id":1500,"date":"2019-01-31T11:25:48","date_gmt":"2019-01-31T13:25:48","guid":{"rendered":"https:\/\/www.ufsm.br\/unidades-universitarias\/ce\/?page_id=1500"},"modified":"2022-06-23T15:38:48","modified_gmt":"2022-06-23T18:38:48","slug":"dissertacoes-e-teses","status":"publish","type":"page","link":"https:\/\/www.ufsm.br\/unidades-universitarias\/ce\/grupos-de-pesquisa-ce\/grupo-de-estudos-e-pesquisas-em-educacao-em-imaginario-social-gepeis\/dissertacoes-e-teses","title":{"rendered":"Disserta\u00e7\u00f5es e Teses"},"content":{"rendered":"\n<p><strong>Titulo:<\/strong>\u00a0<a href=\"https:\/\/repositorio.ufsm.br\/handle\/1\/7071\">TEMPOS NA FORMA\u00c7\u00c3O DOCENTE: ENTRE O\u00a0IDENTIT\u00c1RIO E O IMAGIN\u00c1RIO<\/a><br \/><strong>Autor(a):<\/strong>\u00a0Monique da Silva<br \/><br \/><\/p>\n<p><strong>T\u00edtulo:\u00a0<\/strong> <a href=\"https:\/\/www.ufsm.br\/unidades-universitarias\/ce\/wp-content\/uploads\/sites\/373\/2019\/01\/diss_andriza_08-1.pdf\">CORPOS QUE ROMPERAM O SIL\u00caNCIO E (RES) SIGNIFICARAM UMA EXPERI\u00caNCIA: O TEATRO NA FORMA\u00c7\u00c3O INICIAL DE PROFESSORAS<\/a><br \/><strong>Autor(a):<\/strong>\u00a0Andrisa Kemel Zanella<br \/><br \/><\/p>\n<p><strong>T\u00edtulo:<\/strong> <a href=\"https:\/\/www.ufsm.br\/unidades-universitarias\/ce\/wp-content\/uploads\/sites\/373\/2019\/01\/dissanaclaudia-1-1.pdf\">A ESCOLA COMO TEMPO E ESPA\u00c7O NA FORMA\u00c7\u00c3O CONTINUADA PARA A INCLUS\u00c3O ESCOLAR: O INSTITU\u00cdDO E O INSTITUINTE<\/a><br \/><strong>Autor(a):<\/strong>\u00a0Ana Claudia de Freitas Ribeiro<br \/><a href=\"http:\/\/coral.ufsm.br\/gepeis\/wp-content\/uploads\/2011\/08\/dissanaclaudia.pdf\" target=\"_blank\" rel=\"noopener\">Acesse aqui<\/a>.<\/p>\n<p><strong>T\u00edtulo:<\/strong>\u00a0<a href=\"https:\/\/repositorio.ufsm.br\/handle\/1\/6815\">REPRESENTA\u00c7\u00d5ES E SABERES DE PROFESSORAS QUE ATUAM NA EDUCA\u00c7\u00c3O DE JOVENS E ADULTOS EM ESCOLAS MUNICIPAIS DE SANTA MARIA \u2013 RS<\/a><br \/><strong>Autor(a):<\/strong>\u00a0Vera L\u00facia Machado da Silva.<\/p>\n<p><strong>T\u00edtulo:<\/strong> <a href=\"https:\/\/www.ufsm.br\/unidades-universitarias\/ce\/wp-content\/uploads\/sites\/373\/2019\/01\/diss_bettina_07-1.pdf\">TR\u00caS AUTO-IMAGENS DE PROFESSORAS DOS ANOS INICIAIS DA REDE MUNICIPAL DE SANTA MARIA: APROXIMA\u00c7\u00d5ES DA CONDI\u00c7\u00c3O DOCENTE<\/a><br \/><strong>Autor(a):<\/strong>\u00a0Bettina Poglia Leal<\/p>\n<p><br \/><strong>T\u00edtulo:<\/strong> <a href=\"https:\/\/www.ufsm.br\/unidades-universitarias\/ce\/wp-content\/uploads\/sites\/373\/2019\/01\/diss_neoclesia_07-1.pdf\">A CONDI\u00c7\u00c3O DOCENTE NO OLHAR DE TR\u00caS GERA\u00c7\u00d5ES DE PROFESSORES FORMADORES<\/a><br \/><strong>Autor(a):<\/strong>\u00a0Neoclesia Chenet<br \/><br \/><\/p>\n<p><strong>T\u00edtulo:<\/strong> <a href=\"https:\/\/www.ufsm.br\/unidades-universitarias\/ce\/wp-content\/uploads\/sites\/373\/2019\/01\/diss_vania_07-1.pdf\">TERRIT\u00d3RIOS DA FORMA\u00c7\u00c3O DOCENTE: O ENTRE-LUGAR DA CULTURA<\/a><br \/><strong>Autor(a):<\/strong>\u00a0V\u00e2nia Fortes de Oliveira<br \/><br \/><\/p>\n<p><strong>T\u00edtulo:<\/strong> <a href=\"https:\/\/www.ufsm.br\/unidades-universitarias\/ce\/wp-content\/uploads\/sites\/373\/2019\/01\/diss_anapaula_06-1.pdf\">HIST\u00d3RIAS DE VIDA DE TR\u00caS PROFESSORAS DO ENSINO FUNDAMENTAL ATRAVESSADAS POR INTERA\u00c7\u00d5ES CORPORAIS: QUE SABERES E QUE FAZERES?<\/a><br \/><strong>Autor(a):<\/strong>\u00a0Ana Paula Barrozo Stefano Dal Molin<br \/><br \/><\/p>\n<p><strong>T\u00edtulo:<\/strong> <a href=\"https:\/\/www.ufsm.br\/unidades-universitarias\/ce\/wp-content\/uploads\/sites\/373\/2019\/01\/diss_maria_06-1.pdf\">POSSIBILIDADES DE APRENDIZAGENS DO PROFESSOR UNIVERSIT\u00c1RIO NUMA EXPERI\u00caNCIA PEDAG\u00d3GICA INTERDISCIPLINAR<\/a><br \/><strong>Autor(a):<\/strong>\u00a0Maria Mag\u00e1lia Giacomini Benini<br \/><br \/><\/p>\n<p><strong>T\u00edtulo:<\/strong> <a href=\"https:\/\/www.ufsm.br\/unidades-universitarias\/ce\/wp-content\/uploads\/sites\/373\/2019\/01\/diss_janini_06-1.pdf\">IM\u00c1GIN\u00c1RIO E OS SABERES DE PEDAGOGAS PROFESSORAS UNIVERSIT\u00c1RIAS : (RE) CONTANDO HIST\u00d3RIAS DE VIDA<\/a><br \/><strong>Autor(a):<\/strong>\u00a0JANINE BOCHI DO AMARAL<br \/><br \/><\/p>\n<p><strong>T\u00edtulo:<\/strong>\u00a0<a href=\"https:\/\/repositorio.ufsm.br\/handle\/1\/7013\">HELENA FERRARI TEIXEIRA: ENTRE SABERES E REPRESENTA\u00c7\u00d5ES<\/a><br \/><strong>Autor(a):<\/strong>\u00a0Vantoir Roberto Brancher<br \/><br \/><\/p>\n","protected":false},"excerpt":{"rendered":"<p>Titulo:\u00a0TEMPOS NA FORMA\u00c7\u00c3O DOCENTE: ENTRE O\u00a0IDENTIT\u00c1RIO E O IMAGIN\u00c1RIOAutor(a):\u00a0Monique da Silva T\u00edtulo:\u00a0 CORPOS QUE ROMPERAM O SIL\u00caNCIO E (RES) SIGNIFICARAM UMA EXPERI\u00caNCIA: O TEATRO NA FORMA\u00c7\u00c3O INICIAL DE PROFESSORASAutor(a):\u00a0Andrisa Kemel Zanella T\u00edtulo: A ESCOLA COMO TEMPO E ESPA\u00c7O NA FORMA\u00c7\u00c3O CONTINUADA PARA A INCLUS\u00c3O ESCOLAR: O INSTITU\u00cdDO E O INSTITUINTEAutor(a):\u00a0Ana Claudia de Freitas RibeiroAcesse aqui. [&hellip;]<\/p>\n","protected":false},"author":115,"featured_media":0,"parent":1460,"menu_order":0,"comment_status":"closed","ping_status":"closed","template":"","meta":{"footnotes":""},"categories":[],"tags":[],"class_list":["post-1500","page","type-page","status-publish","hentry"],"acf":[],"_links":{"self":[{"href":"https:\/\/www.ufsm.br\/unidades-universitarias\/ce\/wp-json\/wp\/v2\/pages\/1500","targetHints":{"allow":["GET"]}}],"collection":[{"href":"https:\/\/www.ufsm.br\/unidades-universitarias\/ce\/wp-json\/wp\/v2\/pages"}],"about":[{"href":"https:\/\/www.ufsm.br\/unidades-universitarias\/ce\/wp-json\/wp\/v2\/types\/page"}],"author":[{"embeddable":true,"href":"https:\/\/www.ufsm.br\/unidades-universitarias\/ce\/wp-json\/wp\/v2\/users\/115"}],"replies":[{"embeddable":true,"href":"https:\/\/www.ufsm.br\/unidades-universitarias\/ce\/wp-json\/wp\/v2\/comments?post=1500"}],"version-history":[{"count":0,"href":"https:\/\/www.ufsm.br\/unidades-universitarias\/ce\/wp-json\/wp\/v2\/pages\/1500\/revisions"}],"up":[{"embeddable":true,"href":"https:\/\/www.ufsm.br\/unidades-universitarias\/ce\/wp-json\/wp\/v2\/pages\/1460"}],"wp:attachment":[{"href":"https:\/\/www.ufsm.br\/unidades-universitarias\/ce\/wp-json\/wp\/v2\/media?parent=1500"}],"wp:term":[{"taxonomy":"category","embeddable":true,"href":"https:\/\/www.ufsm.br\/unidades-universitarias\/ce\/wp-json\/wp\/v2\/categories?post=1500"},{"taxonomy":"post_tag","embeddable":true,"href":"https:\/\/www.ufsm.br\/unidades-universitarias\/ce\/wp-json\/wp\/v2\/tags?post=1500"}],"curies":[{"name":"wp","href":"https:\/\/api.w.org\/{rel}","templated":true}]}}