{"id":1510,"date":"2019-01-31T11:27:59","date_gmt":"2019-01-31T13:27:59","guid":{"rendered":"https:\/\/www.ufsm.br\/unidades-universitarias\/ce\/?page_id=1510"},"modified":"2022-06-23T15:47:59","modified_gmt":"2022-06-23T18:47:59","slug":"livrosgepeis","status":"publish","type":"page","link":"https:\/\/www.ufsm.br\/unidades-universitarias\/ce\/grupos-de-pesquisa-ce\/grupo-de-estudos-e-pesquisas-em-educacao-em-imaginario-social-gepeis\/livrosgepeis","title":{"rendered":"Livros GEPEIS"},"content":{"rendered":"\t\t<div data-elementor-type=\"wp-page\" data-elementor-id=\"1510\" class=\"elementor elementor-1510\">\n\t\t\t\t\t\t<section class=\"elementor-section elementor-top-section elementor-element elementor-element-3ed98de9 elementor-section-boxed elementor-section-height-default elementor-section-height-default\" data-id=\"3ed98de9\" data-element_type=\"section\">\n\t\t\t\t\t\t<div class=\"elementor-container elementor-column-gap-default\">\n\t\t\t\t\t<div class=\"elementor-column elementor-col-100 elementor-top-column elementor-element elementor-element-128625b\" data-id=\"128625b\" data-element_type=\"column\">\n\t\t\t<div class=\"elementor-widget-wrap elementor-element-populated\">\n\t\t\t\t\t\t<div class=\"elementor-element elementor-element-2cc9dcbd elementor-widget elementor-widget-text-editor\" data-id=\"2cc9dcbd\" data-element_type=\"widget\" data-widget_type=\"text-editor.default\">\n\t\t\t\t<div class=\"elementor-widget-container\">\n\t\t\t\t\t\t\t<!-- wp:tadv\/classic-paragraph -->\n<p><strong>T\u00edtulo:\u00a0<\/strong> <a href=\"https:\/\/www.ufsm.br\/unidades-universitarias\/ce\/wp-content\/uploads\/sites\/373\/2019\/01\/Livro_G\u00eanero-Diversidade-Educa\u00e7\u00e3o-1.pdf\">G\u00eanero, diversidade sexual e educa\u00e7\u00e3o<\/a><br \/><strong>Autor(a):<\/strong>\u00a0Gabriella Eldereti Machado e Valeska Maria Fortes de Oliveira (Orgs.)<\/p>\n<p><strong>T\u00edtulo:<\/strong>\u00a0Imagem do professor<br \/><strong>Autor(a):<\/strong>\u00a0Valeska M. Fortes de Oliveira<\/p>\n<p><br \/>\u00a0<strong>T\u00edtulo:<\/strong>\u00a0Narrativas e saberes docentes<br \/><strong>Autor(a):<\/strong>\u00a0Valeska M. Fortes de Oliveira<\/p>\n<p><strong>T\u00edtulo:<\/strong>\u00a0Imagin\u00e1rio social e a escola de Ensino M\u00e9dio<br \/><strong>Autor(a):<\/strong>\u00a0Valeska M. Fortes de Oliveira<\/p>\n<p><strong>T\u00edtulo:<\/strong>\u00a0<a href=\"https:\/\/editoraufsm.com.br\/formac-o-saberes-e-representacoes-historia-de-vida-de-helena-ferrari-teixeira\">Forma\u00e7\u00e3o, saberes e representa\u00e7\u00f5es: a Hist\u00f3ria de Vida de Helena Ferrari Teixeira<\/a><br \/><strong>Autor(a):<\/strong>\u00a0Vantoir Roberto Brancher<\/p>\n<p><strong>T\u00edtulo:<\/strong>\u00a0<a href=\"http:\/\/www.lew.com.br\/outras_obras\/livro-criticas_reflexoes_sociedade.html\">Cr\u00edticas e reflex\u00f5es da\/na sociedade: vis\u00e3o cron\u00edstica do ser<\/a><br \/><strong>Autor(a):<\/strong>\u00a0Vantoir Roberto Brancher<br \/><br \/><\/p>\n<!-- \/wp:tadv\/classic-paragraph -->\t\t\t\t\t\t<\/div>\n\t\t\t\t<\/div>\n\t\t\t\t\t<\/div>\n\t\t<\/div>\n\t\t\t\t\t<\/div>\n\t\t<\/section>\n\t\t\t\t<\/div>\n\t\t","protected":false},"excerpt":{"rendered":"<p>T\u00edtulo:\u00a0 G\u00eanero, diversidade sexual e educa\u00e7\u00e3oAutor(a):\u00a0Gabriella Eldereti Machado e Valeska Maria Fortes de Oliveira (Orgs.) T\u00edtulo:\u00a0Imagem do professorAutor(a):\u00a0Valeska M. Fortes de Oliveira \u00a0T\u00edtulo:\u00a0Narrativas e saberes docentesAutor(a):\u00a0Valeska M. Fortes de Oliveira T\u00edtulo:\u00a0Imagin\u00e1rio social e a escola de Ensino M\u00e9dioAutor(a):\u00a0Valeska M. Fortes de Oliveira T\u00edtulo:\u00a0Forma\u00e7\u00e3o, saberes e representa\u00e7\u00f5es: a Hist\u00f3ria de Vida de Helena Ferrari TeixeiraAutor(a):\u00a0Vantoir Roberto [&hellip;]<\/p>\n","protected":false},"author":115,"featured_media":0,"parent":1460,"menu_order":0,"comment_status":"closed","ping_status":"closed","template":"","meta":{"footnotes":""},"categories":[],"tags":[],"class_list":["post-1510","page","type-page","status-publish","hentry"],"acf":[],"_links":{"self":[{"href":"https:\/\/www.ufsm.br\/unidades-universitarias\/ce\/wp-json\/wp\/v2\/pages\/1510","targetHints":{"allow":["GET"]}}],"collection":[{"href":"https:\/\/www.ufsm.br\/unidades-universitarias\/ce\/wp-json\/wp\/v2\/pages"}],"about":[{"href":"https:\/\/www.ufsm.br\/unidades-universitarias\/ce\/wp-json\/wp\/v2\/types\/page"}],"author":[{"embeddable":true,"href":"https:\/\/www.ufsm.br\/unidades-universitarias\/ce\/wp-json\/wp\/v2\/users\/115"}],"replies":[{"embeddable":true,"href":"https:\/\/www.ufsm.br\/unidades-universitarias\/ce\/wp-json\/wp\/v2\/comments?post=1510"}],"version-history":[{"count":0,"href":"https:\/\/www.ufsm.br\/unidades-universitarias\/ce\/wp-json\/wp\/v2\/pages\/1510\/revisions"}],"up":[{"embeddable":true,"href":"https:\/\/www.ufsm.br\/unidades-universitarias\/ce\/wp-json\/wp\/v2\/pages\/1460"}],"wp:attachment":[{"href":"https:\/\/www.ufsm.br\/unidades-universitarias\/ce\/wp-json\/wp\/v2\/media?parent=1510"}],"wp:term":[{"taxonomy":"category","embeddable":true,"href":"https:\/\/www.ufsm.br\/unidades-universitarias\/ce\/wp-json\/wp\/v2\/categories?post=1510"},{"taxonomy":"post_tag","embeddable":true,"href":"https:\/\/www.ufsm.br\/unidades-universitarias\/ce\/wp-json\/wp\/v2\/tags?post=1510"}],"curies":[{"name":"wp","href":"https:\/\/api.w.org\/{rel}","templated":true}]}}