{"id":1538,"date":"2019-02-19T08:49:55","date_gmt":"2019-02-19T11:49:55","guid":{"rendered":"https:\/\/www.ufsm.br\/unidades-universitarias\/ce\/?page_id=1538"},"modified":"2022-06-20T16:47:10","modified_gmt":"2022-06-20T19:47:10","slug":"o-grupo-de-pesquisa-formacao-de-professores-e-praticas-educativas-educacao-basica-e-superior-gpfope","status":"publish","type":"page","link":"https:\/\/www.ufsm.br\/unidades-universitarias\/ce\/grupos-de-pesquisa-ce\/o-grupo-de-pesquisa-formacao-de-professores-e-praticas-educativas-educacao-basica-e-superior-gpfope","title":{"rendered":"Grupo de Pesquisa Forma\u00e7\u00e3o de Professores e Pr\u00e1ticas Educativas: Educa\u00e7\u00e3o B\u00e1sica e Superior -GPFOPE"},"content":{"rendered":"\t\t<div data-elementor-type=\"wp-post\" data-elementor-id=\"1538\" class=\"elementor elementor-1538\">\n\t\t\t\t\t\t<section class=\"elementor-section elementor-top-section elementor-element elementor-element-18bfe187 elementor-section-boxed elementor-section-height-default elementor-section-height-default\" data-id=\"18bfe187\" data-element_type=\"section\">\n\t\t\t\t\t\t<div class=\"elementor-container elementor-column-gap-default\">\n\t\t\t\t\t<div class=\"elementor-column elementor-col-100 elementor-top-column elementor-element elementor-element-739bc614\" data-id=\"739bc614\" data-element_type=\"column\">\n\t\t\t<div class=\"elementor-widget-wrap elementor-element-populated\">\n\t\t\t\t\t\t<div class=\"elementor-element elementor-element-554490cd elementor-widget elementor-widget-text-editor\" data-id=\"554490cd\" data-element_type=\"widget\" data-widget_type=\"text-editor.default\">\n\t\t\t\t<div class=\"elementor-widget-container\">\n\t\t\t\t\t\t\t<!-- wp:tadv\/classic-paragraph -->\n<p style=\"text-align: center\">O Grupo de Pesquisa Forma\u00e7\u00e3o de Professores e Pr\u00e1ticas Educativas: Educa\u00e7\u00e3o B\u00e1sica e Superior (GPFOPE) possui duas linhas &#8211; Forma\u00e7\u00e3o de Professores e Pr\u00e1ticas Educativas: Educa\u00e7\u00e3o B\u00e1sica e Forma\u00e7\u00e3o docente e desenvolvimento profissional: Educa\u00e7\u00e3o Superior.<\/p>\n<p>\u00a0Os estudos e investiga\u00e7\u00f5es desenvolvidos pelo GPFOPE tratam de tem\u00e1ticas como: aprendizagem permanente da doc\u00eancia, seja inicial ou continuada, pedagogia universit\u00e1ria, cultura escrita, alfabetiza\u00e7\u00e3o, leitura e escrita, conhecimento pedag\u00f3gico compartilhado, resili\u00eancia docente, altern\u00e2ncia pedag\u00f3gica, atividade docente de estudo e trabalho pedag\u00f3gico. Isto com o objetivo de aprofundar os estudos nos campos te\u00f3ricos que permeiam os processos formativos de professores, visando o desenvolvimento profissional docente tanto na educa\u00e7\u00e3o b\u00e1sica como na educa\u00e7\u00e3o superior, bem como a atua\u00e7\u00e3o em diferentes contextos educacionais atrav\u00e9s de organiza\u00e7\u00e3o de n\u00facleos tem\u00e1ticos de pesquisa.<\/p>\n<p><img fetchpriority=\"high\" decoding=\"async\" class=\"aligncenter wp-image-1539 size-full\" src=\"https:\/\/www.ufsm.br\/unidades-universitarias\/ce\/wp-content\/uploads\/sites\/373\/2019\/02\/GRUPO-GPFOPE-grande-3-Amigo-secreto-Dezembro-2013.jpg\" alt=\"\" width=\"991\" height=\"613\" srcset=\"https:\/\/www.ufsm.br\/app\/uploads\/sites\/373\/2019\/02\/GRUPO-GPFOPE-grande-3-Amigo-secreto-Dezembro-2013.jpg 991w, https:\/\/www.ufsm.br\/app\/uploads\/sites\/373\/2019\/02\/GRUPO-GPFOPE-grande-3-Amigo-secreto-Dezembro-2013-300x186.jpg 300w, https:\/\/www.ufsm.br\/app\/uploads\/sites\/373\/2019\/02\/GRUPO-GPFOPE-grande-3-Amigo-secreto-Dezembro-2013-768x475.jpg 768w\" sizes=\"(max-width: 991px) 100vw, 991px\" \/><\/p>\n<p>\u00a0<\/p>\n<!-- \/wp:tadv\/classic-paragraph -->\t\t\t\t\t\t<\/div>\n\t\t\t\t<\/div>\n\t\t\t\t\t<\/div>\n\t\t<\/div>\n\t\t\t\t\t<\/div>\n\t\t<\/section>\n\t\t\t\t<section class=\"elementor-section elementor-top-section elementor-element elementor-element-f8a5ae2 elementor-section-boxed elementor-section-height-default elementor-section-height-default\" data-id=\"f8a5ae2\" data-element_type=\"section\">\n\t\t\t\t\t\t<div class=\"elementor-container elementor-column-gap-default\">\n\t\t\t\t\t<div class=\"elementor-column elementor-col-100 elementor-top-column elementor-element elementor-element-11404c1\" data-id=\"11404c1\" data-element_type=\"column\">\n\t\t\t<div class=\"elementor-widget-wrap elementor-element-populated\">\n\t\t\t\t\t\t<div class=\"elementor-element elementor-element-87016ad elementor-widget elementor-widget-text-editor\" data-id=\"87016ad\" data-element_type=\"widget\" data-widget_type=\"text-editor.default\">\n\t\t\t\t<div class=\"elementor-widget-container\">\n\t\t\t\t\t\t\t<p>Mais detalhes sobre o grupo est\u00e3o dispon\u00edveis em sua <a href=\"https:\/\/www.ufsm.br\/grupos\/gpfope\">p\u00e1gina pr\u00f3pria<\/a>.<\/p>\t\t\t\t\t\t<\/div>\n\t\t\t\t<\/div>\n\t\t\t\t\t<\/div>\n\t\t<\/div>\n\t\t\t\t\t<\/div>\n\t\t<\/section>\n\t\t\t\t<\/div>\n\t\t","protected":false},"excerpt":{"rendered":"<p>O Grupo de Pesquisa Forma\u00e7\u00e3o de Professores e Pr\u00e1ticas Educativas: Educa\u00e7\u00e3o B\u00e1sica e Superior (GPFOPE) possui duas linhas &#8211; Forma\u00e7\u00e3o de Professores e Pr\u00e1ticas Educativas: Educa\u00e7\u00e3o B\u00e1sica e Forma\u00e7\u00e3o docente e desenvolvimento profissional: Educa\u00e7\u00e3o Superior. \u00a0Os estudos e investiga\u00e7\u00f5es desenvolvidos pelo GPFOPE tratam de tem\u00e1ticas como: aprendizagem permanente da doc\u00eancia, seja inicial ou continuada, pedagogia [&hellip;]<\/p>\n","protected":false},"author":115,"featured_media":0,"parent":3060,"menu_order":0,"comment_status":"closed","ping_status":"closed","template":"","meta":{"footnotes":""},"categories":[],"tags":[],"class_list":["post-1538","page","type-page","status-publish","hentry"],"acf":[],"_links":{"self":[{"href":"https:\/\/www.ufsm.br\/unidades-universitarias\/ce\/wp-json\/wp\/v2\/pages\/1538","targetHints":{"allow":["GET"]}}],"collection":[{"href":"https:\/\/www.ufsm.br\/unidades-universitarias\/ce\/wp-json\/wp\/v2\/pages"}],"about":[{"href":"https:\/\/www.ufsm.br\/unidades-universitarias\/ce\/wp-json\/wp\/v2\/types\/page"}],"author":[{"embeddable":true,"href":"https:\/\/www.ufsm.br\/unidades-universitarias\/ce\/wp-json\/wp\/v2\/users\/115"}],"replies":[{"embeddable":true,"href":"https:\/\/www.ufsm.br\/unidades-universitarias\/ce\/wp-json\/wp\/v2\/comments?post=1538"}],"version-history":[{"count":0,"href":"https:\/\/www.ufsm.br\/unidades-universitarias\/ce\/wp-json\/wp\/v2\/pages\/1538\/revisions"}],"up":[{"embeddable":true,"href":"https:\/\/www.ufsm.br\/unidades-universitarias\/ce\/wp-json\/wp\/v2\/pages\/3060"}],"wp:attachment":[{"href":"https:\/\/www.ufsm.br\/unidades-universitarias\/ce\/wp-json\/wp\/v2\/media?parent=1538"}],"wp:term":[{"taxonomy":"category","embeddable":true,"href":"https:\/\/www.ufsm.br\/unidades-universitarias\/ce\/wp-json\/wp\/v2\/categories?post=1538"},{"taxonomy":"post_tag","embeddable":true,"href":"https:\/\/www.ufsm.br\/unidades-universitarias\/ce\/wp-json\/wp\/v2\/tags?post=1538"}],"curies":[{"name":"wp","href":"https:\/\/api.w.org\/{rel}","templated":true}]}}